{"id":126,"date":"2022-11-26T12:45:57","date_gmt":"2022-11-26T11:45:57","guid":{"rendered":"https:\/\/pianostammare.se\/about\/"},"modified":"2025-03-11T10:50:09","modified_gmt":"2025-03-11T09:50:09","slug":"om_pianostammare","status":"publish","type":"page","link":"https:\/\/pianostammare.se\/en\/om_pianostammare\/","title":{"rendered":"About us"},"content":{"rendered":"<div data-elementor-type=\"wp-post\" data-elementor-id=\"126\" class=\"elementor elementor-126\">\n\t\t\t\t\t\t<section class=\"elementor-section elementor-top-section elementor-element elementor-element-681eeaff elementor-section-boxed elementor-section-height-default elementor-section-height-default\" data-id=\"681eeaff\" data-element_type=\"section\" data-e-type=\"section\">\n\t\t\t\t\t\t<div class=\"elementor-container elementor-column-gap-default\">\n\t\t\t\t\t<div class=\"elementor-column elementor-col-100 elementor-top-column elementor-element elementor-element-2e296a4a\" data-id=\"2e296a4a\" data-element_type=\"column\" data-e-type=\"column\">\n\t\t\t<div class=\"elementor-widget-wrap elementor-element-populated\">\n\t\t\t\t\t\t<div class=\"elementor-element elementor-element-1f7d0edf elementor-widget elementor-widget-text-editor\" data-id=\"1f7d0edf\" data-element_type=\"widget\" data-e-type=\"widget\" data-widget_type=\"text-editor.default\">\n\t\t\t\t<div class=\"elementor-widget-container\">\n\t\t\t\t\t\t\t\t\t<h4><span style=\"color: var(--ast-global-color-2); font-size: 1.73333rem; font-style: inherit; background-color: var(--ast-global-color-5);\">Our piano tuning company was set up in Leksand in 1996 by Michael Thomasson.<\/span><\/h4><p><img fetchpriority=\"high\" decoding=\"async\" data-recalc-dims=\"1\" class=\"alignnone\" src=\"https:\/\/i0.wp.com\/pianostammare.se\/wp-content\/uploads\/2022\/12\/2014-12-29-003.jpg?resize=300%2C225&#038;ssl=1\" alt=\"Pianost\u00e4mmare erbjuder h\u00f6gkvalitativa tj\u00e4nster f\u00f6r pianon och flyglar genom 1-2 st\u00e4mningar per \u00e5r, reparationer och renoveringar.\" width=\"300\" height=\"225\" \/><\/p><p class=\"translation-block\">Our business concept is based on selling new and maintaining old upright and grand pianos. Maintenance normally involves tuning instruments once or twice a year and repairs and restoration. Another service provided by the company is the manufacture and sale of strings for upright and grand pianos. We are alone when it comes to manufacturing strings, selling them all over Sweden. The strings are custom-made according to customer wishes for all conceivable brands. The bass strings are hand-made using pure steel and solid copper. The materials used are the best of German quality. We strive to deliver strings within a week. Do pay us a visit or phone us to order our products and for help with your piano tuning or strings. Keep in mind that it takes a lot of knowledge and experience to properly tune a piano or grand piano, given the tensile stress of the strings amounts to 10-15 tons.<\/p><div><p>When it comes to making a piano sound great, it\u2019s not just tuning that has to be considered. There are many other factors that also come into play, such as depth adjustment, grading, hammer rebound, and note-to-note intonation. At \u201dDin Pianost\u00e4mmare in Siljansbygden\u201d, we have extensive experience in adjusting all these parameters to ensure that your instrument responds precisely to key touches and sounds excellent. Trust us to get the most out of your upright piano or grand piano! To make a piano sound as good as possible and respond to key touches precisely, it\u2019s not just tuning that\u2019s important. There are many other parameters that affect how well the instrument plays, and which require precision and experience to adjust properly. One of these parameters is the depth adjustment, which means adjusting how much the keys will dip when you play them. This affects how the piano feels to play and how easy or difficult it is to control key touch.<\/p><p>Another important parameter is grading, which involves adjusting the angle of the keys. This affects how quickly the keys return to their original position after they have been played, which in turn affects how quickly the instrument can be played and how easily various sound nuances can be created.<\/p><p>When the hammer rebounds is also an important factor that affects how well the piano responds to key touches. This is about where the hammer strikes the string, and it can be adjusted to vary key force and to improve tone precision.<\/p><p>Finally, note-to-note intonation is also important. This involves adjusting the pitch of each note on the piano so that they sound good both individually and together with other notes. It requires precision and experience to get the right balance between notes and to optimise the instrument\u2019s sound quality.<\/p><p>We have the experience and knowledge required to adjust all these parameters correctly, and to get the most out of your upright piano or grand piano. Trust us to give your instrument the love and attention it deserves.<\/p><p style=\"font-size: 15px;\" class=\"translation-block\">We have a modern workshop with a full range of machining equipment to be able to deliver high-quality instruments and service. We also have three wonderful showrooms where our instruments are on display to be tested in peace and quiet. We have several instruments on display that can be tried out and offer you the opportunity to sit in peace and quiet and choose the instrument that suits you best. To make your visit even more memorable, we also offer accommodation in our newly-built apartments, which makes it possible to combine your visit with other tourist destinations in Leksand and the surrounding area. Book your accommodation here and experience everything that Siljansbygden has to offer! We believe that we are alone in being able to offer this total solution where you also can avail of our after-sales expertise. We want you to feel at ease with us and the first overnight stay is free of charge if  you buy an instrument from us. <a style=\"font-size: 1rem\" href=\"https:\/\/pianostammare.se\/en\/uthyrning-av-rum-sommar-i-leksand-hotel-leksand\/\" target=\"_blank\" rel=\"noopener\">The apartments are booked by clicking on the text.<\/a><\/p><p>About us: We at Din Pianost\u00e4mmare in Siljansbygden have been operating for more than 30 years and have accumulated experience and knowledge.<\/p><h6>Webshop<\/h6><p class=\"translation-block\">Order bass strings in the webshop. Send an email with the dimensions. Accessories can be purchased in the webshop. Humidity products from Damppchaser, piano stools, upright piano trolleys, grand piano trolleys, moving straps, silent systems, self-playing systems, polish, lighting, covers, etc. All these are on sale in the webshop.<\/p><p>We are resellers of new Feurich upright and grand pianos as well as Yamaha B series pianos.<\/p><figure><img decoding=\"async\" data-recalc-dims=\"1\" src=\"https:\/\/i0.wp.com\/pianostammare.se\/wp-content\/uploads\/2022\/11\/KIA-EV6-768x1024.jpg?resize=768%2C1024&#038;ssl=1\" sizes=\"(max-width: 768px) 100vw, 768px\" srcset=\"https:\/\/i0.wp.com\/pianostammare.se\/wp-content\/uploads\/2022\/11\/KIA-EV6-scaled.jpg?resize=768%2C1024&amp;ssl=1 768w, https:\/\/i0.wp.com\/pianostammare.se\/wp-content\/uploads\/2022\/11\/KIA-EV6-scaled.jpg?resize=225%2C300&amp;ssl=1 225w, https:\/\/i0.wp.com\/pianostammare.se\/wp-content\/uploads\/2022\/11\/KIA-EV6-scaled.jpg?resize=1152%2C1536&amp;ssl=1 1152w, https:\/\/i0.wp.com\/pianostammare.se\/wp-content\/uploads\/2022\/11\/KIA-EV6-scaled.jpg?resize=1536%2C2048&amp;ssl=1 1536w, https:\/\/i0.wp.com\/pianostammare.se\/wp-content\/uploads\/2022\/11\/KIA-EV6-scaled.jpg?resize=600%2C800&amp;ssl=1 600w, https:\/\/i0.wp.com\/pianostammare.se\/wp-content\/uploads\/2022\/11\/KIA-EV6-scaled.jpg?w=1920&amp;ssl=1 1920w\" alt=\"\" width=\"768\" height=\"1024\" \/><figcaption><\/figcaption><\/figure><h6>Home visits<\/h6><p>We carry out home visits to inspect upright or grand pianos to assess what must be done. You will receive a cost estimate and if it is to your satisfaction, we will take the instrument with us and carry out the agreed repair\/restoration work.<\/p><h6 class=\"translation-block\">We can also transport upright and grand pianos all over the country. Click on <a href=\"https:\/\/pianostammare.se\/en\/piano-flygeltransport-pianoflytt-flygelflytt\/\" target=\"_self\">transport service<\/a>  to read more details.<\/h6><figure><img decoding=\"async\" data-recalc-dims=\"1\" src=\"https:\/\/i0.wp.com\/pianostammare.se\/wp-content\/uploads\/2022\/11\/IMG_6605-1024x768-1.jpeg?resize=1024%2C768&#038;ssl=1\" sizes=\"(max-width: 1024px) 100vw, 1024px\" srcset=\"https:\/\/i0.wp.com\/pianostammare.se\/wp-content\/uploads\/2022\/11\/IMG_6605-1024x768-1.jpeg?w=1024&amp;ssl=1 1024w, https:\/\/i0.wp.com\/pianostammare.se\/wp-content\/uploads\/2022\/11\/IMG_6605-1024x768-1.jpeg?resize=300%2C225&amp;ssl=1 300w, https:\/\/i0.wp.com\/pianostammare.se\/wp-content\/uploads\/2022\/11\/IMG_6605-1024x768-1.jpeg?resize=768%2C576&amp;ssl=1 768w, https:\/\/i0.wp.com\/pianostammare.se\/wp-content\/uploads\/2022\/11\/IMG_6605-1024x768-1.jpeg?resize=600%2C450&amp;ssl=1 600w\" alt=\"\" width=\"1024\" height=\"768\" \/><figcaption><i><i>Niklas Riecken IT specialist, Michael Thomasson \u2013 Feurich Sweden, Ernest Bittner \u2013 CEO Feurich, Stuart Conagham \u2013 Sales manager Europe<\/i><\/i><\/figcaption><\/figure><h6>Would you like to know more about us or our services?\u00a0<a style=\"font-size: 15px; font-style: inherit; font-weight: inherit;\" href=\"https:\/\/pianostammare.se\/en\/kontakt\/\">Contact us<\/a><\/h6><p class=\"translation-block\">If you want to start playing the piano and are looking for a piano teacher, we can recommend Marissa, who teaches online in both Swedish and English.  <a style=\"font-style: inherit;font-weight: inherit\" href=\"http:\/\/northernclassical.com\" target=\"_blank\" rel=\"noopener\">Northernclassical.com<\/a>.<\/p><\/div>\t\t\t\t\t\t\t\t<\/div>\n\t\t\t\t<\/div>\n\t\t\t\t\t<\/div>\n\t\t<\/div>\n\t\t\t\t\t<\/div>\n\t\t<\/section>\n\t\t\t\t<\/div>","protected":false},"excerpt":{"rendered":"<p>Din pianost\u00e4mmare i Siljansbygden startades 1996 av Michael Thomasson. Din Pianost\u00e4mmare i Siljansbygden fokuserar p\u00e5 att erbjuda h\u00f6gkvalitativa tj\u00e4nster f\u00f6r pianon och flyglar. Vi s\u00e4ljer nya instrument och underh\u00e5ller \u00e4ldre genom 1-2 st\u00e4mningar per \u00e5r, reparationer och renoveringar. En annan del av v\u00e5r verksamhet \u00e4r tillverkning och f\u00f6rs\u00e4ljning av str\u00e4ngar till piano och flyglar. V\u00e5ra [&hellip;]<\/p>\n","protected":false},"author":1,"featured_media":0,"parent":0,"menu_order":0,"comment_status":"closed","ping_status":"closed","template":"","meta":{"site-sidebar-layout":"default","site-content-layout":"page-builder","ast-site-content-layout":"normal-width-container","site-content-style":"default","site-sidebar-style":"default","ast-global-header-display":"","ast-banner-title-visibility":"","ast-main-header-display":"","ast-hfb-above-header-display":"","ast-hfb-below-header-display":"","ast-hfb-mobile-header-display":"","site-post-title":"disabled","ast-breadcrumbs-content":"","ast-featured-img":"disabled","footer-sml-layout":"","ast-disable-related-posts":"","theme-transparent-header-meta":"disabled","adv-header-id-meta":"","stick-header-meta":"","header-above-stick-meta":"","header-main-stick-meta":"","header-below-stick-meta":"","astra-migrate-meta-layouts":"set","ast-page-background-enabled":"default","ast-page-background-meta":{"desktop":{"background-color":"","background-image":"","background-repeat":"repeat","background-position":"center center","background-size":"auto","background-attachment":"scroll","background-type":"","background-media":"","overlay-type":"","overlay-color":"","overlay-opacity":"","overlay-gradient":""},"tablet":{"background-color":"","background-image":"","background-repeat":"repeat","background-position":"center center","background-size":"auto","background-attachment":"scroll","background-type":"","background-media":"","overlay-type":"","overlay-color":"","overlay-opacity":"","overlay-gradient":""},"mobile":{"background-color":"","background-image":"","background-repeat":"repeat","background-position":"center center","background-size":"auto","background-attachment":"scroll","background-type":"","background-media":"","overlay-type":"","overlay-color":"","overlay-opacity":"","overlay-gradient":""}},"ast-content-background-meta":{"desktop":{"background-color":"var(--ast-global-color-5)","background-image":"","background-repeat":"repeat","background-position":"center center","background-size":"auto","background-attachment":"scroll","background-type":"","background-media":"","overlay-type":"","overlay-color":"","overlay-opacity":"","overlay-gradient":""},"tablet":{"background-color":"var(--ast-global-color-5)","background-image":"","background-repeat":"repeat","background-position":"center center","background-size":"auto","background-attachment":"scroll","background-type":"","background-media":"","overlay-type":"","overlay-color":"","overlay-opacity":"","overlay-gradient":""},"mobile":{"background-color":"var(--ast-global-color-5)","background-image":"","background-repeat":"repeat","background-position":"center center","background-size":"auto","background-attachment":"scroll","background-type":"","background-media":"","overlay-type":"","overlay-color":"","overlay-opacity":"","overlay-gradient":""}},"footnotes":""},"class_list":["post-126","page","type-page","status-publish","hentry"],"yoast_head":"<!-- This site is optimized with the Yoast SEO Premium plugin v26.1 (Yoast SEO v27.5) - https:\/\/yoast.com\/product\/yoast-seo-premium-wordpress\/ -->\n<title>Om Pianost\u00e4mmare<\/title>\n<meta name=\"description\" content=\"Pianost\u00e4mmare erbjuder h\u00f6gkvalitativa tj\u00e4nster f\u00f6r pianon och flyglar genom 1-2 st\u00e4mningar per \u00e5r, reparationer och renoveringar.\" \/>\n<meta name=\"robots\" content=\"index, follow, max-snippet:-1, max-image-preview:large, max-video-preview:-1\" \/>\n<link rel=\"canonical\" href=\"https:\/\/pianostammare.se\/en\/om_pianostammare\/\" \/>\n<meta property=\"og:locale\" content=\"en_GB\" \/>\n<meta property=\"og:type\" content=\"article\" \/>\n<meta property=\"og:title\" content=\"Om oss\" \/>\n<meta property=\"og:description\" content=\"Pianost\u00e4mmare erbjuder h\u00f6gkvalitativa tj\u00e4nster f\u00f6r pianon och flyglar genom 1-2 st\u00e4mningar per \u00e5r, reparationer och renoveringar.\" \/>\n<meta property=\"og:url\" content=\"https:\/\/pianostammare.se\/en\/om_pianostammare\/\" \/>\n<meta property=\"og:site_name\" content=\"Pianost\u00e4mmare, flyglar och piano\" \/>\n<meta property=\"article:publisher\" content=\"https:\/\/www.facebook.com\/share\/167DsieNj3\/?mibextid=wwXlfr\" \/>\n<meta property=\"article:modified_time\" content=\"2025-03-11T09:50:09+00:00\" \/>\n<meta property=\"og:image\" content=\"https:\/\/pianostammare.se\/wp-content\/uploads\/2022\/12\/2014-12-29-003-300x225.jpg\" \/>\n<meta name=\"twitter:card\" content=\"summary_large_image\" \/>\n<meta name=\"twitter:label1\" content=\"Estimated reading time\" \/>\n\t<meta name=\"twitter:data1\" content=\"6 minutes\" \/>\n<script type=\"application\/ld+json\" class=\"yoast-schema-graph\">{\"@context\":\"https:\\\/\\\/schema.org\",\"@graph\":[{\"@type\":\"WebPage\",\"@id\":\"https:\\\/\\\/pianostammare.se\\\/om_pianostammare\\\/\",\"url\":\"https:\\\/\\\/pianostammare.se\\\/om_pianostammare\\\/\",\"name\":\"Om Pianost\u00e4mmare\",\"isPartOf\":{\"@id\":\"https:\\\/\\\/pianostammare.se\\\/#website\"},\"primaryImageOfPage\":{\"@id\":\"https:\\\/\\\/pianostammare.se\\\/om_pianostammare\\\/#primaryimage\"},\"image\":{\"@id\":\"https:\\\/\\\/pianostammare.se\\\/om_pianostammare\\\/#primaryimage\"},\"thumbnailUrl\":\"https:\\\/\\\/pianostammare.se\\\/wp-content\\\/uploads\\\/2022\\\/12\\\/2014-12-29-003-300x225.jpg\",\"datePublished\":\"2022-11-26T11:45:57+00:00\",\"dateModified\":\"2025-03-11T09:50:09+00:00\",\"description\":\"Pianost\u00e4mmare erbjuder h\u00f6gkvalitativa tj\u00e4nster f\u00f6r pianon och flyglar genom 1-2 st\u00e4mningar per \u00e5r, reparationer och renoveringar.\",\"breadcrumb\":{\"@id\":\"https:\\\/\\\/pianostammare.se\\\/om_pianostammare\\\/#breadcrumb\"},\"inLanguage\":\"en-GB\",\"potentialAction\":[{\"@type\":\"ReadAction\",\"target\":[\"https:\\\/\\\/pianostammare.se\\\/om_pianostammare\\\/\"]}]},{\"@type\":\"ImageObject\",\"inLanguage\":\"en-GB\",\"@id\":\"https:\\\/\\\/pianostammare.se\\\/om_pianostammare\\\/#primaryimage\",\"url\":\"https:\\\/\\\/pianostammare.se\\\/wp-content\\\/uploads\\\/2022\\\/12\\\/2014-12-29-003-300x225.jpg\",\"contentUrl\":\"https:\\\/\\\/pianostammare.se\\\/wp-content\\\/uploads\\\/2022\\\/12\\\/2014-12-29-003-300x225.jpg\"},{\"@type\":\"BreadcrumbList\",\"@id\":\"https:\\\/\\\/pianostammare.se\\\/om_pianostammare\\\/#breadcrumb\",\"itemListElement\":[{\"@type\":\"ListItem\",\"position\":1,\"name\":\"Hem\",\"item\":\"https:\\\/\\\/pianostammare.se\\\/\"},{\"@type\":\"ListItem\",\"position\":2,\"name\":\"Om oss\"}]},{\"@type\":\"WebSite\",\"@id\":\"https:\\\/\\\/pianostammare.se\\\/#website\",\"url\":\"https:\\\/\\\/pianostammare.se\\\/\",\"name\":\"Pianost\u00e4mmare, flyglar och piano\",\"description\":\"Utst\u00e4llningshall f\u00f6r nya piano &amp; Flyglar\",\"publisher\":{\"@id\":\"https:\\\/\\\/pianostammare.se\\\/#organization\"},\"potentialAction\":[{\"@type\":\"SearchAction\",\"target\":{\"@type\":\"EntryPoint\",\"urlTemplate\":\"https:\\\/\\\/pianostammare.se\\\/?s={search_term_string}\"},\"query-input\":{\"@type\":\"PropertyValueSpecification\",\"valueRequired\":true,\"valueName\":\"search_term_string\"}}],\"inLanguage\":\"en-GB\"},{\"@type\":\"Organization\",\"@id\":\"https:\\\/\\\/pianostammare.se\\\/#organization\",\"name\":\"Pianost\u00e4mmare, flyglar och piano\",\"url\":\"https:\\\/\\\/pianostammare.se\\\/\",\"logo\":{\"@type\":\"ImageObject\",\"inLanguage\":\"en-GB\",\"@id\":\"https:\\\/\\\/pianostammare.se\\\/#\\\/schema\\\/logo\\\/image\\\/\",\"url\":\"https:\\\/\\\/pianostammare.se\\\/wp-content\\\/uploads\\\/2022\\\/11\\\/cropped-Namnlos-design.avif\",\"contentUrl\":\"https:\\\/\\\/pianostammare.se\\\/wp-content\\\/uploads\\\/2022\\\/11\\\/cropped-Namnlos-design.avif\",\"width\":1200,\"height\":800,\"caption\":\"Pianost\u00e4mmare, flyglar och piano\"},\"image\":{\"@id\":\"https:\\\/\\\/pianostammare.se\\\/#\\\/schema\\\/logo\\\/image\\\/\"},\"sameAs\":[\"https:\\\/\\\/www.facebook.com\\\/share\\\/167DsieNj3\\\/?mibextid=wwXlfr\"]}]}<\/script>\n<!-- \/ Yoast SEO Premium plugin. -->","yoast_head_json":{"title":"Om Pianost\u00e4mmare","description":"Pianost\u00e4mmare erbjuder h\u00f6gkvalitativa tj\u00e4nster f\u00f6r pianon och flyglar genom 1-2 st\u00e4mningar per \u00e5r, reparationer och renoveringar.","robots":{"index":"index","follow":"follow","max-snippet":"max-snippet:-1","max-image-preview":"max-image-preview:large","max-video-preview":"max-video-preview:-1"},"canonical":"https:\/\/pianostammare.se\/en\/om_pianostammare\/","og_locale":"en_GB","og_type":"article","og_title":"Om oss","og_description":"Pianost\u00e4mmare erbjuder h\u00f6gkvalitativa tj\u00e4nster f\u00f6r pianon och flyglar genom 1-2 st\u00e4mningar per \u00e5r, reparationer och renoveringar.","og_url":"https:\/\/pianostammare.se\/en\/om_pianostammare\/","og_site_name":"Pianost\u00e4mmare, flyglar och piano","article_publisher":"https:\/\/www.facebook.com\/share\/167DsieNj3\/?mibextid=wwXlfr","article_modified_time":"2025-03-11T09:50:09+00:00","og_image":[{"url":"https:\/\/pianostammare.se\/wp-content\/uploads\/2022\/12\/2014-12-29-003-300x225.jpg","type":"","width":"","height":""}],"twitter_card":"summary_large_image","twitter_misc":{"Estimated reading time":"6 minutes"},"schema":{"@context":"https:\/\/schema.org","@graph":[{"@type":"WebPage","@id":"https:\/\/pianostammare.se\/om_pianostammare\/","url":"https:\/\/pianostammare.se\/om_pianostammare\/","name":"Om Pianost\u00e4mmare","isPartOf":{"@id":"https:\/\/pianostammare.se\/#website"},"primaryImageOfPage":{"@id":"https:\/\/pianostammare.se\/om_pianostammare\/#primaryimage"},"image":{"@id":"https:\/\/pianostammare.se\/om_pianostammare\/#primaryimage"},"thumbnailUrl":"https:\/\/pianostammare.se\/wp-content\/uploads\/2022\/12\/2014-12-29-003-300x225.jpg","datePublished":"2022-11-26T11:45:57+00:00","dateModified":"2025-03-11T09:50:09+00:00","description":"Pianost\u00e4mmare erbjuder h\u00f6gkvalitativa tj\u00e4nster f\u00f6r pianon och flyglar genom 1-2 st\u00e4mningar per \u00e5r, reparationer och renoveringar.","breadcrumb":{"@id":"https:\/\/pianostammare.se\/om_pianostammare\/#breadcrumb"},"inLanguage":"en-GB","potentialAction":[{"@type":"ReadAction","target":["https:\/\/pianostammare.se\/om_pianostammare\/"]}]},{"@type":"ImageObject","inLanguage":"en-GB","@id":"https:\/\/pianostammare.se\/om_pianostammare\/#primaryimage","url":"https:\/\/pianostammare.se\/wp-content\/uploads\/2022\/12\/2014-12-29-003-300x225.jpg","contentUrl":"https:\/\/pianostammare.se\/wp-content\/uploads\/2022\/12\/2014-12-29-003-300x225.jpg"},{"@type":"BreadcrumbList","@id":"https:\/\/pianostammare.se\/om_pianostammare\/#breadcrumb","itemListElement":[{"@type":"ListItem","position":1,"name":"Hem","item":"https:\/\/pianostammare.se\/"},{"@type":"ListItem","position":2,"name":"Om oss"}]},{"@type":"WebSite","@id":"https:\/\/pianostammare.se\/#website","url":"https:\/\/pianostammare.se\/","name":"Pianost\u00e4mmare, flyglar och piano","description":"Utst\u00e4llningshall f\u00f6r nya piano &amp; Flyglar","publisher":{"@id":"https:\/\/pianostammare.se\/#organization"},"potentialAction":[{"@type":"SearchAction","target":{"@type":"EntryPoint","urlTemplate":"https:\/\/pianostammare.se\/?s={search_term_string}"},"query-input":{"@type":"PropertyValueSpecification","valueRequired":true,"valueName":"search_term_string"}}],"inLanguage":"en-GB"},{"@type":"Organization","@id":"https:\/\/pianostammare.se\/#organization","name":"Pianost\u00e4mmare, flyglar och piano","url":"https:\/\/pianostammare.se\/","logo":{"@type":"ImageObject","inLanguage":"en-GB","@id":"https:\/\/pianostammare.se\/#\/schema\/logo\/image\/","url":"https:\/\/pianostammare.se\/wp-content\/uploads\/2022\/11\/cropped-Namnlos-design.avif","contentUrl":"https:\/\/pianostammare.se\/wp-content\/uploads\/2022\/11\/cropped-Namnlos-design.avif","width":1200,"height":800,"caption":"Pianost\u00e4mmare, flyglar och piano"},"image":{"@id":"https:\/\/pianostammare.se\/#\/schema\/logo\/image\/"},"sameAs":["https:\/\/www.facebook.com\/share\/167DsieNj3\/?mibextid=wwXlfr"]}]}},"_links":{"self":[{"href":"https:\/\/pianostammare.se\/en\/wp-json\/wp\/v2\/pages\/126","targetHints":{"allow":["GET"]}}],"collection":[{"href":"https:\/\/pianostammare.se\/en\/wp-json\/wp\/v2\/pages"}],"about":[{"href":"https:\/\/pianostammare.se\/en\/wp-json\/wp\/v2\/types\/page"}],"author":[{"embeddable":true,"href":"https:\/\/pianostammare.se\/en\/wp-json\/wp\/v2\/users\/1"}],"replies":[{"embeddable":true,"href":"https:\/\/pianostammare.se\/en\/wp-json\/wp\/v2\/comments?post=126"}],"version-history":[{"count":7,"href":"https:\/\/pianostammare.se\/en\/wp-json\/wp\/v2\/pages\/126\/revisions"}],"predecessor-version":[{"id":18614,"href":"https:\/\/pianostammare.se\/en\/wp-json\/wp\/v2\/pages\/126\/revisions\/18614"}],"wp:attachment":[{"href":"https:\/\/pianostammare.se\/en\/wp-json\/wp\/v2\/media?parent=126"}],"curies":[{"name":"wp","href":"https:\/\/api.w.org\/{rel}","templated":true}]}}