{"id":13525,"date":"2022-12-21T21:47:52","date_gmt":"2022-12-21T20:47:52","guid":{"rendered":"https:\/\/pianostammare.se\/?page_id=13525"},"modified":"2023-07-14T22:56:19","modified_gmt":"2023-07-14T20:56:19","slug":"filter-och-algmedel-for-klimatanlaggning-piano","status":"publish","type":"page","link":"https:\/\/pianostammare.se\/en\/filter-och-algmedel-for-klimatanlaggning-piano\/","title":{"rendered":"Filter och algmedel"},"content":{"rendered":"<div data-elementor-type=\"wp-page\" data-elementor-id=\"13525\" class=\"elementor elementor-13525\">\n\t\t\t\t\t\t<section class=\"elementor-section elementor-top-section elementor-element elementor-element-574c2e76 elementor-section-boxed elementor-section-height-default elementor-section-height-default\" data-id=\"574c2e76\" data-element_type=\"section\" data-e-type=\"section\">\n\t\t\t\t\t\t<div class=\"elementor-container elementor-column-gap-default\">\n\t\t\t\t\t<div class=\"elementor-column elementor-col-100 elementor-top-column elementor-element elementor-element-341ef1f9\" data-id=\"341ef1f9\" data-element_type=\"column\" data-e-type=\"column\">\n\t\t\t<div class=\"elementor-widget-wrap elementor-element-populated\">\n\t\t\t\t\t\t<div class=\"elementor-element elementor-element-381d380b elementor-widget elementor-widget-spacer\" data-id=\"381d380b\" data-element_type=\"widget\" data-e-type=\"widget\" data-widget_type=\"spacer.default\">\n\t\t\t\t<div class=\"elementor-widget-container\">\n\t\t\t\t\t\t\t<div class=\"elementor-spacer\">\n\t\t\t<div class=\"elementor-spacer-inner\"><\/div>\n\t\t<\/div>\n\t\t\t\t\t\t<\/div>\n\t\t\t\t<\/div>\n\t\t\t\t<div class=\"elementor-element elementor-element-239f42a5 elementor-widget elementor-widget-heading\" data-id=\"239f42a5\" data-element_type=\"widget\" data-e-type=\"widget\" data-widget_type=\"heading.default\">\n\t\t\t\t<div class=\"elementor-widget-container\">\n\t\t\t\t\t<h1 class=\"elementor-heading-title elementor-size-default\">Filter och Algmedel<\/h1>\t\t\t\t<\/div>\n\t\t\t\t<\/div>\n\t\t\t\t<div class=\"elementor-element elementor-element-e399800 elementor-widget elementor-widget-heading\" data-id=\"e399800\" data-element_type=\"widget\" data-e-type=\"widget\" data-widget_type=\"heading.default\">\n\t\t\t\t<div class=\"elementor-widget-container\">\n\t\t\t\t\t<h6 class=\"elementor-heading-title elementor-size-default\">Tillbeh\u00f6r och reservdelar f\u00f6r klimatanl\u00e4ggningar<\/h6>\t\t\t\t<\/div>\n\t\t\t\t<\/div>\n\t\t\t\t<div class=\"elementor-element elementor-element-e2c9fec elementor-widget elementor-widget-spacer\" data-id=\"e2c9fec\" data-element_type=\"widget\" data-e-type=\"widget\" data-widget_type=\"spacer.default\">\n\t\t\t\t<div class=\"elementor-widget-container\">\n\t\t\t\t\t\t\t<div class=\"elementor-spacer\">\n\t\t\t<div class=\"elementor-spacer-inner\"><\/div>\n\t\t<\/div>\n\t\t\t\t\t\t<\/div>\n\t\t\t\t<\/div>\n\t\t\t\t<div class=\"elementor-element elementor-element-46af9b13 elementor-widget elementor-widget-text-editor\" data-id=\"46af9b13\" data-element_type=\"widget\" data-e-type=\"widget\" data-widget_type=\"text-editor.default\">\n\t\t\t\t<div class=\"elementor-widget-container\">\n\t\t\t\t\t\t\t\t\t<p style=\"border-style: solid; border-color: #d9d9e3; --tw-border-spacing-x: 0; --tw-border-spacing-y: 0; --tw-translate-x: 0; --tw-translate-y: 0; --tw-rotate: 0; --tw-skew-x: 0; --tw-skew-y: 0; --tw-scale-x: 1; --tw-scale-y: 1; --tw-scroll-snap-strictness: proximity; --tw-ring-offset-width: 0px; --tw-ring-offset-color: #fff; --tw-ring-color: rgba(69,89,164,0.5); --tw-ring-offset-shadow: 0 0 transparent; --tw-ring-shadow: 0 0 transparent; --tw-shadow: 0 0 transparent; --tw-shadow-colored: 0 0 transparent; margin-top: 1.25em; margin-bottom: 1.25em; color: #374151; font-family: S\u00f6hne, ui-sans-serif, system-ui, -apple-system, 'Segoe UI', Roboto, Ubuntu, Cantarell, 'Noto Sans', sans-serif, 'Helvetica Neue', Arial, 'Apple Color Emoji', 'Segoe UI Emoji', 'Segoe UI Symbol', 'Noto Color Emoji'; font-size: 16px; font-style: normal; font-weight: 400; white-space: pre-wrap; background-color: #f7f7f8;\">Optimera prestandan hos din klimatanl\u00e4ggning och f\u00f6rl\u00e4ng livsl\u00e4ngden p\u00e5 ditt instrument med v\u00e5rt filterbyte-kit. V\u00e5ra experter rekommenderar att filtren byts ut tv\u00e5 g\u00e5nger per \u00e5r f\u00f6r att s\u00e4kerst\u00e4lla en optimal funktion. Livsl\u00e4ngden p\u00e5 filtren p\u00e5verkas av vattnets h\u00e5rdhetsgrad och m\u00e4ngden mineraler som finns i vattnet. Genom att regelbundet byta filter kan du undvika problem och s\u00e4kerst\u00e4lla att din klimatanl\u00e4ggning fungerar smidigt.<\/p><p style=\"border-style: solid; border-color: #d9d9e3; --tw-border-spacing-x: 0; --tw-border-spacing-y: 0; --tw-translate-x: 0; --tw-translate-y: 0; --tw-rotate: 0; --tw-skew-x: 0; --tw-skew-y: 0; --tw-scale-x: 1; --tw-scale-y: 1; --tw-scroll-snap-strictness: proximity; --tw-ring-offset-width: 0px; --tw-ring-offset-color: #fff; --tw-ring-color: rgba(69,89,164,0.5); --tw-ring-offset-shadow: 0 0 transparent; --tw-ring-shadow: 0 0 transparent; --tw-shadow: 0 0 transparent; --tw-shadow-colored: 0 0 transparent; margin-top: 1.25em; margin-bottom: 1.25em; color: #374151; font-family: S\u00f6hne, ui-sans-serif, system-ui, -apple-system, 'Segoe UI', Roboto, Ubuntu, Cantarell, 'Noto Sans', sans-serif, 'Helvetica Neue', Arial, 'Apple Color Emoji', 'Segoe UI Emoji', 'Segoe UI Symbol', 'Noto Color Emoji'; font-size: 16px; font-style: normal; font-weight: 400; white-space: pre-wrap; background-color: #f7f7f8;\">F\u00f6r att uppr\u00e4tth\u00e5lla en h\u00e4lsosam milj\u00f6 i din klimatanl\u00e4ggning rekommenderar vi ocks\u00e5 att anv\u00e4nda v\u00e5rt effektiva algmedel. Algmedlet f\u00f6rhindrar tillv\u00e4xt av alger och motverkar illaluktande dofter i vattnet. Genom att inkludera algmedlet i din underh\u00e5llsrutin kan du s\u00e4kerst\u00e4lla att din anl\u00e4ggning alltid \u00e4r fr\u00e4sch och luktfri.<\/p><h2 style=\"border-style: solid; border-color: #d9d9e3; --tw-border-spacing-x: 0; --tw-border-spacing-y: 0; --tw-translate-x: 0; --tw-translate-y: 0; --tw-rotate: 0; --tw-skew-x: 0; --tw-skew-y: 0; --tw-scale-x: 1; --tw-scale-y: 1; --tw-scroll-snap-strictness: proximity; --tw-ring-offset-width: 0px; --tw-ring-offset-color: #fff; --tw-ring-color: rgba(69,89,164,0.5); --tw-ring-offset-shadow: 0 0 transparent; --tw-ring-shadow: 0 0 transparent; --tw-shadow: 0 0 transparent; --tw-shadow-colored: 0 0 transparent; margin-top: 1.25em; margin-bottom: 1.25em; color: #374151; font-family: S\u00f6hne, ui-sans-serif, system-ui, -apple-system, 'Segoe UI', Roboto, Ubuntu, Cantarell, 'Noto Sans', sans-serif, 'Helvetica Neue', Arial, 'Apple Color Emoji', 'Segoe UI Emoji', 'Segoe UI Symbol', 'Noto Color Emoji'; font-size: 16px; font-style: normal; font-weight: 400; white-space: pre-wrap; background-color: #f7f7f8;\">N\u00e4r det \u00e4r dags f\u00f6r st\u00e4mning av ditt piano, rekommenderar vi att du passar p\u00e5 att byta filtren samtidigt.<\/h2><h4 style=\"border-style: solid; border-color: #d9d9e3; --tw-border-spacing-x: 0; --tw-border-spacing-y: 0; --tw-translate-x: 0; --tw-translate-y: 0; --tw-rotate: 0; --tw-skew-x: 0; --tw-skew-y: 0; --tw-scale-x: 1; --tw-scale-y: 1; --tw-scroll-snap-strictness: proximity; --tw-ring-offset-width: 0px; --tw-ring-offset-color: #fff; --tw-ring-color: rgba(69,89,164,0.5); --tw-ring-offset-shadow: 0 0 transparent; --tw-ring-shadow: 0 0 transparent; --tw-shadow: 0 0 transparent; --tw-shadow-colored: 0 0 transparent; margin-top: 1.25em; margin-bottom: 1.25em; color: #374151; font-family: S\u00f6hne, ui-sans-serif, system-ui, -apple-system, 'Segoe UI', Roboto, Ubuntu, Cantarell, 'Noto Sans', sans-serif, 'Helvetica Neue', Arial, 'Apple Color Emoji', 'Segoe UI Emoji', 'Segoe UI Symbol', 'Noto Color Emoji'; font-size: 16px; font-style: normal; font-weight: 400; white-space: pre-wrap; background-color: #f7f7f8;\">Vi erbjuder alltid filterbyte i samband med st\u00e4mning och ser till att det finns extra filter tillg\u00e4ngliga p\u00e5 plats.<\/h4><h3 style=\"border-style: solid; border-color: #d9d9e3; --tw-border-spacing-x: 0; --tw-border-spacing-y: 0; --tw-translate-x: 0; --tw-translate-y: 0; --tw-rotate: 0; --tw-skew-x: 0; --tw-skew-y: 0; --tw-scale-x: 1; --tw-scale-y: 1; --tw-scroll-snap-strictness: proximity; --tw-ring-offset-width: 0px; --tw-ring-offset-color: #fff; --tw-ring-color: rgba(69,89,164,0.5); --tw-ring-offset-shadow: 0 0 transparent; --tw-ring-shadow: 0 0 transparent; --tw-shadow: 0 0 transparent; --tw-shadow-colored: 0 0 transparent; margin-top: 1.25em; margin-bottom: 1.25em; color: #374151; font-family: S\u00f6hne, ui-sans-serif, system-ui, -apple-system, 'Segoe UI', Roboto, Ubuntu, Cantarell, 'Noto Sans', sans-serif, 'Helvetica Neue', Arial, 'Apple Color Emoji', 'Segoe UI Emoji', 'Segoe UI Symbol', 'Noto Color Emoji'; font-size: 16px; font-style: normal; font-weight: 400; white-space: pre-wrap; background-color: #f7f7f8;\">Kostnaden f\u00f6r att underh\u00e5lla din anl\u00e4ggning \u00e4r minimal j\u00e4mf\u00f6rt med f\u00f6rdelarna \u2013 din st\u00e4mning kommer att h\u00e5lla l\u00e4ngre och risken f\u00f6r sprickbildning i st\u00e4mstock och resonansbotten minskar avsev\u00e4rt.<\/h3><p style=\"border-style: solid; border-color: #d9d9e3; --tw-border-spacing-x: 0; --tw-border-spacing-y: 0; --tw-translate-x: 0; --tw-translate-y: 0; --tw-rotate: 0; --tw-skew-x: 0; --tw-skew-y: 0; --tw-scale-x: 1; --tw-scale-y: 1; --tw-scroll-snap-strictness: proximity; --tw-ring-offset-width: 0px; --tw-ring-offset-color: #fff; --tw-ring-color: rgba(69,89,164,0.5); --tw-ring-offset-shadow: 0 0 transparent; --tw-ring-shadow: 0 0 transparent; --tw-shadow: 0 0 transparent; --tw-shadow-colored: 0 0 transparent; margin-top: 1.25em; margin-bottom: 1.25em; color: #374151; font-family: S\u00f6hne, ui-sans-serif, system-ui, -apple-system, 'Segoe UI', Roboto, Ubuntu, Cantarell, 'Noto Sans', sans-serif, 'Helvetica Neue', Arial, 'Apple Color Emoji', 'Segoe UI Emoji', 'Segoe UI Symbol', 'Noto Color Emoji'; font-size: 16px; font-style: normal; font-weight: 400; white-space: pre-wrap; background-color: #f7f7f8;\">F\u00f6r att ge ditt instrument den b\u00e4sta m\u00f6jliga v\u00e5rd rekommenderar vi att du anv\u00e4nder Piano Life Saver, \u00e4ven k\u00e4nt som Damp Chaser. Piano Life Saver \u00e4r en innovativ och p\u00e5litlig enhet som reglerar luftfuktigheten i din klimatanl\u00e4ggning och skyddar ditt piano fr\u00e5n skador orsakade av temperatur- och fuktvariationer. Genom att installera Piano Life Saver kan du vara s\u00e4ker p\u00e5 att din klimatanl\u00e4ggning arbetar i harmoni med ditt instrument och bidrar till att f\u00f6rl\u00e4nga dess livsl\u00e4ngd.<\/p><p style=\"border-style: solid; border-color: #d9d9e3; --tw-border-spacing-x: 0; --tw-border-spacing-y: 0; --tw-translate-x: 0; --tw-translate-y: 0; --tw-rotate: 0; --tw-skew-x: 0; --tw-skew-y: 0; --tw-scale-x: 1; --tw-scale-y: 1; --tw-scroll-snap-strictness: proximity; --tw-ring-offset-width: 0px; --tw-ring-offset-color: #fff; --tw-ring-color: rgba(69,89,164,0.5); --tw-ring-offset-shadow: 0 0 transparent; --tw-ring-shadow: 0 0 transparent; --tw-shadow: 0 0 transparent; --tw-shadow-colored: 0 0 transparent; margin-bottom: 1.25em; color: #374151; font-family: S\u00f6hne, ui-sans-serif, system-ui, -apple-system, 'Segoe UI', Roboto, Ubuntu, Cantarell, 'Noto Sans', sans-serif, 'Helvetica Neue', Arial, 'Apple Color Emoji', 'Segoe UI Emoji', 'Segoe UI Symbol', 'Noto Color Emoji'; font-size: 16px; font-style: normal; font-weight: 400; white-space: pre-wrap; background-color: #f7f7f8;\">Ta hand om ditt piano och optimera prestandan hos din klimatanl\u00e4ggning med v\u00e5ra filterbyte-kit och tillbeh\u00f6r. Investeringen i regelbunden underh\u00e5ll kommer att l\u00f6na sig genom att s\u00e4kerst\u00e4lla att ditt instrument forts\u00e4tter att leverera den b\u00e4sta kvaliteten och att din klimatanl\u00e4ggning fungerar problemfritt under l\u00e5ng tid fram\u00f6ver. V\u00e4lj kvalitet, v\u00e4lj h\u00e5llbarhet \u2013 v\u00e4lj v\u00e5ra produkter f\u00f6r att ta hand om ditt \u00e4lskade instrument.&#8221;milj\u00f6 f\u00f6r ditt piano kan du bevara dess kvalitet och prestanda under en l\u00e4ngre tid.<\/p><p style=\"border-style: solid; border-color: #d9d9e3; --tw-border-spacing-x: 0; --tw-border-spacing-y: 0; --tw-translate-x: 0; --tw-translate-y: 0; --tw-rotate: 0; --tw-skew-x: 0; --tw-skew-y: 0; --tw-scale-x: 1; --tw-scale-y: 1; --tw-scroll-snap-strictness: proximity; --tw-ring-offset-width: 0px; --tw-ring-offset-color: #fff; --tw-ring-color: rgba(69,89,164,0.5); --tw-ring-offset-shadow: 0 0 transparent; --tw-ring-shadow: 0 0 transparent; --tw-shadow: 0 0 transparent; --tw-shadow-colored: 0 0 transparent; margin-bottom: 1.25em; color: #374151; font-family: S\u00f6hne, ui-sans-serif, system-ui, -apple-system, 'Segoe UI', Roboto, Ubuntu, Cantarell, 'Noto Sans', sans-serif, 'Helvetica Neue', Arial, 'Apple Color Emoji', 'Segoe UI Emoji', 'Segoe UI Symbol', 'Noto Color Emoji'; font-size: 16px; font-style: normal; font-weight: 400; white-space: pre-wrap; background-color: #f7f7f8;\">Hos oss finner ni tillbeh\u00f6r f\u00f6r b\u00e5de piano och flygel till attraktiva priser. Surfa runt p\u00e5 hemsidan f\u00f6r att finna fler produkter som lyfter ert instrument till en ny niv\u00e5!<\/p>\t\t\t\t\t\t\t\t<\/div>\n\t\t\t\t<\/div>\n\t\t\t\t\t<\/div>\n\t\t<\/div>\n\t\t\t\t\t<\/div>\n\t\t<\/section>\n\t\t\t\t<section class=\"elementor-section elementor-top-section elementor-element elementor-element-5a4077ab elementor-section-boxed elementor-section-height-default elementor-section-height-default\" data-id=\"5a4077ab\" data-element_type=\"section\" data-e-type=\"section\">\n\t\t\t\t\t\t<div class=\"elementor-container elementor-column-gap-default\">\n\t\t\t\t\t<div class=\"elementor-column elementor-col-100 elementor-top-column elementor-element elementor-element-7852c413\" data-id=\"7852c413\" data-element_type=\"column\" data-e-type=\"column\">\n\t\t\t<div class=\"elementor-widget-wrap elementor-element-populated\">\n\t\t\t\t\t\t<div class=\"elementor-element elementor-element-7becd24c elementor-widget elementor-widget-woocommerce-products\" data-id=\"7becd24c\" data-element_type=\"widget\" data-e-type=\"widget\" data-widget_type=\"woocommerce-products.default\">\n\t\t\t\t<div class=\"elementor-widget-container\">\n\t\t\t\t\t \t\t\t\t<\/div>\n\t\t\t\t<\/div>\n\t\t\t\t\t<\/div>\n\t\t<\/div>\n\t\t\t\t\t<\/div>\n\t\t<\/section>\n\t\t\t\t<\/div>","protected":false},"excerpt":{"rendered":"<p>Filter och Algmedel Tillbeh\u00f6r och reservdelar f\u00f6r klimatanl\u00e4ggningar Optimera prestandan hos din klimatanl\u00e4ggning och f\u00f6rl\u00e4ng livsl\u00e4ngden p\u00e5 ditt instrument med v\u00e5rt filterbyte-kit. V\u00e5ra experter rekommenderar att filtren byts ut tv\u00e5 g\u00e5nger per \u00e5r f\u00f6r att s\u00e4kerst\u00e4lla en optimal funktion. Livsl\u00e4ngden p\u00e5 filtren p\u00e5verkas av vattnets h\u00e5rdhetsgrad och m\u00e4ngden mineraler som finns i vattnet. Genom att [&hellip;]<\/p>\n","protected":false},"author":1,"featured_media":0,"parent":0,"menu_order":0,"comment_status":"closed","ping_status":"closed","template":"","meta":{"site-sidebar-layout":"no-sidebar","site-content-layout":"page-builder","ast-site-content-layout":"default","site-content-style":"default","site-sidebar-style":"default","ast-global-header-display":"","ast-banner-title-visibility":"","ast-main-header-display":"","ast-hfb-above-header-display":"","ast-hfb-below-header-display":"","ast-hfb-mobile-header-display":"","site-post-title":"disabled","ast-breadcrumbs-content":"","ast-featured-img":"disabled","footer-sml-layout":"","ast-disable-related-posts":"","theme-transparent-header-meta":"","adv-header-id-meta":"","stick-header-meta":"","header-above-stick-meta":"","header-main-stick-meta":"","header-below-stick-meta":"","astra-migrate-meta-layouts":"default","ast-page-background-enabled":"default","ast-page-background-meta":{"desktop":{"background-color":"","background-image":"","background-repeat":"repeat","background-position":"center center","background-size":"auto","background-attachment":"scroll","background-type":"","background-media":"","overlay-type":"","overlay-color":"","overlay-opacity":"","overlay-gradient":""},"tablet":{"background-color":"","background-image":"","background-repeat":"repeat","background-position":"center center","background-size":"auto","background-attachment":"scroll","background-type":"","background-media":"","overlay-type":"","overlay-color":"","overlay-opacity":"","overlay-gradient":""},"mobile":{"background-color":"","background-image":"","background-repeat":"repeat","background-position":"center center","background-size":"auto","background-attachment":"scroll","background-type":"","background-media":"","overlay-type":"","overlay-color":"","overlay-opacity":"","overlay-gradient":""}},"ast-content-background-meta":{"desktop":{"background-color":"var(--ast-global-color-5)","background-image":"","background-repeat":"repeat","background-position":"center center","background-size":"auto","background-attachment":"scroll","background-type":"","background-media":"","overlay-type":"","overlay-color":"","overlay-opacity":"","overlay-gradient":""},"tablet":{"background-color":"var(--ast-global-color-5)","background-image":"","background-repeat":"repeat","background-position":"center center","background-size":"auto","background-attachment":"scroll","background-type":"","background-media":"","overlay-type":"","overlay-color":"","overlay-opacity":"","overlay-gradient":""},"mobile":{"background-color":"var(--ast-global-color-5)","background-image":"","background-repeat":"repeat","background-position":"center center","background-size":"auto","background-attachment":"scroll","background-type":"","background-media":"","overlay-type":"","overlay-color":"","overlay-opacity":"","overlay-gradient":""}},"footnotes":""},"class_list":["post-13525","page","type-page","status-publish","hentry"],"yoast_head":"<!-- This site is optimized with the Yoast SEO Premium plugin v26.1 (Yoast SEO v27.4) - https:\/\/yoast.com\/product\/yoast-seo-premium-wordpress\/ -->\n<title>filter och algmedel<\/title>\n<meta name=\"robots\" content=\"index, follow, max-snippet:-1, max-image-preview:large, max-video-preview:-1\" \/>\n<link rel=\"canonical\" href=\"https:\/\/pianostammare.se\/en\/filter-och-algmedel-for-klimatanlaggning-piano\/\" \/>\n<meta property=\"og:locale\" content=\"en_GB\" \/>\n<meta property=\"og:type\" content=\"article\" \/>\n<meta property=\"og:title\" content=\"Filter och algmedel\" \/>\n<meta property=\"og:description\" content=\"Filter och Algmedel Tillbeh\u00f6r och reservdelar f\u00f6r klimatanl\u00e4ggningar Optimera prestandan hos din klimatanl\u00e4ggning och f\u00f6rl\u00e4ng livsl\u00e4ngden p\u00e5 ditt instrument med v\u00e5rt filterbyte-kit. V\u00e5ra experter rekommenderar att filtren byts ut tv\u00e5 g\u00e5nger per \u00e5r f\u00f6r att s\u00e4kerst\u00e4lla en optimal funktion. Livsl\u00e4ngden p\u00e5 filtren p\u00e5verkas av vattnets h\u00e5rdhetsgrad och m\u00e4ngden mineraler som finns i vattnet. Genom att [&hellip;]\" \/>\n<meta property=\"og:url\" content=\"https:\/\/pianostammare.se\/en\/filter-och-algmedel-for-klimatanlaggning-piano\/\" \/>\n<meta property=\"og:site_name\" content=\"Pianost\u00e4mmare, flyglar och piano\" \/>\n<meta property=\"article:publisher\" content=\"https:\/\/www.facebook.com\/share\/167DsieNj3\/?mibextid=wwXlfr\" \/>\n<meta property=\"article:modified_time\" content=\"2023-07-14T20:56:19+00:00\" \/>\n<meta property=\"og:image\" content=\"https:\/\/i0.wp.com\/pianostammare.se\/wp-content\/uploads\/2023\/03\/MickeT-022.jpg?fit=1800%2C1201&ssl=1\" \/>\n\t<meta property=\"og:image:width\" content=\"1800\" \/>\n\t<meta property=\"og:image:height\" content=\"1201\" \/>\n\t<meta property=\"og:image:type\" content=\"image\/jpeg\" \/>\n<meta name=\"twitter:card\" content=\"summary_large_image\" \/>\n<meta name=\"twitter:label1\" content=\"Estimated reading time\" \/>\n\t<meta name=\"twitter:data1\" content=\"2 minutes\" \/>\n<script type=\"application\/ld+json\" class=\"yoast-schema-graph\">{\"@context\":\"https:\\\/\\\/schema.org\",\"@graph\":[{\"@type\":\"WebPage\",\"@id\":\"https:\\\/\\\/pianostammare.se\\\/filter-och-algmedel-for-klimatanlaggning-piano\\\/\",\"url\":\"https:\\\/\\\/pianostammare.se\\\/filter-och-algmedel-for-klimatanlaggning-piano\\\/\",\"name\":\"filter och algmedel\",\"isPartOf\":{\"@id\":\"https:\\\/\\\/pianostammare.se\\\/#website\"},\"datePublished\":\"2022-12-21T20:47:52+00:00\",\"dateModified\":\"2023-07-14T20:56:19+00:00\",\"breadcrumb\":{\"@id\":\"https:\\\/\\\/pianostammare.se\\\/filter-och-algmedel-for-klimatanlaggning-piano\\\/#breadcrumb\"},\"inLanguage\":\"en-GB\",\"potentialAction\":[{\"@type\":\"ReadAction\",\"target\":[\"https:\\\/\\\/pianostammare.se\\\/filter-och-algmedel-for-klimatanlaggning-piano\\\/\"]}]},{\"@type\":\"BreadcrumbList\",\"@id\":\"https:\\\/\\\/pianostammare.se\\\/filter-och-algmedel-for-klimatanlaggning-piano\\\/#breadcrumb\",\"itemListElement\":[{\"@type\":\"ListItem\",\"position\":1,\"name\":\"Hem\",\"item\":\"https:\\\/\\\/pianostammare.se\\\/\"},{\"@type\":\"ListItem\",\"position\":2,\"name\":\"Filter och algmedel\"}]},{\"@type\":\"WebSite\",\"@id\":\"https:\\\/\\\/pianostammare.se\\\/#website\",\"url\":\"https:\\\/\\\/pianostammare.se\\\/\",\"name\":\"Pianost\u00e4mmare, flyglar och piano\",\"description\":\"Utst\u00e4llningshall f\u00f6r nya piano &amp; Flyglar\",\"publisher\":{\"@id\":\"https:\\\/\\\/pianostammare.se\\\/#organization\"},\"potentialAction\":[{\"@type\":\"SearchAction\",\"target\":{\"@type\":\"EntryPoint\",\"urlTemplate\":\"https:\\\/\\\/pianostammare.se\\\/?s={search_term_string}\"},\"query-input\":{\"@type\":\"PropertyValueSpecification\",\"valueRequired\":true,\"valueName\":\"search_term_string\"}}],\"inLanguage\":\"en-GB\"},{\"@type\":\"Organization\",\"@id\":\"https:\\\/\\\/pianostammare.se\\\/#organization\",\"name\":\"Pianost\u00e4mmare, flyglar och piano\",\"url\":\"https:\\\/\\\/pianostammare.se\\\/\",\"logo\":{\"@type\":\"ImageObject\",\"inLanguage\":\"en-GB\",\"@id\":\"https:\\\/\\\/pianostammare.se\\\/#\\\/schema\\\/logo\\\/image\\\/\",\"url\":\"https:\\\/\\\/pianostammare.se\\\/wp-content\\\/uploads\\\/2022\\\/11\\\/cropped-Namnlos-design.avif\",\"contentUrl\":\"https:\\\/\\\/pianostammare.se\\\/wp-content\\\/uploads\\\/2022\\\/11\\\/cropped-Namnlos-design.avif\",\"width\":1200,\"height\":800,\"caption\":\"Pianost\u00e4mmare, flyglar och piano\"},\"image\":{\"@id\":\"https:\\\/\\\/pianostammare.se\\\/#\\\/schema\\\/logo\\\/image\\\/\"},\"sameAs\":[\"https:\\\/\\\/www.facebook.com\\\/share\\\/167DsieNj3\\\/?mibextid=wwXlfr\"]}]}<\/script>\n<!-- \/ Yoast SEO Premium plugin. -->","yoast_head_json":{"title":"filter och algmedel","robots":{"index":"index","follow":"follow","max-snippet":"max-snippet:-1","max-image-preview":"max-image-preview:large","max-video-preview":"max-video-preview:-1"},"canonical":"https:\/\/pianostammare.se\/en\/filter-och-algmedel-for-klimatanlaggning-piano\/","og_locale":"en_GB","og_type":"article","og_title":"Filter och algmedel","og_description":"Filter och Algmedel Tillbeh\u00f6r och reservdelar f\u00f6r klimatanl\u00e4ggningar Optimera prestandan hos din klimatanl\u00e4ggning och f\u00f6rl\u00e4ng livsl\u00e4ngden p\u00e5 ditt instrument med v\u00e5rt filterbyte-kit. V\u00e5ra experter rekommenderar att filtren byts ut tv\u00e5 g\u00e5nger per \u00e5r f\u00f6r att s\u00e4kerst\u00e4lla en optimal funktion. Livsl\u00e4ngden p\u00e5 filtren p\u00e5verkas av vattnets h\u00e5rdhetsgrad och m\u00e4ngden mineraler som finns i vattnet. Genom att [&hellip;]","og_url":"https:\/\/pianostammare.se\/en\/filter-och-algmedel-for-klimatanlaggning-piano\/","og_site_name":"Pianost\u00e4mmare, flyglar och piano","article_publisher":"https:\/\/www.facebook.com\/share\/167DsieNj3\/?mibextid=wwXlfr","article_modified_time":"2023-07-14T20:56:19+00:00","og_image":[{"width":1800,"height":1201,"url":"https:\/\/i0.wp.com\/pianostammare.se\/wp-content\/uploads\/2023\/03\/MickeT-022.jpg?fit=1800%2C1201&ssl=1","type":"image\/jpeg"}],"twitter_card":"summary_large_image","twitter_misc":{"Estimated reading time":"2 minutes"},"schema":{"@context":"https:\/\/schema.org","@graph":[{"@type":"WebPage","@id":"https:\/\/pianostammare.se\/filter-och-algmedel-for-klimatanlaggning-piano\/","url":"https:\/\/pianostammare.se\/filter-och-algmedel-for-klimatanlaggning-piano\/","name":"filter och algmedel","isPartOf":{"@id":"https:\/\/pianostammare.se\/#website"},"datePublished":"2022-12-21T20:47:52+00:00","dateModified":"2023-07-14T20:56:19+00:00","breadcrumb":{"@id":"https:\/\/pianostammare.se\/filter-och-algmedel-for-klimatanlaggning-piano\/#breadcrumb"},"inLanguage":"en-GB","potentialAction":[{"@type":"ReadAction","target":["https:\/\/pianostammare.se\/filter-och-algmedel-for-klimatanlaggning-piano\/"]}]},{"@type":"BreadcrumbList","@id":"https:\/\/pianostammare.se\/filter-och-algmedel-for-klimatanlaggning-piano\/#breadcrumb","itemListElement":[{"@type":"ListItem","position":1,"name":"Hem","item":"https:\/\/pianostammare.se\/"},{"@type":"ListItem","position":2,"name":"Filter och algmedel"}]},{"@type":"WebSite","@id":"https:\/\/pianostammare.se\/#website","url":"https:\/\/pianostammare.se\/","name":"Pianost\u00e4mmare, flyglar och piano","description":"Utst\u00e4llningshall f\u00f6r nya piano &amp; Flyglar","publisher":{"@id":"https:\/\/pianostammare.se\/#organization"},"potentialAction":[{"@type":"SearchAction","target":{"@type":"EntryPoint","urlTemplate":"https:\/\/pianostammare.se\/?s={search_term_string}"},"query-input":{"@type":"PropertyValueSpecification","valueRequired":true,"valueName":"search_term_string"}}],"inLanguage":"en-GB"},{"@type":"Organization","@id":"https:\/\/pianostammare.se\/#organization","name":"Pianost\u00e4mmare, flyglar och piano","url":"https:\/\/pianostammare.se\/","logo":{"@type":"ImageObject","inLanguage":"en-GB","@id":"https:\/\/pianostammare.se\/#\/schema\/logo\/image\/","url":"https:\/\/pianostammare.se\/wp-content\/uploads\/2022\/11\/cropped-Namnlos-design.avif","contentUrl":"https:\/\/pianostammare.se\/wp-content\/uploads\/2022\/11\/cropped-Namnlos-design.avif","width":1200,"height":800,"caption":"Pianost\u00e4mmare, flyglar och piano"},"image":{"@id":"https:\/\/pianostammare.se\/#\/schema\/logo\/image\/"},"sameAs":["https:\/\/www.facebook.com\/share\/167DsieNj3\/?mibextid=wwXlfr"]}]}},"_links":{"self":[{"href":"https:\/\/pianostammare.se\/en\/wp-json\/wp\/v2\/pages\/13525","targetHints":{"allow":["GET"]}}],"collection":[{"href":"https:\/\/pianostammare.se\/en\/wp-json\/wp\/v2\/pages"}],"about":[{"href":"https:\/\/pianostammare.se\/en\/wp-json\/wp\/v2\/types\/page"}],"author":[{"embeddable":true,"href":"https:\/\/pianostammare.se\/en\/wp-json\/wp\/v2\/users\/1"}],"replies":[{"embeddable":true,"href":"https:\/\/pianostammare.se\/en\/wp-json\/wp\/v2\/comments?post=13525"}],"version-history":[{"count":0,"href":"https:\/\/pianostammare.se\/en\/wp-json\/wp\/v2\/pages\/13525\/revisions"}],"wp:attachment":[{"href":"https:\/\/pianostammare.se\/en\/wp-json\/wp\/v2\/media?parent=13525"}],"curies":[{"name":"wp","href":"https:\/\/api.w.org\/{rel}","templated":true}]}}