{"id":13571,"date":"2022-12-22T07:46:10","date_gmt":"2022-12-22T06:46:10","guid":{"rendered":"https:\/\/pianostammare.se\/?page_id=13571"},"modified":"2025-03-13T12:59:51","modified_gmt":"2025-03-13T11:59:51","slug":"klimatanlaggning","status":"publish","type":"page","link":"https:\/\/pianostammare.se\/en\/butik-flygelaffar-pianoaffar-leksand-dalarna\/klimatanlaggning\/","title":{"rendered":"Humidity systems"},"content":{"rendered":"<div data-elementor-type=\"wp-page\" data-elementor-id=\"13571\" class=\"elementor elementor-13571\">\n\t\t\t\t\t\t<section class=\"elementor-section elementor-top-section elementor-element elementor-element-7a860168 elementor-section-boxed elementor-section-height-default elementor-section-height-default\" data-id=\"7a860168\" data-element_type=\"section\" data-e-type=\"section\">\n\t\t\t\t\t\t<div class=\"elementor-container elementor-column-gap-default\">\n\t\t\t\t\t<div class=\"elementor-column elementor-col-100 elementor-top-column elementor-element elementor-element-24b98e48\" data-id=\"24b98e48\" data-element_type=\"column\" data-e-type=\"column\">\n\t\t\t<div class=\"elementor-widget-wrap elementor-element-populated\">\n\t\t\t\t\t\t<div class=\"elementor-element elementor-element-5e59b93f elementor-widget elementor-widget-spacer\" data-id=\"5e59b93f\" data-element_type=\"widget\" data-e-type=\"widget\" data-widget_type=\"spacer.default\">\n\t\t\t\t<div class=\"elementor-widget-container\">\n\t\t\t\t\t\t\t<div class=\"elementor-spacer\">\n\t\t\t<div class=\"elementor-spacer-inner\"><\/div>\n\t\t<\/div>\n\t\t\t\t\t\t<\/div>\n\t\t\t\t<\/div>\n\t\t\t\t<div class=\"elementor-element elementor-element-19bf8f50 elementor-widget elementor-widget-heading\" data-id=\"19bf8f50\" data-element_type=\"widget\" data-e-type=\"widget\" data-widget_type=\"heading.default\">\n\t\t\t\t<div class=\"elementor-widget-container\">\n\t\t\t\t\t<h5 class=\"elementor-heading-title elementor-size-default\">Humidity systems<\/h5>\t\t\t\t<\/div>\n\t\t\t\t<\/div>\n\t\t\t\t<div class=\"elementor-element elementor-element-dbff911 elementor-widget elementor-widget-text-editor\" data-id=\"dbff911\" data-element_type=\"widget\" data-e-type=\"widget\" data-widget_type=\"text-editor.default\">\n\t\t\t\t<div class=\"elementor-widget-container\">\n\t\t\t\t\t\t\t\t\t<div>\n<div>\n<div>\n<div>\n<p class=\"translation-block\">A humidity system extends the life of your quality piano or grand piano. Most manufacturers recommend the Piano Life Saver system and even include in their warranty terms for new instruments that humidity levels must be maintained between 35\u201350% for the warranty to remain valid. Piano tuning stability is also positively affected. The risk of cracks in the soundboard during dry winter weather is reduced, and the system also prevents swelling from summer humidity. The result is a more stable tuning over time and, most importantly\u2014greater playing pleasure and a longer shelf life for your instrument. Every half hour, the \"Humidistat\" detects whether to add or reduce humidity. It is factory-set to maintain approximately 42% and regulates humidity inside the instrument silently. The original Dampp-Chaser climate control system comes with a 5-year warranty.<\/p>\n<p><span style=\"background-color: var(--ast-global-color-4); color: var(--ast-global-color-3); font-size: 1rem;\">I am one of only 13 technicians in Sweden with the highest level of experience installing this system. I hold a Field Expert certification.<\/span><\/p>\n<\/div>\n<\/div>\n<\/div>\n<\/div>\n<div>\n<div>\n<div>\n<div>\n<p class=\"translation-block\">If you\u2019ve invested in a quality piano or grand piano, you likely know it requires regular maintenance to keep it in top condition. An important part of this maintenance is controlling the humidity around your instrument. A humidity system can be a great help in doing so. Many piano and grand piano manufacturers recommend using one to extend the instrument\u2019s lifespan and to keep the warranty valid. A system like this helps maintain stable humidity between 35\u201350%, which reduces the risk of cracks in the soundboard or swelling caused by low humidity levels.<\/p>\n<p class=\"translation-block\">A popular climate control system is the <a href=\"http:\/\/www.pianolifesaver.com\" target=\"_blank\" rel=\"noopener\" style=\"font-style: inherit;font-weight: inherit\">Piano Life Saver<\/a>, known by its original name Dampp-Chaser, which works by regulating the humidity inside the instrument using a Humidistat. This technology is preset to about 42% and operates quietly and efficiently to maintain a stable moisture level. In addition, the Piano Life Saver comes with a 5-year warranty\u2014providing extra peace of mind for your investment.<\/p>\n<\/div>\n<\/div>\n<div>\n<div>\n<div>\n<div>\n<p>As a highly experienced technician in installing the Piano Life Saver system, I can strongly recommend it for anyone who wants to extend the life of their piano or grand piano. Note that different systems are used for upright pianos and grand pianos, and for grands, the system used depends on the length of the instrument.&nbsp;<\/p>\n<\/div>\n<\/div>\n<\/div>\n<\/div>\n<\/div>\n<\/div>\t\t\t\t\t\t\t\t<\/div>\n\t\t\t\t<\/div>\n\t\t\t\t<div class=\"elementor-element elementor-element-381d68f elementor-widget elementor-widget-heading\" data-id=\"381d68f\" data-element_type=\"widget\" data-e-type=\"widget\" data-widget_type=\"heading.default\">\n\t\t\t\t<div class=\"elementor-widget-container\">\n\t\t\t\t\t<h5 class=\"elementor-heading-title elementor-size-default\">Algae inhibitor and filters<\/h5>\t\t\t\t<\/div>\n\t\t\t\t<\/div>\n\t\t\t\t<div class=\"elementor-element elementor-element-5000029 elementor-widget elementor-widget-text-editor\" data-id=\"5000029\" data-element_type=\"widget\" data-e-type=\"widget\" data-widget_type=\"text-editor.default\">\n\t\t\t\t<div class=\"elementor-widget-container\">\n\t\t\t\t\t\t\t\t\t<p>The algae inhibitor used is Humidifier Treatment. Add one capful with each refill to maintain water quality and preserve the filter's performance. You can conveniently purchase these accessories in our webshop.<\/p>\n<p>Filter replacement is recommended twice a year. The filter material absorbs water from the tank and evaporates it using heat from the heating element. As such, it\u2019s crucial to use the proper type of filter. Replace regularly to ensure the humidity system functions optimally. One kit contains two filters. It\u2019s a good idea to buy in advance so you're prepared when it\u2019s time to change them.\n\nIf I am the technician tuning your piano, I always bring filters with me and will replace them at no charge\u2014you only pay for the materials.<\/p>\t\t\t\t\t\t\t\t<\/div>\n\t\t\t\t<\/div>\n\t\t\t\t\t<\/div>\n\t\t<\/div>\n\t\t\t\t\t<\/div>\n\t\t<\/section>\n\t\t\t\t<\/div>","protected":false},"excerpt":{"rendered":"<p>Klimatanl\u00e4ggning En klimatanl\u00e4ggning f\u00f6rl\u00e4nger livsl\u00e4ngden p\u00e5 ditt kvalitetsinstrument piano\/flygel. De flesta tillverkare rekommenderar piano life saver och skriver \u00e4ven i sina garantivillkor f\u00f6r nya instrument att man m\u00e5ste h\u00e5lla 35-50% fuktighet f\u00f6r att garantin ska g\u00e4lla. Pianost\u00e4mningen p\u00e5verkas positivt. Man minskar risken att resonansbotten spricker n\u00e4r det \u00e4r torr v\u00e4derlek p\u00e5 vintern. Den motverkar ocks\u00e5 [&hellip;]<\/p>\n","protected":false},"author":1,"featured_media":13483,"parent":513,"menu_order":0,"comment_status":"closed","ping_status":"closed","template":"","meta":{"site-sidebar-layout":"no-sidebar","site-content-layout":"page-builder","ast-site-content-layout":"full-width-container","site-content-style":"default","site-sidebar-style":"default","ast-global-header-display":"","ast-banner-title-visibility":"","ast-main-header-display":"","ast-hfb-above-header-display":"","ast-hfb-below-header-display":"","ast-hfb-mobile-header-display":"","site-post-title":"disabled","ast-breadcrumbs-content":"","ast-featured-img":"disabled","footer-sml-layout":"","ast-disable-related-posts":"","theme-transparent-header-meta":"","adv-header-id-meta":"","stick-header-meta":"","header-above-stick-meta":"","header-main-stick-meta":"","header-below-stick-meta":"","astra-migrate-meta-layouts":"set","ast-page-background-enabled":"default","ast-page-background-meta":{"desktop":{"background-color":"","background-image":"","background-repeat":"repeat","background-position":"center center","background-size":"auto","background-attachment":"scroll","background-type":"","background-media":"","overlay-type":"","overlay-color":"","overlay-opacity":"","overlay-gradient":""},"tablet":{"background-color":"","background-image":"","background-repeat":"repeat","background-position":"center center","background-size":"auto","background-attachment":"scroll","background-type":"","background-media":"","overlay-type":"","overlay-color":"","overlay-opacity":"","overlay-gradient":""},"mobile":{"background-color":"","background-image":"","background-repeat":"repeat","background-position":"center center","background-size":"auto","background-attachment":"scroll","background-type":"","background-media":"","overlay-type":"","overlay-color":"","overlay-opacity":"","overlay-gradient":""}},"ast-content-background-meta":{"desktop":{"background-color":"var(--ast-global-color-5)","background-image":"","background-repeat":"repeat","background-position":"center center","background-size":"auto","background-attachment":"scroll","background-type":"","background-media":"","overlay-type":"","overlay-color":"","overlay-opacity":"","overlay-gradient":""},"tablet":{"background-color":"var(--ast-global-color-5)","background-image":"","background-repeat":"repeat","background-position":"center center","background-size":"auto","background-attachment":"scroll","background-type":"","background-media":"","overlay-type":"","overlay-color":"","overlay-opacity":"","overlay-gradient":""},"mobile":{"background-color":"var(--ast-global-color-5)","background-image":"","background-repeat":"repeat","background-position":"center center","background-size":"auto","background-attachment":"scroll","background-type":"","background-media":"","overlay-type":"","overlay-color":"","overlay-opacity":"","overlay-gradient":""}},"footnotes":""},"class_list":["post-13571","page","type-page","status-publish","has-post-thumbnail","hentry"],"yoast_head":"<!-- This site is optimized with the Yoast SEO Premium plugin v26.1 (Yoast SEO v27.4) - https:\/\/yoast.com\/product\/yoast-seo-premium-wordpress\/ -->\n<title>Klimatanl\u00e4ggningar<\/title>\n<meta name=\"description\" content=\"Skydda och f\u00f6rl\u00e4ng livsl\u00e4ngden p\u00e5 ditt piano eller flygel med v\u00e5r klimatanl\u00e4ggning, Piano Life Saver (Dampp Chaser). Erbjuder 5 \u00e5rs garanti.\" \/>\n<meta name=\"robots\" content=\"index, follow, max-snippet:-1, max-image-preview:large, max-video-preview:-1\" \/>\n<link rel=\"canonical\" href=\"https:\/\/pianostammare.se\/en\/butik-flygelaffar-pianoaffar-leksand-dalarna\/klimatanlaggning\/\" \/>\n<meta property=\"og:locale\" content=\"en_GB\" \/>\n<meta property=\"og:type\" content=\"article\" \/>\n<meta property=\"og:title\" content=\"Klimatanl\u00e4ggning\" \/>\n<meta property=\"og:description\" content=\"Skydda och f\u00f6rl\u00e4ng livsl\u00e4ngden p\u00e5 ditt piano eller flygel med v\u00e5r klimatanl\u00e4ggning, Piano Life Saver (Dampp Chaser). Erbjuder 5 \u00e5rs garanti.\" \/>\n<meta property=\"og:url\" content=\"https:\/\/pianostammare.se\/en\/butik-flygelaffar-pianoaffar-leksand-dalarna\/klimatanlaggning\/\" \/>\n<meta property=\"og:site_name\" content=\"Pianost\u00e4mmare, flyglar och piano\" \/>\n<meta property=\"article:publisher\" content=\"https:\/\/www.facebook.com\/share\/167DsieNj3\/?mibextid=wwXlfr\" \/>\n<meta property=\"article:modified_time\" content=\"2025-03-13T11:59:51+00:00\" \/>\n<meta property=\"og:image\" content=\"https:\/\/i0.wp.com\/en.pianostammare.se\/wp-content\/uploads\/2022\/12\/pianolifesaver.gif?fit=274%2C178&ssl=1\" \/>\n\t<meta property=\"og:image:width\" content=\"274\" \/>\n\t<meta property=\"og:image:height\" content=\"178\" \/>\n\t<meta property=\"og:image:type\" content=\"image\/gif\" \/>\n<meta name=\"twitter:card\" content=\"summary_large_image\" \/>\n<meta name=\"twitter:label1\" content=\"Estimated reading time\" \/>\n\t<meta name=\"twitter:data1\" content=\"3 minutes\" \/>\n<script type=\"application\/ld+json\" class=\"yoast-schema-graph\">{\"@context\":\"https:\\\/\\\/schema.org\",\"@graph\":[{\"@type\":\"WebPage\",\"@id\":\"https:\\\/\\\/pianostammare.se\\\/butik-flygelaffar-pianoaffar-leksand-dalarna\\\/klimatanlaggning\\\/\",\"url\":\"https:\\\/\\\/pianostammare.se\\\/butik-flygelaffar-pianoaffar-leksand-dalarna\\\/klimatanlaggning\\\/\",\"name\":\"Klimatanl\u00e4ggningar\",\"isPartOf\":{\"@id\":\"https:\\\/\\\/pianostammare.se\\\/#website\"},\"primaryImageOfPage\":{\"@id\":\"https:\\\/\\\/pianostammare.se\\\/butik-flygelaffar-pianoaffar-leksand-dalarna\\\/klimatanlaggning\\\/#primaryimage\"},\"image\":{\"@id\":\"https:\\\/\\\/pianostammare.se\\\/butik-flygelaffar-pianoaffar-leksand-dalarna\\\/klimatanlaggning\\\/#primaryimage\"},\"thumbnailUrl\":\"https:\\\/\\\/i0.wp.com\\\/pianostammare.se\\\/wp-content\\\/uploads\\\/2022\\\/12\\\/pianolifesaver.gif?fit=274%2C178&ssl=1\",\"datePublished\":\"2022-12-22T06:46:10+00:00\",\"dateModified\":\"2025-03-13T11:59:51+00:00\",\"description\":\"Skydda och f\u00f6rl\u00e4ng livsl\u00e4ngden p\u00e5 ditt piano eller flygel med v\u00e5r klimatanl\u00e4ggning, Piano Life Saver (Dampp Chaser). Erbjuder 5 \u00e5rs garanti.\",\"breadcrumb\":{\"@id\":\"https:\\\/\\\/pianostammare.se\\\/butik-flygelaffar-pianoaffar-leksand-dalarna\\\/klimatanlaggning\\\/#breadcrumb\"},\"inLanguage\":\"en-GB\",\"potentialAction\":[{\"@type\":\"ReadAction\",\"target\":[\"https:\\\/\\\/pianostammare.se\\\/butik-flygelaffar-pianoaffar-leksand-dalarna\\\/klimatanlaggning\\\/\"]}]},{\"@type\":\"ImageObject\",\"inLanguage\":\"en-GB\",\"@id\":\"https:\\\/\\\/pianostammare.se\\\/butik-flygelaffar-pianoaffar-leksand-dalarna\\\/klimatanlaggning\\\/#primaryimage\",\"url\":\"https:\\\/\\\/i0.wp.com\\\/pianostammare.se\\\/wp-content\\\/uploads\\\/2022\\\/12\\\/pianolifesaver.gif?fit=274%2C178&ssl=1\",\"contentUrl\":\"https:\\\/\\\/i0.wp.com\\\/pianostammare.se\\\/wp-content\\\/uploads\\\/2022\\\/12\\\/pianolifesaver.gif?fit=274%2C178&ssl=1\",\"width\":274,\"height\":178,\"caption\":\"Klimatanl\u00e4ggning f\u00f6r mindre flyglar.\"},{\"@type\":\"BreadcrumbList\",\"@id\":\"https:\\\/\\\/pianostammare.se\\\/butik-flygelaffar-pianoaffar-leksand-dalarna\\\/klimatanlaggning\\\/#breadcrumb\",\"itemListElement\":[{\"@type\":\"ListItem\",\"position\":1,\"name\":\"Hem\",\"item\":\"https:\\\/\\\/pianostammare.se\\\/\"},{\"@type\":\"ListItem\",\"position\":2,\"name\":\"Webbshop\",\"item\":\"https:\\\/\\\/pianostammare.se\\\/butik-flygelaffar-pianoaffar-leksand-dalarna\\\/\"},{\"@type\":\"ListItem\",\"position\":3,\"name\":\"Klimatanl\u00e4ggning\"}]},{\"@type\":\"WebSite\",\"@id\":\"https:\\\/\\\/pianostammare.se\\\/#website\",\"url\":\"https:\\\/\\\/pianostammare.se\\\/\",\"name\":\"Pianost\u00e4mmare, flyglar och piano\",\"description\":\"Utst\u00e4llningshall f\u00f6r nya piano &amp; Flyglar\",\"publisher\":{\"@id\":\"https:\\\/\\\/pianostammare.se\\\/#organization\"},\"potentialAction\":[{\"@type\":\"SearchAction\",\"target\":{\"@type\":\"EntryPoint\",\"urlTemplate\":\"https:\\\/\\\/pianostammare.se\\\/?s={search_term_string}\"},\"query-input\":{\"@type\":\"PropertyValueSpecification\",\"valueRequired\":true,\"valueName\":\"search_term_string\"}}],\"inLanguage\":\"en-GB\"},{\"@type\":\"Organization\",\"@id\":\"https:\\\/\\\/pianostammare.se\\\/#organization\",\"name\":\"Pianost\u00e4mmare, flyglar och piano\",\"url\":\"https:\\\/\\\/pianostammare.se\\\/\",\"logo\":{\"@type\":\"ImageObject\",\"inLanguage\":\"en-GB\",\"@id\":\"https:\\\/\\\/pianostammare.se\\\/#\\\/schema\\\/logo\\\/image\\\/\",\"url\":\"https:\\\/\\\/pianostammare.se\\\/wp-content\\\/uploads\\\/2022\\\/11\\\/cropped-Namnlos-design.avif\",\"contentUrl\":\"https:\\\/\\\/pianostammare.se\\\/wp-content\\\/uploads\\\/2022\\\/11\\\/cropped-Namnlos-design.avif\",\"width\":1200,\"height\":800,\"caption\":\"Pianost\u00e4mmare, flyglar och piano\"},\"image\":{\"@id\":\"https:\\\/\\\/pianostammare.se\\\/#\\\/schema\\\/logo\\\/image\\\/\"},\"sameAs\":[\"https:\\\/\\\/www.facebook.com\\\/share\\\/167DsieNj3\\\/?mibextid=wwXlfr\"]}]}<\/script>\n<!-- \/ Yoast SEO Premium plugin. -->","yoast_head_json":{"title":"Humidity systems","description":"Skydda och f\u00f6rl\u00e4ng livsl\u00e4ngden p\u00e5 ditt piano eller flygel med v\u00e5r klimatanl\u00e4ggning, Piano Life Saver (Dampp Chaser). Erbjuder 5 \u00e5rs garanti.","robots":{"index":"index","follow":"follow","max-snippet":"max-snippet:-1","max-image-preview":"max-image-preview:large","max-video-preview":"max-video-preview:-1"},"canonical":"https:\/\/pianostammare.se\/en\/butik-flygelaffar-pianoaffar-leksand-dalarna\/klimatanlaggning\/","og_locale":"en_GB","og_type":"article","og_title":"Klimatanl\u00e4ggning","og_description":"Skydda och f\u00f6rl\u00e4ng livsl\u00e4ngden p\u00e5 ditt piano eller flygel med v\u00e5r klimatanl\u00e4ggning, Piano Life Saver (Dampp Chaser). Erbjuder 5 \u00e5rs garanti.","og_url":"https:\/\/pianostammare.se\/en\/butik-flygelaffar-pianoaffar-leksand-dalarna\/klimatanlaggning\/","og_site_name":"Pianost\u00e4mmare, flyglar och piano","article_publisher":"https:\/\/www.facebook.com\/share\/167DsieNj3\/?mibextid=wwXlfr","article_modified_time":"2025-03-13T11:59:51+00:00","og_image":[{"width":274,"height":178,"url":"https:\/\/i0.wp.com\/en.pianostammare.se\/wp-content\/uploads\/2022\/12\/pianolifesaver.gif?fit=274%2C178&ssl=1","type":"image\/gif"}],"twitter_card":"summary_large_image","twitter_misc":{"Estimated reading time":"3 minutes"},"schema":{"@context":"https:\/\/schema.org","@graph":[{"@type":"WebPage","@id":"https:\/\/pianostammare.se\/butik-flygelaffar-pianoaffar-leksand-dalarna\/klimatanlaggning\/","url":"https:\/\/pianostammare.se\/butik-flygelaffar-pianoaffar-leksand-dalarna\/klimatanlaggning\/","name":"Humidity systems","isPartOf":{"@id":"https:\/\/pianostammare.se\/#website"},"primaryImageOfPage":{"@id":"https:\/\/pianostammare.se\/butik-flygelaffar-pianoaffar-leksand-dalarna\/klimatanlaggning\/#primaryimage"},"image":{"@id":"https:\/\/pianostammare.se\/butik-flygelaffar-pianoaffar-leksand-dalarna\/klimatanlaggning\/#primaryimage"},"thumbnailUrl":"https:\/\/i0.wp.com\/pianostammare.se\/wp-content\/uploads\/2022\/12\/pianolifesaver.gif?fit=274%2C178&ssl=1","datePublished":"2022-12-22T06:46:10+00:00","dateModified":"2025-03-13T11:59:51+00:00","description":"Skydda och f\u00f6rl\u00e4ng livsl\u00e4ngden p\u00e5 ditt piano eller flygel med v\u00e5r klimatanl\u00e4ggning, Piano Life Saver (Dampp Chaser). Erbjuder 5 \u00e5rs garanti.","breadcrumb":{"@id":"https:\/\/pianostammare.se\/butik-flygelaffar-pianoaffar-leksand-dalarna\/klimatanlaggning\/#breadcrumb"},"inLanguage":"en-GB","potentialAction":[{"@type":"ReadAction","target":["https:\/\/pianostammare.se\/butik-flygelaffar-pianoaffar-leksand-dalarna\/klimatanlaggning\/"]}]},{"@type":"ImageObject","inLanguage":"en-GB","@id":"https:\/\/pianostammare.se\/butik-flygelaffar-pianoaffar-leksand-dalarna\/klimatanlaggning\/#primaryimage","url":"https:\/\/i0.wp.com\/pianostammare.se\/wp-content\/uploads\/2022\/12\/pianolifesaver.gif?fit=274%2C178&ssl=1","contentUrl":"https:\/\/i0.wp.com\/pianostammare.se\/wp-content\/uploads\/2022\/12\/pianolifesaver.gif?fit=274%2C178&ssl=1","width":274,"height":178,"caption":"Klimatanl\u00e4ggning f\u00f6r mindre flyglar."},{"@type":"BreadcrumbList","@id":"https:\/\/pianostammare.se\/butik-flygelaffar-pianoaffar-leksand-dalarna\/klimatanlaggning\/#breadcrumb","itemListElement":[{"@type":"ListItem","position":1,"name":"Hem","item":"https:\/\/pianostammare.se\/"},{"@type":"ListItem","position":2,"name":"Webbshop","item":"https:\/\/pianostammare.se\/butik-flygelaffar-pianoaffar-leksand-dalarna\/"},{"@type":"ListItem","position":3,"name":"Klimatanl\u00e4ggning"}]},{"@type":"WebSite","@id":"https:\/\/pianostammare.se\/#website","url":"https:\/\/pianostammare.se\/","name":"Pianost\u00e4mmare, flyglar och piano","description":"Utst\u00e4llningshall f\u00f6r nya piano &amp; Flyglar","publisher":{"@id":"https:\/\/pianostammare.se\/#organization"},"potentialAction":[{"@type":"SearchAction","target":{"@type":"EntryPoint","urlTemplate":"https:\/\/pianostammare.se\/?s={search_term_string}"},"query-input":{"@type":"PropertyValueSpecification","valueRequired":true,"valueName":"search_term_string"}}],"inLanguage":"en-GB"},{"@type":"Organization","@id":"https:\/\/pianostammare.se\/#organization","name":"Pianost\u00e4mmare, flyglar och piano","url":"https:\/\/pianostammare.se\/","logo":{"@type":"ImageObject","inLanguage":"en-GB","@id":"https:\/\/pianostammare.se\/#\/schema\/logo\/image\/","url":"https:\/\/pianostammare.se\/wp-content\/uploads\/2022\/11\/cropped-Namnlos-design.avif","contentUrl":"https:\/\/pianostammare.se\/wp-content\/uploads\/2022\/11\/cropped-Namnlos-design.avif","width":1200,"height":800,"caption":"Pianost\u00e4mmare, flyglar och piano"},"image":{"@id":"https:\/\/pianostammare.se\/#\/schema\/logo\/image\/"},"sameAs":["https:\/\/www.facebook.com\/share\/167DsieNj3\/?mibextid=wwXlfr"]}]}},"_links":{"self":[{"href":"https:\/\/pianostammare.se\/en\/wp-json\/wp\/v2\/pages\/13571","targetHints":{"allow":["GET"]}}],"collection":[{"href":"https:\/\/pianostammare.se\/en\/wp-json\/wp\/v2\/pages"}],"about":[{"href":"https:\/\/pianostammare.se\/en\/wp-json\/wp\/v2\/types\/page"}],"author":[{"embeddable":true,"href":"https:\/\/pianostammare.se\/en\/wp-json\/wp\/v2\/users\/1"}],"replies":[{"embeddable":true,"href":"https:\/\/pianostammare.se\/en\/wp-json\/wp\/v2\/comments?post=13571"}],"version-history":[{"count":1,"href":"https:\/\/pianostammare.se\/en\/wp-json\/wp\/v2\/pages\/13571\/revisions"}],"predecessor-version":[{"id":18686,"href":"https:\/\/pianostammare.se\/en\/wp-json\/wp\/v2\/pages\/13571\/revisions\/18686"}],"up":[{"embeddable":true,"href":"https:\/\/pianostammare.se\/en\/wp-json\/wp\/v2\/pages\/513"}],"wp:featuredmedia":[{"embeddable":true,"href":"https:\/\/pianostammare.se\/en\/wp-json\/wp\/v2\/media\/13483"}],"wp:attachment":[{"href":"https:\/\/pianostammare.se\/en\/wp-json\/wp\/v2\/media?parent=13571"}],"curies":[{"name":"wp","href":"https:\/\/api.w.org\/{rel}","templated":true}]}}