{"id":13581,"date":"2022-12-22T07:57:02","date_gmt":"2022-12-22T06:57:02","guid":{"rendered":"https:\/\/pianostammare.se\/?page_id=13581"},"modified":"2025-03-20T09:06:43","modified_gmt":"2025-03-20T08:06:43","slug":"pianopallar","status":"publish","type":"page","link":"https:\/\/pianostammare.se\/en\/butik-flygelaffar-pianoaffar-leksand-dalarna\/pianopallar\/","title":{"rendered":"Piano stools"},"content":{"rendered":"<div data-elementor-type=\"wp-page\" data-elementor-id=\"13581\" class=\"elementor elementor-13581\">\n\t\t\t\t\t\t<section class=\"elementor-section elementor-top-section elementor-element elementor-element-2603e8c1 elementor-section-boxed elementor-section-height-default elementor-section-height-default\" data-id=\"2603e8c1\" data-element_type=\"section\" data-e-type=\"section\">\n\t\t\t\t\t\t<div class=\"elementor-container elementor-column-gap-default\">\n\t\t\t\t\t<div class=\"elementor-column elementor-col-100 elementor-top-column elementor-element elementor-element-ba90ed0\" data-id=\"ba90ed0\" data-element_type=\"column\" data-e-type=\"column\">\n\t\t\t<div class=\"elementor-widget-wrap elementor-element-populated\">\n\t\t\t\t\t\t<div class=\"elementor-element elementor-element-476db0f elementor-widget elementor-widget-spacer\" data-id=\"476db0f\" data-element_type=\"widget\" data-e-type=\"widget\" data-widget_type=\"spacer.default\">\n\t\t\t\t<div class=\"elementor-widget-container\">\n\t\t\t\t\t\t\t<div class=\"elementor-spacer\">\n\t\t\t<div class=\"elementor-spacer-inner\"><\/div>\n\t\t<\/div>\n\t\t\t\t\t\t<\/div>\n\t\t\t\t<\/div>\n\t\t\t\t<div class=\"elementor-element elementor-element-730c6ab7 elementor-widget elementor-widget-heading\" data-id=\"730c6ab7\" data-element_type=\"widget\" data-e-type=\"widget\" data-widget_type=\"heading.default\">\n\t\t\t\t<div class=\"elementor-widget-container\">\n\t\t\t\t\t<h5 class=\"elementor-heading-title elementor-size-default\">Piano stools<\/h5>\t\t\t\t<\/div>\n\t\t\t\t<\/div>\n\t\t\t\t\t<\/div>\n\t\t<\/div>\n\t\t\t\t\t<\/div>\n\t\t<\/section>\n\t\t\t\t<section class=\"elementor-section elementor-top-section elementor-element elementor-element-da73222 elementor-section-boxed elementor-section-height-default elementor-section-height-default\" data-id=\"da73222\" data-element_type=\"section\" data-e-type=\"section\">\n\t\t\t\t\t\t<div class=\"elementor-container elementor-column-gap-default\">\n\t\t\t\t\t<div class=\"elementor-column elementor-col-100 elementor-top-column elementor-element elementor-element-73c70a2\" data-id=\"73c70a2\" data-element_type=\"column\" data-e-type=\"column\">\n\t\t\t<div class=\"elementor-widget-wrap elementor-element-populated\">\n\t\t\t\t\t\t<div class=\"elementor-element elementor-element-119c31e9 elementor-widget elementor-widget-text-editor\" data-id=\"119c31e9\" data-element_type=\"widget\" data-e-type=\"widget\" data-widget_type=\"text-editor.default\">\n\t\t\t\t<div class=\"elementor-widget-container\">\n\t\t\t\t\t\t\t\t\t<p class=\"translation-block\">Welcome to our <a href=\"https:\/\/pianostammare.se\/en\/utstallningshall-for-piano-och-flygel\/\" target=\"_self\">grand piano showroom<\/a>, where you can explore our selection of <a href=\"https:\/\/pianostammare.se\/en\/butik-flygelaffar-pianoaffar-leksand-dalarna\/flygelpallar\/\" target=\"_self\">grand piano stools<\/a> and piano stools. Available in black polished or white polished finishes, they feature genuine lamb leather upholstered padded seats for superior comfort. For optimal comfort and proper seating height, the benches are height-adjustable, allowing you to find a comfortable playing position. It is crucial to sit correctly in order to avoid tension in the shoulders, back, and neck. During long playing sessions, an incorrect posture may not be immediately noticeable, but over time, it can lead to discomfort and issues.<\/p><p>Our high-quality benches are crafted with a sleek and elegant design, combining function and aesthetics.<\/p><p>And if you\u2019d like to try out a new piano while you\u2019re here \u2014 of course, you are most welcome!<\/p>\t\t\t\t\t\t\t\t<\/div>\n\t\t\t\t<\/div>\n\t\t\t\t\t<\/div>\n\t\t<\/div>\n\t\t\t\t\t<\/div>\n\t\t<\/section>\n\t\t\t\t<\/div>","protected":false},"excerpt":{"rendered":"<p>Pianopallar V\u00e4lkommen in i v\u00e5r flygelutst\u00e4llning och se v\u00e5ra flygelpallar och pianopallar. Svartpolerade eller vitpolerade med \u00e4kta lamml\u00e4derkl\u00e4dd stoppad dyna. F\u00f6r b\u00e4sta komfort och sitth\u00f6jd \u00e4r de justerbara i h\u00f6jdled s\u00e5 att ni f\u00e5r en behaglig sittkomfort. Det \u00e4r av yttersta vikt att sitta bra f\u00f6r att inte sp\u00e4nna axlar, rygg och nacke. Vid l\u00e5nga [&hellip;]<\/p>\n","protected":false},"author":1,"featured_media":0,"parent":513,"menu_order":0,"comment_status":"closed","ping_status":"closed","template":"","meta":{"site-sidebar-layout":"no-sidebar","site-content-layout":"page-builder","ast-site-content-layout":"full-width-container","site-content-style":"unboxed","site-sidebar-style":"default","ast-global-header-display":"","ast-banner-title-visibility":"","ast-main-header-display":"","ast-hfb-above-header-display":"","ast-hfb-below-header-display":"","ast-hfb-mobile-header-display":"","site-post-title":"disabled","ast-breadcrumbs-content":"","ast-featured-img":"disabled","footer-sml-layout":"","ast-disable-related-posts":"","theme-transparent-header-meta":"","adv-header-id-meta":"","stick-header-meta":"","header-above-stick-meta":"","header-main-stick-meta":"","header-below-stick-meta":"","astra-migrate-meta-layouts":"set","ast-page-background-enabled":"default","ast-page-background-meta":{"desktop":{"background-color":"","background-image":"","background-repeat":"repeat","background-position":"center center","background-size":"auto","background-attachment":"scroll","background-type":"","background-media":"","overlay-type":"","overlay-color":"","overlay-opacity":"","overlay-gradient":""},"tablet":{"background-color":"","background-image":"","background-repeat":"repeat","background-position":"center center","background-size":"auto","background-attachment":"scroll","background-type":"","background-media":"","overlay-type":"","overlay-color":"","overlay-opacity":"","overlay-gradient":""},"mobile":{"background-color":"","background-image":"","background-repeat":"repeat","background-position":"center center","background-size":"auto","background-attachment":"scroll","background-type":"","background-media":"","overlay-type":"","overlay-color":"","overlay-opacity":"","overlay-gradient":""}},"ast-content-background-meta":{"desktop":{"background-color":"var(--ast-global-color-5)","background-image":"","background-repeat":"repeat","background-position":"center center","background-size":"auto","background-attachment":"scroll","background-type":"","background-media":"","overlay-type":"","overlay-color":"","overlay-opacity":"","overlay-gradient":""},"tablet":{"background-color":"var(--ast-global-color-5)","background-image":"","background-repeat":"repeat","background-position":"center center","background-size":"auto","background-attachment":"scroll","background-type":"","background-media":"","overlay-type":"","overlay-color":"","overlay-opacity":"","overlay-gradient":""},"mobile":{"background-color":"var(--ast-global-color-5)","background-image":"","background-repeat":"repeat","background-position":"center center","background-size":"auto","background-attachment":"scroll","background-type":"","background-media":"","overlay-type":"","overlay-color":"","overlay-opacity":"","overlay-gradient":""}},"footnotes":""},"class_list":["post-13581","page","type-page","status-publish","hentry"],"yoast_head":"<!-- This site is optimized with the Yoast SEO Premium plugin v26.1 (Yoast SEO v27.5) - https:\/\/yoast.com\/product\/yoast-seo-premium-wordpress\/ -->\n<title>Pianopallar, ergonomiska, h\u00f6j- och s\u00e4nkbara<\/title>\n<meta name=\"description\" content=\"Uppt\u00e4ck v\u00e5rt exklusiva utbud av ergonomiska h\u00f6j- och s\u00e4nkbara pianopallar i svartpolerad och vitpolerad finish med \u00e4kta lamml\u00e4derkl\u00e4dd dyna.\" \/>\n<meta name=\"robots\" content=\"index, follow, max-snippet:-1, max-image-preview:large, max-video-preview:-1\" \/>\n<link rel=\"canonical\" href=\"https:\/\/pianostammare.se\/en\/butik-flygelaffar-pianoaffar-leksand-dalarna\/pianopallar\/\" \/>\n<meta property=\"og:locale\" content=\"en_GB\" \/>\n<meta property=\"og:type\" content=\"article\" \/>\n<meta property=\"og:title\" content=\"Pianopallar\" \/>\n<meta property=\"og:description\" content=\"Uppt\u00e4ck v\u00e5rt exklusiva utbud av ergonomiska h\u00f6j- och s\u00e4nkbara pianopallar i svartpolerad och vitpolerad finish med \u00e4kta lamml\u00e4derkl\u00e4dd dyna.\" \/>\n<meta property=\"og:url\" content=\"https:\/\/pianostammare.se\/en\/butik-flygelaffar-pianoaffar-leksand-dalarna\/pianopallar\/\" \/>\n<meta property=\"og:site_name\" content=\"Pianost\u00e4mmare, flyglar och piano\" \/>\n<meta property=\"article:publisher\" content=\"https:\/\/www.facebook.com\/share\/167DsieNj3\/?mibextid=wwXlfr\" \/>\n<meta property=\"article:modified_time\" content=\"2025-03-20T08:06:43+00:00\" \/>\n<meta property=\"og:image\" content=\"https:\/\/i0.wp.com\/pianostammare.se\/wp-content\/uploads\/2023\/03\/MickeT-022.jpg?fit=1800%2C1201&ssl=1\" \/>\n\t<meta property=\"og:image:width\" content=\"1800\" \/>\n\t<meta property=\"og:image:height\" content=\"1201\" \/>\n\t<meta property=\"og:image:type\" content=\"image\/jpeg\" \/>\n<meta name=\"twitter:card\" content=\"summary_large_image\" \/>\n<meta name=\"twitter:label1\" content=\"Estimated reading time\" \/>\n\t<meta name=\"twitter:data1\" content=\"1 minute\" \/>\n<script type=\"application\/ld+json\" class=\"yoast-schema-graph\">{\"@context\":\"https:\\\/\\\/schema.org\",\"@graph\":[{\"@type\":\"WebPage\",\"@id\":\"https:\\\/\\\/pianostammare.se\\\/butik-flygelaffar-pianoaffar-leksand-dalarna\\\/pianopallar\\\/\",\"url\":\"https:\\\/\\\/pianostammare.se\\\/butik-flygelaffar-pianoaffar-leksand-dalarna\\\/pianopallar\\\/\",\"name\":\"Pianopallar, ergonomiska, h\u00f6j- och s\u00e4nkbara\",\"isPartOf\":{\"@id\":\"https:\\\/\\\/pianostammare.se\\\/#website\"},\"datePublished\":\"2022-12-22T06:57:02+00:00\",\"dateModified\":\"2025-03-20T08:06:43+00:00\",\"description\":\"Uppt\u00e4ck v\u00e5rt exklusiva utbud av ergonomiska h\u00f6j- och s\u00e4nkbara pianopallar i svartpolerad och vitpolerad finish med \u00e4kta lamml\u00e4derkl\u00e4dd dyna.\",\"breadcrumb\":{\"@id\":\"https:\\\/\\\/pianostammare.se\\\/butik-flygelaffar-pianoaffar-leksand-dalarna\\\/pianopallar\\\/#breadcrumb\"},\"inLanguage\":\"en-GB\",\"potentialAction\":[{\"@type\":\"ReadAction\",\"target\":[\"https:\\\/\\\/pianostammare.se\\\/butik-flygelaffar-pianoaffar-leksand-dalarna\\\/pianopallar\\\/\"]}]},{\"@type\":\"BreadcrumbList\",\"@id\":\"https:\\\/\\\/pianostammare.se\\\/butik-flygelaffar-pianoaffar-leksand-dalarna\\\/pianopallar\\\/#breadcrumb\",\"itemListElement\":[{\"@type\":\"ListItem\",\"position\":1,\"name\":\"Hem\",\"item\":\"https:\\\/\\\/pianostammare.se\\\/\"},{\"@type\":\"ListItem\",\"position\":2,\"name\":\"Webbshop\",\"item\":\"https:\\\/\\\/pianostammare.se\\\/butik-flygelaffar-pianoaffar-leksand-dalarna\\\/\"},{\"@type\":\"ListItem\",\"position\":3,\"name\":\"Pianopallar\"}]},{\"@type\":\"WebSite\",\"@id\":\"https:\\\/\\\/pianostammare.se\\\/#website\",\"url\":\"https:\\\/\\\/pianostammare.se\\\/\",\"name\":\"Pianost\u00e4mmare, flyglar och piano\",\"description\":\"Utst\u00e4llningshall f\u00f6r nya piano &amp; Flyglar\",\"publisher\":{\"@id\":\"https:\\\/\\\/pianostammare.se\\\/#organization\"},\"potentialAction\":[{\"@type\":\"SearchAction\",\"target\":{\"@type\":\"EntryPoint\",\"urlTemplate\":\"https:\\\/\\\/pianostammare.se\\\/?s={search_term_string}\"},\"query-input\":{\"@type\":\"PropertyValueSpecification\",\"valueRequired\":true,\"valueName\":\"search_term_string\"}}],\"inLanguage\":\"en-GB\"},{\"@type\":\"Organization\",\"@id\":\"https:\\\/\\\/pianostammare.se\\\/#organization\",\"name\":\"Pianost\u00e4mmare, flyglar och piano\",\"url\":\"https:\\\/\\\/pianostammare.se\\\/\",\"logo\":{\"@type\":\"ImageObject\",\"inLanguage\":\"en-GB\",\"@id\":\"https:\\\/\\\/pianostammare.se\\\/#\\\/schema\\\/logo\\\/image\\\/\",\"url\":\"https:\\\/\\\/pianostammare.se\\\/wp-content\\\/uploads\\\/2022\\\/11\\\/cropped-Namnlos-design.avif\",\"contentUrl\":\"https:\\\/\\\/pianostammare.se\\\/wp-content\\\/uploads\\\/2022\\\/11\\\/cropped-Namnlos-design.avif\",\"width\":1200,\"height\":800,\"caption\":\"Pianost\u00e4mmare, flyglar och piano\"},\"image\":{\"@id\":\"https:\\\/\\\/pianostammare.se\\\/#\\\/schema\\\/logo\\\/image\\\/\"},\"sameAs\":[\"https:\\\/\\\/www.facebook.com\\\/share\\\/167DsieNj3\\\/?mibextid=wwXlfr\"]}]}<\/script>\n<!-- \/ Yoast SEO Premium plugin. -->","yoast_head_json":{"title":"Pianopallar, ergonomiska, h\u00f6j- och s\u00e4nkbara","description":"Uppt\u00e4ck v\u00e5rt exklusiva utbud av ergonomiska h\u00f6j- och s\u00e4nkbara pianopallar i svartpolerad och vitpolerad finish med \u00e4kta lamml\u00e4derkl\u00e4dd dyna.","robots":{"index":"index","follow":"follow","max-snippet":"max-snippet:-1","max-image-preview":"max-image-preview:large","max-video-preview":"max-video-preview:-1"},"canonical":"https:\/\/pianostammare.se\/en\/butik-flygelaffar-pianoaffar-leksand-dalarna\/pianopallar\/","og_locale":"en_GB","og_type":"article","og_title":"Pianopallar","og_description":"Uppt\u00e4ck v\u00e5rt exklusiva utbud av ergonomiska h\u00f6j- och s\u00e4nkbara pianopallar i svartpolerad och vitpolerad finish med \u00e4kta lamml\u00e4derkl\u00e4dd dyna.","og_url":"https:\/\/pianostammare.se\/en\/butik-flygelaffar-pianoaffar-leksand-dalarna\/pianopallar\/","og_site_name":"Pianost\u00e4mmare, flyglar och piano","article_publisher":"https:\/\/www.facebook.com\/share\/167DsieNj3\/?mibextid=wwXlfr","article_modified_time":"2025-03-20T08:06:43+00:00","og_image":[{"width":1800,"height":1201,"url":"https:\/\/i0.wp.com\/pianostammare.se\/wp-content\/uploads\/2023\/03\/MickeT-022.jpg?fit=1800%2C1201&ssl=1","type":"image\/jpeg"}],"twitter_card":"summary_large_image","twitter_misc":{"Estimated reading time":"1 minute"},"schema":{"@context":"https:\/\/schema.org","@graph":[{"@type":"WebPage","@id":"https:\/\/pianostammare.se\/butik-flygelaffar-pianoaffar-leksand-dalarna\/pianopallar\/","url":"https:\/\/pianostammare.se\/butik-flygelaffar-pianoaffar-leksand-dalarna\/pianopallar\/","name":"Pianopallar, ergonomiska, h\u00f6j- och s\u00e4nkbara","isPartOf":{"@id":"https:\/\/pianostammare.se\/#website"},"datePublished":"2022-12-22T06:57:02+00:00","dateModified":"2025-03-20T08:06:43+00:00","description":"Uppt\u00e4ck v\u00e5rt exklusiva utbud av ergonomiska h\u00f6j- och s\u00e4nkbara pianopallar i svartpolerad och vitpolerad finish med \u00e4kta lamml\u00e4derkl\u00e4dd dyna.","breadcrumb":{"@id":"https:\/\/pianostammare.se\/butik-flygelaffar-pianoaffar-leksand-dalarna\/pianopallar\/#breadcrumb"},"inLanguage":"en-GB","potentialAction":[{"@type":"ReadAction","target":["https:\/\/pianostammare.se\/butik-flygelaffar-pianoaffar-leksand-dalarna\/pianopallar\/"]}]},{"@type":"BreadcrumbList","@id":"https:\/\/pianostammare.se\/butik-flygelaffar-pianoaffar-leksand-dalarna\/pianopallar\/#breadcrumb","itemListElement":[{"@type":"ListItem","position":1,"name":"Hem","item":"https:\/\/pianostammare.se\/"},{"@type":"ListItem","position":2,"name":"Webbshop","item":"https:\/\/pianostammare.se\/butik-flygelaffar-pianoaffar-leksand-dalarna\/"},{"@type":"ListItem","position":3,"name":"Pianopallar"}]},{"@type":"WebSite","@id":"https:\/\/pianostammare.se\/#website","url":"https:\/\/pianostammare.se\/","name":"Pianost\u00e4mmare, flyglar och piano","description":"Utst\u00e4llningshall f\u00f6r nya piano &amp; Flyglar","publisher":{"@id":"https:\/\/pianostammare.se\/#organization"},"potentialAction":[{"@type":"SearchAction","target":{"@type":"EntryPoint","urlTemplate":"https:\/\/pianostammare.se\/?s={search_term_string}"},"query-input":{"@type":"PropertyValueSpecification","valueRequired":true,"valueName":"search_term_string"}}],"inLanguage":"en-GB"},{"@type":"Organization","@id":"https:\/\/pianostammare.se\/#organization","name":"Pianost\u00e4mmare, flyglar och piano","url":"https:\/\/pianostammare.se\/","logo":{"@type":"ImageObject","inLanguage":"en-GB","@id":"https:\/\/pianostammare.se\/#\/schema\/logo\/image\/","url":"https:\/\/pianostammare.se\/wp-content\/uploads\/2022\/11\/cropped-Namnlos-design.avif","contentUrl":"https:\/\/pianostammare.se\/wp-content\/uploads\/2022\/11\/cropped-Namnlos-design.avif","width":1200,"height":800,"caption":"Pianost\u00e4mmare, flyglar och piano"},"image":{"@id":"https:\/\/pianostammare.se\/#\/schema\/logo\/image\/"},"sameAs":["https:\/\/www.facebook.com\/share\/167DsieNj3\/?mibextid=wwXlfr"]}]}},"_links":{"self":[{"href":"https:\/\/pianostammare.se\/en\/wp-json\/wp\/v2\/pages\/13581","targetHints":{"allow":["GET"]}}],"collection":[{"href":"https:\/\/pianostammare.se\/en\/wp-json\/wp\/v2\/pages"}],"about":[{"href":"https:\/\/pianostammare.se\/en\/wp-json\/wp\/v2\/types\/page"}],"author":[{"embeddable":true,"href":"https:\/\/pianostammare.se\/en\/wp-json\/wp\/v2\/users\/1"}],"replies":[{"embeddable":true,"href":"https:\/\/pianostammare.se\/en\/wp-json\/wp\/v2\/comments?post=13581"}],"version-history":[{"count":4,"href":"https:\/\/pianostammare.se\/en\/wp-json\/wp\/v2\/pages\/13581\/revisions"}],"predecessor-version":[{"id":18756,"href":"https:\/\/pianostammare.se\/en\/wp-json\/wp\/v2\/pages\/13581\/revisions\/18756"}],"up":[{"embeddable":true,"href":"https:\/\/pianostammare.se\/en\/wp-json\/wp\/v2\/pages\/513"}],"wp:attachment":[{"href":"https:\/\/pianostammare.se\/en\/wp-json\/wp\/v2\/media?parent=13581"}],"curies":[{"name":"wp","href":"https:\/\/api.w.org\/{rel}","templated":true}]}}