{"id":13600,"date":"2022-12-22T08:08:44","date_gmt":"2022-12-22T07:08:44","guid":{"rendered":"https:\/\/pianostammare.se\/?page_id=13600"},"modified":"2025-03-11T12:12:30","modified_gmt":"2025-03-11T11:12:30","slug":"barselar-transport-robust-piano-stark","status":"publish","type":"page","link":"https:\/\/pianostammare.se\/en\/butik-flygelaffar-pianoaffar-leksand-dalarna\/barselar-transport-robust-piano-stark\/","title":{"rendered":"B\u00e4rselar lyftselar"},"content":{"rendered":"<div data-elementor-type=\"wp-page\" data-elementor-id=\"13600\" class=\"elementor elementor-13600\">\n\t\t\t\t\t\t<section class=\"elementor-section elementor-top-section elementor-element elementor-element-9b73390 elementor-section-boxed elementor-section-height-default elementor-section-height-default\" data-id=\"9b73390\" data-element_type=\"section\" data-e-type=\"section\">\n\t\t\t\t\t\t<div class=\"elementor-container elementor-column-gap-default\">\n\t\t\t\t\t<div class=\"elementor-column elementor-col-100 elementor-top-column elementor-element elementor-element-15ca2c0\" data-id=\"15ca2c0\" data-element_type=\"column\" data-e-type=\"column\">\n\t\t\t<div class=\"elementor-widget-wrap elementor-element-populated\">\n\t\t\t\t\t\t<div class=\"elementor-element elementor-element-9d873f2 elementor-widget elementor-widget-heading\" data-id=\"9d873f2\" data-element_type=\"widget\" data-e-type=\"widget\" data-widget_type=\"heading.default\">\n\t\t\t\t<div class=\"elementor-widget-container\">\n\t\t\t\t\t<h3 class=\"elementor-heading-title elementor-size-default\">Pianon, transport och h\u00e4lsa<\/h3>\t\t\t\t<\/div>\n\t\t\t\t<\/div>\n\t\t\t\t\t<\/div>\n\t\t<\/div>\n\t\t\t\t\t<\/div>\n\t\t<\/section>\n\t\t\t\t<section class=\"elementor-section elementor-top-section elementor-element elementor-element-170d52fe elementor-section-boxed elementor-section-height-default elementor-section-height-default\" data-id=\"170d52fe\" data-element_type=\"section\" data-e-type=\"section\">\n\t\t\t\t\t\t<div class=\"elementor-container elementor-column-gap-default\">\n\t\t\t\t\t<div class=\"elementor-column elementor-col-100 elementor-top-column elementor-element elementor-element-2ac77233\" data-id=\"2ac77233\" data-element_type=\"column\" data-e-type=\"column\">\n\t\t\t<div class=\"elementor-widget-wrap elementor-element-populated\">\n\t\t\t\t\t\t<div class=\"elementor-element elementor-element-6c15d7cc elementor-widget elementor-widget-spacer\" data-id=\"6c15d7cc\" data-element_type=\"widget\" data-e-type=\"widget\" data-widget_type=\"spacer.default\">\n\t\t\t\t<div class=\"elementor-widget-container\">\n\t\t\t\t\t\t\t<div class=\"elementor-spacer\">\n\t\t\t<div class=\"elementor-spacer-inner\"><\/div>\n\t\t<\/div>\n\t\t\t\t\t\t<\/div>\n\t\t\t\t<\/div>\n\t\t\t\t<div class=\"elementor-element elementor-element-74da3e97 elementor-widget elementor-widget-heading\" data-id=\"74da3e97\" data-element_type=\"widget\" data-e-type=\"widget\" data-widget_type=\"heading.default\">\n\t\t\t\t<div class=\"elementor-widget-container\">\n\t\t\t\t\t<h1 class=\"elementor-heading-title elementor-size-default\">Transport: B\u00e4rselar<\/h1>\t\t\t\t<\/div>\n\t\t\t\t<\/div>\n\t\t\t\t<div class=\"elementor-element elementor-element-f1380fb elementor-widget elementor-widget-spacer\" data-id=\"f1380fb\" data-element_type=\"widget\" data-e-type=\"widget\" data-widget_type=\"spacer.default\">\n\t\t\t\t<div class=\"elementor-widget-container\">\n\t\t\t\t\t\t\t<div class=\"elementor-spacer\">\n\t\t\t<div class=\"elementor-spacer-inner\"><\/div>\n\t\t<\/div>\n\t\t\t\t\t\t<\/div>\n\t\t\t\t<\/div>\n\t\t\t\t<div class=\"elementor-element elementor-element-e331773 elementor-widget elementor-widget-text-editor\" data-id=\"e331773\" data-element_type=\"widget\" data-e-type=\"widget\" data-widget_type=\"text-editor.default\">\n\t\t\t\t<div class=\"elementor-widget-container\">\n\t\t\t\t\t\t\t\t\t<figure><figcaption><p><\/p><p><a href=\"https:\/\/www.facebook.com\/Din-Pianost%C3%A4mmare-i-Siljansbygden-379908135356113\/?paipv=0&amp;eav=AfbISSOlpPD4ONCRFPMQG-MjnBZrM9NNQet7AeObCuIsP5GALwTi5dYNpAJZUAsX1iw&amp;_rdr\">Se facebook<\/a><img fetchpriority=\"high\" decoding=\"async\" data-recalc-dims=\"1\" src=\"https:\/\/i0.wp.com\/pianostammare.se\/wp-content\/uploads\/2022\/12\/barsele21.gif?resize=201%2C300&#038;ssl=1\" alt=\"\" width=\"201\" height=\"300\" \/> <img decoding=\"async\" data-recalc-dims=\"1\" src=\"https:\/\/i0.wp.com\/pianostammare.se\/wp-content\/uploads\/2022\/12\/barsele1-200x300.gif?resize=200%2C300&#038;ssl=1\" alt=\"\" width=\"200\" height=\"300\" \/> <img decoding=\"async\" data-recalc-dims=\"1\" src=\"https:\/\/i0.wp.com\/pianostammare.se\/wp-content\/uploads\/2012\/09\/barsele1.gif?resize=200%2C300&#038;ssl=1\" alt=\"\" width=\"200\" height=\"300\" \/> <img loading=\"lazy\" decoding=\"async\" data-recalc-dims=\"1\" src=\"https:\/\/i0.wp.com\/pianostammare.se\/wp-content\/uploads\/2012\/09\/barsele2-201x300.gif?resize=201%2C300&#038;ssl=1\" alt=\"\" width=\"201\" height=\"300\" \/> <img loading=\"lazy\" decoding=\"async\" data-recalc-dims=\"1\" src=\"https:\/\/i0.wp.com\/pianostammare.se\/wp-content\/uploads\/2012\/09\/barsele21-201x300.gif?resize=201%2C300&#038;ssl=1\" alt=\"\" width=\"201\" height=\"300\" \/><\/p><figure id=\"attachment_566\" aria-describedby=\"caption-attachment-566\" style=\"width: 200px\" class=\"wp-caption alignnone\"><img loading=\"lazy\" decoding=\"async\" data-recalc-dims=\"1\" src=\"https:\/\/i0.wp.com\/pianostammare.se\/wp-content\/uploads\/2012\/09\/barsele-200x300.gif?resize=200%2C300&#038;ssl=1\" alt=\"V\u00e5ra b\u00e4r och lyftselar \u00e4r idealiska f\u00f6r tunga lyft.\" width=\"200\" height=\"300\" \/><figcaption id=\"caption-attachment-566\" class=\"wp-caption-text\">Selen f\u00f6rdelar vikten \u00f6ver skulderbladen. Lyft med rak rygg och b\u00f6jda ben.<\/figcaption><\/figure><p>Avlastar ryggen vid tunga lyft<\/p><\/figcaption><\/figure><div><div><div><p>I Sverige har pianotransport en l\u00e5ng tradition, och det \u00e4r viktigt att ha r\u00e4tt verktyg och utrustning f\u00f6r att g\u00f6ra arbetet s\u00e5 s\u00e4kert och effektivt som m\u00f6jligt. En av de viktigaste faktorerna vid transport av pianon och flyglar \u00e4r att anv\u00e4nda en lyftselen som \u00e4r stark och tillr\u00e4ckligt robust f\u00f6r att hantera den tunga vikten. Jag har sj\u00e4lv utvecklat denna b\u00e4rselen utefter de behov jag m\u00f6tt n\u00e4r jag jobbat inom denna professionen f\u00f6r att bli mer effektiv och skona min kropp mot f\u00f6rslitningar.<\/p><p>Pianon och flyglar \u00e4r k\u00e4nda f\u00f6r att vara n\u00e5gra av de tyngsta musikinstrumenten att transportera, och det kr\u00e4vs en betydande kraft och kraftanstr\u00e4ngning f\u00f6r att lyfta dem s\u00e4kert. Detta kan leda till h\u00e4lsoproblem om man inte har r\u00e4tt utrustning eller teknik f\u00f6r att lyfta dem p\u00e5 ett s\u00e4kert s\u00e4tt. Genom att anv\u00e4nda en lyftselen f\u00f6r transport av tungt gods kan man undvika h\u00e4lsorisker och g\u00f6ra transporten enklare och mer effektiv. Investeringen i en h\u00f6gkvalitativ lyftselen \u00e4r v\u00e4l v\u00e4rd kostnaden och kan hj\u00e4lpa till att f\u00f6rl\u00e4nga ens karri\u00e4r som pianotransport\u00f6r.<\/p><p>The movIng strap (lifting harness) offered by the Swedish manufacturer in Dalarna is a unique solution specifically designed to handle the heavy loads that pianos and grand pianos present. With its sturdy construction and top-quality materials, the weight of the object can be evenly distributed across the body, minimising the risk of injury and health problems.<\/p><p>Another advantage of using a moving strap for transporting pianos and grand pianos is that it can make the move easier and more efficient. It can be difficult to maneuver and control these large musical instruments alone or with limited assistance, but with the help of a moving strap, your hands are free to guide the object, making the move smoother.<\/p><p>I Sverige har pianotransport en h\u00f6g standard, och det \u00e4r viktigt att v\u00e4lja en p\u00e5litlig och erfaren pianotransport\u00f6r som har den n\u00f6dv\u00e4ndiga kunskapen och expertisen f\u00f6r att transportera pianon och flyglar p\u00e5 ett s\u00e4kert och effektivt s\u00e4tt, alternativt anv\u00e4nda r\u00e4tt saker och g\u00f6ra det sj\u00e4lv.<\/p><p>Genom att v\u00e4lja en erfaren och p\u00e5litlig transport\u00f6r, alternativt r\u00e4tt utrustning och verktyg sj\u00e4lv, kan du s\u00e4kerst\u00e4lla att pianotransporten blir en framg\u00e5ng. Investeringen i en h\u00f6gkvalitativ lyftsele \u00e4r en viktig del av denna process och kan hj\u00e4lpa till att skydda b\u00e5de h\u00e4lsa och instrument.<\/p><p>En annan f\u00f6rdel med att anv\u00e4nda en lyftselen \u00e4r att den kan vara till hj\u00e4lp \u00e4ven vid f\u00f6rflyttning av tunga f\u00f6rem\u00e5l inomhus. Till exempel kan den anv\u00e4ndas vid flyttning av tunga m\u00f6bler eller vid byggnadsprojekt d\u00e4r tunga material beh\u00f6ver flyttas runt p\u00e5 arbetsplatsen.<\/p><p>Den svenska tillverkaren av lyftselen har ett starkt fokus p\u00e5 kvalitet och anv\u00e4ndarv\u00e4nlighet. Produkten \u00e4r utvecklad av mig med omsorg och tanke p\u00e5 anv\u00e4ndarens behov, vilket g\u00f6r den till ett utm\u00e4rkt val f\u00f6r alla som vill investera i en p\u00e5litlig och effektiv lyftselen f\u00f6r tunga lyft.<\/p><p>En annan faktor att beakta vid anv\u00e4ndning av lyftselen \u00e4r viktf\u00f6rdelningen. Genom att placera vikten i r\u00e4tt position p\u00e5 kroppen kan man undvika obalans och minimera risken f\u00f6r skador. Det \u00e4r ocks\u00e5 viktigt att f\u00f6lja r\u00e4tt teknik vid lyft f\u00f6r att undvika \u00f6verbelastning p\u00e5 muskler och leder.<\/p><p>Sammanfattningsvis f\u00f6rdelar lyftselen vikten \u00f6ver skuldrorna och hj\u00e4lper dig att skydda rygg och axlar. S\u00f6mmarna \u00e4r sydda av professionella s\u00f6mmerskor som vanligtvis syr verktygskl\u00e4der. Vanligtvis brukar man best\u00e4lla tv\u00e5 selar s\u00e5 man kan lyfta en i vardera \u00e4nden av godset. Vi s\u00e4ljer till vitvarubutiker, flyttfirmor, vvs firmor m.m. och naturligtvis \u00e4ven till privatpersoner.<\/p><\/div><\/div><\/div>\t\t\t\t\t\t\t\t<\/div>\n\t\t\t\t<\/div>\n\t\t\t\t<div class=\"elementor-element elementor-element-afd9434 elementor-widget elementor-widget-heading\" data-id=\"afd9434\" data-element_type=\"widget\" data-e-type=\"widget\" data-widget_type=\"heading.default\">\n\t\t\t\t<div class=\"elementor-widget-container\">\n\t\t\t\t\t<h4 class=\"elementor-heading-title elementor-size-default\">1250 SEK \/ styck<\/h4>\t\t\t\t<\/div>\n\t\t\t\t<\/div>\n\t\t\t\t\t<\/div>\n\t\t<\/div>\n\t\t\t\t\t<\/div>\n\t\t<\/section>\n\t\t\t\t<section class=\"elementor-section elementor-top-section elementor-element elementor-element-1bde84df elementor-section-boxed elementor-section-height-default elementor-section-height-default\" data-id=\"1bde84df\" data-element_type=\"section\" data-e-type=\"section\">\n\t\t\t\t\t\t<div class=\"elementor-container elementor-column-gap-default\">\n\t\t\t\t\t<div class=\"elementor-column elementor-col-100 elementor-top-column elementor-element elementor-element-439a705\" data-id=\"439a705\" data-element_type=\"column\" data-e-type=\"column\">\n\t\t\t<div class=\"elementor-widget-wrap elementor-element-populated\">\n\t\t\t\t\t\t<div class=\"elementor-element elementor-element-109f940a elementor-widget elementor-widget-woocommerce-products\" data-id=\"109f940a\" data-element_type=\"widget\" data-e-type=\"widget\" data-widget_type=\"woocommerce-products.default\">\n\t\t\t\t<div class=\"elementor-widget-container\">\n\t\t\t\t\t \t\t\t\t<\/div>\n\t\t\t\t<\/div>\n\t\t\t\t\t<\/div>\n\t\t<\/div>\n\t\t\t\t\t<\/div>\n\t\t<\/section>\n\t\t\t\t<\/div>","protected":false},"excerpt":{"rendered":"<p>Pianon, transport och h\u00e4lsa Transport: B\u00e4rselar Se facebook Avlastar ryggen vid tunga lyft I Sverige har pianotransport en l\u00e5ng tradition, och det \u00e4r viktigt att ha r\u00e4tt verktyg och utrustning f\u00f6r att g\u00f6ra arbetet s\u00e5 s\u00e4kert och effektivt som m\u00f6jligt. En av de viktigaste faktorerna vid transport av pianon och flyglar \u00e4r att anv\u00e4nda en [&hellip;]<\/p>\n","protected":false},"author":1,"featured_media":12971,"parent":513,"menu_order":0,"comment_status":"closed","ping_status":"closed","template":"","meta":{"site-sidebar-layout":"no-sidebar","site-content-layout":"page-builder","ast-site-content-layout":"full-width-container","site-content-style":"unboxed","site-sidebar-style":"unboxed","ast-global-header-display":"","ast-banner-title-visibility":"","ast-main-header-display":"","ast-hfb-above-header-display":"","ast-hfb-below-header-display":"","ast-hfb-mobile-header-display":"","site-post-title":"disabled","ast-breadcrumbs-content":"","ast-featured-img":"disabled","footer-sml-layout":"","ast-disable-related-posts":"","theme-transparent-header-meta":"","adv-header-id-meta":"","stick-header-meta":"","header-above-stick-meta":"","header-main-stick-meta":"","header-below-stick-meta":"","astra-migrate-meta-layouts":"set","ast-page-background-enabled":"default","ast-page-background-meta":{"desktop":{"background-color":"","background-image":"","background-repeat":"repeat","background-position":"center center","background-size":"auto","background-attachment":"scroll","background-type":"","background-media":"","overlay-type":"","overlay-color":"","overlay-opacity":"","overlay-gradient":""},"tablet":{"background-color":"","background-image":"","background-repeat":"repeat","background-position":"center center","background-size":"auto","background-attachment":"scroll","background-type":"","background-media":"","overlay-type":"","overlay-color":"","overlay-opacity":"","overlay-gradient":""},"mobile":{"background-color":"","background-image":"","background-repeat":"repeat","background-position":"center center","background-size":"auto","background-attachment":"scroll","background-type":"","background-media":"","overlay-type":"","overlay-color":"","overlay-opacity":"","overlay-gradient":""}},"ast-content-background-meta":{"desktop":{"background-color":"var(--ast-global-color-5)","background-image":"","background-repeat":"repeat","background-position":"center center","background-size":"auto","background-attachment":"scroll","background-type":"","background-media":"","overlay-type":"","overlay-color":"","overlay-opacity":"","overlay-gradient":""},"tablet":{"background-color":"var(--ast-global-color-5)","background-image":"","background-repeat":"repeat","background-position":"center center","background-size":"auto","background-attachment":"scroll","background-type":"","background-media":"","overlay-type":"","overlay-color":"","overlay-opacity":"","overlay-gradient":""},"mobile":{"background-color":"var(--ast-global-color-5)","background-image":"","background-repeat":"repeat","background-position":"center center","background-size":"auto","background-attachment":"scroll","background-type":"","background-media":"","overlay-type":"","overlay-color":"","overlay-opacity":"","overlay-gradient":""}},"footnotes":""},"class_list":["post-13600","page","type-page","status-publish","has-post-thumbnail","hentry"],"yoast_head":"<!-- This site is optimized with the Yoast SEO Premium plugin v26.1 (Yoast SEO v27.4) - https:\/\/yoast.com\/product\/yoast-seo-premium-wordpress\/ -->\n<title>B\u00e4rselar, lyftselar f\u00f6r tunga pianolyft<\/title>\n<meta name=\"description\" content=\"B\u00e4rselen f\u00f6rdelar vikten \u00f6ver skulderbladen. Lyft med rak rygg och b\u00f6jda ben. Avlastar ryggen vid tunga lyft\" \/>\n<meta name=\"robots\" content=\"index, follow, max-snippet:-1, max-image-preview:large, max-video-preview:-1\" \/>\n<link rel=\"canonical\" href=\"https:\/\/pianostammare.se\/en\/butik-flygelaffar-pianoaffar-leksand-dalarna\/barselar-transport-robust-piano-stark\/\" \/>\n<meta property=\"og:locale\" content=\"en_GB\" \/>\n<meta property=\"og:type\" content=\"article\" \/>\n<meta property=\"og:title\" content=\"B\u00e4rselar lyftselar\" \/>\n<meta property=\"og:description\" content=\"B\u00e4rselen f\u00f6rdelar vikten \u00f6ver skulderbladen. Lyft med rak rygg och b\u00f6jda ben. Avlastar ryggen vid tunga lyft\" \/>\n<meta property=\"og:url\" content=\"https:\/\/pianostammare.se\/en\/butik-flygelaffar-pianoaffar-leksand-dalarna\/barselar-transport-robust-piano-stark\/\" \/>\n<meta property=\"og:site_name\" content=\"Pianost\u00e4mmare, flyglar och piano\" \/>\n<meta property=\"article:publisher\" content=\"https:\/\/www.facebook.com\/share\/167DsieNj3\/?mibextid=wwXlfr\" \/>\n<meta property=\"article:modified_time\" content=\"2025-03-11T11:12:30+00:00\" \/>\n<meta property=\"og:image\" content=\"https:\/\/i0.wp.com\/en.pianostammare.se\/wp-content\/uploads\/2022\/12\/barsele1-e1740474460739.gif?fit=250%2C340&ssl=1\" \/>\n\t<meta property=\"og:image:width\" content=\"250\" \/>\n\t<meta property=\"og:image:height\" content=\"340\" \/>\n\t<meta property=\"og:image:type\" content=\"image\/gif\" \/>\n<meta name=\"twitter:card\" content=\"summary_large_image\" \/>\n<meta name=\"twitter:label1\" content=\"Estimated reading time\" \/>\n\t<meta name=\"twitter:data1\" content=\"5 minutes\" \/>\n<script type=\"application\/ld+json\" class=\"yoast-schema-graph\">{\"@context\":\"https:\\\/\\\/schema.org\",\"@graph\":[{\"@type\":\"WebPage\",\"@id\":\"https:\\\/\\\/pianostammare.se\\\/butik-flygelaffar-pianoaffar-leksand-dalarna\\\/barselar-transport-robust-piano-stark\\\/\",\"url\":\"https:\\\/\\\/pianostammare.se\\\/butik-flygelaffar-pianoaffar-leksand-dalarna\\\/barselar-transport-robust-piano-stark\\\/\",\"name\":\"B\u00e4rselar, lyftselar f\u00f6r tunga pianolyft\",\"isPartOf\":{\"@id\":\"https:\\\/\\\/pianostammare.se\\\/#website\"},\"primaryImageOfPage\":{\"@id\":\"https:\\\/\\\/pianostammare.se\\\/butik-flygelaffar-pianoaffar-leksand-dalarna\\\/barselar-transport-robust-piano-stark\\\/#primaryimage\"},\"image\":{\"@id\":\"https:\\\/\\\/pianostammare.se\\\/butik-flygelaffar-pianoaffar-leksand-dalarna\\\/barselar-transport-robust-piano-stark\\\/#primaryimage\"},\"thumbnailUrl\":\"https:\\\/\\\/i0.wp.com\\\/pianostammare.se\\\/wp-content\\\/uploads\\\/2022\\\/12\\\/barsele1-e1740474460739.gif?fit=250%2C340&ssl=1\",\"datePublished\":\"2022-12-22T07:08:44+00:00\",\"dateModified\":\"2025-03-11T11:12:30+00:00\",\"description\":\"B\u00e4rselen f\u00f6rdelar vikten \u00f6ver skulderbladen. Lyft med rak rygg och b\u00f6jda ben. Avlastar ryggen vid tunga lyft\",\"breadcrumb\":{\"@id\":\"https:\\\/\\\/pianostammare.se\\\/butik-flygelaffar-pianoaffar-leksand-dalarna\\\/barselar-transport-robust-piano-stark\\\/#breadcrumb\"},\"inLanguage\":\"en-GB\",\"potentialAction\":[{\"@type\":\"ReadAction\",\"target\":[\"https:\\\/\\\/pianostammare.se\\\/butik-flygelaffar-pianoaffar-leksand-dalarna\\\/barselar-transport-robust-piano-stark\\\/\"]}]},{\"@type\":\"ImageObject\",\"inLanguage\":\"en-GB\",\"@id\":\"https:\\\/\\\/pianostammare.se\\\/butik-flygelaffar-pianoaffar-leksand-dalarna\\\/barselar-transport-robust-piano-stark\\\/#primaryimage\",\"url\":\"https:\\\/\\\/i0.wp.com\\\/pianostammare.se\\\/wp-content\\\/uploads\\\/2022\\\/12\\\/barsele1-e1740474460739.gif?fit=250%2C340&ssl=1\",\"contentUrl\":\"https:\\\/\\\/i0.wp.com\\\/pianostammare.se\\\/wp-content\\\/uploads\\\/2022\\\/12\\\/barsele1-e1740474460739.gif?fit=250%2C340&ssl=1\",\"width\":250,\"height\":340,\"caption\":\"B\u00e4rselar\"},{\"@type\":\"BreadcrumbList\",\"@id\":\"https:\\\/\\\/pianostammare.se\\\/butik-flygelaffar-pianoaffar-leksand-dalarna\\\/barselar-transport-robust-piano-stark\\\/#breadcrumb\",\"itemListElement\":[{\"@type\":\"ListItem\",\"position\":1,\"name\":\"Hem\",\"item\":\"https:\\\/\\\/pianostammare.se\\\/\"},{\"@type\":\"ListItem\",\"position\":2,\"name\":\"Webbshop\",\"item\":\"https:\\\/\\\/pianostammare.se\\\/butik-flygelaffar-pianoaffar-leksand-dalarna\\\/\"},{\"@type\":\"ListItem\",\"position\":3,\"name\":\"B\u00e4rselar lyftselar\"}]},{\"@type\":\"WebSite\",\"@id\":\"https:\\\/\\\/pianostammare.se\\\/#website\",\"url\":\"https:\\\/\\\/pianostammare.se\\\/\",\"name\":\"Pianost\u00e4mmare, flyglar och piano\",\"description\":\"Utst\u00e4llningshall f\u00f6r nya piano &amp; Flyglar\",\"publisher\":{\"@id\":\"https:\\\/\\\/pianostammare.se\\\/#organization\"},\"potentialAction\":[{\"@type\":\"SearchAction\",\"target\":{\"@type\":\"EntryPoint\",\"urlTemplate\":\"https:\\\/\\\/pianostammare.se\\\/?s={search_term_string}\"},\"query-input\":{\"@type\":\"PropertyValueSpecification\",\"valueRequired\":true,\"valueName\":\"search_term_string\"}}],\"inLanguage\":\"en-GB\"},{\"@type\":\"Organization\",\"@id\":\"https:\\\/\\\/pianostammare.se\\\/#organization\",\"name\":\"Pianost\u00e4mmare, flyglar och piano\",\"url\":\"https:\\\/\\\/pianostammare.se\\\/\",\"logo\":{\"@type\":\"ImageObject\",\"inLanguage\":\"en-GB\",\"@id\":\"https:\\\/\\\/pianostammare.se\\\/#\\\/schema\\\/logo\\\/image\\\/\",\"url\":\"https:\\\/\\\/pianostammare.se\\\/wp-content\\\/uploads\\\/2022\\\/11\\\/cropped-Namnlos-design.avif\",\"contentUrl\":\"https:\\\/\\\/pianostammare.se\\\/wp-content\\\/uploads\\\/2022\\\/11\\\/cropped-Namnlos-design.avif\",\"width\":1200,\"height\":800,\"caption\":\"Pianost\u00e4mmare, flyglar och piano\"},\"image\":{\"@id\":\"https:\\\/\\\/pianostammare.se\\\/#\\\/schema\\\/logo\\\/image\\\/\"},\"sameAs\":[\"https:\\\/\\\/www.facebook.com\\\/share\\\/167DsieNj3\\\/?mibextid=wwXlfr\"]}]}<\/script>\n<!-- \/ Yoast SEO Premium plugin. -->","yoast_head_json":{"title":"B\u00e4rselar, lyftselar f\u00f6r tunga pianolyft","description":"B\u00e4rselen f\u00f6rdelar vikten \u00f6ver skulderbladen. Lyft med rak rygg och b\u00f6jda ben. Avlastar ryggen vid tunga lyft","robots":{"index":"index","follow":"follow","max-snippet":"max-snippet:-1","max-image-preview":"max-image-preview:large","max-video-preview":"max-video-preview:-1"},"canonical":"https:\/\/pianostammare.se\/en\/butik-flygelaffar-pianoaffar-leksand-dalarna\/barselar-transport-robust-piano-stark\/","og_locale":"en_GB","og_type":"article","og_title":"B\u00e4rselar lyftselar","og_description":"B\u00e4rselen f\u00f6rdelar vikten \u00f6ver skulderbladen. Lyft med rak rygg och b\u00f6jda ben. Avlastar ryggen vid tunga lyft","og_url":"https:\/\/pianostammare.se\/en\/butik-flygelaffar-pianoaffar-leksand-dalarna\/barselar-transport-robust-piano-stark\/","og_site_name":"Pianost\u00e4mmare, flyglar och piano","article_publisher":"https:\/\/www.facebook.com\/share\/167DsieNj3\/?mibextid=wwXlfr","article_modified_time":"2025-03-11T11:12:30+00:00","og_image":[{"width":250,"height":340,"url":"https:\/\/i0.wp.com\/en.pianostammare.se\/wp-content\/uploads\/2022\/12\/barsele1-e1740474460739.gif?fit=250%2C340&ssl=1","type":"image\/gif"}],"twitter_card":"summary_large_image","twitter_misc":{"Estimated reading time":"5 minutes"},"schema":{"@context":"https:\/\/schema.org","@graph":[{"@type":"WebPage","@id":"https:\/\/pianostammare.se\/butik-flygelaffar-pianoaffar-leksand-dalarna\/barselar-transport-robust-piano-stark\/","url":"https:\/\/pianostammare.se\/butik-flygelaffar-pianoaffar-leksand-dalarna\/barselar-transport-robust-piano-stark\/","name":"B\u00e4rselar, lyftselar f\u00f6r tunga pianolyft","isPartOf":{"@id":"https:\/\/pianostammare.se\/#website"},"primaryImageOfPage":{"@id":"https:\/\/pianostammare.se\/butik-flygelaffar-pianoaffar-leksand-dalarna\/barselar-transport-robust-piano-stark\/#primaryimage"},"image":{"@id":"https:\/\/pianostammare.se\/butik-flygelaffar-pianoaffar-leksand-dalarna\/barselar-transport-robust-piano-stark\/#primaryimage"},"thumbnailUrl":"https:\/\/i0.wp.com\/pianostammare.se\/wp-content\/uploads\/2022\/12\/barsele1-e1740474460739.gif?fit=250%2C340&ssl=1","datePublished":"2022-12-22T07:08:44+00:00","dateModified":"2025-03-11T11:12:30+00:00","description":"B\u00e4rselen f\u00f6rdelar vikten \u00f6ver skulderbladen. Lyft med rak rygg och b\u00f6jda ben. Avlastar ryggen vid tunga lyft","breadcrumb":{"@id":"https:\/\/pianostammare.se\/butik-flygelaffar-pianoaffar-leksand-dalarna\/barselar-transport-robust-piano-stark\/#breadcrumb"},"inLanguage":"en-GB","potentialAction":[{"@type":"ReadAction","target":["https:\/\/pianostammare.se\/butik-flygelaffar-pianoaffar-leksand-dalarna\/barselar-transport-robust-piano-stark\/"]}]},{"@type":"ImageObject","inLanguage":"en-GB","@id":"https:\/\/pianostammare.se\/butik-flygelaffar-pianoaffar-leksand-dalarna\/barselar-transport-robust-piano-stark\/#primaryimage","url":"https:\/\/i0.wp.com\/pianostammare.se\/wp-content\/uploads\/2022\/12\/barsele1-e1740474460739.gif?fit=250%2C340&ssl=1","contentUrl":"https:\/\/i0.wp.com\/pianostammare.se\/wp-content\/uploads\/2022\/12\/barsele1-e1740474460739.gif?fit=250%2C340&ssl=1","width":250,"height":340,"caption":"B\u00e4rselar"},{"@type":"BreadcrumbList","@id":"https:\/\/pianostammare.se\/butik-flygelaffar-pianoaffar-leksand-dalarna\/barselar-transport-robust-piano-stark\/#breadcrumb","itemListElement":[{"@type":"ListItem","position":1,"name":"Hem","item":"https:\/\/pianostammare.se\/"},{"@type":"ListItem","position":2,"name":"Webbshop","item":"https:\/\/pianostammare.se\/butik-flygelaffar-pianoaffar-leksand-dalarna\/"},{"@type":"ListItem","position":3,"name":"B\u00e4rselar lyftselar"}]},{"@type":"WebSite","@id":"https:\/\/pianostammare.se\/#website","url":"https:\/\/pianostammare.se\/","name":"Pianost\u00e4mmare, flyglar och piano","description":"Utst\u00e4llningshall f\u00f6r nya piano &amp; Flyglar","publisher":{"@id":"https:\/\/pianostammare.se\/#organization"},"potentialAction":[{"@type":"SearchAction","target":{"@type":"EntryPoint","urlTemplate":"https:\/\/pianostammare.se\/?s={search_term_string}"},"query-input":{"@type":"PropertyValueSpecification","valueRequired":true,"valueName":"search_term_string"}}],"inLanguage":"en-GB"},{"@type":"Organization","@id":"https:\/\/pianostammare.se\/#organization","name":"Pianost\u00e4mmare, flyglar och piano","url":"https:\/\/pianostammare.se\/","logo":{"@type":"ImageObject","inLanguage":"en-GB","@id":"https:\/\/pianostammare.se\/#\/schema\/logo\/image\/","url":"https:\/\/pianostammare.se\/wp-content\/uploads\/2022\/11\/cropped-Namnlos-design.avif","contentUrl":"https:\/\/pianostammare.se\/wp-content\/uploads\/2022\/11\/cropped-Namnlos-design.avif","width":1200,"height":800,"caption":"Pianost\u00e4mmare, flyglar och piano"},"image":{"@id":"https:\/\/pianostammare.se\/#\/schema\/logo\/image\/"},"sameAs":["https:\/\/www.facebook.com\/share\/167DsieNj3\/?mibextid=wwXlfr"]}]}},"_links":{"self":[{"href":"https:\/\/pianostammare.se\/en\/wp-json\/wp\/v2\/pages\/13600","targetHints":{"allow":["GET"]}}],"collection":[{"href":"https:\/\/pianostammare.se\/en\/wp-json\/wp\/v2\/pages"}],"about":[{"href":"https:\/\/pianostammare.se\/en\/wp-json\/wp\/v2\/types\/page"}],"author":[{"embeddable":true,"href":"https:\/\/pianostammare.se\/en\/wp-json\/wp\/v2\/users\/1"}],"replies":[{"embeddable":true,"href":"https:\/\/pianostammare.se\/en\/wp-json\/wp\/v2\/comments?post=13600"}],"version-history":[{"count":1,"href":"https:\/\/pianostammare.se\/en\/wp-json\/wp\/v2\/pages\/13600\/revisions"}],"predecessor-version":[{"id":18604,"href":"https:\/\/pianostammare.se\/en\/wp-json\/wp\/v2\/pages\/13600\/revisions\/18604"}],"up":[{"embeddable":true,"href":"https:\/\/pianostammare.se\/en\/wp-json\/wp\/v2\/pages\/513"}],"wp:featuredmedia":[{"embeddable":true,"href":"https:\/\/pianostammare.se\/en\/wp-json\/wp\/v2\/media\/12971"}],"wp:attachment":[{"href":"https:\/\/pianostammare.se\/en\/wp-json\/wp\/v2\/media?parent=13600"}],"curies":[{"name":"wp","href":"https:\/\/api.w.org\/{rel}","templated":true}]}}