{"id":13617,"date":"2022-12-22T08:23:44","date_gmt":"2022-12-22T07:23:44","guid":{"rendered":"https:\/\/pianostammare.se\/?page_id=13617"},"modified":"2026-02-13T09:50:17","modified_gmt":"2026-02-13T08:50:17","slug":"strangar","status":"publish","type":"page","link":"https:\/\/pianostammare.se\/en\/butik-flygelaffar-pianoaffar-leksand-dalarna\/strangar\/","title":{"rendered":"Strings"},"content":{"rendered":"<div data-elementor-type=\"wp-page\" data-elementor-id=\"13617\" class=\"elementor elementor-13617\">\n\t\t\t\t\t\t<section class=\"elementor-section elementor-top-section elementor-element elementor-element-38542d91 elementor-section-boxed elementor-section-height-default elementor-section-height-default\" data-id=\"38542d91\" data-element_type=\"section\" data-e-type=\"section\">\n\t\t\t\t\t\t<div class=\"elementor-container elementor-column-gap-default\">\n\t\t\t\t\t<div class=\"elementor-column elementor-col-100 elementor-top-column elementor-element elementor-element-3ec214b8\" data-id=\"3ec214b8\" data-element_type=\"column\" data-e-type=\"column\">\n\t\t\t<div class=\"elementor-widget-wrap elementor-element-populated\">\n\t\t\t\t\t\t<div class=\"elementor-element elementor-element-6fd7cadf elementor-widget elementor-widget-spacer\" data-id=\"6fd7cadf\" data-element_type=\"widget\" data-e-type=\"widget\" data-widget_type=\"spacer.default\">\n\t\t\t\t<div class=\"elementor-widget-container\">\n\t\t\t\t\t\t\t<div class=\"elementor-spacer\">\n\t\t\t<div class=\"elementor-spacer-inner\"><\/div>\n\t\t<\/div>\n\t\t\t\t\t\t<\/div>\n\t\t\t\t<\/div>\n\t\t\t\t<div class=\"elementor-element elementor-element-6370c13a elementor-widget elementor-widget-heading\" data-id=\"6370c13a\" data-element_type=\"widget\" data-e-type=\"widget\" data-widget_type=\"heading.default\">\n\t\t\t\t<div class=\"elementor-widget-container\">\n\t\t\t\t\t<h4 class=\"elementor-heading-title elementor-size-default\">Strings<\/h4>\t\t\t\t<\/div>\n\t\t\t\t<\/div>\n\t\t\t\t<div class=\"elementor-element elementor-element-a16ad8e elementor-widget elementor-widget-heading\" data-id=\"a16ad8e\" data-element_type=\"widget\" data-e-type=\"widget\" data-widget_type=\"heading.default\">\n\t\t\t\t<div class=\"elementor-widget-container\">\n\t\t\t\t\t<h6 class=\"elementor-heading-title elementor-size-default\">Egentillverkade str\u00e4ngar<\/h6>\t\t\t\t<\/div>\n\t\t\t\t<\/div>\n\t\t\t\t<div class=\"elementor-element elementor-element-e6178c6 elementor-widget elementor-widget-text-editor\" data-id=\"e6178c6\" data-element_type=\"widget\" data-e-type=\"widget\" data-widget_type=\"text-editor.default\">\n\t\t\t\t<div class=\"elementor-widget-container\">\n\t\t\t\t\t\t\t\t\t<p>Materialet vi anv\u00e4nder \u00e4r solid koppar och solitt st\u00e5l. St\u00e5lk\u00e4rnan str\u00e4cks upp i maskinen och snurrar symmetriskt d\u00e5 vi matar p\u00e5 koppartr\u00e5d i olika dimensioner. M\u00e5let \u00e4r att spinna med s\u00e5 h\u00f6g hastighet att koppartr\u00e5den smetar sig runt st\u00e5lk\u00e4rnan. Efter spinningen fr\u00e4ses \u00e4ndarna f\u00f6r att avrunda sluten.<\/p><p>Leverans av str\u00e4ngar inom 5 arbetsdagar.\u00a0<span style=\"font-style: inherit; font-weight: inherit; background-color: var(--ast-global-color-4); color: var(--ast-global-color-3);\">V\u00e5r maskin tillverkar str\u00e4ngarna till de l\u00e4ngsta konsertflyglarna.\u00a0<\/span><\/p><p>\u00a0<\/p><p>Observera att, till flyglar l\u00e4ngre \u00e4n 220 blir kostnaden dubbelt d\u00e5 det g\u00e5r \u00e5t mer material och tiden att tillverka blir l\u00e4ngre.<\/p><p>\u00a0<\/p><p>Kostnad fr\u00e5n 307,70 ex moms och frakt f\u00f6r enkelspunna.\u00a0<br \/><span style=\"font-style: inherit; font-weight: inherit; background-color: var(--ast-global-color-4); color: var(--ast-global-color-3);\">Kostnad fr\u00e5n 359,79 ex moms och frakt f\u00f6r dubbelspunna.\u00a0<br \/><\/span><span style=\"font-style: inherit; font-weight: inherit; background-color: var(--ast-global-color-4); color: var(--ast-global-color-3);\">OBS. Expeditionsavgift tillkommer med 25 SEK p\u00e5 order under 500 SEK.\u00a0<\/span><\/p>\t\t\t\t\t\t\t\t<\/div>\n\t\t\t\t<\/div>\n\t\t\t\t<div class=\"elementor-element elementor-element-9c16e3d elementor-widget elementor-widget-heading\" data-id=\"9c16e3d\" data-element_type=\"widget\" data-e-type=\"widget\" data-widget_type=\"heading.default\">\n\t\t\t\t<div class=\"elementor-widget-container\">\n\t\t\t\t\t<h6 class=\"elementor-heading-title elementor-size-default\">Dessa m\u00e5tt beh\u00f6ver vi f\u00f6r att g\u00f6ra str\u00e4ngen lika som den gamla: <\/h6>\t\t\t\t<\/div>\n\t\t\t\t<\/div>\n\t\t\t\t<div class=\"elementor-element elementor-element-12f1ac3 elementor-widget elementor-widget-text-editor\" data-id=\"12f1ac3\" data-element_type=\"widget\" data-e-type=\"widget\" data-widget_type=\"text-editor.default\">\n\t\t\t\t<div class=\"elementor-widget-container\">\n\t\t\t\t\t\t\t\t\t<p>\u00d6gletyp \u2013 enkel eller dubbel (Observera ej fransk\u00f6gla)<br><span style=\"font-style: inherit; font-weight: inherit; background-color: var(--ast-global-color-4); color: var(--ast-global-color-3);\">Sexkant\/rundst\u00e5l p\u00e5 k\u00e4rnan<br><\/span><span style=\"font-style: inherit; font-weight: inherit; background-color: var(--ast-global-color-4); color: var(--ast-global-color-3);\">Totaldiameter + vid dubbelspunnen str\u00e4ng: underspinning + \u00f6verspinning + avst\u00e5nd \u00f6verspinning \u2013 underspinning<br><\/span><span style=\"font-style: inherit; font-weight: inherit; background-color: var(--ast-global-color-4); color: var(--ast-global-color-3);\">K\u00e4rndiameter<br><\/span><span style=\"font-style: inherit; font-weight: inherit; background-color: var(--ast-global-color-4); color: var(--ast-global-color-3);\">\u00d6gle\u00e4nde till spinningens b\u00f6rjan<br><\/span><span style=\"font-style: inherit; font-weight: inherit; background-color: var(--ast-global-color-4); color: var(--ast-global-color-3);\">Spinningens l\u00e4ngd<br><\/span><span style=\"font-style: inherit; font-weight: inherit; background-color: var(--ast-global-color-4); color: var(--ast-global-color-3);\">Ange om m\u00e5tten \u00e4r tagna i uppsp\u00e4nt l\u00e4ge eller slakt l\u00e4ge<br><\/span><span style=\"background-color: var(--ast-global-color-4); color: var(--ast-global-color-3); font-style: inherit; font-weight: inherit;\">Vilken ton str\u00e4ngen ska st\u00e4mmas upp till<\/span><\/p>\n<p>M\u00e4t upp str\u00e4ngen och ring in m\u00e5tten p\u00e5 070-631 23 56 alternativt e-posta oss p\u00e5 info@pianostammare.se.<\/p>\t\t\t\t\t\t\t\t<\/div>\n\t\t\t\t<\/div>\n\t\t\t\t<div class=\"elementor-element elementor-element-02dda0a elementor-widget elementor-widget-heading\" data-id=\"02dda0a\" data-element_type=\"widget\" data-e-type=\"widget\" data-widget_type=\"heading.default\">\n\t\t\t\t<div class=\"elementor-widget-container\">\n\t\t\t\t\t<h6 class=\"elementor-heading-title elementor-size-default\">Beh\u00f6ver du hj\u00e4lp med att databer\u00e4kna str\u00e4ngen? <\/h6>\t\t\t\t<\/div>\n\t\t\t\t<\/div>\n\t\t\t\t<div class=\"elementor-element elementor-element-67f098b elementor-widget elementor-widget-text-editor\" data-id=\"67f098b\" data-element_type=\"widget\" data-e-type=\"widget\" data-widget_type=\"text-editor.default\">\n\t\t\t\t<div class=\"elementor-widget-container\">\n\t\t\t\t\t\t\t\t\t<p>Om du upplever att str\u00e4ngen ligger f\u00f6r n\u00e4ra brottpunkten b\u00f6r du f\u00f6re best\u00e4llning f\u00f6rs\u00e4kra dig om att str\u00e4ngen \u00e4r r\u00e4tt avpassad f\u00f6r den ton du ska st\u00e4mma upp till. Det finns ingen garanti f\u00f6r att en str\u00e4ng g\u00e5r av. Det \u00e4r helt p\u00e5 kundens ansvar.<\/p><p>Vi kan i v\u00e5ra program g\u00f6ra en ber\u00e4kning \u00f6ver brottgr\u00e4nsen f\u00f6r str\u00e4ngen. Denna tid det tar att databer\u00e4kna ca 15 min debiteras med 180 kr + moms.<\/p><p>Vill ni best\u00e4lla hela bassatser \u2013 basstr\u00e4ngar f\u00f6r piano eller flygel rekommenderar vi <a href=\"https:\/\/www.hellerbass.eu\/\" target=\"_blank\" rel=\"noopener\">v\u00e5r kollega i Tyskland.<\/a><\/p>\t\t\t\t\t\t\t\t<\/div>\n\t\t\t\t<\/div>\n\t\t\t\t\t<\/div>\n\t\t<\/div>\n\t\t\t\t\t<\/div>\n\t\t<\/section>\n\t\t\t\t<\/div>","protected":false},"excerpt":{"rendered":"<p>Str\u00e4ngar Egentillverkade str\u00e4ngar Materialet vi anv\u00e4nder \u00e4r solid koppar och solitt st\u00e5l. St\u00e5lk\u00e4rnan str\u00e4cks upp i maskinen och snurrar symmetriskt d\u00e5 vi matar p\u00e5 koppartr\u00e5d i olika dimensioner. M\u00e5let \u00e4r att spinna med s\u00e5 h\u00f6g hastighet att koppartr\u00e5den smetar sig runt st\u00e5lk\u00e4rnan. Efter spinningen fr\u00e4ses \u00e4ndarna f\u00f6r att avrunda sluten. Leverans av str\u00e4ngar inom 5 [&hellip;]<\/p>\n","protected":false},"author":1,"featured_media":0,"parent":513,"menu_order":0,"comment_status":"closed","ping_status":"closed","template":"","meta":{"site-sidebar-layout":"no-sidebar","site-content-layout":"page-builder","ast-site-content-layout":"","site-content-style":"default","site-sidebar-style":"default","ast-global-header-display":"","ast-banner-title-visibility":"","ast-main-header-display":"","ast-hfb-above-header-display":"","ast-hfb-below-header-display":"","ast-hfb-mobile-header-display":"","site-post-title":"disabled","ast-breadcrumbs-content":"","ast-featured-img":"disabled","footer-sml-layout":"","ast-disable-related-posts":"","theme-transparent-header-meta":"","adv-header-id-meta":"","stick-header-meta":"","header-above-stick-meta":"","header-main-stick-meta":"","header-below-stick-meta":"","astra-migrate-meta-layouts":"set","ast-page-background-enabled":"default","ast-page-background-meta":{"desktop":{"background-color":"","background-image":"","background-repeat":"repeat","background-position":"center center","background-size":"auto","background-attachment":"scroll","background-type":"","background-media":"","overlay-type":"","overlay-color":"","overlay-opacity":"","overlay-gradient":""},"tablet":{"background-color":"","background-image":"","background-repeat":"repeat","background-position":"center center","background-size":"auto","background-attachment":"scroll","background-type":"","background-media":"","overlay-type":"","overlay-color":"","overlay-opacity":"","overlay-gradient":""},"mobile":{"background-color":"","background-image":"","background-repeat":"repeat","background-position":"center center","background-size":"auto","background-attachment":"scroll","background-type":"","background-media":"","overlay-type":"","overlay-color":"","overlay-opacity":"","overlay-gradient":""}},"ast-content-background-meta":{"desktop":{"background-color":"var(--ast-global-color-5)","background-image":"","background-repeat":"repeat","background-position":"center center","background-size":"auto","background-attachment":"scroll","background-type":"","background-media":"","overlay-type":"","overlay-color":"","overlay-opacity":"","overlay-gradient":""},"tablet":{"background-color":"var(--ast-global-color-5)","background-image":"","background-repeat":"repeat","background-position":"center center","background-size":"auto","background-attachment":"scroll","background-type":"","background-media":"","overlay-type":"","overlay-color":"","overlay-opacity":"","overlay-gradient":""},"mobile":{"background-color":"var(--ast-global-color-5)","background-image":"","background-repeat":"repeat","background-position":"center center","background-size":"auto","background-attachment":"scroll","background-type":"","background-media":"","overlay-type":"","overlay-color":"","overlay-opacity":"","overlay-gradient":""}},"footnotes":""},"class_list":["post-13617","page","type-page","status-publish","hentry"],"yoast_head":"<!-- This site is optimized with the Yoast SEO Premium plugin v26.1 (Yoast SEO v27.4) - https:\/\/yoast.com\/product\/yoast-seo-premium-wordpress\/ -->\n<title>Str\u00e4ngar, pianostr\u00e4ngar och flygelstr\u00e4ngar<\/title>\n<meta name=\"description\" content=\"Vi erbjuder svensktillverkade pianostr\u00e4ngar och basstr\u00e4ngar, tillverkade av massivt st\u00e5l och solid koppar f\u00f6r optimal ljudkvalitet.\" \/>\n<meta name=\"robots\" content=\"index, follow, max-snippet:-1, max-image-preview:large, max-video-preview:-1\" \/>\n<link rel=\"canonical\" href=\"https:\/\/pianostammare.se\/en\/butik-flygelaffar-pianoaffar-leksand-dalarna\/strangar\/\" \/>\n<meta property=\"og:locale\" content=\"en_GB\" \/>\n<meta property=\"og:type\" content=\"article\" \/>\n<meta property=\"og:title\" content=\"Str\u00e4ngar\" \/>\n<meta property=\"og:description\" content=\"Vi erbjuder svensktillverkade pianostr\u00e4ngar och basstr\u00e4ngar, tillverkade av massivt st\u00e5l och solid koppar f\u00f6r optimal ljudkvalitet.\" \/>\n<meta property=\"og:url\" content=\"https:\/\/pianostammare.se\/en\/butik-flygelaffar-pianoaffar-leksand-dalarna\/strangar\/\" \/>\n<meta property=\"og:site_name\" content=\"Pianost\u00e4mmare, flyglar och piano\" \/>\n<meta property=\"article:publisher\" content=\"https:\/\/www.facebook.com\/share\/167DsieNj3\/?mibextid=wwXlfr\" \/>\n<meta property=\"article:modified_time\" content=\"2026-02-13T08:50:17+00:00\" \/>\n<meta property=\"og:image\" content=\"https:\/\/i0.wp.com\/pianostammare.se\/wp-content\/uploads\/2023\/03\/MickeT-022.jpg?fit=1800%2C1201&ssl=1\" \/>\n\t<meta property=\"og:image:width\" content=\"1800\" \/>\n\t<meta property=\"og:image:height\" content=\"1201\" \/>\n\t<meta property=\"og:image:type\" content=\"image\/jpeg\" \/>\n<meta name=\"twitter:card\" content=\"summary_large_image\" \/>\n<meta name=\"twitter:label1\" content=\"Estimated reading time\" \/>\n\t<meta name=\"twitter:data1\" content=\"2 minutes\" \/>\n<script type=\"application\/ld+json\" class=\"yoast-schema-graph\">{\"@context\":\"https:\\\/\\\/schema.org\",\"@graph\":[{\"@type\":\"WebPage\",\"@id\":\"https:\\\/\\\/pianostammare.se\\\/butik-flygelaffar-pianoaffar-leksand-dalarna\\\/strangar\\\/\",\"url\":\"https:\\\/\\\/pianostammare.se\\\/butik-flygelaffar-pianoaffar-leksand-dalarna\\\/strangar\\\/\",\"name\":\"Str\u00e4ngar, pianostr\u00e4ngar och flygelstr\u00e4ngar\",\"isPartOf\":{\"@id\":\"https:\\\/\\\/pianostammare.se\\\/#website\"},\"datePublished\":\"2022-12-22T07:23:44+00:00\",\"dateModified\":\"2026-02-13T08:50:17+00:00\",\"description\":\"Vi erbjuder svensktillverkade pianostr\u00e4ngar och basstr\u00e4ngar, tillverkade av massivt st\u00e5l och solid koppar f\u00f6r optimal ljudkvalitet.\",\"breadcrumb\":{\"@id\":\"https:\\\/\\\/pianostammare.se\\\/butik-flygelaffar-pianoaffar-leksand-dalarna\\\/strangar\\\/#breadcrumb\"},\"inLanguage\":\"en-GB\",\"potentialAction\":[{\"@type\":\"ReadAction\",\"target\":[\"https:\\\/\\\/pianostammare.se\\\/butik-flygelaffar-pianoaffar-leksand-dalarna\\\/strangar\\\/\"]}]},{\"@type\":\"BreadcrumbList\",\"@id\":\"https:\\\/\\\/pianostammare.se\\\/butik-flygelaffar-pianoaffar-leksand-dalarna\\\/strangar\\\/#breadcrumb\",\"itemListElement\":[{\"@type\":\"ListItem\",\"position\":1,\"name\":\"Hem\",\"item\":\"https:\\\/\\\/pianostammare.se\\\/\"},{\"@type\":\"ListItem\",\"position\":2,\"name\":\"Webbshop\",\"item\":\"https:\\\/\\\/pianostammare.se\\\/butik-flygelaffar-pianoaffar-leksand-dalarna\\\/\"},{\"@type\":\"ListItem\",\"position\":3,\"name\":\"Str\u00e4ngar\"}]},{\"@type\":\"WebSite\",\"@id\":\"https:\\\/\\\/pianostammare.se\\\/#website\",\"url\":\"https:\\\/\\\/pianostammare.se\\\/\",\"name\":\"Pianost\u00e4mmare, flyglar och piano\",\"description\":\"Utst\u00e4llningshall f\u00f6r nya piano &amp; Flyglar\",\"publisher\":{\"@id\":\"https:\\\/\\\/pianostammare.se\\\/#organization\"},\"potentialAction\":[{\"@type\":\"SearchAction\",\"target\":{\"@type\":\"EntryPoint\",\"urlTemplate\":\"https:\\\/\\\/pianostammare.se\\\/?s={search_term_string}\"},\"query-input\":{\"@type\":\"PropertyValueSpecification\",\"valueRequired\":true,\"valueName\":\"search_term_string\"}}],\"inLanguage\":\"en-GB\"},{\"@type\":\"Organization\",\"@id\":\"https:\\\/\\\/pianostammare.se\\\/#organization\",\"name\":\"Pianost\u00e4mmare, flyglar och piano\",\"url\":\"https:\\\/\\\/pianostammare.se\\\/\",\"logo\":{\"@type\":\"ImageObject\",\"inLanguage\":\"en-GB\",\"@id\":\"https:\\\/\\\/pianostammare.se\\\/#\\\/schema\\\/logo\\\/image\\\/\",\"url\":\"https:\\\/\\\/pianostammare.se\\\/wp-content\\\/uploads\\\/2022\\\/11\\\/cropped-Namnlos-design.avif\",\"contentUrl\":\"https:\\\/\\\/pianostammare.se\\\/wp-content\\\/uploads\\\/2022\\\/11\\\/cropped-Namnlos-design.avif\",\"width\":1200,\"height\":800,\"caption\":\"Pianost\u00e4mmare, flyglar och piano\"},\"image\":{\"@id\":\"https:\\\/\\\/pianostammare.se\\\/#\\\/schema\\\/logo\\\/image\\\/\"},\"sameAs\":[\"https:\\\/\\\/www.facebook.com\\\/share\\\/167DsieNj3\\\/?mibextid=wwXlfr\"]}]}<\/script>\n<!-- \/ Yoast SEO Premium plugin. -->","yoast_head_json":{"title":"Str\u00e4ngar, pianostr\u00e4ngar och flygelstr\u00e4ngar","description":"Vi erbjuder svensktillverkade pianostr\u00e4ngar och basstr\u00e4ngar, tillverkade av massivt st\u00e5l och solid koppar f\u00f6r optimal ljudkvalitet.","robots":{"index":"index","follow":"follow","max-snippet":"max-snippet:-1","max-image-preview":"max-image-preview:large","max-video-preview":"max-video-preview:-1"},"canonical":"https:\/\/pianostammare.se\/en\/butik-flygelaffar-pianoaffar-leksand-dalarna\/strangar\/","og_locale":"en_GB","og_type":"article","og_title":"Str\u00e4ngar","og_description":"Vi erbjuder svensktillverkade pianostr\u00e4ngar och basstr\u00e4ngar, tillverkade av massivt st\u00e5l och solid koppar f\u00f6r optimal ljudkvalitet.","og_url":"https:\/\/pianostammare.se\/en\/butik-flygelaffar-pianoaffar-leksand-dalarna\/strangar\/","og_site_name":"Pianost\u00e4mmare, flyglar och piano","article_publisher":"https:\/\/www.facebook.com\/share\/167DsieNj3\/?mibextid=wwXlfr","article_modified_time":"2026-02-13T08:50:17+00:00","og_image":[{"width":1800,"height":1201,"url":"https:\/\/i0.wp.com\/pianostammare.se\/wp-content\/uploads\/2023\/03\/MickeT-022.jpg?fit=1800%2C1201&ssl=1","type":"image\/jpeg"}],"twitter_card":"summary_large_image","twitter_misc":{"Estimated reading time":"2 minutes"},"schema":{"@context":"https:\/\/schema.org","@graph":[{"@type":"WebPage","@id":"https:\/\/pianostammare.se\/butik-flygelaffar-pianoaffar-leksand-dalarna\/strangar\/","url":"https:\/\/pianostammare.se\/butik-flygelaffar-pianoaffar-leksand-dalarna\/strangar\/","name":"Str\u00e4ngar, pianostr\u00e4ngar och flygelstr\u00e4ngar","isPartOf":{"@id":"https:\/\/pianostammare.se\/#website"},"datePublished":"2022-12-22T07:23:44+00:00","dateModified":"2026-02-13T08:50:17+00:00","description":"Vi erbjuder svensktillverkade pianostr\u00e4ngar och basstr\u00e4ngar, tillverkade av massivt st\u00e5l och solid koppar f\u00f6r optimal ljudkvalitet.","breadcrumb":{"@id":"https:\/\/pianostammare.se\/butik-flygelaffar-pianoaffar-leksand-dalarna\/strangar\/#breadcrumb"},"inLanguage":"en-GB","potentialAction":[{"@type":"ReadAction","target":["https:\/\/pianostammare.se\/butik-flygelaffar-pianoaffar-leksand-dalarna\/strangar\/"]}]},{"@type":"BreadcrumbList","@id":"https:\/\/pianostammare.se\/butik-flygelaffar-pianoaffar-leksand-dalarna\/strangar\/#breadcrumb","itemListElement":[{"@type":"ListItem","position":1,"name":"Hem","item":"https:\/\/pianostammare.se\/"},{"@type":"ListItem","position":2,"name":"Webbshop","item":"https:\/\/pianostammare.se\/butik-flygelaffar-pianoaffar-leksand-dalarna\/"},{"@type":"ListItem","position":3,"name":"Str\u00e4ngar"}]},{"@type":"WebSite","@id":"https:\/\/pianostammare.se\/#website","url":"https:\/\/pianostammare.se\/","name":"Pianost\u00e4mmare, flyglar och piano","description":"Utst\u00e4llningshall f\u00f6r nya piano &amp; Flyglar","publisher":{"@id":"https:\/\/pianostammare.se\/#organization"},"potentialAction":[{"@type":"SearchAction","target":{"@type":"EntryPoint","urlTemplate":"https:\/\/pianostammare.se\/?s={search_term_string}"},"query-input":{"@type":"PropertyValueSpecification","valueRequired":true,"valueName":"search_term_string"}}],"inLanguage":"en-GB"},{"@type":"Organization","@id":"https:\/\/pianostammare.se\/#organization","name":"Pianost\u00e4mmare, flyglar och piano","url":"https:\/\/pianostammare.se\/","logo":{"@type":"ImageObject","inLanguage":"en-GB","@id":"https:\/\/pianostammare.se\/#\/schema\/logo\/image\/","url":"https:\/\/pianostammare.se\/wp-content\/uploads\/2022\/11\/cropped-Namnlos-design.avif","contentUrl":"https:\/\/pianostammare.se\/wp-content\/uploads\/2022\/11\/cropped-Namnlos-design.avif","width":1200,"height":800,"caption":"Pianost\u00e4mmare, flyglar och piano"},"image":{"@id":"https:\/\/pianostammare.se\/#\/schema\/logo\/image\/"},"sameAs":["https:\/\/www.facebook.com\/share\/167DsieNj3\/?mibextid=wwXlfr"]}]}},"_links":{"self":[{"href":"https:\/\/pianostammare.se\/en\/wp-json\/wp\/v2\/pages\/13617","targetHints":{"allow":["GET"]}}],"collection":[{"href":"https:\/\/pianostammare.se\/en\/wp-json\/wp\/v2\/pages"}],"about":[{"href":"https:\/\/pianostammare.se\/en\/wp-json\/wp\/v2\/types\/page"}],"author":[{"embeddable":true,"href":"https:\/\/pianostammare.se\/en\/wp-json\/wp\/v2\/users\/1"}],"replies":[{"embeddable":true,"href":"https:\/\/pianostammare.se\/en\/wp-json\/wp\/v2\/comments?post=13617"}],"version-history":[{"count":4,"href":"https:\/\/pianostammare.se\/en\/wp-json\/wp\/v2\/pages\/13617\/revisions"}],"predecessor-version":[{"id":19236,"href":"https:\/\/pianostammare.se\/en\/wp-json\/wp\/v2\/pages\/13617\/revisions\/19236"}],"up":[{"embeddable":true,"href":"https:\/\/pianostammare.se\/en\/wp-json\/wp\/v2\/pages\/513"}],"wp:attachment":[{"href":"https:\/\/pianostammare.se\/en\/wp-json\/wp\/v2\/media?parent=13617"}],"curies":[{"name":"wp","href":"https:\/\/api.w.org\/{rel}","templated":true}]}}