{"id":13674,"date":"2022-12-22T14:09:29","date_gmt":"2022-12-22T13:09:29","guid":{"rendered":"https:\/\/pianostammare.se\/?page_id=13674"},"modified":"2025-06-03T09:46:28","modified_gmt":"2025-06-03T07:46:28","slug":"sjalvspelande-flygel","status":"publish","type":"page","link":"https:\/\/pianostammare.se\/en\/hem\/sjalvspelande-flygel\/","title":{"rendered":"Self-playing grand pianos"},"content":{"rendered":"<div data-elementor-type=\"wp-page\" data-elementor-id=\"13674\" class=\"elementor elementor-13674\">\n\t\t\t\t\t\t<section class=\"elementor-section elementor-top-section elementor-element elementor-element-67b499f2 elementor-section-content-middle elementor-section-boxed elementor-section-height-default elementor-section-height-default\" data-id=\"67b499f2\" data-element_type=\"section\" data-e-type=\"section\" data-settings=\"{&quot;background_background&quot;:&quot;classic&quot;}\">\n\t\t\t\t\t\t\t<div class=\"elementor-background-overlay\"><\/div>\n\t\t\t\t\t\t\t<div class=\"elementor-container elementor-column-gap-no\">\n\t\t\t\t\t<div class=\"elementor-column elementor-col-100 elementor-top-column elementor-element elementor-element-3e14ba5b\" data-id=\"3e14ba5b\" data-element_type=\"column\" data-e-type=\"column\">\n\t\t\t<div class=\"elementor-widget-wrap elementor-element-populated\">\n\t\t\t\t\t\t<div class=\"elementor-element elementor-element-688f8ddb elementor-widget elementor-widget-heading\" data-id=\"688f8ddb\" data-element_type=\"widget\" data-e-type=\"widget\" data-widget_type=\"heading.default\">\n\t\t\t\t<div class=\"elementor-widget-container\">\n\t\t\t\t\t<h1 class=\"elementor-heading-title elementor-size-default\">Self-playing grand pianos<\/h1>\t\t\t\t<\/div>\n\t\t\t\t<\/div>\n\t\t\t\t\t<\/div>\n\t\t<\/div>\n\t\t\t\t\t<\/div>\n\t\t<\/section>\n\t\t\t\t<section class=\"elementor-section elementor-top-section elementor-element elementor-element-4538534 elementor-section-content-middle elementor-section-boxed elementor-section-height-default elementor-section-height-default\" data-id=\"4538534\" data-element_type=\"section\" data-e-type=\"section\">\n\t\t\t\t\t\t<div class=\"elementor-container elementor-column-gap-no\">\n\t\t\t\t\t<div class=\"elementor-column elementor-col-100 elementor-top-column elementor-element elementor-element-51f3e470\" data-id=\"51f3e470\" data-element_type=\"column\" data-e-type=\"column\">\n\t\t\t<div class=\"elementor-widget-wrap elementor-element-populated\">\n\t\t\t\t\t\t<div class=\"elementor-element elementor-element-73795470 elementor-widget elementor-widget-heading\" data-id=\"73795470\" data-element_type=\"widget\" data-e-type=\"widget\" data-widget_type=\"heading.default\">\n\t\t\t\t<div class=\"elementor-widget-container\">\n\t\t\t\t\t<h5 class=\"elementor-heading-title elementor-size-default\">Self-playing grand pianos<\/h5>\t\t\t\t<\/div>\n\t\t\t\t<\/div>\n\t\t\t\t<div class=\"elementor-element elementor-element-46909615 elementor-widget elementor-widget-heading\" data-id=\"46909615\" data-element_type=\"widget\" data-e-type=\"widget\" data-widget_type=\"heading.default\">\n\t\t\t\t<div class=\"elementor-widget-container\">\n\t\t\t\t\t<h2 class=\"elementor-heading-title elementor-size-default\">Do you want your grand piano to play completely by itself?<\/h2>\t\t\t\t<\/div>\n\t\t\t\t<\/div>\n\t\t\t\t<div class=\"elementor-element elementor-element-51acb40 elementor-widget elementor-widget-text-editor\" data-id=\"51acb40\" data-element_type=\"widget\" data-e-type=\"widget\" id=\"mer\" data-widget_type=\"text-editor.default\">\n\t\t\t\t<div class=\"elementor-widget-container\">\n\t\t\t\t\t\t\t\t\t<p>We are the only certified installer in Sweden of the Pianoforce Performance self-playing system for upright and grand pianos. Ask someone to sit down at the piano and play a few notes. Then, start a piece of music from your mobile phone\u2014with or without accompaniment. What happens? The person at the piano is left completely speechless in awe. This self-playing system will amaze anyone.<\/p>\t\t\t\t\t\t\t\t<\/div>\n\t\t\t\t<\/div>\n\t\t\t\t<div class=\"elementor-element elementor-element-4c20d5fe elementor-align-center elementor-widget elementor-widget-button\" data-id=\"4c20d5fe\" data-element_type=\"widget\" data-e-type=\"widget\" data-widget_type=\"button.default\">\n\t\t\t\t<div class=\"elementor-widget-container\">\n\t\t\t\t\t\t\t\t\t<div class=\"elementor-button-wrapper\">\n\t\t\t\t\t<a class=\"elementor-button elementor-size-sm\" role=\"button\">\n\t\t\t\t\t\t<span class=\"elementor-button-content-wrapper\">\n\t\t\t\t\t\t\t\t\t<span class=\"elementor-button-text\">Certificate of Certification<\/span>\n\t\t\t\t\t<\/span>\n\t\t\t\t\t<\/a>\n\t\t\t\t<\/div>\n\t\t\t\t\t\t\t\t<\/div>\n\t\t\t\t<\/div>\n\t\t\t\t<div class=\"elementor-element elementor-element-b006754 elementor-widget elementor-widget-image\" data-id=\"b006754\" data-element_type=\"widget\" data-e-type=\"widget\" data-widget_type=\"image.default\">\n\t\t\t\t<div class=\"elementor-widget-container\">\n\t\t\t\t\t\t\t\t\t\t\t\t\t\t\t<img fetchpriority=\"high\" decoding=\"async\" width=\"300\" height=\"218\" src=\"https:\/\/i0.wp.com\/pianostammare.se\/wp-content\/uploads\/2022\/12\/Pianoforce-001-e1378050350959.jpg?fit=300%2C218&amp;ssl=1\" class=\"attachment-medium size-medium wp-image-13481\" alt=\"sj\u00e4lvspelande flygel\" srcset=\"https:\/\/i0.wp.com\/pianostammare.se\/wp-content\/uploads\/2022\/12\/Pianoforce-001-e1378050350959.jpg?w=2338&amp;ssl=1 2338w, https:\/\/i0.wp.com\/pianostammare.se\/wp-content\/uploads\/2022\/12\/Pianoforce-001-e1378050350959.jpg?resize=600%2C436&amp;ssl=1 600w, https:\/\/i0.wp.com\/pianostammare.se\/wp-content\/uploads\/2022\/12\/Pianoforce-001-e1378050350959.jpg?resize=300%2C218&amp;ssl=1 300w, https:\/\/i0.wp.com\/pianostammare.se\/wp-content\/uploads\/2022\/12\/Pianoforce-001-e1378050350959.jpg?resize=1024%2C745&amp;ssl=1 1024w, https:\/\/i0.wp.com\/pianostammare.se\/wp-content\/uploads\/2022\/12\/Pianoforce-001-e1378050350959.jpg?resize=768%2C558&amp;ssl=1 768w, https:\/\/i0.wp.com\/pianostammare.se\/wp-content\/uploads\/2022\/12\/Pianoforce-001-e1378050350959.jpg?resize=1536%2C1117&amp;ssl=1 1536w, https:\/\/i0.wp.com\/pianostammare.se\/wp-content\/uploads\/2022\/12\/Pianoforce-001-e1378050350959.jpg?resize=2048%2C1489&amp;ssl=1 2048w\" sizes=\"(max-width: 300px) 100vw, 300px\" \/>\t\t\t\t\t\t\t\t\t\t\t\t\t\t\t<\/div>\n\t\t\t\t<\/div>\n\t\t\t\t<div class=\"elementor-element elementor-element-a3e4891 elementor-widget elementor-widget-text-editor\" data-id=\"a3e4891\" data-element_type=\"widget\" data-e-type=\"widget\" data-widget_type=\"text-editor.default\">\n\t\t\t\t<div class=\"elementor-widget-container\">\n\t\t\t\t\t\t\t\t\t<p class=\"translation-block\">If you don\u2019t already have a grand piano, we naturally offer a selection of grand pianos for sale with the self-playing system already installed. If you also wish to have a humidity system installed at the same time, we can handle that as a certified installer of both systems. We pick up your piano \u2013 install the system \u2013 and return it to you.\n\nYou can control the piano directly from your mobile phone (iPhone or Android).\nWant to control it from your iPhone\/Android or iPad? This requires the AMI accessory.\nRead more at: <a>www.pianoforce.com<\/a><\/p><p>Visit our showroom to see the system installed, to listen and to enjoy the quality Pianoforce delivers.<\/p>\t\t\t\t\t\t\t\t<\/div>\n\t\t\t\t<\/div>\n\t\t\t\t<div class=\"elementor-element elementor-element-51971e2 elementor-widget elementor-widget-heading\" data-id=\"51971e2\" data-element_type=\"widget\" data-e-type=\"widget\" data-widget_type=\"heading.default\">\n\t\t\t\t<div class=\"elementor-widget-container\">\n\t\t\t\t\t<h5 class=\"elementor-heading-title elementor-size-default\">2024 pricelist (Prices exclude VAT, installation, and travel costs)<\/h5>\t\t\t\t<\/div>\n\t\t\t\t<\/div>\n\t\t\t\t<div class=\"elementor-element elementor-element-e40b0d3 elementor-widget elementor-widget-text-editor\" data-id=\"e40b0d3\" data-element_type=\"widget\" data-e-type=\"widget\" data-widget_type=\"text-editor.default\">\n\t\t\t\t<div class=\"elementor-widget-container\">\n\t\t\t\t\t\t\t\t\t<p class=\"translation-block\">Performance player system piano or grand: SEK 53,800<br>Wifi router: SEK 1,100<br>AMI box: SEK 3,900<br>Optical key detection: SEK 11,800 <br>Speaker system: SEK 9,400<\/p>\n<p class=\"translation-block\">Silencer system for performance system: SEK 32,000<br>\n\nInstallation of performance system: approx. SEK 25,000<\/p>\t\t\t\t\t\t\t\t<\/div>\n\t\t\t\t<\/div>\n\t\t\t\t\t<\/div>\n\t\t<\/div>\n\t\t\t\t\t<\/div>\n\t\t<\/section>\n\t\t\t\t<section class=\"elementor-section elementor-top-section elementor-element elementor-element-b46d37c elementor-section-boxed elementor-section-height-default elementor-section-height-default\" data-id=\"b46d37c\" data-element_type=\"section\" data-e-type=\"section\">\n\t\t\t\t\t\t<div class=\"elementor-container elementor-column-gap-default\">\n\t\t\t\t\t<div class=\"elementor-column elementor-col-100 elementor-top-column elementor-element elementor-element-2cc107a\" data-id=\"2cc107a\" data-element_type=\"column\" data-e-type=\"column\">\n\t\t\t<div class=\"elementor-widget-wrap elementor-element-populated\">\n\t\t\t\t\t\t<div class=\"elementor-element elementor-element-188cace elementor-widget elementor-widget-text-editor\" data-id=\"188cace\" data-element_type=\"widget\" data-e-type=\"widget\" data-widget_type=\"text-editor.default\">\n\t\t\t\t<div class=\"elementor-widget-container\">\n\t\t\t\t\t\t\t\t\t<p>We install Self-Playing Systems. The Ami Box is an intelligent device that allows you to connect the audio output from an iPod to the Performer system and play music with synchronised analog piano tracks.<\/p>\n<p>On the front, there is a USB port for quick or temporary connection of USB devices, and a microphone input for connecting a microphone to sing along with the Player function via the speaker system installed in your piano. The Ami Box is an accessory.<\/p>\n<p>The speaker system is developed and manufactured by Pianoforce and delivers excellent sound in a 2.1 setup. It includes a bass reflex subwoofer with integrated digital amplifier and two satellite speakers, designed for easy and efficient installation under the piano. Output: 2 x 100 W. The speaker system is also an accessory.<\/p>\n<p>Keescan is the ultimate accessory for recording your own piano performances. Now you can record directly on your acoustic piano and capture the feeling and dynamics of every keystroke. The optical sensor rail unit registers touch, speed, duration and sustain pedal use with high precision. The recording is reproduced as accurately, expressively, and dynamically as possible\u2014just as the pianist intended. Your composition is converted into MIDI data and sent to the self-playing piano, the Performance Player system, or to a connected computer for further processing or storage.<\/p>\n<p>Professionals, teachers, students, or even beginners now have a powerful tool for saving live performances\u2014and for learning from their mistakes. When connected to a Performance Player system installed on the same piano, immediate playback of the recorded music is possible. For the best playback quality, the piano must be properly tuned. KEESCAN can be installed in any acoustic piano, either in your home or in our workshop.<\/p>\t\t\t\t\t\t\t\t<\/div>\n\t\t\t\t<\/div>\n\t\t\t\t\t<\/div>\n\t\t<\/div>\n\t\t\t\t\t<\/div>\n\t\t<\/section>\n\t\t\t\t<\/div>","protected":false},"excerpt":{"rendered":"<p>Sj\u00e4lvspelande Flygel Sj\u00e4lvspelande flygel Vill du ha din flygel att kunna spela helt av sig sj\u00e4lv? Vi \u00e4r den enda i Sverige som speciellt har certifierat oss som installat\u00f6r av pianoforce performance sj\u00e4lvspelande system f\u00f6r piano och flyglar. Be n\u00e5gon s\u00e4tta sig vid flygeln och provspela. Sedan startar du med din mobiltelefon ett stycke med [&hellip;]<\/p>\n","protected":false},"author":1,"featured_media":13481,"parent":125,"menu_order":1,"comment_status":"closed","ping_status":"closed","template":"","meta":{"site-sidebar-layout":"no-sidebar","site-content-layout":"page-builder","ast-site-content-layout":"full-width-container","site-content-style":"unboxed","site-sidebar-style":"unboxed","ast-global-header-display":"","ast-banner-title-visibility":"","ast-main-header-display":"","ast-hfb-above-header-display":"","ast-hfb-below-header-display":"","ast-hfb-mobile-header-display":"","site-post-title":"disabled","ast-breadcrumbs-content":"","ast-featured-img":"disabled","footer-sml-layout":"","ast-disable-related-posts":"","theme-transparent-header-meta":"","adv-header-id-meta":"","stick-header-meta":"","header-above-stick-meta":"","header-main-stick-meta":"","header-below-stick-meta":"","astra-migrate-meta-layouts":"set","ast-page-background-enabled":"default","ast-page-background-meta":{"desktop":{"background-color":"","background-image":"","background-repeat":"repeat","background-position":"center center","background-size":"auto","background-attachment":"scroll","background-type":"","background-media":"","overlay-type":"","overlay-color":"","overlay-opacity":"","overlay-gradient":""},"tablet":{"background-color":"","background-image":"","background-repeat":"repeat","background-position":"center center","background-size":"auto","background-attachment":"scroll","background-type":"","background-media":"","overlay-type":"","overlay-color":"","overlay-opacity":"","overlay-gradient":""},"mobile":{"background-color":"","background-image":"","background-repeat":"repeat","background-position":"center center","background-size":"auto","background-attachment":"scroll","background-type":"","background-media":"","overlay-type":"","overlay-color":"","overlay-opacity":"","overlay-gradient":""}},"ast-content-background-meta":{"desktop":{"background-color":"var(--ast-global-color-5)","background-image":"","background-repeat":"repeat","background-position":"center center","background-size":"auto","background-attachment":"scroll","background-type":"","background-media":"","overlay-type":"","overlay-color":"","overlay-opacity":"","overlay-gradient":""},"tablet":{"background-color":"var(--ast-global-color-5)","background-image":"","background-repeat":"repeat","background-position":"center center","background-size":"auto","background-attachment":"scroll","background-type":"","background-media":"","overlay-type":"","overlay-color":"","overlay-opacity":"","overlay-gradient":""},"mobile":{"background-color":"var(--ast-global-color-5)","background-image":"","background-repeat":"repeat","background-position":"center center","background-size":"auto","background-attachment":"scroll","background-type":"","background-media":"","overlay-type":"","overlay-color":"","overlay-opacity":"","overlay-gradient":""}},"footnotes":""},"class_list":["post-13674","page","type-page","status-publish","has-post-thumbnail","hentry"],"yoast_head":"<!-- This site is optimized with the Yoast SEO Premium plugin v26.1 (Yoast SEO v27.4) - https:\/\/yoast.com\/product\/yoast-seo-premium-wordpress\/ -->\n<title>Sj\u00e4lvspelande flygel<\/title>\n<meta name=\"robots\" content=\"index, follow, max-snippet:-1, max-image-preview:large, max-video-preview:-1\" \/>\n<link rel=\"canonical\" href=\"https:\/\/pianostammare.se\/en\/hem\/sjalvspelande-flygel\/\" \/>\n<meta property=\"og:locale\" content=\"en_GB\" \/>\n<meta property=\"og:type\" content=\"article\" \/>\n<meta property=\"og:title\" content=\"Sj\u00e4lvspelande flygel\" \/>\n<meta property=\"og:description\" content=\"Sj\u00e4lvspelande Flygel Sj\u00e4lvspelande flygel Vill du ha din flygel att kunna spela helt av sig sj\u00e4lv? Vi \u00e4r den enda i Sverige som speciellt har certifierat oss som installat\u00f6r av pianoforce performance sj\u00e4lvspelande system f\u00f6r piano och flyglar. Be n\u00e5gon s\u00e4tta sig vid flygeln och provspela. Sedan startar du med din mobiltelefon ett stycke med [&hellip;]\" \/>\n<meta property=\"og:url\" content=\"https:\/\/pianostammare.se\/en\/hem\/sjalvspelande-flygel\/\" \/>\n<meta property=\"og:site_name\" content=\"Pianost\u00e4mmare, flyglar och piano\" \/>\n<meta property=\"article:publisher\" content=\"https:\/\/www.facebook.com\/share\/167DsieNj3\/?mibextid=wwXlfr\" \/>\n<meta property=\"article:modified_time\" content=\"2025-06-03T07:46:28+00:00\" \/>\n<meta property=\"og:image\" content=\"https:\/\/pianostammare.se\/wp-content\/uploads\/2022\/12\/Pianoforce-001-e1378050350959.jpg\" \/>\n\t<meta property=\"og:image:width\" content=\"2338\" \/>\n\t<meta property=\"og:image:height\" content=\"1700\" \/>\n\t<meta property=\"og:image:type\" content=\"image\/jpeg\" \/>\n<meta name=\"twitter:card\" content=\"summary_large_image\" \/>\n<meta name=\"twitter:label1\" content=\"Estimated reading time\" \/>\n\t<meta name=\"twitter:data1\" content=\"3 minutes\" \/>\n<script type=\"application\/ld+json\" class=\"yoast-schema-graph\">{\"@context\":\"https:\\\/\\\/schema.org\",\"@graph\":[{\"@type\":\"WebPage\",\"@id\":\"https:\\\/\\\/pianostammare.se\\\/hem\\\/sjalvspelande-flygel\\\/\",\"url\":\"https:\\\/\\\/pianostammare.se\\\/hem\\\/sjalvspelande-flygel\\\/\",\"name\":\"Sj\u00e4lvspelande flygel\",\"isPartOf\":{\"@id\":\"https:\\\/\\\/pianostammare.se\\\/#website\"},\"primaryImageOfPage\":{\"@id\":\"https:\\\/\\\/pianostammare.se\\\/hem\\\/sjalvspelande-flygel\\\/#primaryimage\"},\"image\":{\"@id\":\"https:\\\/\\\/pianostammare.se\\\/hem\\\/sjalvspelande-flygel\\\/#primaryimage\"},\"thumbnailUrl\":\"https:\\\/\\\/i0.wp.com\\\/pianostammare.se\\\/wp-content\\\/uploads\\\/2022\\\/12\\\/Pianoforce-001-e1378050350959.jpg?fit=2338%2C1700&ssl=1\",\"datePublished\":\"2022-12-22T13:09:29+00:00\",\"dateModified\":\"2025-06-03T07:46:28+00:00\",\"breadcrumb\":{\"@id\":\"https:\\\/\\\/pianostammare.se\\\/hem\\\/sjalvspelande-flygel\\\/#breadcrumb\"},\"inLanguage\":\"en-GB\",\"potentialAction\":[{\"@type\":\"ReadAction\",\"target\":[\"https:\\\/\\\/pianostammare.se\\\/hem\\\/sjalvspelande-flygel\\\/\"]}]},{\"@type\":\"ImageObject\",\"inLanguage\":\"en-GB\",\"@id\":\"https:\\\/\\\/pianostammare.se\\\/hem\\\/sjalvspelande-flygel\\\/#primaryimage\",\"url\":\"https:\\\/\\\/i0.wp.com\\\/pianostammare.se\\\/wp-content\\\/uploads\\\/2022\\\/12\\\/Pianoforce-001-e1378050350959.jpg?fit=2338%2C1700&ssl=1\",\"contentUrl\":\"https:\\\/\\\/i0.wp.com\\\/pianostammare.se\\\/wp-content\\\/uploads\\\/2022\\\/12\\\/Pianoforce-001-e1378050350959.jpg?fit=2338%2C1700&ssl=1\",\"width\":2338,\"height\":1700,\"caption\":\"Jag \u00e4r certifierad installat\u00f6r p\u00e5 pianoforce performance system - sj\u00e4lvspelande system f\u00f6r piano och flygel\"},{\"@type\":\"BreadcrumbList\",\"@id\":\"https:\\\/\\\/pianostammare.se\\\/hem\\\/sjalvspelande-flygel\\\/#breadcrumb\",\"itemListElement\":[{\"@type\":\"ListItem\",\"position\":1,\"name\":\"Hem\",\"item\":\"https:\\\/\\\/pianostammare.se\\\/\"},{\"@type\":\"ListItem\",\"position\":2,\"name\":\"Hem\",\"item\":\"https:\\\/\\\/pianostammare.se\\\/\"},{\"@type\":\"ListItem\",\"position\":3,\"name\":\"Sj\u00e4lvspelande flygel\"}]},{\"@type\":\"WebSite\",\"@id\":\"https:\\\/\\\/pianostammare.se\\\/#website\",\"url\":\"https:\\\/\\\/pianostammare.se\\\/\",\"name\":\"Pianost\u00e4mmare, flyglar och piano\",\"description\":\"Utst\u00e4llningshall f\u00f6r nya piano &amp; Flyglar\",\"publisher\":{\"@id\":\"https:\\\/\\\/pianostammare.se\\\/#organization\"},\"potentialAction\":[{\"@type\":\"SearchAction\",\"target\":{\"@type\":\"EntryPoint\",\"urlTemplate\":\"https:\\\/\\\/pianostammare.se\\\/?s={search_term_string}\"},\"query-input\":{\"@type\":\"PropertyValueSpecification\",\"valueRequired\":true,\"valueName\":\"search_term_string\"}}],\"inLanguage\":\"en-GB\"},{\"@type\":\"Organization\",\"@id\":\"https:\\\/\\\/pianostammare.se\\\/#organization\",\"name\":\"Pianost\u00e4mmare, flyglar och piano\",\"url\":\"https:\\\/\\\/pianostammare.se\\\/\",\"logo\":{\"@type\":\"ImageObject\",\"inLanguage\":\"en-GB\",\"@id\":\"https:\\\/\\\/pianostammare.se\\\/#\\\/schema\\\/logo\\\/image\\\/\",\"url\":\"https:\\\/\\\/pianostammare.se\\\/wp-content\\\/uploads\\\/2022\\\/11\\\/cropped-Namnlos-design.avif\",\"contentUrl\":\"https:\\\/\\\/pianostammare.se\\\/wp-content\\\/uploads\\\/2022\\\/11\\\/cropped-Namnlos-design.avif\",\"width\":1200,\"height\":800,\"caption\":\"Pianost\u00e4mmare, flyglar och piano\"},\"image\":{\"@id\":\"https:\\\/\\\/pianostammare.se\\\/#\\\/schema\\\/logo\\\/image\\\/\"},\"sameAs\":[\"https:\\\/\\\/www.facebook.com\\\/share\\\/167DsieNj3\\\/?mibextid=wwXlfr\"]}]}<\/script>\n<!-- \/ Yoast SEO Premium plugin. -->","yoast_head_json":{"title":"Self-playing grand pianos","robots":{"index":"index","follow":"follow","max-snippet":"max-snippet:-1","max-image-preview":"max-image-preview:large","max-video-preview":"max-video-preview:-1"},"canonical":"https:\/\/pianostammare.se\/en\/hem\/sjalvspelande-flygel\/","og_locale":"en_GB","og_type":"article","og_title":"Sj\u00e4lvspelande flygel","og_description":"Sj\u00e4lvspelande Flygel Sj\u00e4lvspelande flygel Vill du ha din flygel att kunna spela helt av sig sj\u00e4lv? Vi \u00e4r den enda i Sverige som speciellt har certifierat oss som installat\u00f6r av pianoforce performance sj\u00e4lvspelande system f\u00f6r piano och flyglar. Be n\u00e5gon s\u00e4tta sig vid flygeln och provspela. Sedan startar du med din mobiltelefon ett stycke med [&hellip;]","og_url":"https:\/\/pianostammare.se\/en\/hem\/sjalvspelande-flygel\/","og_site_name":"Pianost\u00e4mmare, flyglar och piano","article_publisher":"https:\/\/www.facebook.com\/share\/167DsieNj3\/?mibextid=wwXlfr","article_modified_time":"2025-06-03T07:46:28+00:00","og_image":[{"width":2338,"height":1700,"url":"https:\/\/pianostammare.se\/wp-content\/uploads\/2022\/12\/Pianoforce-001-e1378050350959.jpg","type":"image\/jpeg"}],"twitter_card":"summary_large_image","twitter_misc":{"Estimated reading time":"3 minutes"},"schema":{"@context":"https:\/\/schema.org","@graph":[{"@type":"WebPage","@id":"https:\/\/pianostammare.se\/hem\/sjalvspelande-flygel\/","url":"https:\/\/pianostammare.se\/hem\/sjalvspelande-flygel\/","name":"Self-playing grand pianos","isPartOf":{"@id":"https:\/\/pianostammare.se\/#website"},"primaryImageOfPage":{"@id":"https:\/\/pianostammare.se\/hem\/sjalvspelande-flygel\/#primaryimage"},"image":{"@id":"https:\/\/pianostammare.se\/hem\/sjalvspelande-flygel\/#primaryimage"},"thumbnailUrl":"https:\/\/i0.wp.com\/pianostammare.se\/wp-content\/uploads\/2022\/12\/Pianoforce-001-e1378050350959.jpg?fit=2338%2C1700&ssl=1","datePublished":"2022-12-22T13:09:29+00:00","dateModified":"2025-06-03T07:46:28+00:00","breadcrumb":{"@id":"https:\/\/pianostammare.se\/hem\/sjalvspelande-flygel\/#breadcrumb"},"inLanguage":"en-GB","potentialAction":[{"@type":"ReadAction","target":["https:\/\/pianostammare.se\/hem\/sjalvspelande-flygel\/"]}]},{"@type":"ImageObject","inLanguage":"en-GB","@id":"https:\/\/pianostammare.se\/hem\/sjalvspelande-flygel\/#primaryimage","url":"https:\/\/i0.wp.com\/pianostammare.se\/wp-content\/uploads\/2022\/12\/Pianoforce-001-e1378050350959.jpg?fit=2338%2C1700&ssl=1","contentUrl":"https:\/\/i0.wp.com\/pianostammare.se\/wp-content\/uploads\/2022\/12\/Pianoforce-001-e1378050350959.jpg?fit=2338%2C1700&ssl=1","width":2338,"height":1700,"caption":"Jag \u00e4r certifierad installat\u00f6r p\u00e5 pianoforce performance system - sj\u00e4lvspelande system f\u00f6r piano och flygel"},{"@type":"BreadcrumbList","@id":"https:\/\/pianostammare.se\/hem\/sjalvspelande-flygel\/#breadcrumb","itemListElement":[{"@type":"ListItem","position":1,"name":"Hem","item":"https:\/\/pianostammare.se\/"},{"@type":"ListItem","position":2,"name":"Hem","item":"https:\/\/pianostammare.se\/"},{"@type":"ListItem","position":3,"name":"Sj\u00e4lvspelande flygel"}]},{"@type":"WebSite","@id":"https:\/\/pianostammare.se\/#website","url":"https:\/\/pianostammare.se\/","name":"Pianost\u00e4mmare, flyglar och piano","description":"Utst\u00e4llningshall f\u00f6r nya piano &amp; Flyglar","publisher":{"@id":"https:\/\/pianostammare.se\/#organization"},"potentialAction":[{"@type":"SearchAction","target":{"@type":"EntryPoint","urlTemplate":"https:\/\/pianostammare.se\/?s={search_term_string}"},"query-input":{"@type":"PropertyValueSpecification","valueRequired":true,"valueName":"search_term_string"}}],"inLanguage":"en-GB"},{"@type":"Organization","@id":"https:\/\/pianostammare.se\/#organization","name":"Pianost\u00e4mmare, flyglar och piano","url":"https:\/\/pianostammare.se\/","logo":{"@type":"ImageObject","inLanguage":"en-GB","@id":"https:\/\/pianostammare.se\/#\/schema\/logo\/image\/","url":"https:\/\/pianostammare.se\/wp-content\/uploads\/2022\/11\/cropped-Namnlos-design.avif","contentUrl":"https:\/\/pianostammare.se\/wp-content\/uploads\/2022\/11\/cropped-Namnlos-design.avif","width":1200,"height":800,"caption":"Pianost\u00e4mmare, flyglar och piano"},"image":{"@id":"https:\/\/pianostammare.se\/#\/schema\/logo\/image\/"},"sameAs":["https:\/\/www.facebook.com\/share\/167DsieNj3\/?mibextid=wwXlfr"]}]}},"_links":{"self":[{"href":"https:\/\/pianostammare.se\/en\/wp-json\/wp\/v2\/pages\/13674","targetHints":{"allow":["GET"]}}],"collection":[{"href":"https:\/\/pianostammare.se\/en\/wp-json\/wp\/v2\/pages"}],"about":[{"href":"https:\/\/pianostammare.se\/en\/wp-json\/wp\/v2\/types\/page"}],"author":[{"embeddable":true,"href":"https:\/\/pianostammare.se\/en\/wp-json\/wp\/v2\/users\/1"}],"replies":[{"embeddable":true,"href":"https:\/\/pianostammare.se\/en\/wp-json\/wp\/v2\/comments?post=13674"}],"version-history":[{"count":9,"href":"https:\/\/pianostammare.se\/en\/wp-json\/wp\/v2\/pages\/13674\/revisions"}],"predecessor-version":[{"id":18932,"href":"https:\/\/pianostammare.se\/en\/wp-json\/wp\/v2\/pages\/13674\/revisions\/18932"}],"up":[{"embeddable":true,"href":"https:\/\/pianostammare.se\/en\/wp-json\/wp\/v2\/pages\/125"}],"wp:featuredmedia":[{"embeddable":true,"href":"https:\/\/pianostammare.se\/en\/wp-json\/wp\/v2\/media\/13481"}],"wp:attachment":[{"href":"https:\/\/pianostammare.se\/en\/wp-json\/wp\/v2\/media?parent=13674"}],"curies":[{"name":"wp","href":"https:\/\/api.w.org\/{rel}","templated":true}]}}