{"id":13696,"date":"2022-12-22T17:41:47","date_gmt":"2022-12-22T16:41:47","guid":{"rendered":"https:\/\/pianostammare.se\/?page_id=13696"},"modified":"2025-03-13T12:55:12","modified_gmt":"2025-03-13T11:55:12","slug":"utstallningshall-for-piano-och-flygel","status":"publish","type":"page","link":"https:\/\/pianostammare.se\/en\/utstallningshall-for-piano-och-flygel\/","title":{"rendered":"Piano and Grand piano showroom"},"content":{"rendered":"\t\t<div data-elementor-type=\"wp-page\" data-elementor-id=\"13696\" class=\"elementor elementor-13696\">\n\t\t\t\t\t\t<section class=\"elementor-section elementor-top-section elementor-element elementor-element-67c90057 elementor-section-content-middle elementor-section-boxed elementor-section-height-default elementor-section-height-default\" data-id=\"67c90057\" data-element_type=\"section\" data-e-type=\"section\" data-settings=\"{&quot;background_background&quot;:&quot;slideshow&quot;,&quot;background_slideshow_gallery&quot;:[{&quot;id&quot;:1208,&quot;url&quot;:&quot;https:\\\/\\\/pianostammare.se\\\/wp-content\\\/uploads\\\/2022\\\/11\\\/pexels-nataliya-vaitkevich-5070067-scaled.jpg&quot;},{&quot;id&quot;:15936,&quot;url&quot;:&quot;https:\\\/\\\/pianostammare.se\\\/wp-content\\\/uploads\\\/2023\\\/04\\\/IMG_00191-scaled.jpg&quot;},{&quot;id&quot;:15940,&quot;url&quot;:&quot;https:\\\/\\\/pianostammare.se\\\/wp-content\\\/uploads\\\/2023\\\/04\\\/IMG_00241-scaled.jpg&quot;}],&quot;background_slideshow_slide_duration&quot;:1.000500060000001e+30,&quot;background_slideshow_transition_duration&quot;:3000,&quot;background_slideshow_ken_burns&quot;:&quot;yes&quot;,&quot;background_slideshow_loop&quot;:&quot;yes&quot;,&quot;background_slideshow_slide_transition&quot;:&quot;fade&quot;,&quot;background_slideshow_ken_burns_zoom_direction&quot;:&quot;in&quot;}\">\n\t\t\t\t\t\t\t<div class=\"elementor-background-overlay\"><\/div>\n\t\t\t\t\t\t\t<div class=\"elementor-container elementor-column-gap-no\">\n\t\t\t\t\t<div class=\"elementor-column elementor-col-100 elementor-top-column elementor-element elementor-element-e601f26\" data-id=\"e601f26\" data-element_type=\"column\" data-e-type=\"column\">\n\t\t\t<div class=\"elementor-widget-wrap elementor-element-populated\">\n\t\t\t\t\t\t<div class=\"elementor-element elementor-element-696e31fc elementor-widget elementor-widget-heading\" data-id=\"696e31fc\" data-element_type=\"widget\" data-e-type=\"widget\" data-widget_type=\"heading.default\">\n\t\t\t\t<div class=\"elementor-widget-container\">\n\t\t\t\t\t<h5 class=\"elementor-heading-title elementor-size-default\">Detta \u00e4r v\u00e5ra utst\u00e4llningshallar f\u00f6r piano och flyglar<\/h5>\t\t\t\t<\/div>\n\t\t\t\t<\/div>\n\t\t\t\t<div class=\"elementor-element elementor-element-52ee4ba2 elementor-widget elementor-widget-heading\" data-id=\"52ee4ba2\" data-element_type=\"widget\" data-e-type=\"widget\" data-widget_type=\"heading.default\">\n\t\t\t\t<div class=\"elementor-widget-container\">\n\t\t\t\t\t<h1 class=\"elementor-heading-title elementor-size-default\">H\u00e4r hittar ni er flygel<\/h1>\t\t\t\t<\/div>\n\t\t\t\t<\/div>\n\t\t\t\t<div class=\"elementor-element elementor-element-61355b90 elementor-align-center elementor-widget elementor-widget-button\" data-id=\"61355b90\" data-element_type=\"widget\" data-e-type=\"widget\" data-widget_type=\"button.default\">\n\t\t\t\t<div class=\"elementor-widget-container\">\n\t\t\t\t\t\t\t\t\t<div class=\"elementor-button-wrapper\">\n\t\t\t\t\t<a class=\"elementor-button elementor-button-link elementor-size-sm\" href=\"#lasmer\">\n\t\t\t\t\t\t<span class=\"elementor-button-content-wrapper\">\n\t\t\t\t\t\t\t\t\t<span class=\"elementor-button-text\">L\u00e4s mer<\/span>\n\t\t\t\t\t<\/span>\n\t\t\t\t\t<\/a>\n\t\t\t\t<\/div>\n\t\t\t\t\t\t\t\t<\/div>\n\t\t\t\t<\/div>\n\t\t\t\t<div class=\"elementor-element elementor-element-7cc6d4df elementor-view-default elementor-widget elementor-widget-icon\" data-id=\"7cc6d4df\" data-element_type=\"widget\" data-e-type=\"widget\" data-widget_type=\"icon.default\">\n\t\t\t\t<div class=\"elementor-widget-container\">\n\t\t\t\t\t\t\t<div class=\"elementor-icon-wrapper\">\n\t\t\t<div class=\"elementor-icon\">\n\t\t\t<i aria-hidden=\"true\" class=\"fas fa-long-arrow-alt-down\"><\/i>\t\t\t<\/div>\n\t\t<\/div>\n\t\t\t\t\t\t<\/div>\n\t\t\t\t<\/div>\n\t\t\t\t\t<\/div>\n\t\t<\/div>\n\t\t\t\t\t<\/div>\n\t\t<\/section>\n\t\t\t\t<section class=\"elementor-section elementor-top-section elementor-element elementor-element-5916f68f elementor-section-boxed elementor-section-height-default elementor-section-height-default\" data-id=\"5916f68f\" data-element_type=\"section\" data-e-type=\"section\">\n\t\t\t\t\t\t<div class=\"elementor-container elementor-column-gap-default\">\n\t\t\t\t\t<div class=\"elementor-column elementor-col-100 elementor-top-column elementor-element elementor-element-30d97337\" data-id=\"30d97337\" data-element_type=\"column\" data-e-type=\"column\">\n\t\t\t<div class=\"elementor-widget-wrap elementor-element-populated\">\n\t\t\t\t\t\t<div class=\"elementor-element elementor-element-4f848481 elementor-widget elementor-widget-spacer\" data-id=\"4f848481\" data-element_type=\"widget\" data-e-type=\"widget\" data-widget_type=\"spacer.default\">\n\t\t\t\t<div class=\"elementor-widget-container\">\n\t\t\t\t\t\t\t<div class=\"elementor-spacer\">\n\t\t\t<div class=\"elementor-spacer-inner\"><\/div>\n\t\t<\/div>\n\t\t\t\t\t\t<\/div>\n\t\t\t\t<\/div>\n\t\t\t\t<div class=\"elementor-element elementor-element-5715096b elementor-widget elementor-widget-heading\" data-id=\"5715096b\" data-element_type=\"widget\" data-e-type=\"widget\" data-widget_type=\"heading.default\">\n\t\t\t\t<div class=\"elementor-widget-container\">\n\t\t\t\t\t<h3 class=\"elementor-heading-title elementor-size-default\">Pianon och flyglar - Feurich Instrument<\/h3>\t\t\t\t<\/div>\n\t\t\t\t<\/div>\n\t\t\t\t<div class=\"elementor-element elementor-element-7fdf1e48 elementor-widget elementor-widget-text-editor\" data-id=\"7fdf1e48\" data-element_type=\"widget\" data-e-type=\"widget\" id=\"lasmer\" data-widget_type=\"text-editor.default\">\n\t\t\t\t<div class=\"elementor-widget-container\">\n\t\t\t\t\t\t\t\t\t<p>V\u00e5r utst\u00e4llningshall\/Showroom f\u00f6r Feurich flyglar \u00e4r 200 kvadratmeter stort. Dessutom har vi ytterligare 40 kvadratmeter med pianon att prova.\u00a0 Med ca 30 flyglar och 10 piano uppst\u00e4llda f\u00e5r ni m\u00f6jlighet att k\u00e4nna anslag och lyssna p\u00e5 klangen f\u00f6r varje flygel. \u00c4ven om det \u00e4r samma fabrikat och samma modell skiljer sig de \u00e5t b\u00e5de i anslag och klang. Vi vill ha s\u00e5 m\u00e5nga alternativ som m\u00f6jligt uppst\u00e4llda bredvid varandra s\u00e5 ni kan j\u00e4mf\u00f6ra de olika individerna. Feurich h\u00f6r till \\\u201dtop ten\\\u201d i v\u00e4rlden och \u00e4r ett premiumm\u00e4rke.<\/p><h3>Egen El<\/h3><p>V\u00e5rt f\u00f6retag \u00e4r helt sj\u00e4lvf\u00f6rs\u00f6rjande p\u00e5 el fr\u00e5n solen. N\u00e4r du k\u00f6per instrument hos oss \u00e4r det inte dyrare men betydligt mer milj\u00f6v\u00e4nligt. Vi bedriver ett omfattande milj\u00f6arbete och satsar stora resurser p\u00e5 att st\u00e4ndigt hitta nya m\u00f6jligheter att trycka ner v\u00e5rt klimatavtryck.<\/p>\t\t\t\t\t\t\t\t<\/div>\n\t\t\t\t<\/div>\n\t\t\t\t<div class=\"elementor-element elementor-element-bff3240 elementor-widget elementor-widget-heading\" data-id=\"bff3240\" data-element_type=\"widget\" data-e-type=\"widget\" data-widget_type=\"heading.default\">\n\t\t\t\t<div class=\"elementor-widget-container\">\n\t\t\t\t\t<h3 class=\"elementor-heading-title elementor-size-default\">\u00c5terf\u00f6rs\u00e4ljare av Feurich<\/h3>\t\t\t\t<\/div>\n\t\t\t\t<\/div>\n\t\t\t\t<div class=\"elementor-element elementor-element-fce07ee elementor-widget elementor-widget-text-editor\" data-id=\"fce07ee\" data-element_type=\"widget\" data-e-type=\"widget\" data-widget_type=\"text-editor.default\">\n\t\t\t\t<div class=\"elementor-widget-container\">\n\t\t\t\t\t\t\t\t\t<p>Det mycket uppskattade <a href=\"https:\/\/feurich.com\/en\/\" target=\"_blank\" rel=\"noopener\"><span style=\"color: #ff0000;\">FEURICH<\/span><\/a> fabrikatet av piano och flyglar har producerats i mer \u00e4n 160 \u00e5r och den kompetens och stora erfarenhet av v\u00e5rt team av experter \u00e4r den fr\u00e4msta anledningen att vi kan uppr\u00e4tth\u00e5lla traditionen av kvalit\u00e9 i FEURICH instrumenten.<\/p><p>Du kan med f\u00f6rtroende v\u00e4nda dig till oss n\u00e4r du beh\u00f6ver st\u00e4mma ett piano, en ny flygel eller ett nytt piano. Detta \u00e4r instrument med h\u00f6g kvalit\u00e9. Du f\u00e5r \u00e4ven efter k\u00f6pet del av v\u00e5r goda kompetens d\u00e5 ni \u00f6nskar service<\/p>\t\t\t\t\t\t\t\t<\/div>\n\t\t\t\t<\/div>\n\t\t\t\t<div class=\"elementor-element elementor-element-90b5f9c elementor-widget elementor-widget-heading\" data-id=\"90b5f9c\" data-element_type=\"widget\" data-e-type=\"widget\" data-widget_type=\"heading.default\">\n\t\t\t\t<div class=\"elementor-widget-container\">\n\t\t\t\t\t<h3 class=\"elementor-heading-title elementor-size-default\">Reparation och st\u00e4mning<\/h3>\t\t\t\t<\/div>\n\t\t\t\t<\/div>\n\t\t\t\t<div class=\"elementor-element elementor-element-5ebcf8d elementor-widget elementor-widget-text-editor\" data-id=\"5ebcf8d\" data-element_type=\"widget\" data-e-type=\"widget\" data-widget_type=\"text-editor.default\">\n\t\t\t\t<div class=\"elementor-widget-container\">\n\t\t\t\t\t\t\t\t\t<p>Vi utf\u00f6r alla slags pianoreparationer, flygelrenoveringar och restaureringar av pianon och flyglar. <a href=\"https:\/\/pianostammare.se\/kontakt\"><span style=\"color: #ff0000;\">Kontakta oss f\u00f6r att diskutera dina behov<\/span>.<\/a> Vi st\u00e4mmer b\u00e5de pianon och flyglar till b\u00e5de privatpersoner och institutioner. Vi levererar i hela Mellansverige och hela Stockholm.<\/p>\t\t\t\t\t\t\t\t<\/div>\n\t\t\t\t<\/div>\n\t\t\t\t\t<\/div>\n\t\t<\/div>\n\t\t\t\t\t<\/div>\n\t\t<\/section>\n\t\t\t\t<\/div>\n\t\t","protected":false},"excerpt":{"rendered":"<p>Detta \u00e4r v\u00e5ra utst\u00e4llningshallar f\u00f6r piano och flyglar H\u00e4r hittar ni er flygel L\u00e4s mer Pianon och flyglar &#8211; Feurich Instrument V\u00e5r utst\u00e4llningshall\/Showroom f\u00f6r Feurich flyglar \u00e4r 200 kvadratmeter stort. Dessutom har vi ytterligare 40 kvadratmeter med pianon att prova.\u00a0 Med ca 30 flyglar och 10 piano uppst\u00e4llda f\u00e5r ni m\u00f6jlighet att k\u00e4nna anslag och [&hellip;]<\/p>\n","protected":false},"author":1,"featured_media":15320,"parent":0,"menu_order":0,"comment_status":"closed","ping_status":"closed","template":"","meta":{"site-sidebar-layout":"no-sidebar","site-content-layout":"page-builder","ast-site-content-layout":"full-width-container","site-content-style":"unboxed","site-sidebar-style":"unboxed","ast-global-header-display":"","ast-banner-title-visibility":"","ast-main-header-display":"","ast-hfb-above-header-display":"","ast-hfb-below-header-display":"","ast-hfb-mobile-header-display":"","site-post-title":"disabled","ast-breadcrumbs-content":"","ast-featured-img":"disabled","footer-sml-layout":"","ast-disable-related-posts":"","theme-transparent-header-meta":"","adv-header-id-meta":"","stick-header-meta":"","header-above-stick-meta":"","header-main-stick-meta":"","header-below-stick-meta":"","astra-migrate-meta-layouts":"set","ast-page-background-enabled":"default","ast-page-background-meta":{"desktop":{"background-color":"","background-image":"","background-repeat":"repeat","background-position":"center center","background-size":"auto","background-attachment":"scroll","background-type":"","background-media":"","overlay-type":"","overlay-color":"","overlay-opacity":"","overlay-gradient":""},"tablet":{"background-color":"","background-image":"","background-repeat":"repeat","background-position":"center center","background-size":"auto","background-attachment":"scroll","background-type":"","background-media":"","overlay-type":"","overlay-color":"","overlay-opacity":"","overlay-gradient":""},"mobile":{"background-color":"","background-image":"","background-repeat":"repeat","background-position":"center center","background-size":"auto","background-attachment":"scroll","background-type":"","background-media":"","overlay-type":"","overlay-color":"","overlay-opacity":"","overlay-gradient":""}},"ast-content-background-meta":{"desktop":{"background-color":"var(--ast-global-color-5)","background-image":"","background-repeat":"repeat","background-position":"center center","background-size":"auto","background-attachment":"scroll","background-type":"","background-media":"","overlay-type":"","overlay-color":"","overlay-opacity":"","overlay-gradient":""},"tablet":{"background-color":"var(--ast-global-color-5)","background-image":"","background-repeat":"repeat","background-position":"center center","background-size":"auto","background-attachment":"scroll","background-type":"","background-media":"","overlay-type":"","overlay-color":"","overlay-opacity":"","overlay-gradient":""},"mobile":{"background-color":"var(--ast-global-color-5)","background-image":"","background-repeat":"repeat","background-position":"center center","background-size":"auto","background-attachment":"scroll","background-type":"","background-media":"","overlay-type":"","overlay-color":"","overlay-opacity":"","overlay-gradient":""}},"footnotes":""},"class_list":["post-13696","page","type-page","status-publish","has-post-thumbnail","hentry"],"yoast_head":"<!-- This site is optimized with the Yoast SEO Premium plugin v26.1 (Yoast SEO v27.4) - https:\/\/yoast.com\/product\/yoast-seo-premium-wordpress\/ -->\n<title>Utst\u00e4llningshall bl\u00e5a rummet f\u00f6r piano och flygel<\/title>\n<meta name=\"description\" content=\"Bl\u00e5 rummet \u00e4r v\u00e5rt senaste tillskott som utst\u00e4llningslokal. Ytterligare 100 kvadratmeter fullt av flyglar och Yamaha B-sortiment bland piano.\" \/>\n<meta name=\"robots\" content=\"index, follow, max-snippet:-1, max-image-preview:large, max-video-preview:-1\" \/>\n<link rel=\"canonical\" href=\"https:\/\/pianostammare.se\/en\/utstallningshall-for-piano-och-flygel\/\" \/>\n<meta property=\"og:locale\" content=\"en_GB\" \/>\n<meta property=\"og:type\" content=\"article\" \/>\n<meta property=\"og:title\" content=\"Utst\u00e4llningshall f\u00f6r piano och flygel\" \/>\n<meta property=\"og:description\" content=\"Bl\u00e5 rummet \u00e4r v\u00e5rt senaste tillskott som utst\u00e4llningslokal. Ytterligare 100 kvadratmeter fullt av flyglar och Yamaha B-sortiment bland piano.\" \/>\n<meta property=\"og:url\" content=\"https:\/\/pianostammare.se\/en\/utstallningshall-for-piano-och-flygel\/\" \/>\n<meta property=\"og:site_name\" content=\"Pianost\u00e4mmare, flyglar och piano\" \/>\n<meta property=\"article:publisher\" content=\"https:\/\/www.facebook.com\/share\/167DsieNj3\/?mibextid=wwXlfr\" \/>\n<meta property=\"article:modified_time\" content=\"2025-03-13T11:55:12+00:00\" \/>\n<meta property=\"og:image\" content=\"https:\/\/i0.wp.com\/en.pianostammare.se\/wp-content\/uploads\/2023\/03\/MickeT-022.jpg?fit=1800%2C1201&ssl=1\" \/>\n\t<meta property=\"og:image:width\" content=\"1800\" \/>\n\t<meta property=\"og:image:height\" content=\"1201\" \/>\n\t<meta property=\"og:image:type\" content=\"image\/jpeg\" \/>\n<meta name=\"twitter:card\" content=\"summary_large_image\" \/>\n<meta name=\"twitter:label1\" content=\"Estimated reading time\" \/>\n\t<meta name=\"twitter:data1\" content=\"2 minutes\" \/>\n<script type=\"application\/ld+json\" class=\"yoast-schema-graph\">{\"@context\":\"https:\\\/\\\/schema.org\",\"@graph\":[{\"@type\":\"WebPage\",\"@id\":\"https:\\\/\\\/pianostammare.se\\\/utstallningshall-for-piano-och-flygel\\\/\",\"url\":\"https:\\\/\\\/pianostammare.se\\\/utstallningshall-for-piano-och-flygel\\\/\",\"name\":\"Utst\u00e4llningshall bl\u00e5a rummet f\u00f6r piano och flygel\",\"isPartOf\":{\"@id\":\"https:\\\/\\\/pianostammare.se\\\/#website\"},\"primaryImageOfPage\":{\"@id\":\"https:\\\/\\\/pianostammare.se\\\/utstallningshall-for-piano-och-flygel\\\/#primaryimage\"},\"image\":{\"@id\":\"https:\\\/\\\/pianostammare.se\\\/utstallningshall-for-piano-och-flygel\\\/#primaryimage\"},\"thumbnailUrl\":\"https:\\\/\\\/i0.wp.com\\\/pianostammare.se\\\/wp-content\\\/uploads\\\/2023\\\/03\\\/MickeT-022.jpg?fit=1800%2C1201&ssl=1\",\"datePublished\":\"2022-12-22T16:41:47+00:00\",\"dateModified\":\"2025-03-13T11:55:12+00:00\",\"description\":\"Bl\u00e5 rummet \u00e4r v\u00e5rt senaste tillskott som utst\u00e4llningslokal. Ytterligare 100 kvadratmeter fullt av flyglar och Yamaha B-sortiment bland piano.\",\"breadcrumb\":{\"@id\":\"https:\\\/\\\/pianostammare.se\\\/utstallningshall-for-piano-och-flygel\\\/#breadcrumb\"},\"inLanguage\":\"en-GB\",\"potentialAction\":[{\"@type\":\"ReadAction\",\"target\":[\"https:\\\/\\\/pianostammare.se\\\/utstallningshall-for-piano-och-flygel\\\/\"]}]},{\"@type\":\"ImageObject\",\"inLanguage\":\"en-GB\",\"@id\":\"https:\\\/\\\/pianostammare.se\\\/utstallningshall-for-piano-och-flygel\\\/#primaryimage\",\"url\":\"https:\\\/\\\/i0.wp.com\\\/pianostammare.se\\\/wp-content\\\/uploads\\\/2023\\\/03\\\/MickeT-022.jpg?fit=1800%2C1201&ssl=1\",\"contentUrl\":\"https:\\\/\\\/i0.wp.com\\\/pianostammare.se\\\/wp-content\\\/uploads\\\/2023\\\/03\\\/MickeT-022.jpg?fit=1800%2C1201&ssl=1\",\"width\":1800,\"height\":1201,\"caption\":\"Ett av v\u00e5ra fina showroom f\u00f6r nya och begagnade piano o flyglar\"},{\"@type\":\"BreadcrumbList\",\"@id\":\"https:\\\/\\\/pianostammare.se\\\/utstallningshall-for-piano-och-flygel\\\/#breadcrumb\",\"itemListElement\":[{\"@type\":\"ListItem\",\"position\":1,\"name\":\"Hem\",\"item\":\"https:\\\/\\\/pianostammare.se\\\/\"},{\"@type\":\"ListItem\",\"position\":2,\"name\":\"Utst\u00e4llningshall f\u00f6r piano och flygel\"}]},{\"@type\":\"WebSite\",\"@id\":\"https:\\\/\\\/pianostammare.se\\\/#website\",\"url\":\"https:\\\/\\\/pianostammare.se\\\/\",\"name\":\"Pianost\u00e4mmare, flyglar och piano\",\"description\":\"Utst\u00e4llningshall f\u00f6r nya piano &amp; Flyglar\",\"publisher\":{\"@id\":\"https:\\\/\\\/pianostammare.se\\\/#organization\"},\"potentialAction\":[{\"@type\":\"SearchAction\",\"target\":{\"@type\":\"EntryPoint\",\"urlTemplate\":\"https:\\\/\\\/pianostammare.se\\\/?s={search_term_string}\"},\"query-input\":{\"@type\":\"PropertyValueSpecification\",\"valueRequired\":true,\"valueName\":\"search_term_string\"}}],\"inLanguage\":\"en-GB\"},{\"@type\":\"Organization\",\"@id\":\"https:\\\/\\\/pianostammare.se\\\/#organization\",\"name\":\"Pianost\u00e4mmare, flyglar och piano\",\"url\":\"https:\\\/\\\/pianostammare.se\\\/\",\"logo\":{\"@type\":\"ImageObject\",\"inLanguage\":\"en-GB\",\"@id\":\"https:\\\/\\\/pianostammare.se\\\/#\\\/schema\\\/logo\\\/image\\\/\",\"url\":\"https:\\\/\\\/pianostammare.se\\\/wp-content\\\/uploads\\\/2022\\\/11\\\/cropped-Namnlos-design.avif\",\"contentUrl\":\"https:\\\/\\\/pianostammare.se\\\/wp-content\\\/uploads\\\/2022\\\/11\\\/cropped-Namnlos-design.avif\",\"width\":1200,\"height\":800,\"caption\":\"Pianost\u00e4mmare, flyglar och piano\"},\"image\":{\"@id\":\"https:\\\/\\\/pianostammare.se\\\/#\\\/schema\\\/logo\\\/image\\\/\"},\"sameAs\":[\"https:\\\/\\\/www.facebook.com\\\/share\\\/167DsieNj3\\\/?mibextid=wwXlfr\"]}]}<\/script>\n<!-- \/ Yoast SEO Premium plugin. -->","yoast_head_json":{"title":"Utst\u00e4llningshall bl\u00e5a rummet f\u00f6r piano och flygel","description":"Bl\u00e5 rummet \u00e4r v\u00e5rt senaste tillskott som utst\u00e4llningslokal. Ytterligare 100 kvadratmeter fullt av flyglar och Yamaha B-sortiment bland piano.","robots":{"index":"index","follow":"follow","max-snippet":"max-snippet:-1","max-image-preview":"max-image-preview:large","max-video-preview":"max-video-preview:-1"},"canonical":"https:\/\/pianostammare.se\/en\/utstallningshall-for-piano-och-flygel\/","og_locale":"en_GB","og_type":"article","og_title":"Utst\u00e4llningshall f\u00f6r piano och flygel","og_description":"Bl\u00e5 rummet \u00e4r v\u00e5rt senaste tillskott som utst\u00e4llningslokal. Ytterligare 100 kvadratmeter fullt av flyglar och Yamaha B-sortiment bland piano.","og_url":"https:\/\/pianostammare.se\/en\/utstallningshall-for-piano-och-flygel\/","og_site_name":"Pianost\u00e4mmare, flyglar och piano","article_publisher":"https:\/\/www.facebook.com\/share\/167DsieNj3\/?mibextid=wwXlfr","article_modified_time":"2025-03-13T11:55:12+00:00","og_image":[{"width":1800,"height":1201,"url":"https:\/\/i0.wp.com\/en.pianostammare.se\/wp-content\/uploads\/2023\/03\/MickeT-022.jpg?fit=1800%2C1201&ssl=1","type":"image\/jpeg"}],"twitter_card":"summary_large_image","twitter_misc":{"Estimated reading time":"2 minutes"},"schema":{"@context":"https:\/\/schema.org","@graph":[{"@type":"WebPage","@id":"https:\/\/pianostammare.se\/utstallningshall-for-piano-och-flygel\/","url":"https:\/\/pianostammare.se\/utstallningshall-for-piano-och-flygel\/","name":"Utst\u00e4llningshall bl\u00e5a rummet f\u00f6r piano och flygel","isPartOf":{"@id":"https:\/\/pianostammare.se\/#website"},"primaryImageOfPage":{"@id":"https:\/\/pianostammare.se\/utstallningshall-for-piano-och-flygel\/#primaryimage"},"image":{"@id":"https:\/\/pianostammare.se\/utstallningshall-for-piano-och-flygel\/#primaryimage"},"thumbnailUrl":"https:\/\/i0.wp.com\/pianostammare.se\/wp-content\/uploads\/2023\/03\/MickeT-022.jpg?fit=1800%2C1201&ssl=1","datePublished":"2022-12-22T16:41:47+00:00","dateModified":"2025-03-13T11:55:12+00:00","description":"Bl\u00e5 rummet \u00e4r v\u00e5rt senaste tillskott som utst\u00e4llningslokal. Ytterligare 100 kvadratmeter fullt av flyglar och Yamaha B-sortiment bland piano.","breadcrumb":{"@id":"https:\/\/pianostammare.se\/utstallningshall-for-piano-och-flygel\/#breadcrumb"},"inLanguage":"en-GB","potentialAction":[{"@type":"ReadAction","target":["https:\/\/pianostammare.se\/utstallningshall-for-piano-och-flygel\/"]}]},{"@type":"ImageObject","inLanguage":"en-GB","@id":"https:\/\/pianostammare.se\/utstallningshall-for-piano-och-flygel\/#primaryimage","url":"https:\/\/i0.wp.com\/pianostammare.se\/wp-content\/uploads\/2023\/03\/MickeT-022.jpg?fit=1800%2C1201&ssl=1","contentUrl":"https:\/\/i0.wp.com\/pianostammare.se\/wp-content\/uploads\/2023\/03\/MickeT-022.jpg?fit=1800%2C1201&ssl=1","width":1800,"height":1201,"caption":"Ett av v\u00e5ra fina showroom f\u00f6r nya och begagnade piano o flyglar"},{"@type":"BreadcrumbList","@id":"https:\/\/pianostammare.se\/utstallningshall-for-piano-och-flygel\/#breadcrumb","itemListElement":[{"@type":"ListItem","position":1,"name":"Hem","item":"https:\/\/pianostammare.se\/"},{"@type":"ListItem","position":2,"name":"Utst\u00e4llningshall f\u00f6r piano och flygel"}]},{"@type":"WebSite","@id":"https:\/\/pianostammare.se\/#website","url":"https:\/\/pianostammare.se\/","name":"Pianost\u00e4mmare, flyglar och piano","description":"Utst\u00e4llningshall f\u00f6r nya piano &amp; Flyglar","publisher":{"@id":"https:\/\/pianostammare.se\/#organization"},"potentialAction":[{"@type":"SearchAction","target":{"@type":"EntryPoint","urlTemplate":"https:\/\/pianostammare.se\/?s={search_term_string}"},"query-input":{"@type":"PropertyValueSpecification","valueRequired":true,"valueName":"search_term_string"}}],"inLanguage":"en-GB"},{"@type":"Organization","@id":"https:\/\/pianostammare.se\/#organization","name":"Pianost\u00e4mmare, flyglar och piano","url":"https:\/\/pianostammare.se\/","logo":{"@type":"ImageObject","inLanguage":"en-GB","@id":"https:\/\/pianostammare.se\/#\/schema\/logo\/image\/","url":"https:\/\/pianostammare.se\/wp-content\/uploads\/2022\/11\/cropped-Namnlos-design.avif","contentUrl":"https:\/\/pianostammare.se\/wp-content\/uploads\/2022\/11\/cropped-Namnlos-design.avif","width":1200,"height":800,"caption":"Pianost\u00e4mmare, flyglar och piano"},"image":{"@id":"https:\/\/pianostammare.se\/#\/schema\/logo\/image\/"},"sameAs":["https:\/\/www.facebook.com\/share\/167DsieNj3\/?mibextid=wwXlfr"]}]}},"_links":{"self":[{"href":"https:\/\/pianostammare.se\/en\/wp-json\/wp\/v2\/pages\/13696","targetHints":{"allow":["GET"]}}],"collection":[{"href":"https:\/\/pianostammare.se\/en\/wp-json\/wp\/v2\/pages"}],"about":[{"href":"https:\/\/pianostammare.se\/en\/wp-json\/wp\/v2\/types\/page"}],"author":[{"embeddable":true,"href":"https:\/\/pianostammare.se\/en\/wp-json\/wp\/v2\/users\/1"}],"replies":[{"embeddable":true,"href":"https:\/\/pianostammare.se\/en\/wp-json\/wp\/v2\/comments?post=13696"}],"version-history":[{"count":7,"href":"https:\/\/pianostammare.se\/en\/wp-json\/wp\/v2\/pages\/13696\/revisions"}],"predecessor-version":[{"id":18667,"href":"https:\/\/pianostammare.se\/en\/wp-json\/wp\/v2\/pages\/13696\/revisions\/18667"}],"wp:featuredmedia":[{"embeddable":true,"href":"https:\/\/pianostammare.se\/en\/wp-json\/wp\/v2\/media\/15320"}],"wp:attachment":[{"href":"https:\/\/pianostammare.se\/en\/wp-json\/wp\/v2\/media?parent=13696"}],"curies":[{"name":"wp","href":"https:\/\/api.w.org\/{rel}","templated":true}]}}