{"id":17112,"date":"2023-12-20T13:22:32","date_gmt":"2023-12-20T12:22:32","guid":{"rendered":"https:\/\/pianostammare.se\/?page_id=17112"},"modified":"2025-02-26T09:26:42","modified_gmt":"2025-02-26T08:26:42","slug":"instrumentformedling","status":"publish","type":"page","link":"https:\/\/pianostammare.se\/en\/instrumentformedling\/","title":{"rendered":"Instrument brokerage"},"content":{"rendered":"<div data-elementor-type=\"wp-page\" data-elementor-id=\"17112\" class=\"elementor elementor-17112\">\n\t\t\t\t\t\t<section class=\"elementor-section elementor-top-section elementor-element elementor-element-4f1792e2 elementor-section-boxed elementor-section-height-default elementor-section-height-default\" data-id=\"4f1792e2\" data-element_type=\"section\" data-e-type=\"section\">\n\t\t\t\t\t\t<div class=\"elementor-container elementor-column-gap-default\">\n\t\t\t\t\t<div class=\"elementor-column elementor-col-100 elementor-top-column elementor-element elementor-element-32564303\" data-id=\"32564303\" data-element_type=\"column\" data-e-type=\"column\">\n\t\t\t<div class=\"elementor-widget-wrap elementor-element-populated\">\n\t\t\t\t\t\t<div class=\"elementor-element elementor-element-37a093c0 elementor-widget elementor-widget-text-editor\" data-id=\"37a093c0\" data-element_type=\"widget\" data-e-type=\"widget\" data-widget_type=\"text-editor.default\">\n\t\t\t\t<div class=\"elementor-widget-container\">\n\t\t\t\t\t\t\t\t\t\n<div class=\"wp-block-jetpack-contact-form\">\n\n<\/div>\n\t\t\t\t\t\t\t\t<\/div>\n\t\t\t\t<\/div>\n\t\t\t\t\t<\/div>\n\t\t<\/div>\n\t\t\t\t\t<\/div>\n\t\t<\/section>\n\t\t\t\t<section class=\"elementor-section elementor-top-section elementor-element elementor-element-28a1dca elementor-section-boxed elementor-section-height-default elementor-section-height-default\" data-id=\"28a1dca\" data-element_type=\"section\" data-e-type=\"section\">\n\t\t\t\t\t\t<div class=\"elementor-container elementor-column-gap-default\">\n\t\t\t\t\t<div class=\"elementor-column elementor-col-100 elementor-top-column elementor-element elementor-element-83ffc61\" data-id=\"83ffc61\" data-element_type=\"column\" data-e-type=\"column\">\n\t\t\t<div class=\"elementor-widget-wrap elementor-element-populated\">\n\t\t\t\t\t\t<div class=\"elementor-element elementor-element-cbdf286 elementor-widget__width-initial elementor-widget elementor-widget-text-editor\" data-id=\"cbdf286\" data-element_type=\"widget\" data-e-type=\"widget\" data-widget_type=\"text-editor.default\">\n\t\t\t\t<div class=\"elementor-widget-container\">\n\t\t\t\t\t\t\t\t\t<p>First, we assess whether we believe your grand piano is sellable. Then, we provide a preliminary estimate of what the piano could be sold for. If we agree to sell the grand piano on your behalf, you are responsible for the shipping cost to our showroom.\u00a0<span style=\"font-style: inherit; font-weight: inherit; background-color: var(--ast-global-color-5); color: var(--ast-global-color-3);\">Kommer vi \u00f6verens om att vi ska s\u00e4lja flygeln f\u00f6r er r\u00e4kning st\u00e5r ni f\u00f6r fraktkostnaden till utst\u00e4llningshallen.<\/span><\/p><p>We charge a commission fee of 15% of the total purchase price, with a minimum of 15,000 SEK for instrument brokerage.\u00a0<span style=\"font-style: inherit; font-weight: inherit; background-color: var(--ast-global-color-5); color: var(--ast-global-color-3);\">This fee includes marketing the piano online and on our website, showcasing it to potential buyers, and handling the sales transaction. Storage for up to 6 months is included; after that, a storage fee of 700 SEK + VAT\/month will be charged.<\/span><\/p><p>Any repairs, restorations, tunings, or other work are not included in the commission fee and are paid for by the seller.\u00a0<span style=\"font-style: inherit; font-weight: inherit; background-color: var(--ast-global-color-5); color: var(--ast-global-color-3);\">The buyer is responsible for shipping costs to their location.<\/span><\/p><p>You have the right to cancel the sale at any time if you wish. In such cases, you will only be charged for the expenses we have incurred during the process, such as storage and marketing costs.<\/p>\t\t\t\t\t\t\t\t<\/div>\n\t\t\t\t<\/div>\n\t\t\t\t<div class=\"elementor-element elementor-element-e3c4cf5 elementor-widget elementor-widget-image\" data-id=\"e3c4cf5\" data-element_type=\"widget\" data-e-type=\"widget\" data-widget_type=\"image.default\">\n\t\t\t\t<div class=\"elementor-widget-container\">\n\t\t\t\t\t\t\t\t\t\t\t\t\t\t\t<img fetchpriority=\"high\" decoding=\"async\" width=\"225\" height=\"300\" src=\"https:\/\/i0.wp.com\/pianostammare.se\/wp-content\/uploads\/2023\/09\/IMG_34351-scaled.jpg?fit=225%2C300&amp;ssl=1\" class=\"attachment-medium size-medium wp-image-16981\" alt=\"Vackert inpolerad f\u00f6retagslogo i klaffen\" srcset=\"https:\/\/i0.wp.com\/pianostammare.se\/wp-content\/uploads\/2023\/09\/IMG_34351-scaled.jpg?w=1920&amp;ssl=1 1920w, https:\/\/i0.wp.com\/pianostammare.se\/wp-content\/uploads\/2023\/09\/IMG_34351-scaled.jpg?resize=600%2C800&amp;ssl=1 600w, https:\/\/i0.wp.com\/pianostammare.se\/wp-content\/uploads\/2023\/09\/IMG_34351-scaled.jpg?resize=225%2C300&amp;ssl=1 225w, https:\/\/i0.wp.com\/pianostammare.se\/wp-content\/uploads\/2023\/09\/IMG_34351-scaled.jpg?resize=768%2C1024&amp;ssl=1 768w, https:\/\/i0.wp.com\/pianostammare.se\/wp-content\/uploads\/2023\/09\/IMG_34351-scaled.jpg?resize=1152%2C1536&amp;ssl=1 1152w, https:\/\/i0.wp.com\/pianostammare.se\/wp-content\/uploads\/2023\/09\/IMG_34351-scaled.jpg?resize=1536%2C2048&amp;ssl=1 1536w\" sizes=\"(max-width: 225px) 100vw, 225px\" \/>\t\t\t\t\t\t\t\t\t\t\t\t\t\t\t<\/div>\n\t\t\t\t<\/div>\n\t\t\t\t\t<\/div>\n\t\t<\/div>\n\t\t\t\t\t<\/div>\n\t\t<\/section>\n\t\t\t\t<\/div>","protected":false},"excerpt":{"rendered":"<p>F\u00f6rst g\u00f6r vi en bed\u00f6mning om vi anser att er flygel \u00e4r s\u00e4ljbar, d\u00e4refter g\u00f6r vi en prelimin\u00e4r uppskattning vad flygeln g\u00e5r att s\u00e4ljas f\u00f6r.\u00a0Kommer vi \u00f6verens om att vi ska s\u00e4lja flygeln f\u00f6r er r\u00e4kning st\u00e5r ni f\u00f6r fraktkostnaden till utst\u00e4llningshallen. Vi tar en kommissionsavgift p\u00e5 15% av totala k\u00f6peskillingen, dock l\u00e4gst 15000 kronor [&hellip;]<\/p>\n","protected":false},"author":1,"featured_media":0,"parent":0,"menu_order":0,"comment_status":"closed","ping_status":"closed","template":"","meta":{"site-sidebar-layout":"default","site-content-layout":"","ast-site-content-layout":"default","site-content-style":"default","site-sidebar-style":"default","ast-global-header-display":"","ast-banner-title-visibility":"","ast-main-header-display":"","ast-hfb-above-header-display":"","ast-hfb-below-header-display":"","ast-hfb-mobile-header-display":"","site-post-title":"","ast-breadcrumbs-content":"","ast-featured-img":"","footer-sml-layout":"","ast-disable-related-posts":"","theme-transparent-header-meta":"","adv-header-id-meta":"","stick-header-meta":"","header-above-stick-meta":"","header-main-stick-meta":"","header-below-stick-meta":"","astra-migrate-meta-layouts":"set","ast-page-background-enabled":"default","ast-page-background-meta":{"desktop":{"background-color":"","background-image":"","background-repeat":"repeat","background-position":"center center","background-size":"auto","background-attachment":"scroll","background-type":"","background-media":"","overlay-type":"","overlay-color":"","overlay-opacity":"","overlay-gradient":""},"tablet":{"background-color":"","background-image":"","background-repeat":"repeat","background-position":"center center","background-size":"auto","background-attachment":"scroll","background-type":"","background-media":"","overlay-type":"","overlay-color":"","overlay-opacity":"","overlay-gradient":""},"mobile":{"background-color":"","background-image":"","background-repeat":"repeat","background-position":"center center","background-size":"auto","background-attachment":"scroll","background-type":"","background-media":"","overlay-type":"","overlay-color":"","overlay-opacity":"","overlay-gradient":""}},"ast-content-background-meta":{"desktop":{"background-color":"var(--ast-global-color-5)","background-image":"","background-repeat":"repeat","background-position":"center center","background-size":"auto","background-attachment":"scroll","background-type":"","background-media":"","overlay-type":"","overlay-color":"","overlay-opacity":"","overlay-gradient":""},"tablet":{"background-color":"var(--ast-global-color-5)","background-image":"","background-repeat":"repeat","background-position":"center center","background-size":"auto","background-attachment":"scroll","background-type":"","background-media":"","overlay-type":"","overlay-color":"","overlay-opacity":"","overlay-gradient":""},"mobile":{"background-color":"var(--ast-global-color-5)","background-image":"","background-repeat":"repeat","background-position":"center center","background-size":"auto","background-attachment":"scroll","background-type":"","background-media":"","overlay-type":"","overlay-color":"","overlay-opacity":"","overlay-gradient":""}},"footnotes":""},"class_list":["post-17112","page","type-page","status-publish","hentry"],"yoast_head":"<!-- This site is optimized with the Yoast SEO Premium plugin v26.1 (Yoast SEO v27.4) - https:\/\/yoast.com\/product\/yoast-seo-premium-wordpress\/ -->\n<title>Instrumentf\u00f6rmedling<\/title>\n<meta name=\"robots\" content=\"index, follow, max-snippet:-1, max-image-preview:large, max-video-preview:-1\" \/>\n<link rel=\"canonical\" href=\"https:\/\/pianostammare.se\/en\/instrumentformedling\/\" \/>\n<meta property=\"og:locale\" content=\"en_GB\" \/>\n<meta property=\"og:type\" content=\"article\" \/>\n<meta property=\"og:title\" content=\"Instrumentf\u00f6rmedling\" \/>\n<meta property=\"og:description\" content=\"F\u00f6rst g\u00f6r vi en bed\u00f6mning om vi anser att er flygel \u00e4r s\u00e4ljbar, d\u00e4refter g\u00f6r vi en prelimin\u00e4r uppskattning vad flygeln g\u00e5r att s\u00e4ljas f\u00f6r.\u00a0Kommer vi \u00f6verens om att vi ska s\u00e4lja flygeln f\u00f6r er r\u00e4kning st\u00e5r ni f\u00f6r fraktkostnaden till utst\u00e4llningshallen. Vi tar en kommissionsavgift p\u00e5 15% av totala k\u00f6peskillingen, dock l\u00e4gst 15000 kronor [&hellip;]\" \/>\n<meta property=\"og:url\" content=\"https:\/\/pianostammare.se\/en\/instrumentformedling\/\" \/>\n<meta property=\"og:site_name\" content=\"Pianost\u00e4mmare, flyglar och piano\" \/>\n<meta property=\"article:publisher\" content=\"https:\/\/www.facebook.com\/share\/167DsieNj3\/?mibextid=wwXlfr\" \/>\n<meta property=\"article:modified_time\" content=\"2025-02-26T08:26:42+00:00\" \/>\n<meta property=\"og:image\" content=\"https:\/\/pianostammare.se\/wp-content\/uploads\/2023\/09\/IMG_34351-225x300.jpg\" \/>\n<meta name=\"twitter:card\" content=\"summary_large_image\" \/>\n<meta name=\"twitter:label1\" content=\"Estimated reading time\" \/>\n\t<meta name=\"twitter:data1\" content=\"1 minute\" \/>\n<script type=\"application\/ld+json\" class=\"yoast-schema-graph\">{\"@context\":\"https:\\\/\\\/schema.org\",\"@graph\":[{\"@type\":\"WebPage\",\"@id\":\"https:\\\/\\\/pianostammare.se\\\/instrumentformedling\\\/\",\"url\":\"https:\\\/\\\/pianostammare.se\\\/instrumentformedling\\\/\",\"name\":\"Instrumentf\u00f6rmedling\",\"isPartOf\":{\"@id\":\"https:\\\/\\\/pianostammare.se\\\/#website\"},\"primaryImageOfPage\":{\"@id\":\"https:\\\/\\\/pianostammare.se\\\/instrumentformedling\\\/#primaryimage\"},\"image\":{\"@id\":\"https:\\\/\\\/pianostammare.se\\\/instrumentformedling\\\/#primaryimage\"},\"thumbnailUrl\":\"https:\\\/\\\/pianostammare.se\\\/wp-content\\\/uploads\\\/2023\\\/09\\\/IMG_34351-225x300.jpg\",\"datePublished\":\"2023-12-20T12:22:32+00:00\",\"dateModified\":\"2025-02-26T08:26:42+00:00\",\"breadcrumb\":{\"@id\":\"https:\\\/\\\/pianostammare.se\\\/instrumentformedling\\\/#breadcrumb\"},\"inLanguage\":\"en-GB\",\"potentialAction\":[{\"@type\":\"ReadAction\",\"target\":[\"https:\\\/\\\/pianostammare.se\\\/instrumentformedling\\\/\"]}]},{\"@type\":\"ImageObject\",\"inLanguage\":\"en-GB\",\"@id\":\"https:\\\/\\\/pianostammare.se\\\/instrumentformedling\\\/#primaryimage\",\"url\":\"https:\\\/\\\/pianostammare.se\\\/wp-content\\\/uploads\\\/2023\\\/09\\\/IMG_34351-225x300.jpg\",\"contentUrl\":\"https:\\\/\\\/pianostammare.se\\\/wp-content\\\/uploads\\\/2023\\\/09\\\/IMG_34351-225x300.jpg\"},{\"@type\":\"BreadcrumbList\",\"@id\":\"https:\\\/\\\/pianostammare.se\\\/instrumentformedling\\\/#breadcrumb\",\"itemListElement\":[{\"@type\":\"ListItem\",\"position\":1,\"name\":\"Hem\",\"item\":\"https:\\\/\\\/pianostammare.se\\\/\"},{\"@type\":\"ListItem\",\"position\":2,\"name\":\"Instrumentf\u00f6rmedling\"}]},{\"@type\":\"WebSite\",\"@id\":\"https:\\\/\\\/pianostammare.se\\\/#website\",\"url\":\"https:\\\/\\\/pianostammare.se\\\/\",\"name\":\"Pianost\u00e4mmare, flyglar och piano\",\"description\":\"Utst\u00e4llningshall f\u00f6r nya piano &amp; Flyglar\",\"publisher\":{\"@id\":\"https:\\\/\\\/pianostammare.se\\\/#organization\"},\"potentialAction\":[{\"@type\":\"SearchAction\",\"target\":{\"@type\":\"EntryPoint\",\"urlTemplate\":\"https:\\\/\\\/pianostammare.se\\\/?s={search_term_string}\"},\"query-input\":{\"@type\":\"PropertyValueSpecification\",\"valueRequired\":true,\"valueName\":\"search_term_string\"}}],\"inLanguage\":\"en-GB\"},{\"@type\":\"Organization\",\"@id\":\"https:\\\/\\\/pianostammare.se\\\/#organization\",\"name\":\"Pianost\u00e4mmare, flyglar och piano\",\"url\":\"https:\\\/\\\/pianostammare.se\\\/\",\"logo\":{\"@type\":\"ImageObject\",\"inLanguage\":\"en-GB\",\"@id\":\"https:\\\/\\\/pianostammare.se\\\/#\\\/schema\\\/logo\\\/image\\\/\",\"url\":\"https:\\\/\\\/pianostammare.se\\\/wp-content\\\/uploads\\\/2022\\\/11\\\/cropped-Namnlos-design.avif\",\"contentUrl\":\"https:\\\/\\\/pianostammare.se\\\/wp-content\\\/uploads\\\/2022\\\/11\\\/cropped-Namnlos-design.avif\",\"width\":1200,\"height\":800,\"caption\":\"Pianost\u00e4mmare, flyglar och piano\"},\"image\":{\"@id\":\"https:\\\/\\\/pianostammare.se\\\/#\\\/schema\\\/logo\\\/image\\\/\"},\"sameAs\":[\"https:\\\/\\\/www.facebook.com\\\/share\\\/167DsieNj3\\\/?mibextid=wwXlfr\"]}]}<\/script>\n<!-- \/ Yoast SEO Premium plugin. -->","yoast_head_json":{"title":"Instrument brokerage","robots":{"index":"index","follow":"follow","max-snippet":"max-snippet:-1","max-image-preview":"max-image-preview:large","max-video-preview":"max-video-preview:-1"},"canonical":"https:\/\/pianostammare.se\/en\/instrumentformedling\/","og_locale":"en_GB","og_type":"article","og_title":"Instrumentf\u00f6rmedling","og_description":"F\u00f6rst g\u00f6r vi en bed\u00f6mning om vi anser att er flygel \u00e4r s\u00e4ljbar, d\u00e4refter g\u00f6r vi en prelimin\u00e4r uppskattning vad flygeln g\u00e5r att s\u00e4ljas f\u00f6r.\u00a0Kommer vi \u00f6verens om att vi ska s\u00e4lja flygeln f\u00f6r er r\u00e4kning st\u00e5r ni f\u00f6r fraktkostnaden till utst\u00e4llningshallen. Vi tar en kommissionsavgift p\u00e5 15% av totala k\u00f6peskillingen, dock l\u00e4gst 15000 kronor [&hellip;]","og_url":"https:\/\/pianostammare.se\/en\/instrumentformedling\/","og_site_name":"Pianost\u00e4mmare, flyglar och piano","article_publisher":"https:\/\/www.facebook.com\/share\/167DsieNj3\/?mibextid=wwXlfr","article_modified_time":"2025-02-26T08:26:42+00:00","og_image":[{"url":"https:\/\/pianostammare.se\/wp-content\/uploads\/2023\/09\/IMG_34351-225x300.jpg","type":"","width":"","height":""}],"twitter_card":"summary_large_image","twitter_misc":{"Estimated reading time":"1 minute"},"schema":{"@context":"https:\/\/schema.org","@graph":[{"@type":"WebPage","@id":"https:\/\/pianostammare.se\/instrumentformedling\/","url":"https:\/\/pianostammare.se\/instrumentformedling\/","name":"Instrument brokerage","isPartOf":{"@id":"https:\/\/pianostammare.se\/#website"},"primaryImageOfPage":{"@id":"https:\/\/pianostammare.se\/instrumentformedling\/#primaryimage"},"image":{"@id":"https:\/\/pianostammare.se\/instrumentformedling\/#primaryimage"},"thumbnailUrl":"https:\/\/pianostammare.se\/wp-content\/uploads\/2023\/09\/IMG_34351-225x300.jpg","datePublished":"2023-12-20T12:22:32+00:00","dateModified":"2025-02-26T08:26:42+00:00","breadcrumb":{"@id":"https:\/\/pianostammare.se\/instrumentformedling\/#breadcrumb"},"inLanguage":"en-GB","potentialAction":[{"@type":"ReadAction","target":["https:\/\/pianostammare.se\/instrumentformedling\/"]}]},{"@type":"ImageObject","inLanguage":"en-GB","@id":"https:\/\/pianostammare.se\/instrumentformedling\/#primaryimage","url":"https:\/\/pianostammare.se\/wp-content\/uploads\/2023\/09\/IMG_34351-225x300.jpg","contentUrl":"https:\/\/pianostammare.se\/wp-content\/uploads\/2023\/09\/IMG_34351-225x300.jpg"},{"@type":"BreadcrumbList","@id":"https:\/\/pianostammare.se\/instrumentformedling\/#breadcrumb","itemListElement":[{"@type":"ListItem","position":1,"name":"Hem","item":"https:\/\/pianostammare.se\/"},{"@type":"ListItem","position":2,"name":"Instrumentf\u00f6rmedling"}]},{"@type":"WebSite","@id":"https:\/\/pianostammare.se\/#website","url":"https:\/\/pianostammare.se\/","name":"Pianost\u00e4mmare, flyglar och piano","description":"Utst\u00e4llningshall f\u00f6r nya piano &amp; Flyglar","publisher":{"@id":"https:\/\/pianostammare.se\/#organization"},"potentialAction":[{"@type":"SearchAction","target":{"@type":"EntryPoint","urlTemplate":"https:\/\/pianostammare.se\/?s={search_term_string}"},"query-input":{"@type":"PropertyValueSpecification","valueRequired":true,"valueName":"search_term_string"}}],"inLanguage":"en-GB"},{"@type":"Organization","@id":"https:\/\/pianostammare.se\/#organization","name":"Pianost\u00e4mmare, flyglar och piano","url":"https:\/\/pianostammare.se\/","logo":{"@type":"ImageObject","inLanguage":"en-GB","@id":"https:\/\/pianostammare.se\/#\/schema\/logo\/image\/","url":"https:\/\/pianostammare.se\/wp-content\/uploads\/2022\/11\/cropped-Namnlos-design.avif","contentUrl":"https:\/\/pianostammare.se\/wp-content\/uploads\/2022\/11\/cropped-Namnlos-design.avif","width":1200,"height":800,"caption":"Pianost\u00e4mmare, flyglar och piano"},"image":{"@id":"https:\/\/pianostammare.se\/#\/schema\/logo\/image\/"},"sameAs":["https:\/\/www.facebook.com\/share\/167DsieNj3\/?mibextid=wwXlfr"]}]}},"_links":{"self":[{"href":"https:\/\/pianostammare.se\/en\/wp-json\/wp\/v2\/pages\/17112","targetHints":{"allow":["GET"]}}],"collection":[{"href":"https:\/\/pianostammare.se\/en\/wp-json\/wp\/v2\/pages"}],"about":[{"href":"https:\/\/pianostammare.se\/en\/wp-json\/wp\/v2\/types\/page"}],"author":[{"embeddable":true,"href":"https:\/\/pianostammare.se\/en\/wp-json\/wp\/v2\/users\/1"}],"replies":[{"embeddable":true,"href":"https:\/\/pianostammare.se\/en\/wp-json\/wp\/v2\/comments?post=17112"}],"version-history":[{"count":0,"href":"https:\/\/pianostammare.se\/en\/wp-json\/wp\/v2\/pages\/17112\/revisions"}],"wp:attachment":[{"href":"https:\/\/pianostammare.se\/en\/wp-json\/wp\/v2\/media?parent=17112"}],"curies":[{"name":"wp","href":"https:\/\/api.w.org\/{rel}","templated":true}]}}