{"id":18695,"date":"2025-03-13T15:37:44","date_gmt":"2025-03-13T14:37:44","guid":{"rendered":"https:\/\/pianostammare.se\/?page_id=18695"},"modified":"2025-12-28T17:25:44","modified_gmt":"2025-12-28T16:25:44","slug":"samarbete","status":"publish","type":"page","link":"https:\/\/pianostammare.se\/en\/samarbete\/","title":{"rendered":"Collaborations"},"content":{"rendered":"","protected":false},"excerpt":{"rendered":"","protected":false},"author":1,"featured_media":18696,"parent":0,"menu_order":0,"comment_status":"closed","ping_status":"closed","template":"","meta":{"site-sidebar-layout":"default","site-content-layout":"","ast-site-content-layout":"default","site-content-style":"default","site-sidebar-style":"default","ast-global-header-display":"","ast-banner-title-visibility":"","ast-main-header-display":"","ast-hfb-above-header-display":"","ast-hfb-below-header-display":"","ast-hfb-mobile-header-display":"","site-post-title":"","ast-breadcrumbs-content":"","ast-featured-img":"","footer-sml-layout":"","ast-disable-related-posts":"","theme-transparent-header-meta":"","adv-header-id-meta":"","stick-header-meta":"","header-above-stick-meta":"","header-main-stick-meta":"","header-below-stick-meta":"","astra-migrate-meta-layouts":"set","ast-page-background-enabled":"default","ast-page-background-meta":{"desktop":{"background-color":"","background-image":"","background-repeat":"repeat","background-position":"center center","background-size":"auto","background-attachment":"scroll","background-type":"","background-media":"","overlay-type":"","overlay-color":"","overlay-opacity":"","overlay-gradient":""},"tablet":{"background-color":"","background-image":"","background-repeat":"repeat","background-position":"center center","background-size":"auto","background-attachment":"scroll","background-type":"","background-media":"","overlay-type":"","overlay-color":"","overlay-opacity":"","overlay-gradient":""},"mobile":{"background-color":"","background-image":"","background-repeat":"repeat","background-position":"center center","background-size":"auto","background-attachment":"scroll","background-type":"","background-media":"","overlay-type":"","overlay-color":"","overlay-opacity":"","overlay-gradient":""}},"ast-content-background-meta":{"desktop":{"background-color":"var(--ast-global-color-5)","background-image":"","background-repeat":"repeat","background-position":"center center","background-size":"auto","background-attachment":"scroll","background-type":"","background-media":"","overlay-type":"","overlay-color":"","overlay-opacity":"","overlay-gradient":""},"tablet":{"background-color":"var(--ast-global-color-5)","background-image":"","background-repeat":"repeat","background-position":"center center","background-size":"auto","background-attachment":"scroll","background-type":"","background-media":"","overlay-type":"","overlay-color":"","overlay-opacity":"","overlay-gradient":""},"mobile":{"background-color":"var(--ast-global-color-5)","background-image":"","background-repeat":"repeat","background-position":"center center","background-size":"auto","background-attachment":"scroll","background-type":"","background-media":"","overlay-type":"","overlay-color":"","overlay-opacity":"","overlay-gradient":""}},"footnotes":""},"class_list":["post-18695","page","type-page","status-publish","has-post-thumbnail","hentry"],"yoast_head":"<!-- This site is optimized with the Yoast SEO Premium plugin v26.1 (Yoast SEO v27.4) - https:\/\/yoast.com\/product\/yoast-seo-premium-wordpress\/ -->\n<title>Samarbete - Pianost\u00e4mmare, flyglar och piano<\/title>\n<meta name=\"description\" content=\"Samarbete med andra f\u00f6retag listas nedan. \u00d6nskar ni vara med i v\u00e5rt samarbete s\u00e5 \u00e4r ni v\u00e4lkomna att \u00e5terkoppla.\" \/>\n<meta name=\"robots\" content=\"index, follow, max-snippet:-1, max-image-preview:large, max-video-preview:-1\" \/>\n<link rel=\"canonical\" href=\"https:\/\/pianostammare.se\/en\/samarbete\/\" \/>\n<meta property=\"og:locale\" content=\"en_GB\" \/>\n<meta property=\"og:type\" content=\"article\" \/>\n<meta property=\"og:title\" content=\"Samarbete\" \/>\n<meta property=\"og:description\" content=\"Samarbete med andra f\u00f6retag listas nedan. \u00d6nskar ni vara med i v\u00e5rt samarbete s\u00e5 \u00e4r ni v\u00e4lkomna att \u00e5terkoppla.\" \/>\n<meta property=\"og:url\" content=\"https:\/\/pianostammare.se\/en\/samarbete\/\" \/>\n<meta property=\"og:site_name\" content=\"Pianost\u00e4mmare, flyglar och piano\" \/>\n<meta property=\"article:publisher\" content=\"https:\/\/www.facebook.com\/share\/167DsieNj3\/?mibextid=wwXlfr\" \/>\n<meta property=\"article:modified_time\" content=\"2025-12-28T16:25:44+00:00\" \/>\n<meta property=\"og:image\" content=\"https:\/\/pianostammare.se\/wp-content\/uploads\/2025\/03\/istockphoto-2031547179-2048x2048-1.avif\" \/>\n\t<meta property=\"og:image:width\" content=\"2048\" \/>\n\t<meta property=\"og:image:height\" content=\"1366\" \/>\n\t<meta property=\"og:image:type\" content=\"image\/jpeg\" \/>\n<meta name=\"twitter:card\" content=\"summary_large_image\" \/>\n<meta name=\"twitter:label1\" content=\"Estimated reading time\" \/>\n\t<meta name=\"twitter:data1\" content=\"1 minute\" \/>\n<script type=\"application\/ld+json\" class=\"yoast-schema-graph\">{\"@context\":\"https:\\\/\\\/schema.org\",\"@graph\":[{\"@type\":\"WebPage\",\"@id\":\"https:\\\/\\\/pianostammare.se\\\/samarbete\\\/\",\"url\":\"https:\\\/\\\/pianostammare.se\\\/samarbete\\\/\",\"name\":\"Samarbete - Pianost\u00e4mmare, flyglar och piano\",\"isPartOf\":{\"@id\":\"https:\\\/\\\/pianostammare.se\\\/#website\"},\"primaryImageOfPage\":{\"@id\":\"https:\\\/\\\/pianostammare.se\\\/samarbete\\\/#primaryimage\"},\"image\":{\"@id\":\"https:\\\/\\\/pianostammare.se\\\/samarbete\\\/#primaryimage\"},\"thumbnailUrl\":\"https:\\\/\\\/pianostammare.se\\\/wp-content\\\/uploads\\\/2025\\\/03\\\/istockphoto-2031547179-2048x2048-1.avif\",\"datePublished\":\"2025-03-13T14:37:44+00:00\",\"dateModified\":\"2025-12-28T16:25:44+00:00\",\"description\":\"Samarbete med andra f\u00f6retag listas nedan. \u00d6nskar ni vara med i v\u00e5rt samarbete s\u00e5 \u00e4r ni v\u00e4lkomna att \u00e5terkoppla.\",\"breadcrumb\":{\"@id\":\"https:\\\/\\\/pianostammare.se\\\/samarbete\\\/#breadcrumb\"},\"inLanguage\":\"en-GB\",\"potentialAction\":[{\"@type\":\"ReadAction\",\"target\":[\"https:\\\/\\\/pianostammare.se\\\/samarbete\\\/\"]}]},{\"@type\":\"ImageObject\",\"inLanguage\":\"en-GB\",\"@id\":\"https:\\\/\\\/pianostammare.se\\\/samarbete\\\/#primaryimage\",\"url\":\"https:\\\/\\\/pianostammare.se\\\/wp-content\\\/uploads\\\/2025\\\/03\\\/istockphoto-2031547179-2048x2048-1.avif\",\"contentUrl\":\"https:\\\/\\\/pianostammare.se\\\/wp-content\\\/uploads\\\/2025\\\/03\\\/istockphoto-2031547179-2048x2048-1.avif\",\"width\":2048,\"height\":1366,\"caption\":\"Tillsammans med andra f\u00f6retag samarbetar vi.\"},{\"@type\":\"BreadcrumbList\",\"@id\":\"https:\\\/\\\/pianostammare.se\\\/samarbete\\\/#breadcrumb\",\"itemListElement\":[{\"@type\":\"ListItem\",\"position\":1,\"name\":\"Hem\",\"item\":\"https:\\\/\\\/pianostammare.se\\\/\"},{\"@type\":\"ListItem\",\"position\":2,\"name\":\"Samarbete\"}]},{\"@type\":\"WebSite\",\"@id\":\"https:\\\/\\\/pianostammare.se\\\/#website\",\"url\":\"https:\\\/\\\/pianostammare.se\\\/\",\"name\":\"Pianost\u00e4mmare, flyglar och piano\",\"description\":\"Utst\u00e4llningshall f\u00f6r nya piano &amp; Flyglar\",\"publisher\":{\"@id\":\"https:\\\/\\\/pianostammare.se\\\/#organization\"},\"potentialAction\":[{\"@type\":\"SearchAction\",\"target\":{\"@type\":\"EntryPoint\",\"urlTemplate\":\"https:\\\/\\\/pianostammare.se\\\/?s={search_term_string}\"},\"query-input\":{\"@type\":\"PropertyValueSpecification\",\"valueRequired\":true,\"valueName\":\"search_term_string\"}}],\"inLanguage\":\"en-GB\"},{\"@type\":\"Organization\",\"@id\":\"https:\\\/\\\/pianostammare.se\\\/#organization\",\"name\":\"Pianost\u00e4mmare, flyglar och piano\",\"url\":\"https:\\\/\\\/pianostammare.se\\\/\",\"logo\":{\"@type\":\"ImageObject\",\"inLanguage\":\"en-GB\",\"@id\":\"https:\\\/\\\/pianostammare.se\\\/#\\\/schema\\\/logo\\\/image\\\/\",\"url\":\"https:\\\/\\\/pianostammare.se\\\/wp-content\\\/uploads\\\/2022\\\/11\\\/cropped-Namnlos-design.avif\",\"contentUrl\":\"https:\\\/\\\/pianostammare.se\\\/wp-content\\\/uploads\\\/2022\\\/11\\\/cropped-Namnlos-design.avif\",\"width\":1200,\"height\":800,\"caption\":\"Pianost\u00e4mmare, flyglar och piano\"},\"image\":{\"@id\":\"https:\\\/\\\/pianostammare.se\\\/#\\\/schema\\\/logo\\\/image\\\/\"},\"sameAs\":[\"https:\\\/\\\/www.facebook.com\\\/share\\\/167DsieNj3\\\/?mibextid=wwXlfr\"]}]}<\/script>\n<!-- \/ Yoast SEO Premium plugin. -->","yoast_head_json":{"title":"Samarbete - Pianost\u00e4mmare, flyglar och piano","description":"Samarbete med andra f\u00f6retag listas nedan. \u00d6nskar ni vara med i v\u00e5rt samarbete s\u00e5 \u00e4r ni v\u00e4lkomna att \u00e5terkoppla.","robots":{"index":"index","follow":"follow","max-snippet":"max-snippet:-1","max-image-preview":"max-image-preview:large","max-video-preview":"max-video-preview:-1"},"canonical":"https:\/\/pianostammare.se\/en\/samarbete\/","og_locale":"en_GB","og_type":"article","og_title":"Samarbete","og_description":"Samarbete med andra f\u00f6retag listas nedan. \u00d6nskar ni vara med i v\u00e5rt samarbete s\u00e5 \u00e4r ni v\u00e4lkomna att \u00e5terkoppla.","og_url":"https:\/\/pianostammare.se\/en\/samarbete\/","og_site_name":"Pianost\u00e4mmare, flyglar och piano","article_publisher":"https:\/\/www.facebook.com\/share\/167DsieNj3\/?mibextid=wwXlfr","article_modified_time":"2025-12-28T16:25:44+00:00","og_image":[{"width":2048,"height":1366,"url":"https:\/\/pianostammare.se\/wp-content\/uploads\/2025\/03\/istockphoto-2031547179-2048x2048-1.avif","type":"image\/jpeg"}],"twitter_card":"summary_large_image","twitter_misc":{"Estimated reading time":"1 minute"},"schema":{"@context":"https:\/\/schema.org","@graph":[{"@type":"WebPage","@id":"https:\/\/pianostammare.se\/samarbete\/","url":"https:\/\/pianostammare.se\/samarbete\/","name":"Samarbete - Pianost\u00e4mmare, flyglar och piano","isPartOf":{"@id":"https:\/\/pianostammare.se\/#website"},"primaryImageOfPage":{"@id":"https:\/\/pianostammare.se\/samarbete\/#primaryimage"},"image":{"@id":"https:\/\/pianostammare.se\/samarbete\/#primaryimage"},"thumbnailUrl":"https:\/\/pianostammare.se\/wp-content\/uploads\/2025\/03\/istockphoto-2031547179-2048x2048-1.avif","datePublished":"2025-03-13T14:37:44+00:00","dateModified":"2025-12-28T16:25:44+00:00","description":"Samarbete med andra f\u00f6retag listas nedan. \u00d6nskar ni vara med i v\u00e5rt samarbete s\u00e5 \u00e4r ni v\u00e4lkomna att \u00e5terkoppla.","breadcrumb":{"@id":"https:\/\/pianostammare.se\/samarbete\/#breadcrumb"},"inLanguage":"en-GB","potentialAction":[{"@type":"ReadAction","target":["https:\/\/pianostammare.se\/samarbete\/"]}]},{"@type":"ImageObject","inLanguage":"en-GB","@id":"https:\/\/pianostammare.se\/samarbete\/#primaryimage","url":"https:\/\/pianostammare.se\/wp-content\/uploads\/2025\/03\/istockphoto-2031547179-2048x2048-1.avif","contentUrl":"https:\/\/pianostammare.se\/wp-content\/uploads\/2025\/03\/istockphoto-2031547179-2048x2048-1.avif","width":2048,"height":1366,"caption":"Tillsammans med andra f\u00f6retag samarbetar vi."},{"@type":"BreadcrumbList","@id":"https:\/\/pianostammare.se\/samarbete\/#breadcrumb","itemListElement":[{"@type":"ListItem","position":1,"name":"Hem","item":"https:\/\/pianostammare.se\/"},{"@type":"ListItem","position":2,"name":"Samarbete"}]},{"@type":"WebSite","@id":"https:\/\/pianostammare.se\/#website","url":"https:\/\/pianostammare.se\/","name":"Pianost\u00e4mmare, flyglar och piano","description":"Utst\u00e4llningshall f\u00f6r nya piano &amp; Flyglar","publisher":{"@id":"https:\/\/pianostammare.se\/#organization"},"potentialAction":[{"@type":"SearchAction","target":{"@type":"EntryPoint","urlTemplate":"https:\/\/pianostammare.se\/?s={search_term_string}"},"query-input":{"@type":"PropertyValueSpecification","valueRequired":true,"valueName":"search_term_string"}}],"inLanguage":"en-GB"},{"@type":"Organization","@id":"https:\/\/pianostammare.se\/#organization","name":"Pianost\u00e4mmare, flyglar och piano","url":"https:\/\/pianostammare.se\/","logo":{"@type":"ImageObject","inLanguage":"en-GB","@id":"https:\/\/pianostammare.se\/#\/schema\/logo\/image\/","url":"https:\/\/pianostammare.se\/wp-content\/uploads\/2022\/11\/cropped-Namnlos-design.avif","contentUrl":"https:\/\/pianostammare.se\/wp-content\/uploads\/2022\/11\/cropped-Namnlos-design.avif","width":1200,"height":800,"caption":"Pianost\u00e4mmare, flyglar och piano"},"image":{"@id":"https:\/\/pianostammare.se\/#\/schema\/logo\/image\/"},"sameAs":["https:\/\/www.facebook.com\/share\/167DsieNj3\/?mibextid=wwXlfr"]}]}},"_links":{"self":[{"href":"https:\/\/pianostammare.se\/en\/wp-json\/wp\/v2\/pages\/18695","targetHints":{"allow":["GET"]}}],"collection":[{"href":"https:\/\/pianostammare.se\/en\/wp-json\/wp\/v2\/pages"}],"about":[{"href":"https:\/\/pianostammare.se\/en\/wp-json\/wp\/v2\/types\/page"}],"author":[{"embeddable":true,"href":"https:\/\/pianostammare.se\/en\/wp-json\/wp\/v2\/users\/1"}],"replies":[{"embeddable":true,"href":"https:\/\/pianostammare.se\/en\/wp-json\/wp\/v2\/comments?post=18695"}],"version-history":[{"count":10,"href":"https:\/\/pianostammare.se\/en\/wp-json\/wp\/v2\/pages\/18695\/revisions"}],"predecessor-version":[{"id":19193,"href":"https:\/\/pianostammare.se\/en\/wp-json\/wp\/v2\/pages\/18695\/revisions\/19193"}],"wp:featuredmedia":[{"embeddable":true,"href":"https:\/\/pianostammare.se\/en\/wp-json\/wp\/v2\/media\/18696"}],"wp:attachment":[{"href":"https:\/\/pianostammare.se\/en\/wp-json\/wp\/v2\/media?parent=18695"}],"curies":[{"name":"wp","href":"https:\/\/api.w.org\/{rel}","templated":true}]}}