{"id":808,"date":"2022-11-22T13:41:56","date_gmt":"2022-11-22T12:41:56","guid":{"rendered":"https:\/\/pianostammare.se\/?page_id=808"},"modified":"2025-03-13T15:17:29","modified_gmt":"2025-03-13T14:17:29","slug":"piano-flygeltransport-pianoflytt-flygelflytt","status":"publish","type":"page","link":"https:\/\/pianostammare.se\/en\/piano-flygeltransport-pianoflytt-flygelflytt\/","title":{"rendered":"Grand and upright piano transport"},"content":{"rendered":"<div data-elementor-type=\"wp-page\" data-elementor-id=\"808\" class=\"elementor elementor-808\">\n\t\t\t\t\t\t<section class=\"elementor-section elementor-top-section elementor-element elementor-element-2a461c9 elementor-reverse-tablet elementor-reverse-mobile elementor-section-boxed elementor-section-height-default elementor-section-height-default\" data-id=\"2a461c9\" data-element_type=\"section\" data-e-type=\"section\">\n\t\t\t\t\t\t<div class=\"elementor-container elementor-column-gap-default\">\n\t\t\t\t\t<div class=\"elementor-column elementor-col-100 elementor-top-column elementor-element elementor-element-cd01f86\" data-id=\"cd01f86\" data-element_type=\"column\" data-e-type=\"column\">\n\t\t\t<div class=\"elementor-widget-wrap elementor-element-populated\">\n\t\t\t\t\t\t<div class=\"elementor-element elementor-element-3e563c8 elementor-widget elementor-widget-text-editor\" data-id=\"3e563c8\" data-element_type=\"widget\" data-e-type=\"widget\" id=\"first_pop\" data-widget_type=\"text-editor.default\">\n\t\t\t\t<div class=\"elementor-widget-container\">\n\t\t\t\t\t\t\t\t\t<h5>Transport service<\/h5><p class=\"translation-block\">Are you moving? We can help transport your upright or grand piano. When we look at your instrument, we carry out an inspection and suggest what needs to be rectified to have it sounding good again.  This could be e.g. <a href=\"https:\/\/pianostammare.se\/en\/pianostamning\/\" target=\"_self\">tuning<\/a> or adjusting the piano or replacing tuning pins or strings. As the instrument is going to be moved anyway, we can transport it to our modern piano workshop to service it so you can play beautiful music. There will be no extra costs for transporting an upright or grand piano to repair or adjust it if we stop off at our workshop on the way.<br><a style=\"font-style: inherit;font-weight: inherit\" title=\"Skatteverket\" href=\"https:\/\/www.riksdagen.se\/sv\/dokument-och-lagar\/dokument\/svensk-forfattningssamling\/yrkestrafiklag-2012210_sfs-2012-210\/#K2\" target=\"_blank\" rel=\"noopener\">Commercial Transport License<\/a><span style=\"font-style: inherit;font-weight: inherit;background-color: var(--ast-global-color-4);color: var(--ast-global-color-3)\">\u00a0och\u00a0<\/span><a style=\"font-size: 1rem;font-style: inherit;font-family: -apple-system, BlinkMacSystemFont, 'Segoe UI', Roboto, Oxygen-Sans, Ubuntu, Cantarell, 'Helvetica Neue', sans-serif\" href=\"https:\/\/skatteverket.se\/privat\/skatter\/arbeteochinkomst\/formaner\/bilforman\/korjournal.4.18e1b10334ebe8bc8000695.html\" target=\"_blank\" rel=\"noopener\">Vehicle Logbook<\/a><\/p><h5>Weights<\/h5><p>How much does a piano weigh, and how heavy is a grand piano? Our main task is not just carrying upright or grand pianos, even if we have developed systems that make the move easier. Straps as well as special trolleys are mounted directly on the piano with mounts for an electric winch that is controlled remotely to reduce workloads but also increases safety and reduces the risk of injuries to personnel and damage to instruments.<\/p><h5>Service<\/h5><p style=\"font-size: 15px; font-style: normal; font-weight: 400;\" class=\"translation-block\">With more than 20 years of experience and extensive piano technology studies, we can repair and restore instruments to perfect condition.<\/p><div><p style=\"font-size: 15px;\">It\u2019s not very fun to have your piano or grand piano carried in, only to find out when the piano tuner arrives that the instrument cannot be tuned!<\/p><\/div><div><h5>Think smart<\/h5><p style=\"font-size: 15px;\" class=\"translation-block\">We are not an out and out transport company as we specialise only in upright and grand piano transport. These are heavy instruments and any inexperienced person putting their back out while lifting a piano with a risk of long-term injury is one too many. So perhaps saving on the expense of hiring us may not be the best option, but the smartest thing is to be able to go to work the next day without back problems, not to mention the bonus of having your upright or grand piano well serviced after the move.<\/p><p style=\"font-size: 15px; font-style: normal; font-weight: 400;\"><span style=\"font-style: inherit; font-weight: inherit; background-color: var(--ast-global-color-4); color: var(--ast-global-color-3);\">It is a win-win situation to hire us instead.<\/span><\/p><div><p style=\"font-size: 15px;\">In the event of difficulty getting there by car or stairs, we hire a local moving company, who will then charge you for their costs.<\/p><h5>Vehicles<\/h5><p style=\"font-size: 15px;\" class=\"translation-block\">We have a modern vehicle fleet including a truck with an EEV engine that reduces particle emissions by 33% in relation to Euro 5 engines.\nEEV is short for Enhanced Environmental-friendly Vehicle, which describes the most stringent environmental standard to date \u2013 even lower emissions than Euro 5.<\/p><\/div><p style=\"font-size: 15px; font-style: normal; font-weight: 400;\">Maybe you want to upgrade to a new upright piano or grand piano when you move? In that case, it's well worth a visit to our showroom in Leksand! We have many instruments and can customise them to suit your preferences\u2014whether it's the exterior, interior, or even the tonal character. If you\u2019d like a silencer system or a self-playing system, we\u2019ll of course install that as well. A satisfied customer often leads to more customers!<\/p><\/div>\t\t\t\t\t\t\t\t<\/div>\n\t\t\t\t<\/div>\n\t\t\t\t<div class=\"elementor-element elementor-element-237bee6 elementor-widget elementor-widget-image\" data-id=\"237bee6\" data-element_type=\"widget\" data-e-type=\"widget\" data-widget_type=\"image.default\">\n\t\t\t\t<div class=\"elementor-widget-container\">\n\t\t\t\t\t\t\t\t\t\t\t\t<figure class=\"wp-caption\">\n\t\t\t\t\t\t\t\t\t\t<img decoding=\"async\" width=\"146\" height=\"300\" src=\"https:\/\/i0.wp.com\/pianostammare.se\/wp-content\/uploads\/2022\/12\/IMG_7054.jpg?fit=146%2C300&amp;ssl=1\" class=\"attachment-medium size-medium wp-image-13195\" alt=\"piano-flygeltransport\" srcset=\"https:\/\/i0.wp.com\/pianostammare.se\/wp-content\/uploads\/2022\/12\/IMG_7054.jpg?w=746&amp;ssl=1 746w, https:\/\/i0.wp.com\/pianostammare.se\/wp-content\/uploads\/2022\/12\/IMG_7054.jpg?resize=600%2C1234&amp;ssl=1 600w, https:\/\/i0.wp.com\/pianostammare.se\/wp-content\/uploads\/2022\/12\/IMG_7054.jpg?resize=146%2C300&amp;ssl=1 146w, https:\/\/i0.wp.com\/pianostammare.se\/wp-content\/uploads\/2022\/12\/IMG_7054.jpg?resize=498%2C1024&amp;ssl=1 498w\" sizes=\"(max-width: 146px) 100vw, 146px\" \/>\t\t\t\t\t\t\t\t\t\t\t<figcaption class=\"widget-image-caption wp-caption-text\">Our truck is specifically designed for the safe and secure transport of your piano or grand piano. Our drivers are licensed with categories A, B, BE, and C1. The weight limit is defined by the capacity of the truck. <\/figcaption>\n\t\t\t\t\t\t\t\t\t\t<\/figure>\n\t\t\t\t\t\t\t\t\t<\/div>\n\t\t\t\t<\/div>\n\t\t\t\t<div class=\"elementor-element elementor-element-1692013 elementor-widget elementor-widget-accordion\" data-id=\"1692013\" data-element_type=\"widget\" data-e-type=\"widget\" id=\"toggle_pop\" data-widget_type=\"accordion.default\">\n\t\t\t\t<div class=\"elementor-widget-container\">\n\t\t\t\t\t\t\t<div class=\"elementor-accordion\">\n\t\t\t\t\t\t\t<div class=\"elementor-accordion-item\">\n\t\t\t\t\t<div id=\"elementor-tab-title-2361\" class=\"elementor-tab-title\" data-tab=\"1\" role=\"button\" aria-controls=\"elementor-tab-content-2361\" aria-expanded=\"false\">\n\t\t\t\t\t\t\t\t\t\t\t\t\t<span class=\"elementor-accordion-icon elementor-accordion-icon-left\" aria-hidden=\"true\">\n\t\t\t\t\t\t\t\t\t\t\t\t\t\t\t<span class=\"elementor-accordion-icon-closed\"><i class=\"fas fa-plus\"><\/i><\/span>\n\t\t\t\t\t\t\t\t<span class=\"elementor-accordion-icon-opened\"><i class=\"fas fa-minus\"><\/i><\/span>\n\t\t\t\t\t\t\t\t\t\t\t\t\t\t<\/span>\n\t\t\t\t\t\t\t\t\t\t\t\t<a class=\"elementor-accordion-title\" tabindex=\"0\">Insurance<\/a>\n\t\t\t\t\t<\/div>\n\t\t\t\t\t<div id=\"elementor-tab-content-2361\" class=\"elementor-tab-content elementor-clearfix\" data-tab=\"1\" role=\"region\" aria-labelledby=\"elementor-tab-title-2361\"><p>Instruments are insured during transport to a value of SEK 1,000,000.<\/p><\/div>\n\t\t\t\t<\/div>\n\t\t\t\t\t\t\t\t<\/div>\n\t\t\t\t\t\t<\/div>\n\t\t\t\t<\/div>\n\t\t\t\t<div class=\"elementor-element elementor-element-18384e3 elementor-widget elementor-widget-image\" data-id=\"18384e3\" data-element_type=\"widget\" data-e-type=\"widget\" data-widget_type=\"image.default\">\n\t\t\t\t<div class=\"elementor-widget-container\">\n\t\t\t\t\t\t\t\t\t\t\t\t<figure class=\"wp-caption\">\n\t\t\t\t\t\t\t\t\t\t<img fetchpriority=\"high\" decoding=\"async\" width=\"720\" height=\"960\" src=\"https:\/\/i0.wp.com\/pianostammare.se\/wp-content\/uploads\/2022\/11\/IMG_1247.jpg?fit=720%2C960&amp;ssl=1\" class=\"attachment-medium_large size-medium_large wp-image-642\" alt=\"Pianoplan Piano o Flygeltransport\" srcset=\"https:\/\/i0.wp.com\/pianostammare.se\/wp-content\/uploads\/2022\/11\/IMG_1247.jpg?w=720&amp;ssl=1 720w, https:\/\/i0.wp.com\/pianostammare.se\/wp-content\/uploads\/2022\/11\/IMG_1247.jpg?resize=600%2C800&amp;ssl=1 600w, https:\/\/i0.wp.com\/pianostammare.se\/wp-content\/uploads\/2022\/11\/IMG_1247.jpg?resize=225%2C300&amp;ssl=1 225w\" sizes=\"(max-width: 720px) 100vw, 720px\" \/>\t\t\t\t\t\t\t\t\t\t\t<figcaption class=\"widget-image-caption wp-caption-text\">With our specially equipped pianoplan transport robot, we have the ability to make difficult transports easy. We take great care of both the instruments and our staff. The robot alone lifts a 600 kg grand piano onto its platform and can adjust angles so the load stays horizontal and doesn\u2019t slip off. It can also move the load back and forth to prevent the robot from tipping backwards. An amazing tool in our work.<\/figcaption>\n\t\t\t\t\t\t\t\t\t\t<\/figure>\n\t\t\t\t\t\t\t\t\t<\/div>\n\t\t\t\t<\/div>\n\t\t\t\t\t<\/div>\n\t\t<\/div>\n\t\t\t\t\t<\/div>\n\t\t<\/section>\n\t\t\t\t<section class=\"elementor-section elementor-top-section elementor-element elementor-element-11nwsio elementor-section-content-middle elementor-reverse-tablet elementor-reverse-mobile elementor-section-boxed elementor-section-height-default elementor-section-height-default\" data-id=\"11nwsio\" data-element_type=\"section\" data-e-type=\"section\" data-settings=\"{&quot;background_background&quot;:&quot;classic&quot;}\">\n\t\t\t\t\t\t\t<div class=\"elementor-background-overlay\"><\/div>\n\t\t\t\t\t\t\t<div class=\"elementor-container elementor-column-gap-no\">\n\t\t\t\t\t<div class=\"elementor-column elementor-col-100 elementor-top-column elementor-element elementor-element-116f2ae\" data-id=\"116f2ae\" data-element_type=\"column\" data-e-type=\"column\">\n\t\t\t<div class=\"elementor-widget-wrap elementor-element-populated\">\n\t\t\t\t\t\t<div class=\"elementor-element elementor-element-105ab5c elementor-widget elementor-widget-heading\" data-id=\"105ab5c\" data-element_type=\"widget\" data-e-type=\"widget\" data-widget_type=\"heading.default\">\n\t\t\t\t<div class=\"elementor-widget-container\">\n\t\t\t\t\t<h5 class=\"elementor-heading-title elementor-size-default\">Do you need help to transport an upright or grand piano?<\/h5>\t\t\t\t<\/div>\n\t\t\t\t<\/div>\n\t\t\t\t<div class=\"elementor-element elementor-element-d26675a elementor-widget elementor-widget-heading\" data-id=\"d26675a\" data-element_type=\"widget\" data-e-type=\"widget\" data-widget_type=\"heading.default\">\n\t\t\t\t<div class=\"elementor-widget-container\">\n\t\t\t\t\t<h2 class=\"elementor-heading-title elementor-size-default\">We can help you!\n<\/h2>\t\t\t\t<\/div>\n\t\t\t\t<\/div>\n\t\t\t\t\t<\/div>\n\t\t<\/div>\n\t\t\t\t\t<\/div>\n\t\t<\/section>\n\t\t\t\t<\/div>","protected":false},"excerpt":{"rendered":"<p>Flygeltransport och pianoflytt Ska ni flytta? Vi kan hj\u00e4lpa till vid piano-flygeltransport. N\u00e4r vi kommer till ert instrument, tittar vi igenom det och f\u00f6resl\u00e5r vad som beh\u00f6vs \u00e5tg\u00e4rdas f\u00f6r att f\u00e5 det v\u00e4lklingande. Det kan vara t.ex. en st\u00e4mning\u00a0eller justering, st\u00e4mnagelbyte eller str\u00e4ngbyte. N\u00e4r ni \u00e4nd\u00e5 ska flytta instrumentet s\u00e5 kan vi l\u00e5ta instrumentet mellanlanda [&hellip;]<\/p>\n","protected":false},"author":1,"featured_media":642,"parent":0,"menu_order":0,"comment_status":"closed","ping_status":"closed","template":"","meta":{"site-sidebar-layout":"no-sidebar","site-content-layout":"page-builder","ast-site-content-layout":"full-width-container","site-content-style":"unboxed","site-sidebar-style":"unboxed","ast-global-header-display":"","ast-banner-title-visibility":"","ast-main-header-display":"","ast-hfb-above-header-display":"","ast-hfb-below-header-display":"","ast-hfb-mobile-header-display":"","site-post-title":"disabled","ast-breadcrumbs-content":"","ast-featured-img":"disabled","footer-sml-layout":"","ast-disable-related-posts":"","theme-transparent-header-meta":"","adv-header-id-meta":"","stick-header-meta":"","header-above-stick-meta":"","header-main-stick-meta":"","header-below-stick-meta":"","astra-migrate-meta-layouts":"set","ast-page-background-enabled":"default","ast-page-background-meta":{"desktop":{"background-color":"","background-image":"","background-repeat":"repeat","background-position":"center center","background-size":"auto","background-attachment":"scroll","background-type":"","background-media":"","overlay-type":"","overlay-color":"","overlay-opacity":"","overlay-gradient":""},"tablet":{"background-color":"","background-image":"","background-repeat":"repeat","background-position":"center center","background-size":"auto","background-attachment":"scroll","background-type":"","background-media":"","overlay-type":"","overlay-color":"","overlay-opacity":"","overlay-gradient":""},"mobile":{"background-color":"","background-image":"","background-repeat":"repeat","background-position":"center center","background-size":"auto","background-attachment":"scroll","background-type":"","background-media":"","overlay-type":"","overlay-color":"","overlay-opacity":"","overlay-gradient":""}},"ast-content-background-meta":{"desktop":{"background-color":"var(--ast-global-color-5)","background-image":"","background-repeat":"repeat","background-position":"center center","background-size":"auto","background-attachment":"scroll","background-type":"","background-media":"","overlay-type":"","overlay-color":"","overlay-opacity":"","overlay-gradient":""},"tablet":{"background-color":"var(--ast-global-color-5)","background-image":"","background-repeat":"repeat","background-position":"center center","background-size":"auto","background-attachment":"scroll","background-type":"","background-media":"","overlay-type":"","overlay-color":"","overlay-opacity":"","overlay-gradient":""},"mobile":{"background-color":"var(--ast-global-color-5)","background-image":"","background-repeat":"repeat","background-position":"center center","background-size":"auto","background-attachment":"scroll","background-type":"","background-media":"","overlay-type":"","overlay-color":"","overlay-opacity":"","overlay-gradient":""}},"footnotes":""},"class_list":["post-808","page","type-page","status-publish","has-post-thumbnail","hentry"],"yoast_head":"<!-- This site is optimized with the Yoast SEO Premium plugin v26.1 (Yoast SEO v27.4) - https:\/\/yoast.com\/product\/yoast-seo-premium-wordpress\/ -->\n<title>Flygel och pianotransport<\/title>\n<meta name=\"description\" content=\"F\u00f6rstklassig flygeltransport och pianotransport. St\u00e4mning, justering, reparationer och klimatanl\u00e4ggningar och sj\u00e4lvspelande system.\" \/>\n<meta name=\"robots\" content=\"index, follow, max-snippet:-1, max-image-preview:large, max-video-preview:-1\" \/>\n<link rel=\"canonical\" href=\"https:\/\/pianostammare.se\/en\/piano-flygeltransport-pianoflytt-flygelflytt\/\" \/>\n<meta property=\"og:locale\" content=\"en_GB\" \/>\n<meta property=\"og:type\" content=\"article\" \/>\n<meta property=\"og:title\" content=\"Flygel- och pianotransport\" \/>\n<meta property=\"og:description\" content=\"F\u00f6rstklassig flygeltransport och pianotransport. St\u00e4mning, justering, reparationer och klimatanl\u00e4ggningar och sj\u00e4lvspelande system.\" \/>\n<meta property=\"og:url\" content=\"https:\/\/pianostammare.se\/en\/piano-flygeltransport-pianoflytt-flygelflytt\/\" \/>\n<meta property=\"og:site_name\" content=\"Pianost\u00e4mmare, flyglar och piano\" \/>\n<meta property=\"article:publisher\" content=\"https:\/\/www.facebook.com\/share\/167DsieNj3\/?mibextid=wwXlfr\" \/>\n<meta property=\"article:modified_time\" content=\"2025-03-13T14:17:29+00:00\" \/>\n<meta property=\"og:image\" content=\"https:\/\/i0.wp.com\/en.pianostammare.se\/wp-content\/uploads\/2022\/11\/IMG_1247.jpg?fit=720%2C960&ssl=1\" \/>\n\t<meta property=\"og:image:width\" content=\"720\" \/>\n\t<meta property=\"og:image:height\" content=\"960\" \/>\n\t<meta property=\"og:image:type\" content=\"image\/jpeg\" \/>\n<meta name=\"twitter:card\" content=\"summary_large_image\" \/>\n<meta name=\"twitter:label1\" content=\"Estimated reading time\" \/>\n\t<meta name=\"twitter:data1\" content=\"4 minutes\" \/>\n<script type=\"application\/ld+json\" class=\"yoast-schema-graph\">{\"@context\":\"https:\\\/\\\/schema.org\",\"@graph\":[{\"@type\":\"WebPage\",\"@id\":\"https:\\\/\\\/pianostammare.se\\\/piano-flygeltransport-pianoflytt-flygelflytt\\\/\",\"url\":\"https:\\\/\\\/pianostammare.se\\\/piano-flygeltransport-pianoflytt-flygelflytt\\\/\",\"name\":\"Flygel och pianotransport\",\"isPartOf\":{\"@id\":\"https:\\\/\\\/pianostammare.se\\\/#website\"},\"primaryImageOfPage\":{\"@id\":\"https:\\\/\\\/pianostammare.se\\\/piano-flygeltransport-pianoflytt-flygelflytt\\\/#primaryimage\"},\"image\":{\"@id\":\"https:\\\/\\\/pianostammare.se\\\/piano-flygeltransport-pianoflytt-flygelflytt\\\/#primaryimage\"},\"thumbnailUrl\":\"https:\\\/\\\/i0.wp.com\\\/pianostammare.se\\\/wp-content\\\/uploads\\\/2022\\\/11\\\/IMG_1247.jpg?fit=720%2C960&ssl=1\",\"datePublished\":\"2022-11-22T12:41:56+00:00\",\"dateModified\":\"2025-03-13T14:17:29+00:00\",\"description\":\"F\u00f6rstklassig flygeltransport och pianotransport. St\u00e4mning, justering, reparationer och klimatanl\u00e4ggningar och sj\u00e4lvspelande system.\",\"breadcrumb\":{\"@id\":\"https:\\\/\\\/pianostammare.se\\\/piano-flygeltransport-pianoflytt-flygelflytt\\\/#breadcrumb\"},\"inLanguage\":\"en-GB\",\"potentialAction\":[{\"@type\":\"ReadAction\",\"target\":[\"https:\\\/\\\/pianostammare.se\\\/piano-flygeltransport-pianoflytt-flygelflytt\\\/\"]}]},{\"@type\":\"ImageObject\",\"inLanguage\":\"en-GB\",\"@id\":\"https:\\\/\\\/pianostammare.se\\\/piano-flygeltransport-pianoflytt-flygelflytt\\\/#primaryimage\",\"url\":\"https:\\\/\\\/i0.wp.com\\\/pianostammare.se\\\/wp-content\\\/uploads\\\/2022\\\/11\\\/IMG_1247.jpg?fit=720%2C960&ssl=1\",\"contentUrl\":\"https:\\\/\\\/i0.wp.com\\\/pianostammare.se\\\/wp-content\\\/uploads\\\/2022\\\/11\\\/IMG_1247.jpg?fit=720%2C960&ssl=1\",\"width\":720,\"height\":960,\"caption\":\"Flygeltransport uppf\u00f6r betongtrappa i S\u00e4ffle\"},{\"@type\":\"BreadcrumbList\",\"@id\":\"https:\\\/\\\/pianostammare.se\\\/piano-flygeltransport-pianoflytt-flygelflytt\\\/#breadcrumb\",\"itemListElement\":[{\"@type\":\"ListItem\",\"position\":1,\"name\":\"Hem\",\"item\":\"https:\\\/\\\/pianostammare.se\\\/\"},{\"@type\":\"ListItem\",\"position\":2,\"name\":\"Flygel- och pianotransport\"}]},{\"@type\":\"WebSite\",\"@id\":\"https:\\\/\\\/pianostammare.se\\\/#website\",\"url\":\"https:\\\/\\\/pianostammare.se\\\/\",\"name\":\"Pianost\u00e4mmare, flyglar och piano\",\"description\":\"Utst\u00e4llningshall f\u00f6r nya piano &amp; Flyglar\",\"publisher\":{\"@id\":\"https:\\\/\\\/pianostammare.se\\\/#organization\"},\"potentialAction\":[{\"@type\":\"SearchAction\",\"target\":{\"@type\":\"EntryPoint\",\"urlTemplate\":\"https:\\\/\\\/pianostammare.se\\\/?s={search_term_string}\"},\"query-input\":{\"@type\":\"PropertyValueSpecification\",\"valueRequired\":true,\"valueName\":\"search_term_string\"}}],\"inLanguage\":\"en-GB\"},{\"@type\":\"Organization\",\"@id\":\"https:\\\/\\\/pianostammare.se\\\/#organization\",\"name\":\"Pianost\u00e4mmare, flyglar och piano\",\"url\":\"https:\\\/\\\/pianostammare.se\\\/\",\"logo\":{\"@type\":\"ImageObject\",\"inLanguage\":\"en-GB\",\"@id\":\"https:\\\/\\\/pianostammare.se\\\/#\\\/schema\\\/logo\\\/image\\\/\",\"url\":\"https:\\\/\\\/pianostammare.se\\\/wp-content\\\/uploads\\\/2022\\\/11\\\/cropped-Namnlos-design.avif\",\"contentUrl\":\"https:\\\/\\\/pianostammare.se\\\/wp-content\\\/uploads\\\/2022\\\/11\\\/cropped-Namnlos-design.avif\",\"width\":1200,\"height\":800,\"caption\":\"Pianost\u00e4mmare, flyglar och piano\"},\"image\":{\"@id\":\"https:\\\/\\\/pianostammare.se\\\/#\\\/schema\\\/logo\\\/image\\\/\"},\"sameAs\":[\"https:\\\/\\\/www.facebook.com\\\/share\\\/167DsieNj3\\\/?mibextid=wwXlfr\"]}]}<\/script>\n<!-- \/ Yoast SEO Premium plugin. -->","yoast_head_json":{"title":"Flygel och pianotransport","description":"F\u00f6rstklassig flygeltransport och pianotransport. St\u00e4mning, justering, reparationer och klimatanl\u00e4ggningar och sj\u00e4lvspelande system.","robots":{"index":"index","follow":"follow","max-snippet":"max-snippet:-1","max-image-preview":"max-image-preview:large","max-video-preview":"max-video-preview:-1"},"canonical":"https:\/\/pianostammare.se\/en\/piano-flygeltransport-pianoflytt-flygelflytt\/","og_locale":"en_GB","og_type":"article","og_title":"Flygel- och pianotransport","og_description":"F\u00f6rstklassig flygeltransport och pianotransport. St\u00e4mning, justering, reparationer och klimatanl\u00e4ggningar och sj\u00e4lvspelande system.","og_url":"https:\/\/pianostammare.se\/en\/piano-flygeltransport-pianoflytt-flygelflytt\/","og_site_name":"Pianost\u00e4mmare, flyglar och piano","article_publisher":"https:\/\/www.facebook.com\/share\/167DsieNj3\/?mibextid=wwXlfr","article_modified_time":"2025-03-13T14:17:29+00:00","og_image":[{"width":720,"height":960,"url":"https:\/\/i0.wp.com\/en.pianostammare.se\/wp-content\/uploads\/2022\/11\/IMG_1247.jpg?fit=720%2C960&ssl=1","type":"image\/jpeg"}],"twitter_card":"summary_large_image","twitter_misc":{"Estimated reading time":"4 minutes"},"schema":{"@context":"https:\/\/schema.org","@graph":[{"@type":"WebPage","@id":"https:\/\/pianostammare.se\/piano-flygeltransport-pianoflytt-flygelflytt\/","url":"https:\/\/pianostammare.se\/piano-flygeltransport-pianoflytt-flygelflytt\/","name":"Flygel och pianotransport","isPartOf":{"@id":"https:\/\/pianostammare.se\/#website"},"primaryImageOfPage":{"@id":"https:\/\/pianostammare.se\/piano-flygeltransport-pianoflytt-flygelflytt\/#primaryimage"},"image":{"@id":"https:\/\/pianostammare.se\/piano-flygeltransport-pianoflytt-flygelflytt\/#primaryimage"},"thumbnailUrl":"https:\/\/i0.wp.com\/pianostammare.se\/wp-content\/uploads\/2022\/11\/IMG_1247.jpg?fit=720%2C960&ssl=1","datePublished":"2022-11-22T12:41:56+00:00","dateModified":"2025-03-13T14:17:29+00:00","description":"F\u00f6rstklassig flygeltransport och pianotransport. St\u00e4mning, justering, reparationer och klimatanl\u00e4ggningar och sj\u00e4lvspelande system.","breadcrumb":{"@id":"https:\/\/pianostammare.se\/piano-flygeltransport-pianoflytt-flygelflytt\/#breadcrumb"},"inLanguage":"en-GB","potentialAction":[{"@type":"ReadAction","target":["https:\/\/pianostammare.se\/piano-flygeltransport-pianoflytt-flygelflytt\/"]}]},{"@type":"ImageObject","inLanguage":"en-GB","@id":"https:\/\/pianostammare.se\/piano-flygeltransport-pianoflytt-flygelflytt\/#primaryimage","url":"https:\/\/i0.wp.com\/pianostammare.se\/wp-content\/uploads\/2022\/11\/IMG_1247.jpg?fit=720%2C960&ssl=1","contentUrl":"https:\/\/i0.wp.com\/pianostammare.se\/wp-content\/uploads\/2022\/11\/IMG_1247.jpg?fit=720%2C960&ssl=1","width":720,"height":960,"caption":"Flygeltransport uppf\u00f6r betongtrappa i S\u00e4ffle"},{"@type":"BreadcrumbList","@id":"https:\/\/pianostammare.se\/piano-flygeltransport-pianoflytt-flygelflytt\/#breadcrumb","itemListElement":[{"@type":"ListItem","position":1,"name":"Hem","item":"https:\/\/pianostammare.se\/"},{"@type":"ListItem","position":2,"name":"Flygel- och pianotransport"}]},{"@type":"WebSite","@id":"https:\/\/pianostammare.se\/#website","url":"https:\/\/pianostammare.se\/","name":"Pianost\u00e4mmare, flyglar och piano","description":"Utst\u00e4llningshall f\u00f6r nya piano &amp; Flyglar","publisher":{"@id":"https:\/\/pianostammare.se\/#organization"},"potentialAction":[{"@type":"SearchAction","target":{"@type":"EntryPoint","urlTemplate":"https:\/\/pianostammare.se\/?s={search_term_string}"},"query-input":{"@type":"PropertyValueSpecification","valueRequired":true,"valueName":"search_term_string"}}],"inLanguage":"en-GB"},{"@type":"Organization","@id":"https:\/\/pianostammare.se\/#organization","name":"Pianost\u00e4mmare, flyglar och piano","url":"https:\/\/pianostammare.se\/","logo":{"@type":"ImageObject","inLanguage":"en-GB","@id":"https:\/\/pianostammare.se\/#\/schema\/logo\/image\/","url":"https:\/\/pianostammare.se\/wp-content\/uploads\/2022\/11\/cropped-Namnlos-design.avif","contentUrl":"https:\/\/pianostammare.se\/wp-content\/uploads\/2022\/11\/cropped-Namnlos-design.avif","width":1200,"height":800,"caption":"Pianost\u00e4mmare, flyglar och piano"},"image":{"@id":"https:\/\/pianostammare.se\/#\/schema\/logo\/image\/"},"sameAs":["https:\/\/www.facebook.com\/share\/167DsieNj3\/?mibextid=wwXlfr"]}]}},"_links":{"self":[{"href":"https:\/\/pianostammare.se\/en\/wp-json\/wp\/v2\/pages\/808","targetHints":{"allow":["GET"]}}],"collection":[{"href":"https:\/\/pianostammare.se\/en\/wp-json\/wp\/v2\/pages"}],"about":[{"href":"https:\/\/pianostammare.se\/en\/wp-json\/wp\/v2\/types\/page"}],"author":[{"embeddable":true,"href":"https:\/\/pianostammare.se\/en\/wp-json\/wp\/v2\/users\/1"}],"replies":[{"embeddable":true,"href":"https:\/\/pianostammare.se\/en\/wp-json\/wp\/v2\/comments?post=808"}],"version-history":[{"count":4,"href":"https:\/\/pianostammare.se\/en\/wp-json\/wp\/v2\/pages\/808\/revisions"}],"predecessor-version":[{"id":18585,"href":"https:\/\/pianostammare.se\/en\/wp-json\/wp\/v2\/pages\/808\/revisions\/18585"}],"wp:featuredmedia":[{"embeddable":true,"href":"https:\/\/pianostammare.se\/en\/wp-json\/wp\/v2\/media\/642"}],"wp:attachment":[{"href":"https:\/\/pianostammare.se\/en\/wp-json\/wp\/v2\/media?parent=808"}],"curies":[{"name":"wp","href":"https:\/\/api.w.org\/{rel}","templated":true}]}}