{"id":1037,"date":"2022-11-23T07:49:31","date_gmt":"2022-11-23T06:49:31","guid":{"rendered":"https:\/\/pianostammare.se\/?post_type=product&#038;p=1037"},"modified":"2025-03-19T11:00:46","modified_gmt":"2025-03-19T10:00:46","slug":"feurich-modell-115","status":"publish","type":"product","link":"https:\/\/pianostammare.se\/en\/product\/feurich-modell-115\/","title":{"rendered":"Feurich Model 115"},"content":{"rendered":"<p class=\"translation-block\">Experience an exceptional piano performance with the <a href=\"https:\/\/feurich.com\/en\/products\/classic-pianos\/piano-115-premiere\/\" target=\"_blank\" rel=\"noopener\">Feurich Model 115<\/a>, our elegant and sophisticated piano model designed by our skilled architects. With a high-quality soundboard made of perfectly laminated wood, this piano offers a climate-stable construction, ensuring it sounds amazing no matter where you are.<\/p>\n<h6>The Feurich Model 115 is our most compact model,<\/h6>\n<p>but don\u2019t be fooled by its size. With advanced technology and premium materials, it delivers an incredibly impressive tone and dynamic range that will elevate your musical journey to new heights.<\/p>\n<p>So if you're looking for a piano model that offers both beauty and performance, look no further than the Feurich Model 115. Explore our collection today and discover why our customers love our pianos!<\/p>\n<p>Specifications for the Feurich piano model 115 <img data-recalc-dims=\"1\" fetchpriority=\"high\" decoding=\"async\" class=\"alignnone wp-image-13004 size-medium\" src=\"https:\/\/i0.wp.com\/pianostammare.se\/wp-content\/uploads\/2022\/12\/dimensions_115_web.jpg?resize=300%2C222&#038;ssl=1\" alt=\"Feurich modell 115\" width=\"300\" height=\"222\" srcset=\"https:\/\/i0.wp.com\/pianostammare.se\/wp-content\/uploads\/2022\/12\/dimensions_115_web.jpg?resize=300%2C222&amp;ssl=1 300w, https:\/\/i0.wp.com\/pianostammare.se\/wp-content\/uploads\/2022\/12\/dimensions_115_web.jpg?resize=600%2C445&amp;ssl=1 600w, https:\/\/i0.wp.com\/pianostammare.se\/wp-content\/uploads\/2022\/12\/dimensions_115_web.jpg?resize=768%2C569&amp;ssl=1 768w, https:\/\/i0.wp.com\/pianostammare.se\/wp-content\/uploads\/2022\/12\/dimensions_115_web.jpg?w=1024&amp;ssl=1 1024w\" sizes=\"(max-width: 300px) 100vw, 300px\" \/><\/p>","protected":false},"excerpt":{"rendered":"<p>Discover the Feurich Model 115 \u2013 our most affordable piano, thoughtfully and passionately designed by our skilled architects. With its elegant and modern design, this upright piano is a perfect choice for both home use and professional musicians.<\/p>\n<p>The Feurich Model 115 is equipped with a high-quality soundboard made from perfectly laminated wood. This ensures a climate-stable construction and outstanding sound quality that will make your musical experience even more enjoyable.<\/p>\n<p>This piano is designed to suit both advanced and beginner pianists, and with its exceptional quality, it is a reliable choice for all types of music and playing styles.<\/p>\n<p>Buy the Feurich Model 115 today and experience the outstanding sound quality and design our instruments are reknown for. Our passion for music and craftsmanship shines through in every detail of the manufacturing process, resulting in a piano that delivers a unique and unforgettable musical experience.<\/p>","protected":false},"featured_media":13457,"template":"","meta":{"site-sidebar-layout":"default","site-content-layout":"default","ast-site-content-layout":"default","site-content-style":"default","site-sidebar-style":"default","ast-global-header-display":"","ast-banner-title-visibility":"","ast-main-header-display":"","ast-hfb-above-header-display":"","ast-hfb-below-header-display":"","ast-hfb-mobile-header-display":"","site-post-title":"","ast-breadcrumbs-content":"","ast-featured-img":"","footer-sml-layout":"","ast-disable-related-posts":"","theme-transparent-header-meta":"default","adv-header-id-meta":"","stick-header-meta":"","header-above-stick-meta":"","header-main-stick-meta":"","header-below-stick-meta":"","astra-migrate-meta-layouts":"set","ast-page-background-enabled":"default","ast-page-background-meta":{"desktop":{"background-color":"","background-image":"","background-repeat":"repeat","background-position":"center center","background-size":"auto","background-attachment":"scroll","background-type":"","background-media":"","overlay-type":"","overlay-color":"","overlay-opacity":"","overlay-gradient":""},"tablet":{"background-color":"","background-image":"","background-repeat":"repeat","background-position":"center center","background-size":"auto","background-attachment":"scroll","background-type":"","background-media":"","overlay-type":"","overlay-color":"","overlay-opacity":"","overlay-gradient":""},"mobile":{"background-color":"","background-image":"","background-repeat":"repeat","background-position":"center center","background-size":"auto","background-attachment":"scroll","background-type":"","background-media":"","overlay-type":"","overlay-color":"","overlay-opacity":"","overlay-gradient":""}},"ast-content-background-meta":{"desktop":{"background-color":"var(--ast-global-color-5)","background-image":"","background-repeat":"repeat","background-position":"center center","background-size":"auto","background-attachment":"scroll","background-type":"","background-media":"","overlay-type":"","overlay-color":"","overlay-opacity":"","overlay-gradient":""},"tablet":{"background-color":"var(--ast-global-color-5)","background-image":"","background-repeat":"repeat","background-position":"center center","background-size":"auto","background-attachment":"scroll","background-type":"","background-media":"","overlay-type":"","overlay-color":"","overlay-opacity":"","overlay-gradient":""},"mobile":{"background-color":"var(--ast-global-color-5)","background-image":"","background-repeat":"repeat","background-position":"center center","background-size":"auto","background-attachment":"scroll","background-type":"","background-media":"","overlay-type":"","overlay-color":"","overlay-opacity":"","overlay-gradient":""}},"jetpack_publicize_message":"","jetpack_publicize_feature_enabled":true,"jetpack_social_post_already_shared":false,"jetpack_social_options":{"image_generator_settings":{"template":"highway","default_image_id":0,"font":"","enabled":false},"version":2}},"product_brand":[],"product_cat":[40,37],"product_tag":[],"class_list":{"0":"post-1037","1":"product","2":"type-product","3":"status-publish","4":"has-post-thumbnail","6":"product_cat-nya-pianon","7":"product_cat-pianon","8":"product_shipping_class-tung-flygel","9":"desktop-align-left","10":"tablet-align-left","11":"mobile-align-left","13":"first","14":"instock","15":"taxable","16":"shipping-taxable","17":"purchasable","18":"product-type-simple"},"yoast_head":"<!-- This site is optimized with the Yoast SEO Premium plugin v26.1 (Yoast SEO v27.4) - https:\/\/yoast.com\/product\/yoast-seo-premium-wordpress\/ -->\n<title>feurich mod 115<\/title>\n<meta name=\"robots\" content=\"index, follow, max-snippet:-1, max-image-preview:large, max-video-preview:-1\" \/>\n<link rel=\"canonical\" href=\"https:\/\/pianostammare.se\/en\/product\/feurich-modell-115\/\" \/>\n<meta property=\"og:locale\" content=\"en_GB\" \/>\n<meta property=\"og:type\" content=\"article\" \/>\n<meta property=\"og:title\" content=\"Feurich Modell 115\" \/>\n<meta property=\"og:description\" content=\"Uppt\u00e4ck Feurich modell 115 - v\u00e5rt mest prisv\u00e4rda piano som har designats med omsorg och passion av v\u00e5ra skickliga arkitekter. Med sin eleganta och moderna design \u00e4r denna flygel ett perfekt val f\u00f6r b\u00e5de hem och professionella musiker.  Feurich modell 115 \u00e4r utrustad med en h\u00f6gkvalitativ resonansbotten som \u00e4r tillverkad av perfekt laminerat tr\u00e4. Detta s\u00e4kerst\u00e4ller en klimatstabil konstruktion och en fantastisk ljudkvalitet som kommer att g\u00f6ra din musikupplevelse till en \u00e4nnu st\u00f6rre njutning.  Detta piano \u00e4r utformad f\u00f6r att passa b\u00e5de den avancerade och nyb\u00f6rjare pianisten, och med sin enast\u00e5ende kvalitet \u00e4r den ett p\u00e5litligt val f\u00f6r alla typer av musikstilar och spelstilar.  K\u00f6p Feurich modell 115 idag och upplev den fantastiska ljudkvaliteten och designen som v\u00e5ra instrument \u00e4r k\u00e4nda f\u00f6r. V\u00e5r passion f\u00f6r musik och kvalitet genomsyrar varje detalj i tillverkningsprocessen och resultatet \u00e4r ett piano som levererar en unik och of\u00f6rgl\u00f6mlig musikupplevelse.\" \/>\n<meta property=\"og:url\" content=\"https:\/\/pianostammare.se\/en\/product\/feurich-modell-115\/\" \/>\n<meta property=\"og:site_name\" content=\"Pianost\u00e4mmare, flyglar och piano\" \/>\n<meta property=\"article:publisher\" content=\"https:\/\/www.facebook.com\/share\/167DsieNj3\/?mibextid=wwXlfr\" \/>\n<meta property=\"article:modified_time\" content=\"2025-03-19T10:00:46+00:00\" \/>\n<meta property=\"og:image\" content=\"https:\/\/i0.wp.com\/en.pianostammare.se\/wp-content\/uploads\/2022\/12\/mod115.jpg?fit=1024%2C871&ssl=1\" \/>\n\t<meta property=\"og:image:width\" content=\"1024\" \/>\n\t<meta property=\"og:image:height\" content=\"871\" \/>\n\t<meta property=\"og:image:type\" content=\"image\/jpeg\" \/>\n<meta name=\"twitter:card\" content=\"summary_large_image\" \/>\n<meta name=\"twitter:label1\" content=\"Estimated reading time\" \/>\n\t<meta name=\"twitter:data1\" content=\"2 minutes\" \/>\n<script type=\"application\/ld+json\" class=\"yoast-schema-graph\">{\"@context\":\"https:\\\/\\\/schema.org\",\"@graph\":[{\"@type\":\"WebPage\",\"@id\":\"https:\\\/\\\/pianostammare.se\\\/produkt\\\/feurich-modell-115\\\/\",\"url\":\"https:\\\/\\\/pianostammare.se\\\/produkt\\\/feurich-modell-115\\\/\",\"name\":\"feurich mod 115\",\"isPartOf\":{\"@id\":\"https:\\\/\\\/pianostammare.se\\\/#website\"},\"primaryImageOfPage\":{\"@id\":\"https:\\\/\\\/pianostammare.se\\\/produkt\\\/feurich-modell-115\\\/#primaryimage\"},\"image\":{\"@id\":\"https:\\\/\\\/pianostammare.se\\\/produkt\\\/feurich-modell-115\\\/#primaryimage\"},\"thumbnailUrl\":\"https:\\\/\\\/i0.wp.com\\\/pianostammare.se\\\/wp-content\\\/uploads\\\/2022\\\/12\\\/mod115.jpg?fit=1024%2C871&ssl=1\",\"datePublished\":\"2022-11-23T06:49:31+00:00\",\"dateModified\":\"2025-03-19T10:00:46+00:00\",\"breadcrumb\":{\"@id\":\"https:\\\/\\\/pianostammare.se\\\/produkt\\\/feurich-modell-115\\\/#breadcrumb\"},\"inLanguage\":\"en-GB\",\"potentialAction\":[{\"@type\":\"ReadAction\",\"target\":[\"https:\\\/\\\/pianostammare.se\\\/produkt\\\/feurich-modell-115\\\/\"]}]},{\"@type\":\"ImageObject\",\"inLanguage\":\"en-GB\",\"@id\":\"https:\\\/\\\/pianostammare.se\\\/produkt\\\/feurich-modell-115\\\/#primaryimage\",\"url\":\"https:\\\/\\\/i0.wp.com\\\/pianostammare.se\\\/wp-content\\\/uploads\\\/2022\\\/12\\\/mod115.jpg?fit=1024%2C871&ssl=1\",\"contentUrl\":\"https:\\\/\\\/i0.wp.com\\\/pianostammare.se\\\/wp-content\\\/uploads\\\/2022\\\/12\\\/mod115.jpg?fit=1024%2C871&ssl=1\",\"width\":1024,\"height\":871},{\"@type\":\"BreadcrumbList\",\"@id\":\"https:\\\/\\\/pianostammare.se\\\/produkt\\\/feurich-modell-115\\\/#breadcrumb\",\"itemListElement\":[{\"@type\":\"ListItem\",\"position\":1,\"name\":\"Hem\",\"item\":\"https:\\\/\\\/pianostammare.se\\\/\"},{\"@type\":\"ListItem\",\"position\":2,\"name\":\"Webbshop\",\"item\":\"https:\\\/\\\/pianostammare.se\\\/butik-flygelaffar-pianoaffar-leksand-dalarna\\\/\"},{\"@type\":\"ListItem\",\"position\":3,\"name\":\"Feurich Modell 115\"}]},{\"@type\":\"WebSite\",\"@id\":\"https:\\\/\\\/pianostammare.se\\\/#website\",\"url\":\"https:\\\/\\\/pianostammare.se\\\/\",\"name\":\"Pianost\u00e4mmare, flyglar och piano\",\"description\":\"Utst\u00e4llningshall f\u00f6r nya piano &amp; Flyglar\",\"publisher\":{\"@id\":\"https:\\\/\\\/pianostammare.se\\\/#organization\"},\"potentialAction\":[{\"@type\":\"SearchAction\",\"target\":{\"@type\":\"EntryPoint\",\"urlTemplate\":\"https:\\\/\\\/pianostammare.se\\\/?s={search_term_string}\"},\"query-input\":{\"@type\":\"PropertyValueSpecification\",\"valueRequired\":true,\"valueName\":\"search_term_string\"}}],\"inLanguage\":\"en-GB\"},{\"@type\":\"Organization\",\"@id\":\"https:\\\/\\\/pianostammare.se\\\/#organization\",\"name\":\"Pianost\u00e4mmare, flyglar och piano\",\"url\":\"https:\\\/\\\/pianostammare.se\\\/\",\"logo\":{\"@type\":\"ImageObject\",\"inLanguage\":\"en-GB\",\"@id\":\"https:\\\/\\\/pianostammare.se\\\/#\\\/schema\\\/logo\\\/image\\\/\",\"url\":\"https:\\\/\\\/pianostammare.se\\\/wp-content\\\/uploads\\\/2022\\\/11\\\/cropped-Namnlos-design.avif\",\"contentUrl\":\"https:\\\/\\\/pianostammare.se\\\/wp-content\\\/uploads\\\/2022\\\/11\\\/cropped-Namnlos-design.avif\",\"width\":1200,\"height\":800,\"caption\":\"Pianost\u00e4mmare, flyglar och piano\"},\"image\":{\"@id\":\"https:\\\/\\\/pianostammare.se\\\/#\\\/schema\\\/logo\\\/image\\\/\"},\"sameAs\":[\"https:\\\/\\\/www.facebook.com\\\/share\\\/167DsieNj3\\\/?mibextid=wwXlfr\"]}]}<\/script>\n<!-- \/ Yoast SEO Premium plugin. -->","yoast_head_json":{"title":"feurich mod 115","robots":{"index":"index","follow":"follow","max-snippet":"max-snippet:-1","max-image-preview":"max-image-preview:large","max-video-preview":"max-video-preview:-1"},"canonical":"https:\/\/pianostammare.se\/en\/product\/feurich-modell-115\/","og_locale":"en_GB","og_type":"article","og_title":"Feurich Modell 115","og_description":"Uppt\u00e4ck Feurich modell 115 - v\u00e5rt mest prisv\u00e4rda piano som har designats med omsorg och passion av v\u00e5ra skickliga arkitekter. Med sin eleganta och moderna design \u00e4r denna flygel ett perfekt val f\u00f6r b\u00e5de hem och professionella musiker.  Feurich modell 115 \u00e4r utrustad med en h\u00f6gkvalitativ resonansbotten som \u00e4r tillverkad av perfekt laminerat tr\u00e4. Detta s\u00e4kerst\u00e4ller en klimatstabil konstruktion och en fantastisk ljudkvalitet som kommer att g\u00f6ra din musikupplevelse till en \u00e4nnu st\u00f6rre njutning.  Detta piano \u00e4r utformad f\u00f6r att passa b\u00e5de den avancerade och nyb\u00f6rjare pianisten, och med sin enast\u00e5ende kvalitet \u00e4r den ett p\u00e5litligt val f\u00f6r alla typer av musikstilar och spelstilar.  K\u00f6p Feurich modell 115 idag och upplev den fantastiska ljudkvaliteten och designen som v\u00e5ra instrument \u00e4r k\u00e4nda f\u00f6r. V\u00e5r passion f\u00f6r musik och kvalitet genomsyrar varje detalj i tillverkningsprocessen och resultatet \u00e4r ett piano som levererar en unik och of\u00f6rgl\u00f6mlig musikupplevelse.","og_url":"https:\/\/pianostammare.se\/en\/product\/feurich-modell-115\/","og_site_name":"Pianost\u00e4mmare, flyglar och piano","article_publisher":"https:\/\/www.facebook.com\/share\/167DsieNj3\/?mibextid=wwXlfr","article_modified_time":"2025-03-19T10:00:46+00:00","og_image":[{"width":1024,"height":871,"url":"https:\/\/i0.wp.com\/en.pianostammare.se\/wp-content\/uploads\/2022\/12\/mod115.jpg?fit=1024%2C871&ssl=1","type":"image\/jpeg"}],"twitter_card":"summary_large_image","twitter_misc":{"Estimated reading time":"2 minutes"},"schema":{"@context":"https:\/\/schema.org","@graph":[{"@type":"WebPage","@id":"https:\/\/pianostammare.se\/produkt\/feurich-modell-115\/","url":"https:\/\/pianostammare.se\/produkt\/feurich-modell-115\/","name":"feurich mod 115","isPartOf":{"@id":"https:\/\/pianostammare.se\/#website"},"primaryImageOfPage":{"@id":"https:\/\/pianostammare.se\/produkt\/feurich-modell-115\/#primaryimage"},"image":{"@id":"https:\/\/pianostammare.se\/produkt\/feurich-modell-115\/#primaryimage"},"thumbnailUrl":"https:\/\/i0.wp.com\/pianostammare.se\/wp-content\/uploads\/2022\/12\/mod115.jpg?fit=1024%2C871&ssl=1","datePublished":"2022-11-23T06:49:31+00:00","dateModified":"2025-03-19T10:00:46+00:00","breadcrumb":{"@id":"https:\/\/pianostammare.se\/produkt\/feurich-modell-115\/#breadcrumb"},"inLanguage":"en-GB","potentialAction":[{"@type":"ReadAction","target":["https:\/\/pianostammare.se\/produkt\/feurich-modell-115\/"]}]},{"@type":"ImageObject","inLanguage":"en-GB","@id":"https:\/\/pianostammare.se\/produkt\/feurich-modell-115\/#primaryimage","url":"https:\/\/i0.wp.com\/pianostammare.se\/wp-content\/uploads\/2022\/12\/mod115.jpg?fit=1024%2C871&ssl=1","contentUrl":"https:\/\/i0.wp.com\/pianostammare.se\/wp-content\/uploads\/2022\/12\/mod115.jpg?fit=1024%2C871&ssl=1","width":1024,"height":871},{"@type":"BreadcrumbList","@id":"https:\/\/pianostammare.se\/produkt\/feurich-modell-115\/#breadcrumb","itemListElement":[{"@type":"ListItem","position":1,"name":"Hem","item":"https:\/\/pianostammare.se\/"},{"@type":"ListItem","position":2,"name":"Webbshop","item":"https:\/\/pianostammare.se\/butik-flygelaffar-pianoaffar-leksand-dalarna\/"},{"@type":"ListItem","position":3,"name":"Feurich Modell 115"}]},{"@type":"WebSite","@id":"https:\/\/pianostammare.se\/#website","url":"https:\/\/pianostammare.se\/","name":"Pianost\u00e4mmare, flyglar och piano","description":"Utst\u00e4llningshall f\u00f6r nya piano &amp; Flyglar","publisher":{"@id":"https:\/\/pianostammare.se\/#organization"},"potentialAction":[{"@type":"SearchAction","target":{"@type":"EntryPoint","urlTemplate":"https:\/\/pianostammare.se\/?s={search_term_string}"},"query-input":{"@type":"PropertyValueSpecification","valueRequired":true,"valueName":"search_term_string"}}],"inLanguage":"en-GB"},{"@type":"Organization","@id":"https:\/\/pianostammare.se\/#organization","name":"Pianost\u00e4mmare, flyglar och piano","url":"https:\/\/pianostammare.se\/","logo":{"@type":"ImageObject","inLanguage":"en-GB","@id":"https:\/\/pianostammare.se\/#\/schema\/logo\/image\/","url":"https:\/\/pianostammare.se\/wp-content\/uploads\/2022\/11\/cropped-Namnlos-design.avif","contentUrl":"https:\/\/pianostammare.se\/wp-content\/uploads\/2022\/11\/cropped-Namnlos-design.avif","width":1200,"height":800,"caption":"Pianost\u00e4mmare, flyglar och piano"},"image":{"@id":"https:\/\/pianostammare.se\/#\/schema\/logo\/image\/"},"sameAs":["https:\/\/www.facebook.com\/share\/167DsieNj3\/?mibextid=wwXlfr"]}]}},"jetpack_publicize_connections":[],"_links":{"self":[{"href":"https:\/\/pianostammare.se\/en\/wp-json\/wp\/v2\/product\/1037","targetHints":{"allow":["GET"]}}],"collection":[{"href":"https:\/\/pianostammare.se\/en\/wp-json\/wp\/v2\/product"}],"about":[{"href":"https:\/\/pianostammare.se\/en\/wp-json\/wp\/v2\/types\/product"}],"wp:featuredmedia":[{"embeddable":true,"href":"https:\/\/pianostammare.se\/en\/wp-json\/wp\/v2\/media\/13457"}],"wp:attachment":[{"href":"https:\/\/pianostammare.se\/en\/wp-json\/wp\/v2\/media?parent=1037"}],"wp:term":[{"taxonomy":"product_brand","embeddable":true,"href":"https:\/\/pianostammare.se\/en\/wp-json\/wp\/v2\/product_brand?post=1037"},{"taxonomy":"product_cat","embeddable":true,"href":"https:\/\/pianostammare.se\/en\/wp-json\/wp\/v2\/product_cat?post=1037"},{"taxonomy":"product_tag","embeddable":true,"href":"https:\/\/pianostammare.se\/en\/wp-json\/wp\/v2\/product_tag?post=1037"}],"curies":[{"name":"wp","href":"https:\/\/api.w.org\/{rel}","templated":true}]}}