{"id":1043,"date":"2022-11-23T07:49:32","date_gmt":"2022-11-23T06:49:32","guid":{"rendered":"https:\/\/pianostammare.se\/?post_type=product&#038;p=1043"},"modified":"2025-02-15T11:57:05","modified_gmt":"2025-02-15T10:57:05","slug":"polermedel-for-piano-flygel","status":"publish","type":"product","link":"https:\/\/pianostammare.se\/en\/product\/polermedel-for-piano-flygel\/","title":{"rendered":"Piano polish for pianos\/grand pianos"},"content":{"rendered":"<p>Centurio is the perfect product to achieve a smooth and glossy polished surface while reducing visible pores. This product contains a mild abrasive that helps lift dirt and polish out any small scratches.<\/p>\n<p>Using Centurio is simple and effective. Apply the product with a cloth to the area where you want to reduce visible pores and achieve a glossy finish. Let the product dry, then wipe it off with a soft cloth.<\/p>\n<p>Centurio quickly delivers a deep shine with minimal effort. You\u2019ll be impressed by the improved appearance of your furniture or surfaces.<\/p>\n<p>So, if you want a smooth and glossy polished surface while minimising visible pores, choose Centurio to achieve the results you desire.<\/p>","protected":false},"excerpt":{"rendered":"<p>Whether you need to clean a wood surface, stone, or metal, Centurio is the ideal product to achieve a glossy polished finish and enhance the appearance of your surfaces. So, if you want a quick and easy solution to remove clogged pores and get a glossy polished surface, try Centurio today!<\/p>","protected":false},"featured_media":13141,"template":"","meta":{"site-sidebar-layout":"default","site-content-layout":"default","ast-site-content-layout":"default","site-content-style":"default","site-sidebar-style":"default","ast-global-header-display":"","ast-banner-title-visibility":"","ast-main-header-display":"","ast-hfb-above-header-display":"","ast-hfb-below-header-display":"","ast-hfb-mobile-header-display":"","site-post-title":"","ast-breadcrumbs-content":"","ast-featured-img":"","footer-sml-layout":"","ast-disable-related-posts":"","theme-transparent-header-meta":"default","adv-header-id-meta":"","stick-header-meta":"","header-above-stick-meta":"","header-main-stick-meta":"","header-below-stick-meta":"","astra-migrate-meta-layouts":"set","ast-page-background-enabled":"default","ast-page-background-meta":{"desktop":{"background-color":"","background-image":"","background-repeat":"repeat","background-position":"center center","background-size":"auto","background-attachment":"scroll","background-type":"","background-media":"","overlay-type":"","overlay-color":"","overlay-opacity":"","overlay-gradient":""},"tablet":{"background-color":"","background-image":"","background-repeat":"repeat","background-position":"center center","background-size":"auto","background-attachment":"scroll","background-type":"","background-media":"","overlay-type":"","overlay-color":"","overlay-opacity":"","overlay-gradient":""},"mobile":{"background-color":"","background-image":"","background-repeat":"repeat","background-position":"center center","background-size":"auto","background-attachment":"scroll","background-type":"","background-media":"","overlay-type":"","overlay-color":"","overlay-opacity":"","overlay-gradient":""}},"ast-content-background-meta":{"desktop":{"background-color":"var(--ast-global-color-5)","background-image":"","background-repeat":"repeat","background-position":"center center","background-size":"auto","background-attachment":"scroll","background-type":"","background-media":"","overlay-type":"","overlay-color":"","overlay-opacity":"","overlay-gradient":""},"tablet":{"background-color":"var(--ast-global-color-5)","background-image":"","background-repeat":"repeat","background-position":"center center","background-size":"auto","background-attachment":"scroll","background-type":"","background-media":"","overlay-type":"","overlay-color":"","overlay-opacity":"","overlay-gradient":""},"mobile":{"background-color":"var(--ast-global-color-5)","background-image":"","background-repeat":"repeat","background-position":"center center","background-size":"auto","background-attachment":"scroll","background-type":"","background-media":"","overlay-type":"","overlay-color":"","overlay-opacity":"","overlay-gradient":""}},"jetpack_publicize_message":"","jetpack_publicize_feature_enabled":true,"jetpack_social_post_already_shared":false,"jetpack_social_options":{"image_generator_settings":{"template":"highway","default_image_id":0,"font":"","enabled":false},"version":2}},"product_brand":[],"product_cat":[49],"product_tag":[],"class_list":{"0":"post-1043","1":"product","2":"type-product","3":"status-publish","4":"has-post-thumbnail","6":"product_cat-pianotillbehor","7":"product_shipping_class-standard-frakt","8":"desktop-align-left","9":"tablet-align-left","10":"mobile-align-left","12":"first","13":"instock","14":"taxable","15":"shipping-taxable","16":"purchasable","17":"product-type-simple"},"yoast_head":"<!-- This site is optimized with the Yoast SEO Premium plugin v26.1 (Yoast SEO v27.4) - https:\/\/yoast.com\/product\/yoast-seo-premium-wordpress\/ -->\n<title>polermedel f\u00f6r piano\/flygel<\/title>\n<meta name=\"robots\" content=\"index, follow, max-snippet:-1, max-image-preview:large, max-video-preview:-1\" \/>\n<link rel=\"canonical\" href=\"https:\/\/pianostammare.se\/en\/product\/polermedel-for-piano-flygel\/\" \/>\n<meta property=\"og:locale\" content=\"en_GB\" \/>\n<meta property=\"og:type\" content=\"article\" \/>\n<meta property=\"og:title\" content=\"Polermedel f\u00f6r piano\/flygel\" \/>\n<meta property=\"og:description\" content=\"Oavsett om du beh\u00f6ver reng\u00f6ra en tr\u00e4yta, sten eller metall, \u00e4r Centurio den idealiska produkten f\u00f6r att f\u00e5 en blankpolerad yta och f\u00f6r att f\u00f6rb\u00e4ttra utseendet p\u00e5 dina ytor. S\u00e5 om du vill ha en snabb och enkel l\u00f6sning f\u00f6r att ta bort t\u00e4ckta porer och f\u00e5 en blankpolerad yta, prova Centurio idag!\" \/>\n<meta property=\"og:url\" content=\"https:\/\/pianostammare.se\/en\/product\/polermedel-for-piano-flygel\/\" \/>\n<meta property=\"og:site_name\" content=\"Pianost\u00e4mmare, flyglar och piano\" \/>\n<meta property=\"article:publisher\" content=\"https:\/\/www.facebook.com\/share\/167DsieNj3\/?mibextid=wwXlfr\" \/>\n<meta property=\"article:modified_time\" content=\"2025-02-15T10:57:05+00:00\" \/>\n<meta property=\"og:image\" content=\"https:\/\/i0.wp.com\/en.pianostammare.se\/wp-content\/uploads\/2022\/12\/IMG_5479-scaled.jpg?fit=1920%2C2560&ssl=1\" \/>\n\t<meta property=\"og:image:width\" content=\"1920\" \/>\n\t<meta property=\"og:image:height\" content=\"2560\" \/>\n\t<meta property=\"og:image:type\" content=\"image\/jpeg\" \/>\n<meta name=\"twitter:card\" content=\"summary_large_image\" \/>\n<meta name=\"twitter:label1\" content=\"Estimated reading time\" \/>\n\t<meta name=\"twitter:data1\" content=\"1 minute\" \/>\n<script type=\"application\/ld+json\" class=\"yoast-schema-graph\">{\"@context\":\"https:\\\/\\\/schema.org\",\"@graph\":[{\"@type\":\"WebPage\",\"@id\":\"https:\\\/\\\/pianostammare.se\\\/produkt\\\/polermedel-for-piano-flygel\\\/\",\"url\":\"https:\\\/\\\/pianostammare.se\\\/produkt\\\/polermedel-for-piano-flygel\\\/\",\"name\":\"polermedel f\u00f6r piano\\\/flygel\",\"isPartOf\":{\"@id\":\"https:\\\/\\\/pianostammare.se\\\/#website\"},\"primaryImageOfPage\":{\"@id\":\"https:\\\/\\\/pianostammare.se\\\/produkt\\\/polermedel-for-piano-flygel\\\/#primaryimage\"},\"image\":{\"@id\":\"https:\\\/\\\/pianostammare.se\\\/produkt\\\/polermedel-for-piano-flygel\\\/#primaryimage\"},\"thumbnailUrl\":\"https:\\\/\\\/i0.wp.com\\\/pianostammare.se\\\/wp-content\\\/uploads\\\/2022\\\/12\\\/IMG_5479-scaled.jpg?fit=1920%2C2560&ssl=1\",\"datePublished\":\"2022-11-23T06:49:32+00:00\",\"dateModified\":\"2025-02-15T10:57:05+00:00\",\"breadcrumb\":{\"@id\":\"https:\\\/\\\/pianostammare.se\\\/produkt\\\/polermedel-for-piano-flygel\\\/#breadcrumb\"},\"inLanguage\":\"en-GB\",\"potentialAction\":[{\"@type\":\"ReadAction\",\"target\":[\"https:\\\/\\\/pianostammare.se\\\/produkt\\\/polermedel-for-piano-flygel\\\/\"]}]},{\"@type\":\"ImageObject\",\"inLanguage\":\"en-GB\",\"@id\":\"https:\\\/\\\/pianostammare.se\\\/produkt\\\/polermedel-for-piano-flygel\\\/#primaryimage\",\"url\":\"https:\\\/\\\/i0.wp.com\\\/pianostammare.se\\\/wp-content\\\/uploads\\\/2022\\\/12\\\/IMG_5479-scaled.jpg?fit=1920%2C2560&ssl=1\",\"contentUrl\":\"https:\\\/\\\/i0.wp.com\\\/pianostammare.se\\\/wp-content\\\/uploads\\\/2022\\\/12\\\/IMG_5479-scaled.jpg?fit=1920%2C2560&ssl=1\",\"width\":1920,\"height\":2560,\"caption\":\"Olika typer av polermedel beroende p\u00e5 om det \u00e4r satinerad tr\u00e4slag eller t\u00e4ckta porer - h\u00f6gglans\"},{\"@type\":\"BreadcrumbList\",\"@id\":\"https:\\\/\\\/pianostammare.se\\\/produkt\\\/polermedel-for-piano-flygel\\\/#breadcrumb\",\"itemListElement\":[{\"@type\":\"ListItem\",\"position\":1,\"name\":\"Hem\",\"item\":\"https:\\\/\\\/pianostammare.se\\\/\"},{\"@type\":\"ListItem\",\"position\":2,\"name\":\"Webbshop\",\"item\":\"https:\\\/\\\/pianostammare.se\\\/butik-flygelaffar-pianoaffar-leksand-dalarna\\\/\"},{\"@type\":\"ListItem\",\"position\":3,\"name\":\"Polermedel f\u00f6r piano\\\/flygel\"}]},{\"@type\":\"WebSite\",\"@id\":\"https:\\\/\\\/pianostammare.se\\\/#website\",\"url\":\"https:\\\/\\\/pianostammare.se\\\/\",\"name\":\"Pianost\u00e4mmare, flyglar och piano\",\"description\":\"Utst\u00e4llningshall f\u00f6r nya piano &amp; Flyglar\",\"publisher\":{\"@id\":\"https:\\\/\\\/pianostammare.se\\\/#organization\"},\"potentialAction\":[{\"@type\":\"SearchAction\",\"target\":{\"@type\":\"EntryPoint\",\"urlTemplate\":\"https:\\\/\\\/pianostammare.se\\\/?s={search_term_string}\"},\"query-input\":{\"@type\":\"PropertyValueSpecification\",\"valueRequired\":true,\"valueName\":\"search_term_string\"}}],\"inLanguage\":\"en-GB\"},{\"@type\":\"Organization\",\"@id\":\"https:\\\/\\\/pianostammare.se\\\/#organization\",\"name\":\"Pianost\u00e4mmare, flyglar och piano\",\"url\":\"https:\\\/\\\/pianostammare.se\\\/\",\"logo\":{\"@type\":\"ImageObject\",\"inLanguage\":\"en-GB\",\"@id\":\"https:\\\/\\\/pianostammare.se\\\/#\\\/schema\\\/logo\\\/image\\\/\",\"url\":\"https:\\\/\\\/pianostammare.se\\\/wp-content\\\/uploads\\\/2022\\\/11\\\/cropped-Namnlos-design.avif\",\"contentUrl\":\"https:\\\/\\\/pianostammare.se\\\/wp-content\\\/uploads\\\/2022\\\/11\\\/cropped-Namnlos-design.avif\",\"width\":1200,\"height\":800,\"caption\":\"Pianost\u00e4mmare, flyglar och piano\"},\"image\":{\"@id\":\"https:\\\/\\\/pianostammare.se\\\/#\\\/schema\\\/logo\\\/image\\\/\"},\"sameAs\":[\"https:\\\/\\\/www.facebook.com\\\/share\\\/167DsieNj3\\\/?mibextid=wwXlfr\"]}]}<\/script>\n<!-- \/ Yoast SEO Premium plugin. -->","yoast_head_json":{"title":"polermedel f\u00f6r piano\/flygel","robots":{"index":"index","follow":"follow","max-snippet":"max-snippet:-1","max-image-preview":"max-image-preview:large","max-video-preview":"max-video-preview:-1"},"canonical":"https:\/\/pianostammare.se\/en\/product\/polermedel-for-piano-flygel\/","og_locale":"en_GB","og_type":"article","og_title":"Polermedel f\u00f6r piano\/flygel","og_description":"Oavsett om du beh\u00f6ver reng\u00f6ra en tr\u00e4yta, sten eller metall, \u00e4r Centurio den idealiska produkten f\u00f6r att f\u00e5 en blankpolerad yta och f\u00f6r att f\u00f6rb\u00e4ttra utseendet p\u00e5 dina ytor. S\u00e5 om du vill ha en snabb och enkel l\u00f6sning f\u00f6r att ta bort t\u00e4ckta porer och f\u00e5 en blankpolerad yta, prova Centurio idag!","og_url":"https:\/\/pianostammare.se\/en\/product\/polermedel-for-piano-flygel\/","og_site_name":"Pianost\u00e4mmare, flyglar och piano","article_publisher":"https:\/\/www.facebook.com\/share\/167DsieNj3\/?mibextid=wwXlfr","article_modified_time":"2025-02-15T10:57:05+00:00","og_image":[{"width":1920,"height":2560,"url":"https:\/\/i0.wp.com\/en.pianostammare.se\/wp-content\/uploads\/2022\/12\/IMG_5479-scaled.jpg?fit=1920%2C2560&ssl=1","type":"image\/jpeg"}],"twitter_card":"summary_large_image","twitter_misc":{"Estimated reading time":"1 minute"},"schema":{"@context":"https:\/\/schema.org","@graph":[{"@type":"WebPage","@id":"https:\/\/pianostammare.se\/produkt\/polermedel-for-piano-flygel\/","url":"https:\/\/pianostammare.se\/produkt\/polermedel-for-piano-flygel\/","name":"polermedel f\u00f6r piano\/flygel","isPartOf":{"@id":"https:\/\/pianostammare.se\/#website"},"primaryImageOfPage":{"@id":"https:\/\/pianostammare.se\/produkt\/polermedel-for-piano-flygel\/#primaryimage"},"image":{"@id":"https:\/\/pianostammare.se\/produkt\/polermedel-for-piano-flygel\/#primaryimage"},"thumbnailUrl":"https:\/\/i0.wp.com\/pianostammare.se\/wp-content\/uploads\/2022\/12\/IMG_5479-scaled.jpg?fit=1920%2C2560&ssl=1","datePublished":"2022-11-23T06:49:32+00:00","dateModified":"2025-02-15T10:57:05+00:00","breadcrumb":{"@id":"https:\/\/pianostammare.se\/produkt\/polermedel-for-piano-flygel\/#breadcrumb"},"inLanguage":"en-GB","potentialAction":[{"@type":"ReadAction","target":["https:\/\/pianostammare.se\/produkt\/polermedel-for-piano-flygel\/"]}]},{"@type":"ImageObject","inLanguage":"en-GB","@id":"https:\/\/pianostammare.se\/produkt\/polermedel-for-piano-flygel\/#primaryimage","url":"https:\/\/i0.wp.com\/pianostammare.se\/wp-content\/uploads\/2022\/12\/IMG_5479-scaled.jpg?fit=1920%2C2560&ssl=1","contentUrl":"https:\/\/i0.wp.com\/pianostammare.se\/wp-content\/uploads\/2022\/12\/IMG_5479-scaled.jpg?fit=1920%2C2560&ssl=1","width":1920,"height":2560,"caption":"Olika typer av polermedel beroende p\u00e5 om det \u00e4r satinerad tr\u00e4slag eller t\u00e4ckta porer - h\u00f6gglans"},{"@type":"BreadcrumbList","@id":"https:\/\/pianostammare.se\/produkt\/polermedel-for-piano-flygel\/#breadcrumb","itemListElement":[{"@type":"ListItem","position":1,"name":"Hem","item":"https:\/\/pianostammare.se\/"},{"@type":"ListItem","position":2,"name":"Webbshop","item":"https:\/\/pianostammare.se\/butik-flygelaffar-pianoaffar-leksand-dalarna\/"},{"@type":"ListItem","position":3,"name":"Polermedel f\u00f6r piano\/flygel"}]},{"@type":"WebSite","@id":"https:\/\/pianostammare.se\/#website","url":"https:\/\/pianostammare.se\/","name":"Pianost\u00e4mmare, flyglar och piano","description":"Utst\u00e4llningshall f\u00f6r nya piano &amp; Flyglar","publisher":{"@id":"https:\/\/pianostammare.se\/#organization"},"potentialAction":[{"@type":"SearchAction","target":{"@type":"EntryPoint","urlTemplate":"https:\/\/pianostammare.se\/?s={search_term_string}"},"query-input":{"@type":"PropertyValueSpecification","valueRequired":true,"valueName":"search_term_string"}}],"inLanguage":"en-GB"},{"@type":"Organization","@id":"https:\/\/pianostammare.se\/#organization","name":"Pianost\u00e4mmare, flyglar och piano","url":"https:\/\/pianostammare.se\/","logo":{"@type":"ImageObject","inLanguage":"en-GB","@id":"https:\/\/pianostammare.se\/#\/schema\/logo\/image\/","url":"https:\/\/pianostammare.se\/wp-content\/uploads\/2022\/11\/cropped-Namnlos-design.avif","contentUrl":"https:\/\/pianostammare.se\/wp-content\/uploads\/2022\/11\/cropped-Namnlos-design.avif","width":1200,"height":800,"caption":"Pianost\u00e4mmare, flyglar och piano"},"image":{"@id":"https:\/\/pianostammare.se\/#\/schema\/logo\/image\/"},"sameAs":["https:\/\/www.facebook.com\/share\/167DsieNj3\/?mibextid=wwXlfr"]}]}},"jetpack_publicize_connections":[],"_links":{"self":[{"href":"https:\/\/pianostammare.se\/en\/wp-json\/wp\/v2\/product\/1043","targetHints":{"allow":["GET"]}}],"collection":[{"href":"https:\/\/pianostammare.se\/en\/wp-json\/wp\/v2\/product"}],"about":[{"href":"https:\/\/pianostammare.se\/en\/wp-json\/wp\/v2\/types\/product"}],"wp:featuredmedia":[{"embeddable":true,"href":"https:\/\/pianostammare.se\/en\/wp-json\/wp\/v2\/media\/13141"}],"wp:attachment":[{"href":"https:\/\/pianostammare.se\/en\/wp-json\/wp\/v2\/media?parent=1043"}],"wp:term":[{"taxonomy":"product_brand","embeddable":true,"href":"https:\/\/pianostammare.se\/en\/wp-json\/wp\/v2\/product_brand?post=1043"},{"taxonomy":"product_cat","embeddable":true,"href":"https:\/\/pianostammare.se\/en\/wp-json\/wp\/v2\/product_cat?post=1043"},{"taxonomy":"product_tag","embeddable":true,"href":"https:\/\/pianostammare.se\/en\/wp-json\/wp\/v2\/product_tag?post=1043"}],"curies":[{"name":"wp","href":"https:\/\/api.w.org\/{rel}","templated":true}]}}