{"id":1046,"date":"2022-11-23T07:49:32","date_gmt":"2022-11-23T06:49:32","guid":{"rendered":"https:\/\/pianostammare.se\/?post_type=product&#038;p=1046"},"modified":"2025-03-11T18:34:03","modified_gmt":"2025-03-11T17:34:03","slug":"barselar-lyftselar-transport-tungalyft","status":"publish","type":"product","link":"https:\/\/pianostammare.se\/en\/product\/barselar-lyftselar-transport-tungalyft\/","title":{"rendered":"Moving straps"},"content":{"rendered":"<p class=\"translation-block\">Use our amazing harness strap when lifting heavy loads. In Sweden, <a href=\"https:\/\/pianostammare.se\/en\/piano-flygeltransport-pianoflytt-flygelflytt\/\" target=\"_self\">piano transport<\/a>  has a long-standing tradition, and having the right tools and equipment is essential to make the job as safe and efficient as possible. One of the most important factors when transporting pianos and grand pianos is using moving straps that are strong and robust enough to handle the heavy weight. I have personally developed this moving strap based on the needs I\u2019ve encountered while working in this profession, to become more efficient and protect my body.<\/p>\n<p>Pianos and grand pianos are known to be among the heaviest musical instruments to transport, requiring significant strength and effort to lift them safely. This can lead to health issues if the proper equipment or lifting technique is not used. By using moving straps for transporting heavy goods, health risks can be avoided, and the process becomes easier and more efficient. Investing in a high-quality moving strap or lifting harness is well worth the cost and can help extend your career as a piano mover.<\/p>\n<p>The movIng strap (lifting harness) offered by the Swedish manufacturer in Dalarna is a unique solution specifically designed to handle the heavy loads that pianos and grand pianos present. With its sturdy construction and top-quality materials, the weight of the object can be evenly distributed across the body, minimising the risk of injury and health problems.<\/p>\n<p>Another advantage of using a moving strap for transporting pianos and grand pianos is that it can make the move easier and more efficient. It can be difficult to maneuver and control these large musical instruments alone or with limited assistance, but with the help of a moving strap, your hands are free to guide the object, making the move smoother.<\/p>\n<p><img data-recalc-dims=\"1\" fetchpriority=\"high\" decoding=\"async\" class=\"size-medium wp-image-12972\" style=\"font-style: inherit; font-weight: 600;\" src=\"https:\/\/i0.wp.com\/pianostammare.se\/wp-content\/uploads\/2022\/12\/barsele21.gif?resize=201%2C300&#038;ssl=1\" alt=\"B\u00e4rsele, lyftsele\" width=\"201\" height=\"300\" \/><\/p>\n<p>The moving strap should fit comfortably, with the weight distributed evenly over a large surface.<\/p>","protected":false},"excerpt":{"rendered":"<p>Use our amazing moving harness strap when lifting heavy loads. We use the straps to carry upright and grand pianos.<\/p>\n<p>Developed for decades to offer the optimal product.<\/p>","protected":false},"featured_media":567,"template":"","meta":{"site-sidebar-layout":"default","site-content-layout":"default","ast-site-content-layout":"default","site-content-style":"default","site-sidebar-style":"default","ast-global-header-display":"","ast-banner-title-visibility":"","ast-main-header-display":"","ast-hfb-above-header-display":"","ast-hfb-below-header-display":"","ast-hfb-mobile-header-display":"","site-post-title":"","ast-breadcrumbs-content":"","ast-featured-img":"","footer-sml-layout":"","ast-disable-related-posts":"","theme-transparent-header-meta":"default","adv-header-id-meta":"","stick-header-meta":"","header-above-stick-meta":"","header-main-stick-meta":"","header-below-stick-meta":"","astra-migrate-meta-layouts":"set","ast-page-background-enabled":"default","ast-page-background-meta":{"desktop":{"background-color":"","background-image":"","background-repeat":"repeat","background-position":"center center","background-size":"auto","background-attachment":"scroll","background-type":"","background-media":"","overlay-type":"","overlay-color":"","overlay-opacity":"","overlay-gradient":""},"tablet":{"background-color":"","background-image":"","background-repeat":"repeat","background-position":"center center","background-size":"auto","background-attachment":"scroll","background-type":"","background-media":"","overlay-type":"","overlay-color":"","overlay-opacity":"","overlay-gradient":""},"mobile":{"background-color":"","background-image":"","background-repeat":"repeat","background-position":"center center","background-size":"auto","background-attachment":"scroll","background-type":"","background-media":"","overlay-type":"","overlay-color":"","overlay-opacity":"","overlay-gradient":""}},"ast-content-background-meta":{"desktop":{"background-color":"var(--ast-global-color-5)","background-image":"","background-repeat":"repeat","background-position":"center center","background-size":"auto","background-attachment":"scroll","background-type":"","background-media":"","overlay-type":"","overlay-color":"","overlay-opacity":"","overlay-gradient":""},"tablet":{"background-color":"var(--ast-global-color-5)","background-image":"","background-repeat":"repeat","background-position":"center center","background-size":"auto","background-attachment":"scroll","background-type":"","background-media":"","overlay-type":"","overlay-color":"","overlay-opacity":"","overlay-gradient":""},"mobile":{"background-color":"var(--ast-global-color-5)","background-image":"","background-repeat":"repeat","background-position":"center center","background-size":"auto","background-attachment":"scroll","background-type":"","background-media":"","overlay-type":"","overlay-color":"","overlay-opacity":"","overlay-gradient":""}},"jetpack_publicize_message":"","jetpack_publicize_feature_enabled":true,"jetpack_social_post_already_shared":false,"jetpack_social_options":{"image_generator_settings":{"template":"highway","default_image_id":0,"font":"","enabled":false},"version":2}},"product_brand":[],"product_cat":[50],"product_tag":[],"class_list":{"0":"post-1046","1":"product","2":"type-product","3":"status-publish","4":"has-post-thumbnail","6":"product_cat-barselar-lyftselar","7":"product_shipping_class-standard-frakt","8":"desktop-align-left","9":"tablet-align-left","10":"mobile-align-left","12":"first","13":"instock","14":"taxable","15":"shipping-taxable","16":"purchasable","17":"product-type-simple"},"yoast_head":"<!-- This site is optimized with the Yoast SEO Premium plugin v26.1 (Yoast SEO v27.5) - https:\/\/yoast.com\/product\/yoast-seo-premium-wordpress\/ -->\n<title>B\u00e4rselar, lyftselar, pianotransport, tunga lyft<\/title>\n<meta name=\"description\" content=\"V\u00e5ra specialutvecklade b\u00e4rselar\/lyftselar underl\u00e4ttar tunga lyft, s\u00e4rskilt vid transport av pianon och flyglar. Tillverkade i Dalarna med fokus p\u00e5 h\u00e5llbarhet och ergonomi, \u00e4r dessa selar ett oumb\u00e4rligt verktyg f\u00f6r s\u00e4kra och smidiga transporter.\" \/>\n<meta name=\"robots\" content=\"index, follow, max-snippet:-1, max-image-preview:large, max-video-preview:-1\" \/>\n<link rel=\"canonical\" href=\"https:\/\/pianostammare.se\/en\/product\/barselar-lyftselar-transport-tungalyft\/\" \/>\n<meta property=\"og:locale\" content=\"en_GB\" \/>\n<meta property=\"og:type\" content=\"article\" \/>\n<meta property=\"og:title\" content=\"B\u00e4rselar\/Lyftselar\" \/>\n<meta property=\"og:description\" content=\"V\u00e5ra specialutvecklade b\u00e4rselar\/lyftselar underl\u00e4ttar tunga lyft, s\u00e4rskilt vid transport av pianon och flyglar. Tillverkade i Dalarna med fokus p\u00e5 h\u00e5llbarhet och ergonomi, \u00e4r dessa selar ett oumb\u00e4rligt verktyg f\u00f6r s\u00e4kra och smidiga transporter.\" \/>\n<meta property=\"og:url\" content=\"https:\/\/pianostammare.se\/en\/product\/barselar-lyftselar-transport-tungalyft\/\" \/>\n<meta property=\"og:site_name\" content=\"Pianost\u00e4mmare, flyglar och piano\" \/>\n<meta property=\"article:publisher\" content=\"https:\/\/www.facebook.com\/share\/167DsieNj3\/?mibextid=wwXlfr\" \/>\n<meta property=\"article:modified_time\" content=\"2025-03-11T17:34:03+00:00\" \/>\n<meta property=\"og:image\" content=\"https:\/\/i0.wp.com\/en.pianostammare.se\/wp-content\/uploads\/2012\/09\/barsele1.gif?fit=250%2C375&ssl=1\" \/>\n\t<meta property=\"og:image:width\" content=\"250\" \/>\n\t<meta property=\"og:image:height\" content=\"375\" \/>\n\t<meta property=\"og:image:type\" content=\"image\/gif\" \/>\n<meta name=\"twitter:card\" content=\"summary_large_image\" \/>\n<meta name=\"twitter:label1\" content=\"Estimated reading time\" \/>\n\t<meta name=\"twitter:data1\" content=\"2 minutes\" \/>\n<script type=\"application\/ld+json\" class=\"yoast-schema-graph\">{\"@context\":\"https:\\\/\\\/schema.org\",\"@graph\":[{\"@type\":\"WebPage\",\"@id\":\"https:\\\/\\\/pianostammare.se\\\/produkt\\\/barselar-lyftselar-transport-tungalyft\\\/\",\"url\":\"https:\\\/\\\/pianostammare.se\\\/produkt\\\/barselar-lyftselar-transport-tungalyft\\\/\",\"name\":\"B\u00e4rselar, lyftselar, pianotransport, tunga lyft\",\"isPartOf\":{\"@id\":\"https:\\\/\\\/pianostammare.se\\\/#website\"},\"primaryImageOfPage\":{\"@id\":\"https:\\\/\\\/pianostammare.se\\\/produkt\\\/barselar-lyftselar-transport-tungalyft\\\/#primaryimage\"},\"image\":{\"@id\":\"https:\\\/\\\/pianostammare.se\\\/produkt\\\/barselar-lyftselar-transport-tungalyft\\\/#primaryimage\"},\"thumbnailUrl\":\"https:\\\/\\\/i0.wp.com\\\/pianostammare.se\\\/wp-content\\\/uploads\\\/2012\\\/09\\\/barsele1.gif?fit=250%2C375&ssl=1\",\"datePublished\":\"2022-11-23T06:49:32+00:00\",\"dateModified\":\"2025-03-11T17:34:03+00:00\",\"description\":\"V\u00e5ra specialutvecklade b\u00e4rselar\\\/lyftselar underl\u00e4ttar tunga lyft, s\u00e4rskilt vid transport av pianon och flyglar. Tillverkade i Dalarna med fokus p\u00e5 h\u00e5llbarhet och ergonomi, \u00e4r dessa selar ett oumb\u00e4rligt verktyg f\u00f6r s\u00e4kra och smidiga transporter.\",\"breadcrumb\":{\"@id\":\"https:\\\/\\\/pianostammare.se\\\/produkt\\\/barselar-lyftselar-transport-tungalyft\\\/#breadcrumb\"},\"inLanguage\":\"en-GB\",\"potentialAction\":[{\"@type\":\"ReadAction\",\"target\":[\"https:\\\/\\\/pianostammare.se\\\/produkt\\\/barselar-lyftselar-transport-tungalyft\\\/\"]}]},{\"@type\":\"ImageObject\",\"inLanguage\":\"en-GB\",\"@id\":\"https:\\\/\\\/pianostammare.se\\\/produkt\\\/barselar-lyftselar-transport-tungalyft\\\/#primaryimage\",\"url\":\"https:\\\/\\\/i0.wp.com\\\/pianostammare.se\\\/wp-content\\\/uploads\\\/2012\\\/09\\\/barsele1.gif?fit=250%2C375&ssl=1\",\"contentUrl\":\"https:\\\/\\\/i0.wp.com\\\/pianostammare.se\\\/wp-content\\\/uploads\\\/2012\\\/09\\\/barsele1.gif?fit=250%2C375&ssl=1\",\"width\":250,\"height\":375,\"caption\":\"V\u00e5ra b\u00e4r och lyftselar \u00e4r idealiska f\u00f6r tunga lyft.\"},{\"@type\":\"BreadcrumbList\",\"@id\":\"https:\\\/\\\/pianostammare.se\\\/produkt\\\/barselar-lyftselar-transport-tungalyft\\\/#breadcrumb\",\"itemListElement\":[{\"@type\":\"ListItem\",\"position\":1,\"name\":\"Hem\",\"item\":\"https:\\\/\\\/pianostammare.se\\\/\"},{\"@type\":\"ListItem\",\"position\":2,\"name\":\"Webbshop\",\"item\":\"https:\\\/\\\/pianostammare.se\\\/butik-flygelaffar-pianoaffar-leksand-dalarna\\\/\"},{\"@type\":\"ListItem\",\"position\":3,\"name\":\"B\u00e4rselar\\\/Lyftselar\"}]},{\"@type\":\"WebSite\",\"@id\":\"https:\\\/\\\/pianostammare.se\\\/#website\",\"url\":\"https:\\\/\\\/pianostammare.se\\\/\",\"name\":\"Pianost\u00e4mmare, flyglar och piano\",\"description\":\"Utst\u00e4llningshall f\u00f6r nya piano &amp; Flyglar\",\"publisher\":{\"@id\":\"https:\\\/\\\/pianostammare.se\\\/#organization\"},\"potentialAction\":[{\"@type\":\"SearchAction\",\"target\":{\"@type\":\"EntryPoint\",\"urlTemplate\":\"https:\\\/\\\/pianostammare.se\\\/?s={search_term_string}\"},\"query-input\":{\"@type\":\"PropertyValueSpecification\",\"valueRequired\":true,\"valueName\":\"search_term_string\"}}],\"inLanguage\":\"en-GB\"},{\"@type\":\"Organization\",\"@id\":\"https:\\\/\\\/pianostammare.se\\\/#organization\",\"name\":\"Pianost\u00e4mmare, flyglar och piano\",\"url\":\"https:\\\/\\\/pianostammare.se\\\/\",\"logo\":{\"@type\":\"ImageObject\",\"inLanguage\":\"en-GB\",\"@id\":\"https:\\\/\\\/pianostammare.se\\\/#\\\/schema\\\/logo\\\/image\\\/\",\"url\":\"https:\\\/\\\/pianostammare.se\\\/wp-content\\\/uploads\\\/2022\\\/11\\\/cropped-Namnlos-design.avif\",\"contentUrl\":\"https:\\\/\\\/pianostammare.se\\\/wp-content\\\/uploads\\\/2022\\\/11\\\/cropped-Namnlos-design.avif\",\"width\":1200,\"height\":800,\"caption\":\"Pianost\u00e4mmare, flyglar och piano\"},\"image\":{\"@id\":\"https:\\\/\\\/pianostammare.se\\\/#\\\/schema\\\/logo\\\/image\\\/\"},\"sameAs\":[\"https:\\\/\\\/www.facebook.com\\\/share\\\/167DsieNj3\\\/?mibextid=wwXlfr\"]}]}<\/script>\n<!-- \/ Yoast SEO Premium plugin. -->","yoast_head_json":{"title":"B\u00e4rselar, lyftselar, pianotransport, tunga lyft","description":"V\u00e5ra specialutvecklade b\u00e4rselar\/lyftselar underl\u00e4ttar tunga lyft, s\u00e4rskilt vid transport av pianon och flyglar. Tillverkade i Dalarna med fokus p\u00e5 h\u00e5llbarhet och ergonomi, \u00e4r dessa selar ett oumb\u00e4rligt verktyg f\u00f6r s\u00e4kra och smidiga transporter.","robots":{"index":"index","follow":"follow","max-snippet":"max-snippet:-1","max-image-preview":"max-image-preview:large","max-video-preview":"max-video-preview:-1"},"canonical":"https:\/\/pianostammare.se\/en\/product\/barselar-lyftselar-transport-tungalyft\/","og_locale":"en_GB","og_type":"article","og_title":"B\u00e4rselar\/Lyftselar","og_description":"V\u00e5ra specialutvecklade b\u00e4rselar\/lyftselar underl\u00e4ttar tunga lyft, s\u00e4rskilt vid transport av pianon och flyglar. Tillverkade i Dalarna med fokus p\u00e5 h\u00e5llbarhet och ergonomi, \u00e4r dessa selar ett oumb\u00e4rligt verktyg f\u00f6r s\u00e4kra och smidiga transporter.","og_url":"https:\/\/pianostammare.se\/en\/product\/barselar-lyftselar-transport-tungalyft\/","og_site_name":"Pianost\u00e4mmare, flyglar och piano","article_publisher":"https:\/\/www.facebook.com\/share\/167DsieNj3\/?mibextid=wwXlfr","article_modified_time":"2025-03-11T17:34:03+00:00","og_image":[{"width":250,"height":375,"url":"https:\/\/i0.wp.com\/en.pianostammare.se\/wp-content\/uploads\/2012\/09\/barsele1.gif?fit=250%2C375&ssl=1","type":"image\/gif"}],"twitter_card":"summary_large_image","twitter_misc":{"Estimated reading time":"2 minutes"},"schema":{"@context":"https:\/\/schema.org","@graph":[{"@type":"WebPage","@id":"https:\/\/pianostammare.se\/produkt\/barselar-lyftselar-transport-tungalyft\/","url":"https:\/\/pianostammare.se\/produkt\/barselar-lyftselar-transport-tungalyft\/","name":"B\u00e4rselar, lyftselar, pianotransport, tunga lyft","isPartOf":{"@id":"https:\/\/pianostammare.se\/#website"},"primaryImageOfPage":{"@id":"https:\/\/pianostammare.se\/produkt\/barselar-lyftselar-transport-tungalyft\/#primaryimage"},"image":{"@id":"https:\/\/pianostammare.se\/produkt\/barselar-lyftselar-transport-tungalyft\/#primaryimage"},"thumbnailUrl":"https:\/\/i0.wp.com\/pianostammare.se\/wp-content\/uploads\/2012\/09\/barsele1.gif?fit=250%2C375&ssl=1","datePublished":"2022-11-23T06:49:32+00:00","dateModified":"2025-03-11T17:34:03+00:00","description":"V\u00e5ra specialutvecklade b\u00e4rselar\/lyftselar underl\u00e4ttar tunga lyft, s\u00e4rskilt vid transport av pianon och flyglar. Tillverkade i Dalarna med fokus p\u00e5 h\u00e5llbarhet och ergonomi, \u00e4r dessa selar ett oumb\u00e4rligt verktyg f\u00f6r s\u00e4kra och smidiga transporter.","breadcrumb":{"@id":"https:\/\/pianostammare.se\/produkt\/barselar-lyftselar-transport-tungalyft\/#breadcrumb"},"inLanguage":"en-GB","potentialAction":[{"@type":"ReadAction","target":["https:\/\/pianostammare.se\/produkt\/barselar-lyftselar-transport-tungalyft\/"]}]},{"@type":"ImageObject","inLanguage":"en-GB","@id":"https:\/\/pianostammare.se\/produkt\/barselar-lyftselar-transport-tungalyft\/#primaryimage","url":"https:\/\/i0.wp.com\/pianostammare.se\/wp-content\/uploads\/2012\/09\/barsele1.gif?fit=250%2C375&ssl=1","contentUrl":"https:\/\/i0.wp.com\/pianostammare.se\/wp-content\/uploads\/2012\/09\/barsele1.gif?fit=250%2C375&ssl=1","width":250,"height":375,"caption":"V\u00e5ra b\u00e4r och lyftselar \u00e4r idealiska f\u00f6r tunga lyft."},{"@type":"BreadcrumbList","@id":"https:\/\/pianostammare.se\/produkt\/barselar-lyftselar-transport-tungalyft\/#breadcrumb","itemListElement":[{"@type":"ListItem","position":1,"name":"Hem","item":"https:\/\/pianostammare.se\/"},{"@type":"ListItem","position":2,"name":"Webbshop","item":"https:\/\/pianostammare.se\/butik-flygelaffar-pianoaffar-leksand-dalarna\/"},{"@type":"ListItem","position":3,"name":"B\u00e4rselar\/Lyftselar"}]},{"@type":"WebSite","@id":"https:\/\/pianostammare.se\/#website","url":"https:\/\/pianostammare.se\/","name":"Pianost\u00e4mmare, flyglar och piano","description":"Utst\u00e4llningshall f\u00f6r nya piano &amp; Flyglar","publisher":{"@id":"https:\/\/pianostammare.se\/#organization"},"potentialAction":[{"@type":"SearchAction","target":{"@type":"EntryPoint","urlTemplate":"https:\/\/pianostammare.se\/?s={search_term_string}"},"query-input":{"@type":"PropertyValueSpecification","valueRequired":true,"valueName":"search_term_string"}}],"inLanguage":"en-GB"},{"@type":"Organization","@id":"https:\/\/pianostammare.se\/#organization","name":"Pianost\u00e4mmare, flyglar och piano","url":"https:\/\/pianostammare.se\/","logo":{"@type":"ImageObject","inLanguage":"en-GB","@id":"https:\/\/pianostammare.se\/#\/schema\/logo\/image\/","url":"https:\/\/pianostammare.se\/wp-content\/uploads\/2022\/11\/cropped-Namnlos-design.avif","contentUrl":"https:\/\/pianostammare.se\/wp-content\/uploads\/2022\/11\/cropped-Namnlos-design.avif","width":1200,"height":800,"caption":"Pianost\u00e4mmare, flyglar och piano"},"image":{"@id":"https:\/\/pianostammare.se\/#\/schema\/logo\/image\/"},"sameAs":["https:\/\/www.facebook.com\/share\/167DsieNj3\/?mibextid=wwXlfr"]}]}},"jetpack_publicize_connections":[],"_links":{"self":[{"href":"https:\/\/pianostammare.se\/en\/wp-json\/wp\/v2\/product\/1046","targetHints":{"allow":["GET"]}}],"collection":[{"href":"https:\/\/pianostammare.se\/en\/wp-json\/wp\/v2\/product"}],"about":[{"href":"https:\/\/pianostammare.se\/en\/wp-json\/wp\/v2\/types\/product"}],"wp:featuredmedia":[{"embeddable":true,"href":"https:\/\/pianostammare.se\/en\/wp-json\/wp\/v2\/media\/567"}],"wp:attachment":[{"href":"https:\/\/pianostammare.se\/en\/wp-json\/wp\/v2\/media?parent=1046"}],"wp:term":[{"taxonomy":"product_brand","embeddable":true,"href":"https:\/\/pianostammare.se\/en\/wp-json\/wp\/v2\/product_brand?post=1046"},{"taxonomy":"product_cat","embeddable":true,"href":"https:\/\/pianostammare.se\/en\/wp-json\/wp\/v2\/product_cat?post=1046"},{"taxonomy":"product_tag","embeddable":true,"href":"https:\/\/pianostammare.se\/en\/wp-json\/wp\/v2\/product_tag?post=1046"}],"curies":[{"name":"wp","href":"https:\/\/api.w.org\/{rel}","templated":true}]}}