{"id":1052,"date":"2022-11-23T07:49:33","date_gmt":"2022-11-23T06:49:33","guid":{"rendered":"https:\/\/pianostammare.se\/?post_type=product&#038;p=1052"},"modified":"2025-03-19T10:53:59","modified_gmt":"2025-03-19T09:53:59","slug":"svartpolerad-hoj-och-sankbar-pianopall","status":"publish","type":"product","link":"https:\/\/pianostammare.se\/en\/product\/svartpolerad-hoj-och-sankbar-pianopall\/","title":{"rendered":"Black polished height-adjustable piano stool"},"content":{"rendered":"<div class=\"flex-1 overflow-hidden\">\n<div class=\"react-scroll-to-bottom--css-ankln-79elbk h-full dark:bg-gray-800\">\n<div class=\"react-scroll-to-bottom--css-ankln-1n7m0yu\">\n<div class=\"flex flex-col items-center text-sm dark:bg-gray-800\">\n<div class=\"group w-full text-gray-800 dark:text-gray-100 border-b border-black\/10 dark:border-gray-900\/50 bg-gray-50 dark:bg-[#444654]\">\n<div class=\"text-base gap-4 md:gap-6 md:max-w-2xl lg:max-w-xl xl:max-w-3xl p-4 md:py-6 flex lg:px-0 m-auto\">\n<div class=\"relative flex w-[calc(100%-50px)] flex-col gap-1 md:gap-3 lg:w-[calc(100%-115px)]\">\n<div class=\"flex flex-grow flex-col gap-3\">\n<div class=\"min-h-[20px] flex flex-col items-start gap-4 whitespace-pre-wrap\">\n<div class=\"markdown prose w-full break-words dark:prose-invert light\">\n<p>V\u00e5ra h\u00f6j- och s\u00e4nkbara pianopallar \u00e4r tillverkade av finaste tr\u00e4slag och finns i olika utf\u00f6randen f\u00f6r att passa alla smaker och stilar. Oavsett om du f\u00f6redrar en modern eller mer traditionell design, har vi en pianopall som kommer att passa din stil och behov.<\/p>\n<p>Du kan v\u00e4lja mellan olika tr\u00e4slag, inklusive ek, valn\u00f6t och mahogny, samt olika dynor som ger extra komfort n\u00e4r du sitter vid pianot. V\u00e5ra pianopallar \u00e4r ocks\u00e5 l\u00e4tta att justera, vilket g\u00f6r det enkelt f\u00f6r dig att hitta den perfekta h\u00f6jden f\u00f6r dina behov.<\/p>\n<p>Vi erbjuder v\u00e5ra h\u00f6j- och s\u00e4nkbara pianopallar till ett attraktivt pris utan att kompromissa med kvaliteten. S\u00e5 oavsett om du \u00e4r en professionell pianist eller en hobbyist, kommer v\u00e5r pianopall att ge dig en bekv\u00e4m och ergonomisk upplevelse vid din spelning.<\/p>\n<p>V\u00e4lj en av v\u00e5ra fina h\u00f6j- och s\u00e4nkbara pianopallar idag och ta dina pianospelningar till en ny niv\u00e5 av komfort och stil. V\u00e4lkomna in och prova ut den pall som passar er smak. Vi har m\u00e5nga olika pallar i olika tr\u00e4slag samt hydralpallar om ni f\u00f6redrar det. G\u00f6r en resa till v\u00e5r piano och flygelaff\u00e4r i Leksand, <a href=\"https:\/\/pianostammare.se\/uthyrning-av-rum-sommar-i-leksand-hotel-leksand\/\">boka rum<\/a> om ni vill kombinera ert bes\u00f6k med semester.<\/p>\n<\/div>\n<\/div>\n<\/div>\n<\/div>\n<\/div>\n<\/div>\n<\/div>\n<\/div>\n<\/div>\n<\/div>\n","protected":false},"excerpt":{"rendered":"<p>We offer our height-adjustable piano stools at an attractive price \u2013 without compromising on quality. Whether you're a professional pianist or a hobbyist, our stools provide a comfortable and ergonomic playing experience.<\/p>","protected":false},"featured_media":12982,"template":"","meta":{"site-sidebar-layout":"default","site-content-layout":"default","ast-site-content-layout":"default","site-content-style":"default","site-sidebar-style":"default","ast-global-header-display":"","ast-banner-title-visibility":"","ast-main-header-display":"","ast-hfb-above-header-display":"","ast-hfb-below-header-display":"","ast-hfb-mobile-header-display":"","site-post-title":"","ast-breadcrumbs-content":"","ast-featured-img":"","footer-sml-layout":"","ast-disable-related-posts":"","theme-transparent-header-meta":"default","adv-header-id-meta":"","stick-header-meta":"","header-above-stick-meta":"","header-main-stick-meta":"","header-below-stick-meta":"","astra-migrate-meta-layouts":"set","ast-page-background-enabled":"default","ast-page-background-meta":{"desktop":{"background-color":"","background-image":"","background-repeat":"repeat","background-position":"center center","background-size":"auto","background-attachment":"scroll","background-type":"","background-media":"","overlay-type":"","overlay-color":"","overlay-opacity":"","overlay-gradient":""},"tablet":{"background-color":"","background-image":"","background-repeat":"repeat","background-position":"center center","background-size":"auto","background-attachment":"scroll","background-type":"","background-media":"","overlay-type":"","overlay-color":"","overlay-opacity":"","overlay-gradient":""},"mobile":{"background-color":"","background-image":"","background-repeat":"repeat","background-position":"center center","background-size":"auto","background-attachment":"scroll","background-type":"","background-media":"","overlay-type":"","overlay-color":"","overlay-opacity":"","overlay-gradient":""}},"ast-content-background-meta":{"desktop":{"background-color":"var(--ast-global-color-5)","background-image":"","background-repeat":"repeat","background-position":"center center","background-size":"auto","background-attachment":"scroll","background-type":"","background-media":"","overlay-type":"","overlay-color":"","overlay-opacity":"","overlay-gradient":""},"tablet":{"background-color":"var(--ast-global-color-5)","background-image":"","background-repeat":"repeat","background-position":"center center","background-size":"auto","background-attachment":"scroll","background-type":"","background-media":"","overlay-type":"","overlay-color":"","overlay-opacity":"","overlay-gradient":""},"mobile":{"background-color":"var(--ast-global-color-5)","background-image":"","background-repeat":"repeat","background-position":"center center","background-size":"auto","background-attachment":"scroll","background-type":"","background-media":"","overlay-type":"","overlay-color":"","overlay-opacity":"","overlay-gradient":""}},"jetpack_publicize_message":"","jetpack_publicize_feature_enabled":true,"jetpack_social_post_already_shared":false,"jetpack_social_options":{"image_generator_settings":{"template":"highway","default_image_id":0,"font":"","enabled":false},"version":2}},"product_brand":[],"product_cat":[48],"product_tag":[],"class_list":{"0":"post-1052","1":"product","2":"type-product","3":"status-publish","4":"has-post-thumbnail","6":"product_cat-pianopallar","7":"product_shipping_class-standard-frakt","8":"desktop-align-left","9":"tablet-align-left","10":"mobile-align-left","12":"first","13":"instock","14":"taxable","15":"shipping-taxable","16":"purchasable","17":"product-type-simple"},"yoast_head":"<!-- This site is optimized with the Yoast SEO Premium plugin v26.1 (Yoast SEO v27.5) - https:\/\/yoast.com\/product\/yoast-seo-premium-wordpress\/ -->\n<title>Svartpolerad h\u00f6j och s\u00e4nkbar pianopall<\/title>\n<meta name=\"robots\" content=\"index, follow, max-snippet:-1, max-image-preview:large, max-video-preview:-1\" \/>\n<link rel=\"canonical\" href=\"https:\/\/pianostammare.se\/en\/product\/svartpolerad-hoj-och-sankbar-pianopall\/\" \/>\n<meta property=\"og:locale\" content=\"en_GB\" \/>\n<meta property=\"og:type\" content=\"article\" \/>\n<meta property=\"og:title\" content=\"Svartpolerad h\u00f6j och s\u00e4nkbar pianopall\" \/>\n<meta property=\"og:description\" content=\"Vi erbjuder v\u00e5ra h\u00f6j- och s\u00e4nkbara pianopallar till ett attraktivt pris utan att kompromissa med kvaliteten. S\u00e5 oavsett om du \u00e4r en professionell pianist eller en hobbyist, kommer v\u00e5r pianopall att ge dig en bekv\u00e4m och ergonomisk upplevelse vid din spelning.\" \/>\n<meta property=\"og:url\" content=\"https:\/\/pianostammare.se\/en\/product\/svartpolerad-hoj-och-sankbar-pianopall\/\" \/>\n<meta property=\"og:site_name\" content=\"Pianost\u00e4mmare, flyglar och piano\" \/>\n<meta property=\"article:publisher\" content=\"https:\/\/www.facebook.com\/share\/167DsieNj3\/?mibextid=wwXlfr\" \/>\n<meta property=\"article:modified_time\" content=\"2025-03-19T09:53:59+00:00\" \/>\n<meta property=\"og:image\" content=\"https:\/\/i0.wp.com\/en.pianostammare.se\/wp-content\/uploads\/2022\/12\/Bench_XD2-black-pol..jpg?fit=800%2C765&ssl=1\" \/>\n\t<meta property=\"og:image:width\" content=\"800\" \/>\n\t<meta property=\"og:image:height\" content=\"765\" \/>\n\t<meta property=\"og:image:type\" content=\"image\/jpeg\" \/>\n<meta name=\"twitter:card\" content=\"summary_large_image\" \/>\n<meta name=\"twitter:label1\" content=\"Estimated reading time\" \/>\n\t<meta name=\"twitter:data1\" content=\"2 minutes\" \/>\n<script type=\"application\/ld+json\" class=\"yoast-schema-graph\">{\"@context\":\"https:\\\/\\\/schema.org\",\"@graph\":[{\"@type\":\"WebPage\",\"@id\":\"https:\\\/\\\/pianostammare.se\\\/produkt\\\/svartpolerad-hoj-och-sankbar-pianopall\\\/\",\"url\":\"https:\\\/\\\/pianostammare.se\\\/produkt\\\/svartpolerad-hoj-och-sankbar-pianopall\\\/\",\"name\":\"Svartpolerad h\u00f6j och s\u00e4nkbar pianopall\",\"isPartOf\":{\"@id\":\"https:\\\/\\\/pianostammare.se\\\/#website\"},\"primaryImageOfPage\":{\"@id\":\"https:\\\/\\\/pianostammare.se\\\/produkt\\\/svartpolerad-hoj-och-sankbar-pianopall\\\/#primaryimage\"},\"image\":{\"@id\":\"https:\\\/\\\/pianostammare.se\\\/produkt\\\/svartpolerad-hoj-och-sankbar-pianopall\\\/#primaryimage\"},\"thumbnailUrl\":\"https:\\\/\\\/i0.wp.com\\\/pianostammare.se\\\/wp-content\\\/uploads\\\/2022\\\/12\\\/Bench_XD2-black-pol..jpg?fit=800%2C765&ssl=1\",\"datePublished\":\"2022-11-23T06:49:33+00:00\",\"dateModified\":\"2025-03-19T09:53:59+00:00\",\"breadcrumb\":{\"@id\":\"https:\\\/\\\/pianostammare.se\\\/produkt\\\/svartpolerad-hoj-och-sankbar-pianopall\\\/#breadcrumb\"},\"inLanguage\":\"en-GB\",\"potentialAction\":[{\"@type\":\"ReadAction\",\"target\":[\"https:\\\/\\\/pianostammare.se\\\/produkt\\\/svartpolerad-hoj-och-sankbar-pianopall\\\/\"]}]},{\"@type\":\"ImageObject\",\"inLanguage\":\"en-GB\",\"@id\":\"https:\\\/\\\/pianostammare.se\\\/produkt\\\/svartpolerad-hoj-och-sankbar-pianopall\\\/#primaryimage\",\"url\":\"https:\\\/\\\/i0.wp.com\\\/pianostammare.se\\\/wp-content\\\/uploads\\\/2022\\\/12\\\/Bench_XD2-black-pol..jpg?fit=800%2C765&ssl=1\",\"contentUrl\":\"https:\\\/\\\/i0.wp.com\\\/pianostammare.se\\\/wp-content\\\/uploads\\\/2022\\\/12\\\/Bench_XD2-black-pol..jpg?fit=800%2C765&ssl=1\",\"width\":800,\"height\":765},{\"@type\":\"BreadcrumbList\",\"@id\":\"https:\\\/\\\/pianostammare.se\\\/produkt\\\/svartpolerad-hoj-och-sankbar-pianopall\\\/#breadcrumb\",\"itemListElement\":[{\"@type\":\"ListItem\",\"position\":1,\"name\":\"Hem\",\"item\":\"https:\\\/\\\/pianostammare.se\\\/\"},{\"@type\":\"ListItem\",\"position\":2,\"name\":\"Webbshop\",\"item\":\"https:\\\/\\\/pianostammare.se\\\/butik-flygelaffar-pianoaffar-leksand-dalarna\\\/\"},{\"@type\":\"ListItem\",\"position\":3,\"name\":\"Svartpolerad h\u00f6j och s\u00e4nkbar pianopall\"}]},{\"@type\":\"WebSite\",\"@id\":\"https:\\\/\\\/pianostammare.se\\\/#website\",\"url\":\"https:\\\/\\\/pianostammare.se\\\/\",\"name\":\"Pianost\u00e4mmare, flyglar och piano\",\"description\":\"Utst\u00e4llningshall f\u00f6r nya piano &amp; Flyglar\",\"publisher\":{\"@id\":\"https:\\\/\\\/pianostammare.se\\\/#organization\"},\"potentialAction\":[{\"@type\":\"SearchAction\",\"target\":{\"@type\":\"EntryPoint\",\"urlTemplate\":\"https:\\\/\\\/pianostammare.se\\\/?s={search_term_string}\"},\"query-input\":{\"@type\":\"PropertyValueSpecification\",\"valueRequired\":true,\"valueName\":\"search_term_string\"}}],\"inLanguage\":\"en-GB\"},{\"@type\":\"Organization\",\"@id\":\"https:\\\/\\\/pianostammare.se\\\/#organization\",\"name\":\"Pianost\u00e4mmare, flyglar och piano\",\"url\":\"https:\\\/\\\/pianostammare.se\\\/\",\"logo\":{\"@type\":\"ImageObject\",\"inLanguage\":\"en-GB\",\"@id\":\"https:\\\/\\\/pianostammare.se\\\/#\\\/schema\\\/logo\\\/image\\\/\",\"url\":\"https:\\\/\\\/pianostammare.se\\\/wp-content\\\/uploads\\\/2022\\\/11\\\/cropped-Namnlos-design.avif\",\"contentUrl\":\"https:\\\/\\\/pianostammare.se\\\/wp-content\\\/uploads\\\/2022\\\/11\\\/cropped-Namnlos-design.avif\",\"width\":1200,\"height\":800,\"caption\":\"Pianost\u00e4mmare, flyglar och piano\"},\"image\":{\"@id\":\"https:\\\/\\\/pianostammare.se\\\/#\\\/schema\\\/logo\\\/image\\\/\"},\"sameAs\":[\"https:\\\/\\\/www.facebook.com\\\/share\\\/167DsieNj3\\\/?mibextid=wwXlfr\"]}]}<\/script>\n<!-- \/ Yoast SEO Premium plugin. -->","yoast_head_json":{"title":"Black polished height-adjustable piano stool","robots":{"index":"index","follow":"follow","max-snippet":"max-snippet:-1","max-image-preview":"max-image-preview:large","max-video-preview":"max-video-preview:-1"},"canonical":"https:\/\/pianostammare.se\/en\/product\/svartpolerad-hoj-och-sankbar-pianopall\/","og_locale":"en_GB","og_type":"article","og_title":"Svartpolerad h\u00f6j och s\u00e4nkbar pianopall","og_description":"Vi erbjuder v\u00e5ra h\u00f6j- och s\u00e4nkbara pianopallar till ett attraktivt pris utan att kompromissa med kvaliteten. S\u00e5 oavsett om du \u00e4r en professionell pianist eller en hobbyist, kommer v\u00e5r pianopall att ge dig en bekv\u00e4m och ergonomisk upplevelse vid din spelning.","og_url":"https:\/\/pianostammare.se\/en\/product\/svartpolerad-hoj-och-sankbar-pianopall\/","og_site_name":"Pianost\u00e4mmare, flyglar och piano","article_publisher":"https:\/\/www.facebook.com\/share\/167DsieNj3\/?mibextid=wwXlfr","article_modified_time":"2025-03-19T09:53:59+00:00","og_image":[{"width":800,"height":765,"url":"https:\/\/i0.wp.com\/en.pianostammare.se\/wp-content\/uploads\/2022\/12\/Bench_XD2-black-pol..jpg?fit=800%2C765&ssl=1","type":"image\/jpeg"}],"twitter_card":"summary_large_image","twitter_misc":{"Estimated reading time":"2 minutes"},"schema":{"@context":"https:\/\/schema.org","@graph":[{"@type":"WebPage","@id":"https:\/\/pianostammare.se\/produkt\/svartpolerad-hoj-och-sankbar-pianopall\/","url":"https:\/\/pianostammare.se\/produkt\/svartpolerad-hoj-och-sankbar-pianopall\/","name":"Black polished height-adjustable piano stool","isPartOf":{"@id":"https:\/\/pianostammare.se\/#website"},"primaryImageOfPage":{"@id":"https:\/\/pianostammare.se\/produkt\/svartpolerad-hoj-och-sankbar-pianopall\/#primaryimage"},"image":{"@id":"https:\/\/pianostammare.se\/produkt\/svartpolerad-hoj-och-sankbar-pianopall\/#primaryimage"},"thumbnailUrl":"https:\/\/i0.wp.com\/pianostammare.se\/wp-content\/uploads\/2022\/12\/Bench_XD2-black-pol..jpg?fit=800%2C765&ssl=1","datePublished":"2022-11-23T06:49:33+00:00","dateModified":"2025-03-19T09:53:59+00:00","breadcrumb":{"@id":"https:\/\/pianostammare.se\/produkt\/svartpolerad-hoj-och-sankbar-pianopall\/#breadcrumb"},"inLanguage":"en-GB","potentialAction":[{"@type":"ReadAction","target":["https:\/\/pianostammare.se\/produkt\/svartpolerad-hoj-och-sankbar-pianopall\/"]}]},{"@type":"ImageObject","inLanguage":"en-GB","@id":"https:\/\/pianostammare.se\/produkt\/svartpolerad-hoj-och-sankbar-pianopall\/#primaryimage","url":"https:\/\/i0.wp.com\/pianostammare.se\/wp-content\/uploads\/2022\/12\/Bench_XD2-black-pol..jpg?fit=800%2C765&ssl=1","contentUrl":"https:\/\/i0.wp.com\/pianostammare.se\/wp-content\/uploads\/2022\/12\/Bench_XD2-black-pol..jpg?fit=800%2C765&ssl=1","width":800,"height":765},{"@type":"BreadcrumbList","@id":"https:\/\/pianostammare.se\/produkt\/svartpolerad-hoj-och-sankbar-pianopall\/#breadcrumb","itemListElement":[{"@type":"ListItem","position":1,"name":"Hem","item":"https:\/\/pianostammare.se\/"},{"@type":"ListItem","position":2,"name":"Webbshop","item":"https:\/\/pianostammare.se\/butik-flygelaffar-pianoaffar-leksand-dalarna\/"},{"@type":"ListItem","position":3,"name":"Svartpolerad h\u00f6j och s\u00e4nkbar pianopall"}]},{"@type":"WebSite","@id":"https:\/\/pianostammare.se\/#website","url":"https:\/\/pianostammare.se\/","name":"Pianost\u00e4mmare, flyglar och piano","description":"Utst\u00e4llningshall f\u00f6r nya piano &amp; Flyglar","publisher":{"@id":"https:\/\/pianostammare.se\/#organization"},"potentialAction":[{"@type":"SearchAction","target":{"@type":"EntryPoint","urlTemplate":"https:\/\/pianostammare.se\/?s={search_term_string}"},"query-input":{"@type":"PropertyValueSpecification","valueRequired":true,"valueName":"search_term_string"}}],"inLanguage":"en-GB"},{"@type":"Organization","@id":"https:\/\/pianostammare.se\/#organization","name":"Pianost\u00e4mmare, flyglar och piano","url":"https:\/\/pianostammare.se\/","logo":{"@type":"ImageObject","inLanguage":"en-GB","@id":"https:\/\/pianostammare.se\/#\/schema\/logo\/image\/","url":"https:\/\/pianostammare.se\/wp-content\/uploads\/2022\/11\/cropped-Namnlos-design.avif","contentUrl":"https:\/\/pianostammare.se\/wp-content\/uploads\/2022\/11\/cropped-Namnlos-design.avif","width":1200,"height":800,"caption":"Pianost\u00e4mmare, flyglar och piano"},"image":{"@id":"https:\/\/pianostammare.se\/#\/schema\/logo\/image\/"},"sameAs":["https:\/\/www.facebook.com\/share\/167DsieNj3\/?mibextid=wwXlfr"]}]}},"jetpack_publicize_connections":[],"_links":{"self":[{"href":"https:\/\/pianostammare.se\/en\/wp-json\/wp\/v2\/product\/1052","targetHints":{"allow":["GET"]}}],"collection":[{"href":"https:\/\/pianostammare.se\/en\/wp-json\/wp\/v2\/product"}],"about":[{"href":"https:\/\/pianostammare.se\/en\/wp-json\/wp\/v2\/types\/product"}],"wp:featuredmedia":[{"embeddable":true,"href":"https:\/\/pianostammare.se\/en\/wp-json\/wp\/v2\/media\/12982"}],"wp:attachment":[{"href":"https:\/\/pianostammare.se\/en\/wp-json\/wp\/v2\/media?parent=1052"}],"wp:term":[{"taxonomy":"product_brand","embeddable":true,"href":"https:\/\/pianostammare.se\/en\/wp-json\/wp\/v2\/product_brand?post=1052"},{"taxonomy":"product_cat","embeddable":true,"href":"https:\/\/pianostammare.se\/en\/wp-json\/wp\/v2\/product_cat?post=1052"},{"taxonomy":"product_tag","embeddable":true,"href":"https:\/\/pianostammare.se\/en\/wp-json\/wp\/v2\/product_tag?post=1052"}],"curies":[{"name":"wp","href":"https:\/\/api.w.org\/{rel}","templated":true}]}}