{"id":1053,"date":"2022-11-23T07:49:33","date_gmt":"2022-11-23T06:49:33","guid":{"rendered":"https:\/\/pianostammare.se\/?post_type=product&#038;p=1053"},"modified":"2025-03-19T10:53:32","modified_gmt":"2025-03-19T09:53:32","slug":"strangar","status":"publish","type":"product","link":"https:\/\/pianostammare.se\/en\/product\/strangar\/","title":{"rendered":"Strings"},"content":{"rendered":"<h1>Ska ni k\u00f6pa basstr\u00e4ngar till piano eller flygel?<\/h1>\n<p>&nbsp;<\/p>\n<h4>Vi tillverkar de b\u00e4sta m\u00e5ttanpassade basstr\u00e4ngarna efter kundens \u00f6nskem\u00e5l, till alla t\u00e4nkbara piano och flygel fabrikat.<\/h4>\n<p>&nbsp;<\/p>\n<p>Svensktillverkade basstr\u00e4ngarna tillverkas manuellt av rent st\u00e5l och massiv koppar. Materialen till basstr\u00e4ngarna \u00e4r enbart b\u00e4sta tyska kvalit\u00e9. Vi f\u00f6rs\u00f6ker h\u00e5lla leverans inom en vecka.<\/p>\n<p>De m\u00e5tt vi beh\u00f6ver f\u00f6r att kunna tillverka str\u00e4ngarna ber vi er m\u00e4ta upp och<a href=\"\/en\/info@pianostammare.se\/\"> mejla till oss:<\/a><\/p>\n<ol>\n<li>K\u00e4rndiameter &#8211; ska ha en nogranhet p\u00e5 en femhudradels millimeter. 0.700, 0,725 0,750 0,775 0,800 0,825 0,850 osv.<\/li>\n<li>L\u00e4ngd fr\u00e5n \u00f6gla fram till spinningen<\/li>\n<li>Spinningens l\u00e4ngd<\/li>\n<li>Koppar diameter &#8211; yttre diametern m\u00e4tt \u00f6ver kopparspinningen<\/li>\n<li>Vid dubbelspunnen str\u00e4ng \u00e4ven yttre diameter m\u00e4tt \u00f6ver den tunnare delen \u00f6ver kopparspinningen<\/li>\n<li>Basstr\u00e4ng till vilka toner<\/li>\n<li>Val av st\u00e5lk\u00e4rna &#8211; rund eller hexagonal k\u00e4rna<\/li>\n<\/ol>\n<p>Det g\u00e5r ocks\u00e5 bra att skicka de trasiga str\u00e4ngarna direkt till oss s\u00e5 m\u00e4ter vi upp och tillverkar nya.<\/p>\n<h3>Din pianost\u00e4mmare<\/h3>\n<h3>Mov\u00e4gen 10<\/h3>\n<h3>793 31 Leksand<\/h3>\n<p>&nbsp;<\/p>\n<h2>Massivt st\u00e5l och solid koppar &#8211; det \u00e4r grejor det!<\/h2>\n<p>V\u00e5rt <a title=\"R\u00f6slau\" href=\"https:\/\/www.livsmedelsverket.se\/livsmedel-och-innehall\/naringsamne\/salt-och-mineraler1\/koppar\" target=\"_blank\" rel=\"noopener\">st\u00e5l<\/a> som vi anv\u00e4nder f\u00f6r att spinna str\u00e4ngar kommer fr\u00e5n R\u00f6slau i Tyskland<\/p>\n<p><a href=\"https:\/\/www.livsmedelsverket.se\/livsmedel-och-innehall\/naringsamne\/salt-och-mineraler1\/koppar\" target=\"_blank\" rel=\"noopener\">Koppar<\/a> \u00e4r n\u00f6dv\u00e4ndigt f\u00f6r att kroppen ska fungera normalt. Det ing\u00e5r i en rad enzymer som hj\u00e4lper \u00e4mnesoms\u00e4ttningen samt oms\u00e4ttningen av j\u00e4rn i kroppen. F\u00f6r att vi ska m\u00e5 bra beh\u00f6ver vi allts\u00e5 f\u00e5 i oss en viss m\u00e4ngd koppar \u2013 men inte f\u00f6r mycket, s\u00e5 tugga inte p\u00e5 str\u00e4ngarna!<\/p>\n<figure id=\"attachment_17019\" aria-describedby=\"caption-attachment-17019\" style=\"width: 225px\" class=\"wp-caption alignnone\"><img data-recalc-dims=\"1\" fetchpriority=\"high\" decoding=\"async\" class=\"size-medium wp-image-17019\" src=\"https:\/\/i0.wp.com\/pianostammare.se\/wp-content\/uploads\/2023\/09\/IMG_34651.jpg?resize=225%2C300&#038;ssl=1\" alt=\"Originalstr\u00e4ngar Malmsj\u00f6\" width=\"225\" height=\"300\" srcset=\"https:\/\/i0.wp.com\/pianostammare.se\/wp-content\/uploads\/2023\/09\/IMG_34651-scaled.jpg?resize=225%2C300&amp;ssl=1 225w, https:\/\/i0.wp.com\/pianostammare.se\/wp-content\/uploads\/2023\/09\/IMG_34651-scaled.jpg?resize=600%2C800&amp;ssl=1 600w, https:\/\/i0.wp.com\/pianostammare.se\/wp-content\/uploads\/2023\/09\/IMG_34651-scaled.jpg?resize=768%2C1024&amp;ssl=1 768w, https:\/\/i0.wp.com\/pianostammare.se\/wp-content\/uploads\/2023\/09\/IMG_34651-scaled.jpg?resize=1152%2C1536&amp;ssl=1 1152w, https:\/\/i0.wp.com\/pianostammare.se\/wp-content\/uploads\/2023\/09\/IMG_34651-scaled.jpg?resize=1536%2C2048&amp;ssl=1 1536w, https:\/\/i0.wp.com\/pianostammare.se\/wp-content\/uploads\/2023\/09\/IMG_34651-scaled.jpg?w=1920&amp;ssl=1 1920w\" sizes=\"(max-width: 225px) 100vw, 225px\" \/><figcaption id=\"caption-attachment-17019\" class=\"wp-caption-text\">The strings are original and can be replaced upon request.<\/figcaption><\/figure>","protected":false},"excerpt":{"rendered":"<p>100% Svensktillverkade basstr\u00e4ngar till piano och flygel. S\u00e4nd era trasiga str\u00e4ngar med post eller m\u00e4t upp och mejla m\u00e5tten s\u00e5 skickar vi nya.<\/p>\n<p>F\u00f6r att best\u00e4lla ska du vara utbildad pianost\u00e4mmare.<\/p>","protected":false},"featured_media":544,"template":"","meta":{"site-sidebar-layout":"default","site-content-layout":"default","ast-site-content-layout":"default","site-content-style":"default","site-sidebar-style":"default","ast-global-header-display":"","ast-banner-title-visibility":"","ast-main-header-display":"","ast-hfb-above-header-display":"","ast-hfb-below-header-display":"","ast-hfb-mobile-header-display":"","site-post-title":"","ast-breadcrumbs-content":"","ast-featured-img":"","footer-sml-layout":"","ast-disable-related-posts":"","theme-transparent-header-meta":"default","adv-header-id-meta":"","stick-header-meta":"","header-above-stick-meta":"","header-main-stick-meta":"","header-below-stick-meta":"","astra-migrate-meta-layouts":"set","ast-page-background-enabled":"default","ast-page-background-meta":{"desktop":{"background-color":"","background-image":"","background-repeat":"repeat","background-position":"center center","background-size":"auto","background-attachment":"scroll","background-type":"","background-media":"","overlay-type":"","overlay-color":"","overlay-opacity":"","overlay-gradient":""},"tablet":{"background-color":"","background-image":"","background-repeat":"repeat","background-position":"center center","background-size":"auto","background-attachment":"scroll","background-type":"","background-media":"","overlay-type":"","overlay-color":"","overlay-opacity":"","overlay-gradient":""},"mobile":{"background-color":"","background-image":"","background-repeat":"repeat","background-position":"center center","background-size":"auto","background-attachment":"scroll","background-type":"","background-media":"","overlay-type":"","overlay-color":"","overlay-opacity":"","overlay-gradient":""}},"ast-content-background-meta":{"desktop":{"background-color":"var(--ast-global-color-5)","background-image":"","background-repeat":"repeat","background-position":"center center","background-size":"auto","background-attachment":"scroll","background-type":"","background-media":"","overlay-type":"","overlay-color":"","overlay-opacity":"","overlay-gradient":""},"tablet":{"background-color":"var(--ast-global-color-5)","background-image":"","background-repeat":"repeat","background-position":"center center","background-size":"auto","background-attachment":"scroll","background-type":"","background-media":"","overlay-type":"","overlay-color":"","overlay-opacity":"","overlay-gradient":""},"mobile":{"background-color":"var(--ast-global-color-5)","background-image":"","background-repeat":"repeat","background-position":"center center","background-size":"auto","background-attachment":"scroll","background-type":"","background-media":"","overlay-type":"","overlay-color":"","overlay-opacity":"","overlay-gradient":""}},"jetpack_publicize_message":"","jetpack_publicize_feature_enabled":true,"jetpack_social_post_already_shared":false,"jetpack_social_options":{"image_generator_settings":{"template":"highway","default_image_id":0,"font":"","enabled":false},"version":2}},"product_brand":[],"product_cat":[51],"product_tag":[57],"class_list":{"0":"post-1053","1":"product","2":"type-product","3":"status-publish","4":"has-post-thumbnail","6":"product_cat-strangar","7":"product_tag-bas-strangar","8":"product_shipping_class-standard-frakt","9":"desktop-align-left","10":"tablet-align-left","11":"mobile-align-left","13":"first","14":"instock","15":"taxable","16":"shipping-taxable","17":"purchasable","18":"product-type-simple"},"yoast_head":"<!-- This site is optimized with the Yoast SEO Premium plugin v26.1 (Yoast SEO v27.4) - https:\/\/yoast.com\/product\/yoast-seo-premium-wordpress\/ -->\n<title>str\u00e4ngar<\/title>\n<meta name=\"robots\" content=\"index, follow, max-snippet:-1, max-image-preview:large, max-video-preview:-1\" \/>\n<link rel=\"canonical\" href=\"https:\/\/pianostammare.se\/en\/product\/strangar\/\" \/>\n<meta property=\"og:locale\" content=\"en_GB\" \/>\n<meta property=\"og:type\" content=\"article\" \/>\n<meta property=\"og:title\" content=\"Str\u00e4ngar\" \/>\n<meta property=\"og:description\" content=\"100% Svensktillverkade basstr\u00e4ngar till piano och flygel. S\u00e4nd era trasiga str\u00e4ngar med post eller m\u00e4t upp och mejla m\u00e5tten s\u00e5 skickar vi nya.  F\u00f6r att best\u00e4lla ska du vara utbildad pianost\u00e4mmare.\" \/>\n<meta property=\"og:url\" content=\"https:\/\/pianostammare.se\/en\/product\/strangar\/\" \/>\n<meta property=\"og:site_name\" content=\"Pianost\u00e4mmare, flyglar och piano\" \/>\n<meta property=\"article:publisher\" content=\"https:\/\/www.facebook.com\/share\/167DsieNj3\/?mibextid=wwXlfr\" \/>\n<meta property=\"article:modified_time\" content=\"2025-03-19T09:53:32+00:00\" \/>\n<meta property=\"og:image\" content=\"https:\/\/i0.wp.com\/en.pianostammare.se\/wp-content\/uploads\/2012\/09\/1200-9400.jpg?fit=800%2C1200&ssl=1\" \/>\n\t<meta property=\"og:image:width\" content=\"800\" \/>\n\t<meta property=\"og:image:height\" content=\"1200\" \/>\n\t<meta property=\"og:image:type\" content=\"image\/jpeg\" \/>\n<meta name=\"twitter:card\" content=\"summary_large_image\" \/>\n<meta name=\"twitter:label1\" content=\"Estimated reading time\" \/>\n\t<meta name=\"twitter:data1\" content=\"2 minutes\" \/>\n<script type=\"application\/ld+json\" class=\"yoast-schema-graph\">{\"@context\":\"https:\\\/\\\/schema.org\",\"@graph\":[{\"@type\":\"WebPage\",\"@id\":\"https:\\\/\\\/pianostammare.se\\\/produkt\\\/strangar\\\/\",\"url\":\"https:\\\/\\\/pianostammare.se\\\/produkt\\\/strangar\\\/\",\"name\":\"str\u00e4ngar\",\"isPartOf\":{\"@id\":\"https:\\\/\\\/pianostammare.se\\\/#website\"},\"primaryImageOfPage\":{\"@id\":\"https:\\\/\\\/pianostammare.se\\\/produkt\\\/strangar\\\/#primaryimage\"},\"image\":{\"@id\":\"https:\\\/\\\/pianostammare.se\\\/produkt\\\/strangar\\\/#primaryimage\"},\"thumbnailUrl\":\"https:\\\/\\\/i0.wp.com\\\/pianostammare.se\\\/wp-content\\\/uploads\\\/2012\\\/09\\\/1200-9400.jpg?fit=800%2C1200&ssl=1\",\"datePublished\":\"2022-11-23T06:49:33+00:00\",\"dateModified\":\"2025-03-19T09:53:32+00:00\",\"breadcrumb\":{\"@id\":\"https:\\\/\\\/pianostammare.se\\\/produkt\\\/strangar\\\/#breadcrumb\"},\"inLanguage\":\"en-GB\",\"potentialAction\":[{\"@type\":\"ReadAction\",\"target\":[\"https:\\\/\\\/pianostammare.se\\\/produkt\\\/strangar\\\/\"]}]},{\"@type\":\"ImageObject\",\"inLanguage\":\"en-GB\",\"@id\":\"https:\\\/\\\/pianostammare.se\\\/produkt\\\/strangar\\\/#primaryimage\",\"url\":\"https:\\\/\\\/i0.wp.com\\\/pianostammare.se\\\/wp-content\\\/uploads\\\/2012\\\/09\\\/1200-9400.jpg?fit=800%2C1200&ssl=1\",\"contentUrl\":\"https:\\\/\\\/i0.wp.com\\\/pianostammare.se\\\/wp-content\\\/uploads\\\/2012\\\/09\\\/1200-9400.jpg?fit=800%2C1200&ssl=1\",\"width\":800,\"height\":1200},{\"@type\":\"BreadcrumbList\",\"@id\":\"https:\\\/\\\/pianostammare.se\\\/produkt\\\/strangar\\\/#breadcrumb\",\"itemListElement\":[{\"@type\":\"ListItem\",\"position\":1,\"name\":\"Hem\",\"item\":\"https:\\\/\\\/pianostammare.se\\\/\"},{\"@type\":\"ListItem\",\"position\":2,\"name\":\"Webbshop\",\"item\":\"https:\\\/\\\/pianostammare.se\\\/butik-flygelaffar-pianoaffar-leksand-dalarna\\\/\"},{\"@type\":\"ListItem\",\"position\":3,\"name\":\"Str\u00e4ngar\"}]},{\"@type\":\"WebSite\",\"@id\":\"https:\\\/\\\/pianostammare.se\\\/#website\",\"url\":\"https:\\\/\\\/pianostammare.se\\\/\",\"name\":\"Pianost\u00e4mmare, flyglar och piano\",\"description\":\"Utst\u00e4llningshall f\u00f6r nya piano &amp; Flyglar\",\"publisher\":{\"@id\":\"https:\\\/\\\/pianostammare.se\\\/#organization\"},\"potentialAction\":[{\"@type\":\"SearchAction\",\"target\":{\"@type\":\"EntryPoint\",\"urlTemplate\":\"https:\\\/\\\/pianostammare.se\\\/?s={search_term_string}\"},\"query-input\":{\"@type\":\"PropertyValueSpecification\",\"valueRequired\":true,\"valueName\":\"search_term_string\"}}],\"inLanguage\":\"en-GB\"},{\"@type\":\"Organization\",\"@id\":\"https:\\\/\\\/pianostammare.se\\\/#organization\",\"name\":\"Pianost\u00e4mmare, flyglar och piano\",\"url\":\"https:\\\/\\\/pianostammare.se\\\/\",\"logo\":{\"@type\":\"ImageObject\",\"inLanguage\":\"en-GB\",\"@id\":\"https:\\\/\\\/pianostammare.se\\\/#\\\/schema\\\/logo\\\/image\\\/\",\"url\":\"https:\\\/\\\/pianostammare.se\\\/wp-content\\\/uploads\\\/2022\\\/11\\\/cropped-Namnlos-design.avif\",\"contentUrl\":\"https:\\\/\\\/pianostammare.se\\\/wp-content\\\/uploads\\\/2022\\\/11\\\/cropped-Namnlos-design.avif\",\"width\":1200,\"height\":800,\"caption\":\"Pianost\u00e4mmare, flyglar och piano\"},\"image\":{\"@id\":\"https:\\\/\\\/pianostammare.se\\\/#\\\/schema\\\/logo\\\/image\\\/\"},\"sameAs\":[\"https:\\\/\\\/www.facebook.com\\\/share\\\/167DsieNj3\\\/?mibextid=wwXlfr\"]}]}<\/script>\n<!-- \/ Yoast SEO Premium plugin. -->","yoast_head_json":{"title":"str\u00e4ngar","robots":{"index":"index","follow":"follow","max-snippet":"max-snippet:-1","max-image-preview":"max-image-preview:large","max-video-preview":"max-video-preview:-1"},"canonical":"https:\/\/pianostammare.se\/en\/product\/strangar\/","og_locale":"en_GB","og_type":"article","og_title":"Str\u00e4ngar","og_description":"100% Svensktillverkade basstr\u00e4ngar till piano och flygel. S\u00e4nd era trasiga str\u00e4ngar med post eller m\u00e4t upp och mejla m\u00e5tten s\u00e5 skickar vi nya.  F\u00f6r att best\u00e4lla ska du vara utbildad pianost\u00e4mmare.","og_url":"https:\/\/pianostammare.se\/en\/product\/strangar\/","og_site_name":"Pianost\u00e4mmare, flyglar och piano","article_publisher":"https:\/\/www.facebook.com\/share\/167DsieNj3\/?mibextid=wwXlfr","article_modified_time":"2025-03-19T09:53:32+00:00","og_image":[{"width":800,"height":1200,"url":"https:\/\/i0.wp.com\/en.pianostammare.se\/wp-content\/uploads\/2012\/09\/1200-9400.jpg?fit=800%2C1200&ssl=1","type":"image\/jpeg"}],"twitter_card":"summary_large_image","twitter_misc":{"Estimated reading time":"2 minutes"},"schema":{"@context":"https:\/\/schema.org","@graph":[{"@type":"WebPage","@id":"https:\/\/pianostammare.se\/produkt\/strangar\/","url":"https:\/\/pianostammare.se\/produkt\/strangar\/","name":"str\u00e4ngar","isPartOf":{"@id":"https:\/\/pianostammare.se\/#website"},"primaryImageOfPage":{"@id":"https:\/\/pianostammare.se\/produkt\/strangar\/#primaryimage"},"image":{"@id":"https:\/\/pianostammare.se\/produkt\/strangar\/#primaryimage"},"thumbnailUrl":"https:\/\/i0.wp.com\/pianostammare.se\/wp-content\/uploads\/2012\/09\/1200-9400.jpg?fit=800%2C1200&ssl=1","datePublished":"2022-11-23T06:49:33+00:00","dateModified":"2025-03-19T09:53:32+00:00","breadcrumb":{"@id":"https:\/\/pianostammare.se\/produkt\/strangar\/#breadcrumb"},"inLanguage":"en-GB","potentialAction":[{"@type":"ReadAction","target":["https:\/\/pianostammare.se\/produkt\/strangar\/"]}]},{"@type":"ImageObject","inLanguage":"en-GB","@id":"https:\/\/pianostammare.se\/produkt\/strangar\/#primaryimage","url":"https:\/\/i0.wp.com\/pianostammare.se\/wp-content\/uploads\/2012\/09\/1200-9400.jpg?fit=800%2C1200&ssl=1","contentUrl":"https:\/\/i0.wp.com\/pianostammare.se\/wp-content\/uploads\/2012\/09\/1200-9400.jpg?fit=800%2C1200&ssl=1","width":800,"height":1200},{"@type":"BreadcrumbList","@id":"https:\/\/pianostammare.se\/produkt\/strangar\/#breadcrumb","itemListElement":[{"@type":"ListItem","position":1,"name":"Hem","item":"https:\/\/pianostammare.se\/"},{"@type":"ListItem","position":2,"name":"Webbshop","item":"https:\/\/pianostammare.se\/butik-flygelaffar-pianoaffar-leksand-dalarna\/"},{"@type":"ListItem","position":3,"name":"Str\u00e4ngar"}]},{"@type":"WebSite","@id":"https:\/\/pianostammare.se\/#website","url":"https:\/\/pianostammare.se\/","name":"Pianost\u00e4mmare, flyglar och piano","description":"Utst\u00e4llningshall f\u00f6r nya piano &amp; Flyglar","publisher":{"@id":"https:\/\/pianostammare.se\/#organization"},"potentialAction":[{"@type":"SearchAction","target":{"@type":"EntryPoint","urlTemplate":"https:\/\/pianostammare.se\/?s={search_term_string}"},"query-input":{"@type":"PropertyValueSpecification","valueRequired":true,"valueName":"search_term_string"}}],"inLanguage":"en-GB"},{"@type":"Organization","@id":"https:\/\/pianostammare.se\/#organization","name":"Pianost\u00e4mmare, flyglar och piano","url":"https:\/\/pianostammare.se\/","logo":{"@type":"ImageObject","inLanguage":"en-GB","@id":"https:\/\/pianostammare.se\/#\/schema\/logo\/image\/","url":"https:\/\/pianostammare.se\/wp-content\/uploads\/2022\/11\/cropped-Namnlos-design.avif","contentUrl":"https:\/\/pianostammare.se\/wp-content\/uploads\/2022\/11\/cropped-Namnlos-design.avif","width":1200,"height":800,"caption":"Pianost\u00e4mmare, flyglar och piano"},"image":{"@id":"https:\/\/pianostammare.se\/#\/schema\/logo\/image\/"},"sameAs":["https:\/\/www.facebook.com\/share\/167DsieNj3\/?mibextid=wwXlfr"]}]}},"jetpack_publicize_connections":[],"_links":{"self":[{"href":"https:\/\/pianostammare.se\/en\/wp-json\/wp\/v2\/product\/1053","targetHints":{"allow":["GET"]}}],"collection":[{"href":"https:\/\/pianostammare.se\/en\/wp-json\/wp\/v2\/product"}],"about":[{"href":"https:\/\/pianostammare.se\/en\/wp-json\/wp\/v2\/types\/product"}],"wp:featuredmedia":[{"embeddable":true,"href":"https:\/\/pianostammare.se\/en\/wp-json\/wp\/v2\/media\/544"}],"wp:attachment":[{"href":"https:\/\/pianostammare.se\/en\/wp-json\/wp\/v2\/media?parent=1053"}],"wp:term":[{"taxonomy":"product_brand","embeddable":true,"href":"https:\/\/pianostammare.se\/en\/wp-json\/wp\/v2\/product_brand?post=1053"},{"taxonomy":"product_cat","embeddable":true,"href":"https:\/\/pianostammare.se\/en\/wp-json\/wp\/v2\/product_cat?post=1053"},{"taxonomy":"product_tag","embeddable":true,"href":"https:\/\/pianostammare.se\/en\/wp-json\/wp\/v2\/product_tag?post=1053"}],"curies":[{"name":"wp","href":"https:\/\/api.w.org\/{rel}","templated":true}]}}