{"id":1055,"date":"2022-11-23T07:49:33","date_gmt":"2022-11-23T06:49:33","guid":{"rendered":"https:\/\/pianostammare.se\/?post_type=product&#038;p=1055"},"modified":"2025-03-19T10:52:33","modified_gmt":"2025-03-19T09:52:33","slug":"klimatanlaggning-for-flygel-upp-till-170-cm","status":"publish","type":"product","link":"https:\/\/pianostammare.se\/en\/product\/klimatanlaggning-for-flygel-upp-till-170-cm\/","title":{"rendered":"Humidity systems (grand pianos under 170 cm)"},"content":{"rendered":"<p>Top Choice!<\/p>\n<p>This is the original Dampp Chaser humidity system for grand pianos, also known as the Piano Life Saver.<\/p>\n<p>We are a certified installer and authorised dealer of humidity systems for both upright and grand pianos.<\/p>\n<p>This size is the most common for grand pianos up to 170 cm in length.<\/p>\n<p>Every 30 minutes, the system detects whether moisture needs to be added or reduced to maintain a constant humidity level. The humidistat is factory-set to 42% relative humidity (rH) \u2013 an ideal environment for a grand piano in Sweden\u2019s climate.<\/p>\n<p>We usually have these systems in stock for immediate delivery.<\/p>\n<p>Filters and the \"Humidifier Treatment\" algae inhibitor are available to order in our webshop.<\/p>\n<figure id=\"attachment_13483\" aria-describedby=\"caption-attachment-13483\" style=\"width: 274px\" class=\"wp-caption alignnone\"><img data-recalc-dims=\"1\" decoding=\"async\" class=\"size-full wp-image-13483\" src=\"https:\/\/i0.wp.com\/pianostammare.se\/wp-content\/uploads\/2022\/12\/pianolifesaver.gif?resize=274%2C178&#038;ssl=1\" alt=\"Denna modell av piano life saver \u00e4r upp till 170 cm\" width=\"274\" height=\"178\" \/><figcaption id=\"caption-attachment-13483\" class=\"wp-caption-text\">Humidity system for smaller grand pianos.<\/figcaption><\/figure>\n<figure id=\"attachment_13485\" aria-describedby=\"caption-attachment-13485\" style=\"width: 300px\" class=\"wp-caption alignnone\"><img data-recalc-dims=\"1\" fetchpriority=\"high\" decoding=\"async\" class=\"wp-image-13485 size-medium\" src=\"https:\/\/i0.wp.com\/pianostammare.se\/wp-content\/uploads\/2022\/12\/pop_dc_queue.jpg?resize=300%2C248&#038;ssl=1\" alt=\"Vi har pianotillbeh\u00f6r. En klimatstabil installation f\u00f6rl\u00e4nger instrumentets livsl\u00e4ngd. Klimatanl\u00e4ggning \u00e4r en n\u00f6dv\u00e4ndighet\" width=\"300\" height=\"248\" srcset=\"https:\/\/i0.wp.com\/pianostammare.se\/wp-content\/uploads\/2022\/12\/pop_dc_queue.jpg?resize=300%2C248&amp;ssl=1 300w, https:\/\/i0.wp.com\/pianostammare.se\/wp-content\/uploads\/2022\/12\/pop_dc_queue.jpg?w=525&amp;ssl=1 525w\" sizes=\"(max-width: 300px) 100vw, 300px\" \/><figcaption id=\"caption-attachment-13485\" class=\"wp-caption-text\">Dampp chaser original<\/figcaption><\/figure>","protected":false},"excerpt":{"rendered":"<p>Humidity system for smaller grand pianos \u2013 Maintains proper humidity in the Instrument\nPlease note: the system for grands \u201cup to 170 cm\u201d includes only the front heating element.<\/p>","protected":false},"featured_media":13485,"template":"","meta":{"site-sidebar-layout":"default","site-content-layout":"default","ast-site-content-layout":"default","site-content-style":"default","site-sidebar-style":"default","ast-global-header-display":"","ast-banner-title-visibility":"","ast-main-header-display":"","ast-hfb-above-header-display":"","ast-hfb-below-header-display":"","ast-hfb-mobile-header-display":"","site-post-title":"","ast-breadcrumbs-content":"","ast-featured-img":"","footer-sml-layout":"","ast-disable-related-posts":"","theme-transparent-header-meta":"default","adv-header-id-meta":"","stick-header-meta":"","header-above-stick-meta":"","header-main-stick-meta":"","header-below-stick-meta":"","astra-migrate-meta-layouts":"set","ast-page-background-enabled":"default","ast-page-background-meta":{"desktop":{"background-color":"","background-image":"","background-repeat":"repeat","background-position":"center center","background-size":"auto","background-attachment":"scroll","background-type":"","background-media":"","overlay-type":"","overlay-color":"","overlay-opacity":"","overlay-gradient":""},"tablet":{"background-color":"","background-image":"","background-repeat":"repeat","background-position":"center center","background-size":"auto","background-attachment":"scroll","background-type":"","background-media":"","overlay-type":"","overlay-color":"","overlay-opacity":"","overlay-gradient":""},"mobile":{"background-color":"","background-image":"","background-repeat":"repeat","background-position":"center center","background-size":"auto","background-attachment":"scroll","background-type":"","background-media":"","overlay-type":"","overlay-color":"","overlay-opacity":"","overlay-gradient":""}},"ast-content-background-meta":{"desktop":{"background-color":"var(--ast-global-color-5)","background-image":"","background-repeat":"repeat","background-position":"center center","background-size":"auto","background-attachment":"scroll","background-type":"","background-media":"","overlay-type":"","overlay-color":"","overlay-opacity":"","overlay-gradient":""},"tablet":{"background-color":"var(--ast-global-color-5)","background-image":"","background-repeat":"repeat","background-position":"center center","background-size":"auto","background-attachment":"scroll","background-type":"","background-media":"","overlay-type":"","overlay-color":"","overlay-opacity":"","overlay-gradient":""},"mobile":{"background-color":"var(--ast-global-color-5)","background-image":"","background-repeat":"repeat","background-position":"center center","background-size":"auto","background-attachment":"scroll","background-type":"","background-media":"","overlay-type":"","overlay-color":"","overlay-opacity":"","overlay-gradient":""}},"jetpack_publicize_message":"","jetpack_publicize_feature_enabled":true,"jetpack_social_post_already_shared":false,"jetpack_social_options":{"image_generator_settings":{"template":"highway","default_image_id":0,"font":"","enabled":false},"version":2}},"product_brand":[],"product_cat":[45],"product_tag":[],"class_list":{"0":"post-1055","1":"product","2":"type-product","3":"status-publish","4":"has-post-thumbnail","6":"product_cat-klimatanlaggningar","7":"product_shipping_class-standard-frakt","8":"desktop-align-left","9":"tablet-align-left","10":"mobile-align-left","12":"first","13":"instock","14":"taxable","15":"shipping-taxable","16":"purchasable","17":"product-type-simple"},"yoast_head":"<!-- This site is optimized with the Yoast SEO Premium plugin v26.1 (Yoast SEO v27.4) - https:\/\/yoast.com\/product\/yoast-seo-premium-wordpress\/ -->\n<title>Klimatanl\u00e4ggning f\u00f6r flygel upp till 170 cm<\/title>\n<meta name=\"robots\" content=\"index, follow, max-snippet:-1, max-image-preview:large, max-video-preview:-1\" \/>\n<link rel=\"canonical\" href=\"https:\/\/pianostammare.se\/en\/product\/klimatanlaggning-for-flygel-upp-till-170-cm\/\" \/>\n<meta property=\"og:locale\" content=\"en_GB\" \/>\n<meta property=\"og:type\" content=\"article\" \/>\n<meta property=\"og:title\" content=\"Klimatanl\u00e4ggning f\u00f6r flygel upp till 170 cm\" \/>\n<meta property=\"og:description\" content=\"Klimatanl\u00e4ggning f\u00f6r mindre flyglar som h\u00e5ller r\u00e4tt fuktighet i instrumentet. Observera att anl\u00e4ggningen &quot;upp till 170cm&quot; endast har det fr\u00e4mre v\u00e4rmeelementet.\" \/>\n<meta property=\"og:url\" content=\"https:\/\/pianostammare.se\/en\/product\/klimatanlaggning-for-flygel-upp-till-170-cm\/\" \/>\n<meta property=\"og:site_name\" content=\"Pianost\u00e4mmare, flyglar och piano\" \/>\n<meta property=\"article:publisher\" content=\"https:\/\/www.facebook.com\/share\/167DsieNj3\/?mibextid=wwXlfr\" \/>\n<meta property=\"article:modified_time\" content=\"2025-03-19T09:52:33+00:00\" \/>\n<meta property=\"og:image\" content=\"https:\/\/i0.wp.com\/en.pianostammare.se\/wp-content\/uploads\/2022\/12\/pop_dc_queue.jpg?fit=525%2C434&ssl=1\" \/>\n\t<meta property=\"og:image:width\" content=\"525\" \/>\n\t<meta property=\"og:image:height\" content=\"434\" \/>\n\t<meta property=\"og:image:type\" content=\"image\/jpeg\" \/>\n<meta name=\"twitter:card\" content=\"summary_large_image\" \/>\n<meta name=\"twitter:label1\" content=\"Estimated reading time\" \/>\n\t<meta name=\"twitter:data1\" content=\"2 minutes\" \/>\n<script type=\"application\/ld+json\" class=\"yoast-schema-graph\">{\"@context\":\"https:\\\/\\\/schema.org\",\"@graph\":[{\"@type\":\"WebPage\",\"@id\":\"https:\\\/\\\/pianostammare.se\\\/produkt\\\/klimatanlaggning-for-flygel-upp-till-170-cm\\\/\",\"url\":\"https:\\\/\\\/pianostammare.se\\\/produkt\\\/klimatanlaggning-for-flygel-upp-till-170-cm\\\/\",\"name\":\"Klimatanl\u00e4ggning f\u00f6r flygel upp till 170 cm\",\"isPartOf\":{\"@id\":\"https:\\\/\\\/pianostammare.se\\\/#website\"},\"primaryImageOfPage\":{\"@id\":\"https:\\\/\\\/pianostammare.se\\\/produkt\\\/klimatanlaggning-for-flygel-upp-till-170-cm\\\/#primaryimage\"},\"image\":{\"@id\":\"https:\\\/\\\/pianostammare.se\\\/produkt\\\/klimatanlaggning-for-flygel-upp-till-170-cm\\\/#primaryimage\"},\"thumbnailUrl\":\"https:\\\/\\\/i0.wp.com\\\/pianostammare.se\\\/wp-content\\\/uploads\\\/2022\\\/12\\\/pop_dc_queue.jpg?fit=525%2C434&ssl=1\",\"datePublished\":\"2022-11-23T06:49:33+00:00\",\"dateModified\":\"2025-03-19T09:52:33+00:00\",\"breadcrumb\":{\"@id\":\"https:\\\/\\\/pianostammare.se\\\/produkt\\\/klimatanlaggning-for-flygel-upp-till-170-cm\\\/#breadcrumb\"},\"inLanguage\":\"en-GB\",\"potentialAction\":[{\"@type\":\"ReadAction\",\"target\":[\"https:\\\/\\\/pianostammare.se\\\/produkt\\\/klimatanlaggning-for-flygel-upp-till-170-cm\\\/\"]}]},{\"@type\":\"ImageObject\",\"inLanguage\":\"en-GB\",\"@id\":\"https:\\\/\\\/pianostammare.se\\\/produkt\\\/klimatanlaggning-for-flygel-upp-till-170-cm\\\/#primaryimage\",\"url\":\"https:\\\/\\\/i0.wp.com\\\/pianostammare.se\\\/wp-content\\\/uploads\\\/2022\\\/12\\\/pop_dc_queue.jpg?fit=525%2C434&ssl=1\",\"contentUrl\":\"https:\\\/\\\/i0.wp.com\\\/pianostammare.se\\\/wp-content\\\/uploads\\\/2022\\\/12\\\/pop_dc_queue.jpg?fit=525%2C434&ssl=1\",\"width\":525,\"height\":434,\"caption\":\"Dampp chaser original\"},{\"@type\":\"BreadcrumbList\",\"@id\":\"https:\\\/\\\/pianostammare.se\\\/produkt\\\/klimatanlaggning-for-flygel-upp-till-170-cm\\\/#breadcrumb\",\"itemListElement\":[{\"@type\":\"ListItem\",\"position\":1,\"name\":\"Hem\",\"item\":\"https:\\\/\\\/pianostammare.se\\\/\"},{\"@type\":\"ListItem\",\"position\":2,\"name\":\"Webbshop\",\"item\":\"https:\\\/\\\/pianostammare.se\\\/butik-flygelaffar-pianoaffar-leksand-dalarna\\\/\"},{\"@type\":\"ListItem\",\"position\":3,\"name\":\"Klimatanl\u00e4ggning f\u00f6r flygel upp till 170 cm\"}]},{\"@type\":\"WebSite\",\"@id\":\"https:\\\/\\\/pianostammare.se\\\/#website\",\"url\":\"https:\\\/\\\/pianostammare.se\\\/\",\"name\":\"Pianost\u00e4mmare, flyglar och piano\",\"description\":\"Utst\u00e4llningshall f\u00f6r nya piano &amp; Flyglar\",\"publisher\":{\"@id\":\"https:\\\/\\\/pianostammare.se\\\/#organization\"},\"potentialAction\":[{\"@type\":\"SearchAction\",\"target\":{\"@type\":\"EntryPoint\",\"urlTemplate\":\"https:\\\/\\\/pianostammare.se\\\/?s={search_term_string}\"},\"query-input\":{\"@type\":\"PropertyValueSpecification\",\"valueRequired\":true,\"valueName\":\"search_term_string\"}}],\"inLanguage\":\"en-GB\"},{\"@type\":\"Organization\",\"@id\":\"https:\\\/\\\/pianostammare.se\\\/#organization\",\"name\":\"Pianost\u00e4mmare, flyglar och piano\",\"url\":\"https:\\\/\\\/pianostammare.se\\\/\",\"logo\":{\"@type\":\"ImageObject\",\"inLanguage\":\"en-GB\",\"@id\":\"https:\\\/\\\/pianostammare.se\\\/#\\\/schema\\\/logo\\\/image\\\/\",\"url\":\"https:\\\/\\\/pianostammare.se\\\/wp-content\\\/uploads\\\/2022\\\/11\\\/cropped-Namnlos-design.avif\",\"contentUrl\":\"https:\\\/\\\/pianostammare.se\\\/wp-content\\\/uploads\\\/2022\\\/11\\\/cropped-Namnlos-design.avif\",\"width\":1200,\"height\":800,\"caption\":\"Pianost\u00e4mmare, flyglar och piano\"},\"image\":{\"@id\":\"https:\\\/\\\/pianostammare.se\\\/#\\\/schema\\\/logo\\\/image\\\/\"},\"sameAs\":[\"https:\\\/\\\/www.facebook.com\\\/share\\\/167DsieNj3\\\/?mibextid=wwXlfr\"]}]}<\/script>\n<!-- \/ Yoast SEO Premium plugin. -->","yoast_head_json":{"title":"Humidity systems (grand pianos under 170 cm)","robots":{"index":"index","follow":"follow","max-snippet":"max-snippet:-1","max-image-preview":"max-image-preview:large","max-video-preview":"max-video-preview:-1"},"canonical":"https:\/\/pianostammare.se\/en\/product\/klimatanlaggning-for-flygel-upp-till-170-cm\/","og_locale":"en_GB","og_type":"article","og_title":"Klimatanl\u00e4ggning f\u00f6r flygel upp till 170 cm","og_description":"Klimatanl\u00e4ggning f\u00f6r mindre flyglar som h\u00e5ller r\u00e4tt fuktighet i instrumentet. Observera att anl\u00e4ggningen \"upp till 170cm\" endast har det fr\u00e4mre v\u00e4rmeelementet.","og_url":"https:\/\/pianostammare.se\/en\/product\/klimatanlaggning-for-flygel-upp-till-170-cm\/","og_site_name":"Pianost\u00e4mmare, flyglar och piano","article_publisher":"https:\/\/www.facebook.com\/share\/167DsieNj3\/?mibextid=wwXlfr","article_modified_time":"2025-03-19T09:52:33+00:00","og_image":[{"width":525,"height":434,"url":"https:\/\/i0.wp.com\/en.pianostammare.se\/wp-content\/uploads\/2022\/12\/pop_dc_queue.jpg?fit=525%2C434&ssl=1","type":"image\/jpeg"}],"twitter_card":"summary_large_image","twitter_misc":{"Estimated reading time":"2 minutes"},"schema":{"@context":"https:\/\/schema.org","@graph":[{"@type":"WebPage","@id":"https:\/\/pianostammare.se\/produkt\/klimatanlaggning-for-flygel-upp-till-170-cm\/","url":"https:\/\/pianostammare.se\/produkt\/klimatanlaggning-for-flygel-upp-till-170-cm\/","name":"Humidity systems (grand pianos under 170 cm)","isPartOf":{"@id":"https:\/\/pianostammare.se\/#website"},"primaryImageOfPage":{"@id":"https:\/\/pianostammare.se\/produkt\/klimatanlaggning-for-flygel-upp-till-170-cm\/#primaryimage"},"image":{"@id":"https:\/\/pianostammare.se\/produkt\/klimatanlaggning-for-flygel-upp-till-170-cm\/#primaryimage"},"thumbnailUrl":"https:\/\/i0.wp.com\/pianostammare.se\/wp-content\/uploads\/2022\/12\/pop_dc_queue.jpg?fit=525%2C434&ssl=1","datePublished":"2022-11-23T06:49:33+00:00","dateModified":"2025-03-19T09:52:33+00:00","breadcrumb":{"@id":"https:\/\/pianostammare.se\/produkt\/klimatanlaggning-for-flygel-upp-till-170-cm\/#breadcrumb"},"inLanguage":"en-GB","potentialAction":[{"@type":"ReadAction","target":["https:\/\/pianostammare.se\/produkt\/klimatanlaggning-for-flygel-upp-till-170-cm\/"]}]},{"@type":"ImageObject","inLanguage":"en-GB","@id":"https:\/\/pianostammare.se\/produkt\/klimatanlaggning-for-flygel-upp-till-170-cm\/#primaryimage","url":"https:\/\/i0.wp.com\/pianostammare.se\/wp-content\/uploads\/2022\/12\/pop_dc_queue.jpg?fit=525%2C434&ssl=1","contentUrl":"https:\/\/i0.wp.com\/pianostammare.se\/wp-content\/uploads\/2022\/12\/pop_dc_queue.jpg?fit=525%2C434&ssl=1","width":525,"height":434,"caption":"Dampp chaser original"},{"@type":"BreadcrumbList","@id":"https:\/\/pianostammare.se\/produkt\/klimatanlaggning-for-flygel-upp-till-170-cm\/#breadcrumb","itemListElement":[{"@type":"ListItem","position":1,"name":"Hem","item":"https:\/\/pianostammare.se\/"},{"@type":"ListItem","position":2,"name":"Webbshop","item":"https:\/\/pianostammare.se\/butik-flygelaffar-pianoaffar-leksand-dalarna\/"},{"@type":"ListItem","position":3,"name":"Klimatanl\u00e4ggning f\u00f6r flygel upp till 170 cm"}]},{"@type":"WebSite","@id":"https:\/\/pianostammare.se\/#website","url":"https:\/\/pianostammare.se\/","name":"Pianost\u00e4mmare, flyglar och piano","description":"Utst\u00e4llningshall f\u00f6r nya piano &amp; Flyglar","publisher":{"@id":"https:\/\/pianostammare.se\/#organization"},"potentialAction":[{"@type":"SearchAction","target":{"@type":"EntryPoint","urlTemplate":"https:\/\/pianostammare.se\/?s={search_term_string}"},"query-input":{"@type":"PropertyValueSpecification","valueRequired":true,"valueName":"search_term_string"}}],"inLanguage":"en-GB"},{"@type":"Organization","@id":"https:\/\/pianostammare.se\/#organization","name":"Pianost\u00e4mmare, flyglar och piano","url":"https:\/\/pianostammare.se\/","logo":{"@type":"ImageObject","inLanguage":"en-GB","@id":"https:\/\/pianostammare.se\/#\/schema\/logo\/image\/","url":"https:\/\/pianostammare.se\/wp-content\/uploads\/2022\/11\/cropped-Namnlos-design.avif","contentUrl":"https:\/\/pianostammare.se\/wp-content\/uploads\/2022\/11\/cropped-Namnlos-design.avif","width":1200,"height":800,"caption":"Pianost\u00e4mmare, flyglar och piano"},"image":{"@id":"https:\/\/pianostammare.se\/#\/schema\/logo\/image\/"},"sameAs":["https:\/\/www.facebook.com\/share\/167DsieNj3\/?mibextid=wwXlfr"]}]}},"jetpack_publicize_connections":[],"_links":{"self":[{"href":"https:\/\/pianostammare.se\/en\/wp-json\/wp\/v2\/product\/1055","targetHints":{"allow":["GET"]}}],"collection":[{"href":"https:\/\/pianostammare.se\/en\/wp-json\/wp\/v2\/product"}],"about":[{"href":"https:\/\/pianostammare.se\/en\/wp-json\/wp\/v2\/types\/product"}],"wp:featuredmedia":[{"embeddable":true,"href":"https:\/\/pianostammare.se\/en\/wp-json\/wp\/v2\/media\/13485"}],"wp:attachment":[{"href":"https:\/\/pianostammare.se\/en\/wp-json\/wp\/v2\/media?parent=1055"}],"wp:term":[{"taxonomy":"product_brand","embeddable":true,"href":"https:\/\/pianostammare.se\/en\/wp-json\/wp\/v2\/product_brand?post=1055"},{"taxonomy":"product_cat","embeddable":true,"href":"https:\/\/pianostammare.se\/en\/wp-json\/wp\/v2\/product_cat?post=1055"},{"taxonomy":"product_tag","embeddable":true,"href":"https:\/\/pianostammare.se\/en\/wp-json\/wp\/v2\/product_tag?post=1055"}],"curies":[{"name":"wp","href":"https:\/\/api.w.org\/{rel}","templated":true}]}}