{"id":1061,"date":"2022-11-23T07:49:37","date_gmt":"2022-11-23T06:49:37","guid":{"rendered":"https:\/\/pianostammare.se\/?post_type=product&#038;p=1061"},"modified":"2025-03-19T10:51:02","modified_gmt":"2025-03-19T09:51:02","slug":"klimatanlaggning-for-piano","status":"publish","type":"product","link":"https:\/\/pianostammare.se\/en\/product\/klimatanlaggning-for-piano\/","title":{"rendered":"Piano humidity systems"},"content":{"rendered":"<p>This is a fantastic humidity system that extends the lifespan of your instrument.<\/p>\n<p>We are a certified installer and authorised dealer of the Dampp Chaser humidity system.<\/p>\n<p class=\"translation-block\">This model is designed specifically for upright pianos and maintains a constant humidity level of 42% relative humidity (rH) throughout the year.\nAll that\u2019s required from you is to refill the water tank every 14 days with a jug of water and one capful of algae inhibitor (Humidifier Treatment).\nAccessories such as <a href=\"https:\/\/pianostammare.se\/en\/product\/filter-till-klimatanlaggning\/\" target=\"_self\">filters<\/a> and <a href=\"https:\/\/pianostammare.se\/en\/product\/algmedel-humidifier-threatment\/\" target=\"_self\">algae inhibitor<\/a> are available in our webshop \u2013 simply click the links to go directly to each product.<\/p>\n<p>Filters should be replaced every 6 months to ensure the system functions optimally. You can find these accessories in our webshop for easy ordering.<\/p>\n<p>Having a Dampp Chaser humidity system installed makes a significant difference compared to not having one. Don\u2019t wait until it\u2019s too late and your soundboard has cracked!<\/p>\n<p>Every 30 minutes, the humidistat detects whether moisture needs to be evaporated or added to maintain a stable 42% rH. The system operates completely silently \u2013 just what you want in a musical environment.<\/p>\n<figure id=\"attachment_13001\" aria-describedby=\"caption-attachment-13001\" style=\"width: 300px\" class=\"wp-caption alignnone\"><img data-recalc-dims=\"1\" fetchpriority=\"high\" decoding=\"async\" class=\"size-medium wp-image-13001\" src=\"https:\/\/i0.wp.com\/pianostammare.se\/wp-content\/uploads\/2022\/12\/dampp-chaser-001-e1375441102810-300x218.jpg?resize=300%2C218&#038;ssl=1\" alt=\"Originalet Dampp Chaser s\u00e4ljs av oss som \u00e5terf\u00f6rs\u00e4ljare\" width=\"300\" height=\"218\" srcset=\"https:\/\/i0.wp.com\/pianostammare.se\/wp-content\/uploads\/2022\/12\/dampp-chaser-001-e1375441102810.jpg?resize=300%2C218&amp;ssl=1 300w, https:\/\/i0.wp.com\/pianostammare.se\/wp-content\/uploads\/2022\/12\/dampp-chaser-001-e1375441102810.jpg?resize=600%2C436&amp;ssl=1 600w, https:\/\/i0.wp.com\/pianostammare.se\/wp-content\/uploads\/2022\/12\/dampp-chaser-001-e1375441102810.jpg?resize=1024%2C745&amp;ssl=1 1024w, https:\/\/i0.wp.com\/pianostammare.se\/wp-content\/uploads\/2022\/12\/dampp-chaser-001-e1375441102810.jpg?resize=768%2C558&amp;ssl=1 768w, https:\/\/i0.wp.com\/pianostammare.se\/wp-content\/uploads\/2022\/12\/dampp-chaser-001-e1375441102810.jpg?resize=1536%2C1117&amp;ssl=1 1536w, https:\/\/i0.wp.com\/pianostammare.se\/wp-content\/uploads\/2022\/12\/dampp-chaser-001-e1375441102810.jpg?resize=2048%2C1489&amp;ssl=1 2048w\" sizes=\"(max-width: 300px) 100vw, 300px\" \/><figcaption id=\"caption-attachment-13001\" class=\"wp-caption-text\">Humidity system for piano and grand pianos<\/figcaption><\/figure>\n<figure id=\"attachment_13244\" aria-describedby=\"caption-attachment-13244\" style=\"width: 300px\" class=\"wp-caption alignnone\"><img data-recalc-dims=\"1\" decoding=\"async\" class=\"wp-image-13244 size-medium\" src=\"https:\/\/i0.wp.com\/pianostammare.se\/wp-content\/uploads\/2022\/12\/Klimatanlaggning-flygel.jpg?resize=300%2C225&#038;ssl=1\" alt=\"Vi har lager f\u00f6r omg\u00e5ende installation av klimatanl\u00e4ggning f\u00f6r piano och flygel\" width=\"300\" height=\"225\" srcset=\"https:\/\/i0.wp.com\/pianostammare.se\/wp-content\/uploads\/2022\/12\/Klimatanlaggning-flygel.jpg?resize=300%2C225&amp;ssl=1 300w, https:\/\/i0.wp.com\/pianostammare.se\/wp-content\/uploads\/2022\/12\/Klimatanlaggning-flygel.jpg?w=600&amp;ssl=1 600w\" sizes=\"(max-width: 300px) 100vw, 300px\" \/><figcaption id=\"caption-attachment-13244\" class=\"wp-caption-text\">Humidity system \u2013 Dampp Chaser \u2013 piano life saver<\/figcaption><\/figure>","protected":false},"excerpt":{"rendered":"<p>Humidity system to Mmintain proper humidity in your piano or grand piano<\/p>\n<p>We install and sell the Piano Life Saver \u2013 original Dampp Chaser from the USA.<\/p>","protected":false},"featured_media":13144,"template":"","meta":{"site-sidebar-layout":"default","site-content-layout":"default","ast-site-content-layout":"default","site-content-style":"default","site-sidebar-style":"default","ast-global-header-display":"","ast-banner-title-visibility":"","ast-main-header-display":"","ast-hfb-above-header-display":"","ast-hfb-below-header-display":"","ast-hfb-mobile-header-display":"","site-post-title":"","ast-breadcrumbs-content":"","ast-featured-img":"","footer-sml-layout":"","ast-disable-related-posts":"","theme-transparent-header-meta":"default","adv-header-id-meta":"","stick-header-meta":"","header-above-stick-meta":"","header-main-stick-meta":"","header-below-stick-meta":"","astra-migrate-meta-layouts":"set","ast-page-background-enabled":"default","ast-page-background-meta":{"desktop":{"background-color":"","background-image":"","background-repeat":"repeat","background-position":"center center","background-size":"auto","background-attachment":"scroll","background-type":"","background-media":"","overlay-type":"","overlay-color":"","overlay-opacity":"","overlay-gradient":""},"tablet":{"background-color":"","background-image":"","background-repeat":"repeat","background-position":"center center","background-size":"auto","background-attachment":"scroll","background-type":"","background-media":"","overlay-type":"","overlay-color":"","overlay-opacity":"","overlay-gradient":""},"mobile":{"background-color":"","background-image":"","background-repeat":"repeat","background-position":"center center","background-size":"auto","background-attachment":"scroll","background-type":"","background-media":"","overlay-type":"","overlay-color":"","overlay-opacity":"","overlay-gradient":""}},"ast-content-background-meta":{"desktop":{"background-color":"var(--ast-global-color-5)","background-image":"","background-repeat":"repeat","background-position":"center center","background-size":"auto","background-attachment":"scroll","background-type":"","background-media":"","overlay-type":"","overlay-color":"","overlay-opacity":"","overlay-gradient":""},"tablet":{"background-color":"var(--ast-global-color-5)","background-image":"","background-repeat":"repeat","background-position":"center center","background-size":"auto","background-attachment":"scroll","background-type":"","background-media":"","overlay-type":"","overlay-color":"","overlay-opacity":"","overlay-gradient":""},"mobile":{"background-color":"var(--ast-global-color-5)","background-image":"","background-repeat":"repeat","background-position":"center center","background-size":"auto","background-attachment":"scroll","background-type":"","background-media":"","overlay-type":"","overlay-color":"","overlay-opacity":"","overlay-gradient":""}},"jetpack_publicize_message":"","jetpack_publicize_feature_enabled":true,"jetpack_social_post_already_shared":false,"jetpack_social_options":{"image_generator_settings":{"template":"highway","default_image_id":0,"font":"","enabled":false},"version":2}},"product_brand":[],"product_cat":[45],"product_tag":[],"class_list":{"0":"post-1061","1":"product","2":"type-product","3":"status-publish","4":"has-post-thumbnail","6":"product_cat-klimatanlaggningar","7":"product_shipping_class-standard-frakt","8":"desktop-align-left","9":"tablet-align-left","10":"mobile-align-left","12":"first","13":"instock","14":"taxable","15":"shipping-taxable","16":"purchasable","17":"product-type-simple"},"yoast_head":"<!-- This site is optimized with the Yoast SEO Premium plugin v26.1 (Yoast SEO v27.4) - https:\/\/yoast.com\/product\/yoast-seo-premium-wordpress\/ -->\n<title>Klimatanl\u00e4ggning f\u00f6r piano<\/title>\n<meta name=\"robots\" content=\"index, follow, max-snippet:-1, max-image-preview:large, max-video-preview:-1\" \/>\n<link rel=\"canonical\" href=\"https:\/\/pianostammare.se\/en\/product\/klimatanlaggning-for-piano\/\" \/>\n<meta property=\"og:locale\" content=\"en_GB\" \/>\n<meta property=\"og:type\" content=\"article\" \/>\n<meta property=\"og:title\" content=\"Klimatanl\u00e4ggning f\u00f6r piano\" \/>\n<meta property=\"og:description\" content=\"Klimatanl\u00e4ggning f\u00f6r att h\u00e5lla r\u00e4tt fuktighet i ditt piano eller flygel.  Vi installerar och s\u00e4ljer piano life saver - original Dampp Chaser fr\u00e5n USA.\" \/>\n<meta property=\"og:url\" content=\"https:\/\/pianostammare.se\/en\/product\/klimatanlaggning-for-piano\/\" \/>\n<meta property=\"og:site_name\" content=\"Pianost\u00e4mmare, flyglar och piano\" \/>\n<meta property=\"article:publisher\" content=\"https:\/\/www.facebook.com\/share\/167DsieNj3\/?mibextid=wwXlfr\" \/>\n<meta property=\"article:modified_time\" content=\"2025-03-19T09:51:02+00:00\" \/>\n<meta property=\"og:image\" content=\"https:\/\/i0.wp.com\/en.pianostammare.se\/wp-content\/uploads\/2022\/12\/IMG_5482.jpg?fit=2560%2C1920&ssl=1\" \/>\n\t<meta property=\"og:image:width\" content=\"2560\" \/>\n\t<meta property=\"og:image:height\" content=\"1920\" \/>\n\t<meta property=\"og:image:type\" content=\"image\/jpeg\" \/>\n<meta name=\"twitter:card\" content=\"summary_large_image\" \/>\n<meta name=\"twitter:label1\" content=\"Estimated reading time\" \/>\n\t<meta name=\"twitter:data1\" content=\"2 minutes\" \/>\n<script type=\"application\/ld+json\" class=\"yoast-schema-graph\">{\"@context\":\"https:\\\/\\\/schema.org\",\"@graph\":[{\"@type\":\"WebPage\",\"@id\":\"https:\\\/\\\/pianostammare.se\\\/produkt\\\/klimatanlaggning-for-piano\\\/\",\"url\":\"https:\\\/\\\/pianostammare.se\\\/produkt\\\/klimatanlaggning-for-piano\\\/\",\"name\":\"Klimatanl\u00e4ggning f\u00f6r piano\",\"isPartOf\":{\"@id\":\"https:\\\/\\\/pianostammare.se\\\/#website\"},\"primaryImageOfPage\":{\"@id\":\"https:\\\/\\\/pianostammare.se\\\/produkt\\\/klimatanlaggning-for-piano\\\/#primaryimage\"},\"image\":{\"@id\":\"https:\\\/\\\/pianostammare.se\\\/produkt\\\/klimatanlaggning-for-piano\\\/#primaryimage\"},\"thumbnailUrl\":\"https:\\\/\\\/i0.wp.com\\\/pianostammare.se\\\/wp-content\\\/uploads\\\/2022\\\/12\\\/IMG_5482.jpg?fit=2560%2C1920&ssl=1\",\"datePublished\":\"2022-11-23T06:49:37+00:00\",\"dateModified\":\"2025-03-19T09:51:02+00:00\",\"breadcrumb\":{\"@id\":\"https:\\\/\\\/pianostammare.se\\\/produkt\\\/klimatanlaggning-for-piano\\\/#breadcrumb\"},\"inLanguage\":\"en-GB\",\"potentialAction\":[{\"@type\":\"ReadAction\",\"target\":[\"https:\\\/\\\/pianostammare.se\\\/produkt\\\/klimatanlaggning-for-piano\\\/\"]}]},{\"@type\":\"ImageObject\",\"inLanguage\":\"en-GB\",\"@id\":\"https:\\\/\\\/pianostammare.se\\\/produkt\\\/klimatanlaggning-for-piano\\\/#primaryimage\",\"url\":\"https:\\\/\\\/i0.wp.com\\\/pianostammare.se\\\/wp-content\\\/uploads\\\/2022\\\/12\\\/IMG_5482.jpg?fit=2560%2C1920&ssl=1\",\"contentUrl\":\"https:\\\/\\\/i0.wp.com\\\/pianostammare.se\\\/wp-content\\\/uploads\\\/2022\\\/12\\\/IMG_5482.jpg?fit=2560%2C1920&ssl=1\",\"width\":2560,\"height\":1920,\"caption\":\"Vi har tillbeh\u00f6r f\u00f6r din flygel eller ditt piano\"},{\"@type\":\"BreadcrumbList\",\"@id\":\"https:\\\/\\\/pianostammare.se\\\/produkt\\\/klimatanlaggning-for-piano\\\/#breadcrumb\",\"itemListElement\":[{\"@type\":\"ListItem\",\"position\":1,\"name\":\"Hem\",\"item\":\"https:\\\/\\\/pianostammare.se\\\/\"},{\"@type\":\"ListItem\",\"position\":2,\"name\":\"Webbshop\",\"item\":\"https:\\\/\\\/pianostammare.se\\\/butik-flygelaffar-pianoaffar-leksand-dalarna\\\/\"},{\"@type\":\"ListItem\",\"position\":3,\"name\":\"Klimatanl\u00e4ggning f\u00f6r piano\"}]},{\"@type\":\"WebSite\",\"@id\":\"https:\\\/\\\/pianostammare.se\\\/#website\",\"url\":\"https:\\\/\\\/pianostammare.se\\\/\",\"name\":\"Pianost\u00e4mmare, flyglar och piano\",\"description\":\"Utst\u00e4llningshall f\u00f6r nya piano &amp; Flyglar\",\"publisher\":{\"@id\":\"https:\\\/\\\/pianostammare.se\\\/#organization\"},\"potentialAction\":[{\"@type\":\"SearchAction\",\"target\":{\"@type\":\"EntryPoint\",\"urlTemplate\":\"https:\\\/\\\/pianostammare.se\\\/?s={search_term_string}\"},\"query-input\":{\"@type\":\"PropertyValueSpecification\",\"valueRequired\":true,\"valueName\":\"search_term_string\"}}],\"inLanguage\":\"en-GB\"},{\"@type\":\"Organization\",\"@id\":\"https:\\\/\\\/pianostammare.se\\\/#organization\",\"name\":\"Pianost\u00e4mmare, flyglar och piano\",\"url\":\"https:\\\/\\\/pianostammare.se\\\/\",\"logo\":{\"@type\":\"ImageObject\",\"inLanguage\":\"en-GB\",\"@id\":\"https:\\\/\\\/pianostammare.se\\\/#\\\/schema\\\/logo\\\/image\\\/\",\"url\":\"https:\\\/\\\/pianostammare.se\\\/wp-content\\\/uploads\\\/2022\\\/11\\\/cropped-Namnlos-design.avif\",\"contentUrl\":\"https:\\\/\\\/pianostammare.se\\\/wp-content\\\/uploads\\\/2022\\\/11\\\/cropped-Namnlos-design.avif\",\"width\":1200,\"height\":800,\"caption\":\"Pianost\u00e4mmare, flyglar och piano\"},\"image\":{\"@id\":\"https:\\\/\\\/pianostammare.se\\\/#\\\/schema\\\/logo\\\/image\\\/\"},\"sameAs\":[\"https:\\\/\\\/www.facebook.com\\\/share\\\/167DsieNj3\\\/?mibextid=wwXlfr\"]}]}<\/script>\n<!-- \/ Yoast SEO Premium plugin. -->","yoast_head_json":{"title":"Piano humidity systems","robots":{"index":"index","follow":"follow","max-snippet":"max-snippet:-1","max-image-preview":"max-image-preview:large","max-video-preview":"max-video-preview:-1"},"canonical":"https:\/\/pianostammare.se\/en\/product\/klimatanlaggning-for-piano\/","og_locale":"en_GB","og_type":"article","og_title":"Klimatanl\u00e4ggning f\u00f6r piano","og_description":"Klimatanl\u00e4ggning f\u00f6r att h\u00e5lla r\u00e4tt fuktighet i ditt piano eller flygel.  Vi installerar och s\u00e4ljer piano life saver - original Dampp Chaser fr\u00e5n USA.","og_url":"https:\/\/pianostammare.se\/en\/product\/klimatanlaggning-for-piano\/","og_site_name":"Pianost\u00e4mmare, flyglar och piano","article_publisher":"https:\/\/www.facebook.com\/share\/167DsieNj3\/?mibextid=wwXlfr","article_modified_time":"2025-03-19T09:51:02+00:00","og_image":[{"width":2560,"height":1920,"url":"https:\/\/i0.wp.com\/en.pianostammare.se\/wp-content\/uploads\/2022\/12\/IMG_5482.jpg?fit=2560%2C1920&ssl=1","type":"image\/jpeg"}],"twitter_card":"summary_large_image","twitter_misc":{"Estimated reading time":"2 minutes"},"schema":{"@context":"https:\/\/schema.org","@graph":[{"@type":"WebPage","@id":"https:\/\/pianostammare.se\/produkt\/klimatanlaggning-for-piano\/","url":"https:\/\/pianostammare.se\/produkt\/klimatanlaggning-for-piano\/","name":"Piano humidity systems","isPartOf":{"@id":"https:\/\/pianostammare.se\/#website"},"primaryImageOfPage":{"@id":"https:\/\/pianostammare.se\/produkt\/klimatanlaggning-for-piano\/#primaryimage"},"image":{"@id":"https:\/\/pianostammare.se\/produkt\/klimatanlaggning-for-piano\/#primaryimage"},"thumbnailUrl":"https:\/\/i0.wp.com\/pianostammare.se\/wp-content\/uploads\/2022\/12\/IMG_5482.jpg?fit=2560%2C1920&ssl=1","datePublished":"2022-11-23T06:49:37+00:00","dateModified":"2025-03-19T09:51:02+00:00","breadcrumb":{"@id":"https:\/\/pianostammare.se\/produkt\/klimatanlaggning-for-piano\/#breadcrumb"},"inLanguage":"en-GB","potentialAction":[{"@type":"ReadAction","target":["https:\/\/pianostammare.se\/produkt\/klimatanlaggning-for-piano\/"]}]},{"@type":"ImageObject","inLanguage":"en-GB","@id":"https:\/\/pianostammare.se\/produkt\/klimatanlaggning-for-piano\/#primaryimage","url":"https:\/\/i0.wp.com\/pianostammare.se\/wp-content\/uploads\/2022\/12\/IMG_5482.jpg?fit=2560%2C1920&ssl=1","contentUrl":"https:\/\/i0.wp.com\/pianostammare.se\/wp-content\/uploads\/2022\/12\/IMG_5482.jpg?fit=2560%2C1920&ssl=1","width":2560,"height":1920,"caption":"Vi har tillbeh\u00f6r f\u00f6r din flygel eller ditt piano"},{"@type":"BreadcrumbList","@id":"https:\/\/pianostammare.se\/produkt\/klimatanlaggning-for-piano\/#breadcrumb","itemListElement":[{"@type":"ListItem","position":1,"name":"Hem","item":"https:\/\/pianostammare.se\/"},{"@type":"ListItem","position":2,"name":"Webbshop","item":"https:\/\/pianostammare.se\/butik-flygelaffar-pianoaffar-leksand-dalarna\/"},{"@type":"ListItem","position":3,"name":"Klimatanl\u00e4ggning f\u00f6r piano"}]},{"@type":"WebSite","@id":"https:\/\/pianostammare.se\/#website","url":"https:\/\/pianostammare.se\/","name":"Pianost\u00e4mmare, flyglar och piano","description":"Utst\u00e4llningshall f\u00f6r nya piano &amp; Flyglar","publisher":{"@id":"https:\/\/pianostammare.se\/#organization"},"potentialAction":[{"@type":"SearchAction","target":{"@type":"EntryPoint","urlTemplate":"https:\/\/pianostammare.se\/?s={search_term_string}"},"query-input":{"@type":"PropertyValueSpecification","valueRequired":true,"valueName":"search_term_string"}}],"inLanguage":"en-GB"},{"@type":"Organization","@id":"https:\/\/pianostammare.se\/#organization","name":"Pianost\u00e4mmare, flyglar och piano","url":"https:\/\/pianostammare.se\/","logo":{"@type":"ImageObject","inLanguage":"en-GB","@id":"https:\/\/pianostammare.se\/#\/schema\/logo\/image\/","url":"https:\/\/pianostammare.se\/wp-content\/uploads\/2022\/11\/cropped-Namnlos-design.avif","contentUrl":"https:\/\/pianostammare.se\/wp-content\/uploads\/2022\/11\/cropped-Namnlos-design.avif","width":1200,"height":800,"caption":"Pianost\u00e4mmare, flyglar och piano"},"image":{"@id":"https:\/\/pianostammare.se\/#\/schema\/logo\/image\/"},"sameAs":["https:\/\/www.facebook.com\/share\/167DsieNj3\/?mibextid=wwXlfr"]}]}},"jetpack_publicize_connections":[],"_links":{"self":[{"href":"https:\/\/pianostammare.se\/en\/wp-json\/wp\/v2\/product\/1061","targetHints":{"allow":["GET"]}}],"collection":[{"href":"https:\/\/pianostammare.se\/en\/wp-json\/wp\/v2\/product"}],"about":[{"href":"https:\/\/pianostammare.se\/en\/wp-json\/wp\/v2\/types\/product"}],"wp:featuredmedia":[{"embeddable":true,"href":"https:\/\/pianostammare.se\/en\/wp-json\/wp\/v2\/media\/13144"}],"wp:attachment":[{"href":"https:\/\/pianostammare.se\/en\/wp-json\/wp\/v2\/media?parent=1061"}],"wp:term":[{"taxonomy":"product_brand","embeddable":true,"href":"https:\/\/pianostammare.se\/en\/wp-json\/wp\/v2\/product_brand?post=1061"},{"taxonomy":"product_cat","embeddable":true,"href":"https:\/\/pianostammare.se\/en\/wp-json\/wp\/v2\/product_cat?post=1061"},{"taxonomy":"product_tag","embeddable":true,"href":"https:\/\/pianostammare.se\/en\/wp-json\/wp\/v2\/product_tag?post=1061"}],"curies":[{"name":"wp","href":"https:\/\/api.w.org\/{rel}","templated":true}]}}