{"id":13362,"date":"2022-12-18T12:25:14","date_gmt":"2022-12-18T11:25:14","guid":{"rendered":"https:\/\/pianostammare.se\/?post_type=product&#038;p=13362"},"modified":"2025-03-19T10:48:57","modified_gmt":"2025-03-19T09:48:57","slug":"bechstein-modell-l","status":"publish","type":"product","link":"https:\/\/pianostammare.se\/en\/product\/bechstein-modell-l\/","title":{"rendered":"Bechstein Model L"},"content":{"rendered":"<p>Here we have a Bechstein L 167 grand piano that we have almost completely restored. You still have the opportunity to decide on the final finish. You can choose a silent system, a humidity system, a self-playing system or anything else that can make it more interesting.<\/p>\n<p>The C. Bechstein L 167 has always been considered the best baby grand piano ever built.\nDespite its relatively small size, this professional baby grand piano enables you to express any musical idea brilliantly.\nThe C. Bechstein L 167 boasts all the features of the larger models, including a duplex scale, as well as a pleasant touch and an amazing sound resonance. This explains why it\u2019s considered worldwide the most professional baby grand piano, with the finest sound.<\/p>\n<p>The basic price for this grand piano will be SEK 350,000.<\/p>","protected":false},"excerpt":{"rendered":"<p>Here we have a Bechstein L 167 grand piano that we have almost completely restored. You still have the opportunity to decide on the final finish. You can choose a silent system, a humidity system, a self-playing system or anything else that can make it more interesting.<\/p>\n<p>The C. Bechstein L 167 has always been considered the best baby grand piano ever built.\nDespite its relatively small size, this professional baby grand piano enables you to express any musical idea brilliantly.\nThe C. Bechstein L 167 boasts all the features of the larger models, including a duplex scale, as well as a pleasant touch and an amazing sound resonance. This explains why it\u2019s considered worldwide the most professional baby grand piano, with the finest sound.<\/p>\n<p class=\"translation-block\">The Bechstein L is a baby grand piano that has been considered by some to be the best baby grand piano ever.\nYou can find more to read about it on the <a href=\"https:\/\/www.bechstein.com\/en\/upright-grand-pianos\/c-bechstein-l-167\/schwarz-mit-messing-1407\/\" target=\"_blank\" rel=\"noopener\">\u00a0manufacturer's website<\/a>.<\/p>","protected":false},"featured_media":13799,"template":"","meta":{"site-sidebar-layout":"default","site-content-layout":"default","ast-site-content-layout":"default","site-content-style":"default","site-sidebar-style":"default","ast-global-header-display":"","ast-banner-title-visibility":"","ast-main-header-display":"","ast-hfb-above-header-display":"","ast-hfb-below-header-display":"","ast-hfb-mobile-header-display":"","site-post-title":"","ast-breadcrumbs-content":"","ast-featured-img":"","footer-sml-layout":"","ast-disable-related-posts":"","theme-transparent-header-meta":"default","adv-header-id-meta":"","stick-header-meta":"","header-above-stick-meta":"","header-main-stick-meta":"","header-below-stick-meta":"","astra-migrate-meta-layouts":"set","ast-page-background-enabled":"default","ast-page-background-meta":{"desktop":{"background-color":"","background-image":"","background-repeat":"repeat","background-position":"center center","background-size":"auto","background-attachment":"scroll","background-type":"","background-media":"","overlay-type":"","overlay-color":"","overlay-opacity":"","overlay-gradient":""},"tablet":{"background-color":"","background-image":"","background-repeat":"repeat","background-position":"center center","background-size":"auto","background-attachment":"scroll","background-type":"","background-media":"","overlay-type":"","overlay-color":"","overlay-opacity":"","overlay-gradient":""},"mobile":{"background-color":"","background-image":"","background-repeat":"repeat","background-position":"center center","background-size":"auto","background-attachment":"scroll","background-type":"","background-media":"","overlay-type":"","overlay-color":"","overlay-opacity":"","overlay-gradient":""}},"ast-content-background-meta":{"desktop":{"background-color":"var(--ast-global-color-5)","background-image":"","background-repeat":"repeat","background-position":"center center","background-size":"auto","background-attachment":"scroll","background-type":"","background-media":"","overlay-type":"","overlay-color":"","overlay-opacity":"","overlay-gradient":""},"tablet":{"background-color":"var(--ast-global-color-5)","background-image":"","background-repeat":"repeat","background-position":"center center","background-size":"auto","background-attachment":"scroll","background-type":"","background-media":"","overlay-type":"","overlay-color":"","overlay-opacity":"","overlay-gradient":""},"mobile":{"background-color":"var(--ast-global-color-5)","background-image":"","background-repeat":"repeat","background-position":"center center","background-size":"auto","background-attachment":"scroll","background-type":"","background-media":"","overlay-type":"","overlay-color":"","overlay-opacity":"","overlay-gradient":""}},"jetpack_publicize_message":"","jetpack_publicize_feature_enabled":true,"jetpack_social_post_already_shared":false,"jetpack_social_options":{"image_generator_settings":{"template":"highway","default_image_id":0,"font":"","enabled":false},"version":2}},"product_brand":[],"product_cat":[35,34],"product_tag":[],"class_list":{"0":"post-13362","1":"product","2":"type-product","3":"status-publish","4":"has-post-thumbnail","6":"product_cat-begagnade-flyglar","7":"product_cat-flyglar","8":"product_shipping_class-tung-flygel","9":"desktop-align-left","10":"tablet-align-left","11":"mobile-align-left","13":"first","14":"instock","15":"taxable","16":"shipping-taxable","17":"purchasable","18":"product-type-simple"},"yoast_head":"<!-- This site is optimized with the Yoast SEO Premium plugin v26.1 (Yoast SEO v27.4) - https:\/\/yoast.com\/product\/yoast-seo-premium-wordpress\/ -->\n<title>Bechstein mod L<\/title>\n<meta name=\"robots\" content=\"index, follow, max-snippet:-1, max-image-preview:large, max-video-preview:-1\" \/>\n<link rel=\"canonical\" href=\"https:\/\/pianostammare.se\/en\/product\/bechstein-modell-l\/\" \/>\n<meta property=\"og:locale\" content=\"en_GB\" \/>\n<meta property=\"og:type\" content=\"article\" \/>\n<meta property=\"og:title\" content=\"Bechstein Modell L\" \/>\n<meta property=\"og:description\" content=\"H\u00e4r har vi en Bechstein flygel modell \u201dL\u201d 167 cm som \u00e4r totalrenoverat. Ni har m\u00f6jlighet att v\u00e4lja utf\u00f6rande p\u00e5 renoveringen. Ni kan v\u00e4lja till silentsystem, klimatanl\u00e4ggning, sj\u00e4lvspelande system eller annat som kan locka.  C. Bechstein L 167 har alltid ansetts vara den b\u00e4sta babyflygeln som n\u00e5gonsin byggts.\u00a0Trots sin relativt lilla storlek l\u00e5ter denna professionella babyflygel dig uttrycka vilken musikalisk id\u00e9 som helst p\u00e5 ett briljant s\u00e4tt.\u00a0C. Bechstein L 167 har alla funktioner hos de st\u00f6rre modellerna, inklusive en duplexskala, samt en behaglig touch och en fantastisk ljudresonans.\u00a0Detta f\u00f6rklarar varf\u00f6r det anses vara v\u00e4rldens mest professionella babyflygel, med den finaste klangen.  Bechstein modell L \u00e4r en babygrand flygel som av en del anses vara den b\u00e4sta babygrandflygeln n\u00e5gonsin. Mer att l\u00e4sa finner ni p\u00e5\u00a0tillverkarens hemsida.\" \/>\n<meta property=\"og:url\" content=\"https:\/\/pianostammare.se\/en\/product\/bechstein-modell-l\/\" \/>\n<meta property=\"og:site_name\" content=\"Pianost\u00e4mmare, flyglar och piano\" \/>\n<meta property=\"article:publisher\" content=\"https:\/\/www.facebook.com\/share\/167DsieNj3\/?mibextid=wwXlfr\" \/>\n<meta property=\"article:modified_time\" content=\"2025-03-19T09:48:57+00:00\" \/>\n<meta property=\"og:image\" content=\"https:\/\/i0.wp.com\/en.pianostammare.se\/wp-content\/uploads\/2022\/12\/IMG_2178-scaled.jpg?fit=1920%2C2560&ssl=1\" \/>\n\t<meta property=\"og:image:width\" content=\"1920\" \/>\n\t<meta property=\"og:image:height\" content=\"2560\" \/>\n\t<meta property=\"og:image:type\" content=\"image\/jpeg\" \/>\n<meta name=\"twitter:card\" content=\"summary_large_image\" \/>\n<meta name=\"twitter:label1\" content=\"Estimated reading time\" \/>\n\t<meta name=\"twitter:data1\" content=\"1 minute\" \/>\n<script type=\"application\/ld+json\" class=\"yoast-schema-graph\">{\"@context\":\"https:\\\/\\\/schema.org\",\"@graph\":[{\"@type\":\"WebPage\",\"@id\":\"https:\\\/\\\/pianostammare.se\\\/produkt\\\/bechstein-modell-l\\\/\",\"url\":\"https:\\\/\\\/pianostammare.se\\\/produkt\\\/bechstein-modell-l\\\/\",\"name\":\"Bechstein mod L\",\"isPartOf\":{\"@id\":\"https:\\\/\\\/pianostammare.se\\\/#website\"},\"primaryImageOfPage\":{\"@id\":\"https:\\\/\\\/pianostammare.se\\\/produkt\\\/bechstein-modell-l\\\/#primaryimage\"},\"image\":{\"@id\":\"https:\\\/\\\/pianostammare.se\\\/produkt\\\/bechstein-modell-l\\\/#primaryimage\"},\"thumbnailUrl\":\"https:\\\/\\\/i0.wp.com\\\/pianostammare.se\\\/wp-content\\\/uploads\\\/2022\\\/12\\\/IMG_2178-scaled.jpg?fit=1920%2C2560&ssl=1\",\"datePublished\":\"2022-12-18T11:25:14+00:00\",\"dateModified\":\"2025-03-19T09:48:57+00:00\",\"breadcrumb\":{\"@id\":\"https:\\\/\\\/pianostammare.se\\\/produkt\\\/bechstein-modell-l\\\/#breadcrumb\"},\"inLanguage\":\"en-GB\",\"potentialAction\":[{\"@type\":\"ReadAction\",\"target\":[\"https:\\\/\\\/pianostammare.se\\\/produkt\\\/bechstein-modell-l\\\/\"]}]},{\"@type\":\"ImageObject\",\"inLanguage\":\"en-GB\",\"@id\":\"https:\\\/\\\/pianostammare.se\\\/produkt\\\/bechstein-modell-l\\\/#primaryimage\",\"url\":\"https:\\\/\\\/i0.wp.com\\\/pianostammare.se\\\/wp-content\\\/uploads\\\/2022\\\/12\\\/IMG_2178-scaled.jpg?fit=1920%2C2560&ssl=1\",\"contentUrl\":\"https:\\\/\\\/i0.wp.com\\\/pianostammare.se\\\/wp-content\\\/uploads\\\/2022\\\/12\\\/IMG_2178-scaled.jpg?fit=1920%2C2560&ssl=1\",\"width\":1920,\"height\":2560},{\"@type\":\"BreadcrumbList\",\"@id\":\"https:\\\/\\\/pianostammare.se\\\/produkt\\\/bechstein-modell-l\\\/#breadcrumb\",\"itemListElement\":[{\"@type\":\"ListItem\",\"position\":1,\"name\":\"Hem\",\"item\":\"https:\\\/\\\/pianostammare.se\\\/\"},{\"@type\":\"ListItem\",\"position\":2,\"name\":\"Webbshop\",\"item\":\"https:\\\/\\\/pianostammare.se\\\/butik-flygelaffar-pianoaffar-leksand-dalarna\\\/\"},{\"@type\":\"ListItem\",\"position\":3,\"name\":\"Bechstein Modell L\"}]},{\"@type\":\"WebSite\",\"@id\":\"https:\\\/\\\/pianostammare.se\\\/#website\",\"url\":\"https:\\\/\\\/pianostammare.se\\\/\",\"name\":\"Pianost\u00e4mmare, flyglar och piano\",\"description\":\"Utst\u00e4llningshall f\u00f6r nya piano &amp; Flyglar\",\"publisher\":{\"@id\":\"https:\\\/\\\/pianostammare.se\\\/#organization\"},\"potentialAction\":[{\"@type\":\"SearchAction\",\"target\":{\"@type\":\"EntryPoint\",\"urlTemplate\":\"https:\\\/\\\/pianostammare.se\\\/?s={search_term_string}\"},\"query-input\":{\"@type\":\"PropertyValueSpecification\",\"valueRequired\":true,\"valueName\":\"search_term_string\"}}],\"inLanguage\":\"en-GB\"},{\"@type\":\"Organization\",\"@id\":\"https:\\\/\\\/pianostammare.se\\\/#organization\",\"name\":\"Pianost\u00e4mmare, flyglar och piano\",\"url\":\"https:\\\/\\\/pianostammare.se\\\/\",\"logo\":{\"@type\":\"ImageObject\",\"inLanguage\":\"en-GB\",\"@id\":\"https:\\\/\\\/pianostammare.se\\\/#\\\/schema\\\/logo\\\/image\\\/\",\"url\":\"https:\\\/\\\/pianostammare.se\\\/wp-content\\\/uploads\\\/2022\\\/11\\\/cropped-Namnlos-design.avif\",\"contentUrl\":\"https:\\\/\\\/pianostammare.se\\\/wp-content\\\/uploads\\\/2022\\\/11\\\/cropped-Namnlos-design.avif\",\"width\":1200,\"height\":800,\"caption\":\"Pianost\u00e4mmare, flyglar och piano\"},\"image\":{\"@id\":\"https:\\\/\\\/pianostammare.se\\\/#\\\/schema\\\/logo\\\/image\\\/\"},\"sameAs\":[\"https:\\\/\\\/www.facebook.com\\\/share\\\/167DsieNj3\\\/?mibextid=wwXlfr\"]}]}<\/script>\n<!-- \/ Yoast SEO Premium plugin. -->","yoast_head_json":{"title":"Bechstein mod L","robots":{"index":"index","follow":"follow","max-snippet":"max-snippet:-1","max-image-preview":"max-image-preview:large","max-video-preview":"max-video-preview:-1"},"canonical":"https:\/\/pianostammare.se\/en\/product\/bechstein-modell-l\/","og_locale":"en_GB","og_type":"article","og_title":"Bechstein Modell L","og_description":"H\u00e4r har vi en Bechstein flygel modell \u201dL\u201d 167 cm som \u00e4r totalrenoverat. Ni har m\u00f6jlighet att v\u00e4lja utf\u00f6rande p\u00e5 renoveringen. Ni kan v\u00e4lja till silentsystem, klimatanl\u00e4ggning, sj\u00e4lvspelande system eller annat som kan locka.  C. Bechstein L 167 har alltid ansetts vara den b\u00e4sta babyflygeln som n\u00e5gonsin byggts.\u00a0Trots sin relativt lilla storlek l\u00e5ter denna professionella babyflygel dig uttrycka vilken musikalisk id\u00e9 som helst p\u00e5 ett briljant s\u00e4tt.\u00a0C. Bechstein L 167 har alla funktioner hos de st\u00f6rre modellerna, inklusive en duplexskala, samt en behaglig touch och en fantastisk ljudresonans.\u00a0Detta f\u00f6rklarar varf\u00f6r det anses vara v\u00e4rldens mest professionella babyflygel, med den finaste klangen.  Bechstein modell L \u00e4r en babygrand flygel som av en del anses vara den b\u00e4sta babygrandflygeln n\u00e5gonsin. Mer att l\u00e4sa finner ni p\u00e5\u00a0tillverkarens hemsida.","og_url":"https:\/\/pianostammare.se\/en\/product\/bechstein-modell-l\/","og_site_name":"Pianost\u00e4mmare, flyglar och piano","article_publisher":"https:\/\/www.facebook.com\/share\/167DsieNj3\/?mibextid=wwXlfr","article_modified_time":"2025-03-19T09:48:57+00:00","og_image":[{"width":1920,"height":2560,"url":"https:\/\/i0.wp.com\/en.pianostammare.se\/wp-content\/uploads\/2022\/12\/IMG_2178-scaled.jpg?fit=1920%2C2560&ssl=1","type":"image\/jpeg"}],"twitter_card":"summary_large_image","twitter_misc":{"Estimated reading time":"1 minute"},"schema":{"@context":"https:\/\/schema.org","@graph":[{"@type":"WebPage","@id":"https:\/\/pianostammare.se\/produkt\/bechstein-modell-l\/","url":"https:\/\/pianostammare.se\/produkt\/bechstein-modell-l\/","name":"Bechstein mod L","isPartOf":{"@id":"https:\/\/pianostammare.se\/#website"},"primaryImageOfPage":{"@id":"https:\/\/pianostammare.se\/produkt\/bechstein-modell-l\/#primaryimage"},"image":{"@id":"https:\/\/pianostammare.se\/produkt\/bechstein-modell-l\/#primaryimage"},"thumbnailUrl":"https:\/\/i0.wp.com\/pianostammare.se\/wp-content\/uploads\/2022\/12\/IMG_2178-scaled.jpg?fit=1920%2C2560&ssl=1","datePublished":"2022-12-18T11:25:14+00:00","dateModified":"2025-03-19T09:48:57+00:00","breadcrumb":{"@id":"https:\/\/pianostammare.se\/produkt\/bechstein-modell-l\/#breadcrumb"},"inLanguage":"en-GB","potentialAction":[{"@type":"ReadAction","target":["https:\/\/pianostammare.se\/produkt\/bechstein-modell-l\/"]}]},{"@type":"ImageObject","inLanguage":"en-GB","@id":"https:\/\/pianostammare.se\/produkt\/bechstein-modell-l\/#primaryimage","url":"https:\/\/i0.wp.com\/pianostammare.se\/wp-content\/uploads\/2022\/12\/IMG_2178-scaled.jpg?fit=1920%2C2560&ssl=1","contentUrl":"https:\/\/i0.wp.com\/pianostammare.se\/wp-content\/uploads\/2022\/12\/IMG_2178-scaled.jpg?fit=1920%2C2560&ssl=1","width":1920,"height":2560},{"@type":"BreadcrumbList","@id":"https:\/\/pianostammare.se\/produkt\/bechstein-modell-l\/#breadcrumb","itemListElement":[{"@type":"ListItem","position":1,"name":"Hem","item":"https:\/\/pianostammare.se\/"},{"@type":"ListItem","position":2,"name":"Webbshop","item":"https:\/\/pianostammare.se\/butik-flygelaffar-pianoaffar-leksand-dalarna\/"},{"@type":"ListItem","position":3,"name":"Bechstein Modell L"}]},{"@type":"WebSite","@id":"https:\/\/pianostammare.se\/#website","url":"https:\/\/pianostammare.se\/","name":"Pianost\u00e4mmare, flyglar och piano","description":"Utst\u00e4llningshall f\u00f6r nya piano &amp; Flyglar","publisher":{"@id":"https:\/\/pianostammare.se\/#organization"},"potentialAction":[{"@type":"SearchAction","target":{"@type":"EntryPoint","urlTemplate":"https:\/\/pianostammare.se\/?s={search_term_string}"},"query-input":{"@type":"PropertyValueSpecification","valueRequired":true,"valueName":"search_term_string"}}],"inLanguage":"en-GB"},{"@type":"Organization","@id":"https:\/\/pianostammare.se\/#organization","name":"Pianost\u00e4mmare, flyglar och piano","url":"https:\/\/pianostammare.se\/","logo":{"@type":"ImageObject","inLanguage":"en-GB","@id":"https:\/\/pianostammare.se\/#\/schema\/logo\/image\/","url":"https:\/\/pianostammare.se\/wp-content\/uploads\/2022\/11\/cropped-Namnlos-design.avif","contentUrl":"https:\/\/pianostammare.se\/wp-content\/uploads\/2022\/11\/cropped-Namnlos-design.avif","width":1200,"height":800,"caption":"Pianost\u00e4mmare, flyglar och piano"},"image":{"@id":"https:\/\/pianostammare.se\/#\/schema\/logo\/image\/"},"sameAs":["https:\/\/www.facebook.com\/share\/167DsieNj3\/?mibextid=wwXlfr"]}]}},"jetpack_publicize_connections":[],"_links":{"self":[{"href":"https:\/\/pianostammare.se\/en\/wp-json\/wp\/v2\/product\/13362","targetHints":{"allow":["GET"]}}],"collection":[{"href":"https:\/\/pianostammare.se\/en\/wp-json\/wp\/v2\/product"}],"about":[{"href":"https:\/\/pianostammare.se\/en\/wp-json\/wp\/v2\/types\/product"}],"wp:featuredmedia":[{"embeddable":true,"href":"https:\/\/pianostammare.se\/en\/wp-json\/wp\/v2\/media\/13799"}],"wp:attachment":[{"href":"https:\/\/pianostammare.se\/en\/wp-json\/wp\/v2\/media?parent=13362"}],"wp:term":[{"taxonomy":"product_brand","embeddable":true,"href":"https:\/\/pianostammare.se\/en\/wp-json\/wp\/v2\/product_brand?post=13362"},{"taxonomy":"product_cat","embeddable":true,"href":"https:\/\/pianostammare.se\/en\/wp-json\/wp\/v2\/product_cat?post=13362"},{"taxonomy":"product_tag","embeddable":true,"href":"https:\/\/pianostammare.se\/en\/wp-json\/wp\/v2\/product_tag?post=13362"}],"curies":[{"name":"wp","href":"https:\/\/api.w.org\/{rel}","templated":true}]}}