{"id":13369,"date":"2022-12-18T12:44:05","date_gmt":"2022-12-18T11:44:05","guid":{"rendered":"https:\/\/pianostammare.se\/?post_type=product&#038;p=13369"},"modified":"2025-03-19T10:47:56","modified_gmt":"2025-03-19T09:47:56","slug":"feurich-flygel-modell-162","status":"publish","type":"product","link":"https:\/\/pianostammare.se\/en\/product\/feurich-flygel-modell-162\/","title":{"rendered":"Feurich Flygel Model 162"},"content":{"rendered":"<figure id=\"attachment_16318\" aria-describedby=\"caption-attachment-16318\" style=\"width: 1024px\" class=\"wp-caption alignnone\"><img data-recalc-dims=\"1\" fetchpriority=\"high\" decoding=\"async\" class=\"wp-image-16318 size-large\" src=\"https:\/\/i0.wp.com\/pianostammare.se\/wp-content\/uploads\/2023\/05\/demo-feurich-162-dynamic-i.jpg?resize=1024%2C576&#038;ssl=1\" alt=\"Feurich flygel modell 162\" width=\"1024\" height=\"576\" srcset=\"https:\/\/i0.wp.com\/pianostammare.se\/wp-content\/uploads\/2023\/05\/demo-feurich-162-dynamic-i.jpg?resize=1024%2C576&amp;ssl=1 1024w, https:\/\/i0.wp.com\/pianostammare.se\/wp-content\/uploads\/2023\/05\/demo-feurich-162-dynamic-i.jpg?resize=600%2C338&amp;ssl=1 600w, https:\/\/i0.wp.com\/pianostammare.se\/wp-content\/uploads\/2023\/05\/demo-feurich-162-dynamic-i.jpg?resize=300%2C169&amp;ssl=1 300w, https:\/\/i0.wp.com\/pianostammare.se\/wp-content\/uploads\/2023\/05\/demo-feurich-162-dynamic-i.jpg?resize=768%2C432&amp;ssl=1 768w, https:\/\/i0.wp.com\/pianostammare.se\/wp-content\/uploads\/2023\/05\/demo-feurich-162-dynamic-i.jpg?w=1280&amp;ssl=1 1280w\" sizes=\"(max-width: 1000px) 100vw, 1000px\" \/><figcaption id=\"caption-attachment-16318\" class=\"wp-caption-text\">Welcome to try playing any of our Feurich Model 162 grand pianos.<\/figcaption><\/figure>\n<p>This Feurich 162 baby grand piano is the smallest among our elegant and popular quality grand pianos. This fantastic little grand piano surprises everyone with its large bass in relation to its size. Its tonal range is smooth and round and nicely voiced. A new feature in the grand piano is the use of stainless Paulello string wire, which improves the tone and longevity of the piano. The pin block, where the tuning pins are attached, is multi-laminated and climate-resistant. The action mechanism is quick and gives a distinct touch.<\/p>\n<p>A long LED light is mounted in the music shelf, gently illuminating the sheet music from below.<\/p>\n<p>There are three pedals \u2013 una corda (moves the action mechanism so the hammer hits only 2 strings (3), sustenuto (partly note sustain pedal)\nand legato (sustains notes).<\/p>\n<h2>Inbuilt LED lighting<\/h2>\n<p class=\"translation-block\">with white light in the music shelf is an innovation introduced in the past year. It illuminates the sheet music from below, enhancing the contrast between the black notes and the white paper, making them easier to see. This lighting can be nicely combined with an additional light attached to the music shelf to provide illumination from above as well. You can find these under Accessories in our webshop.<\/p>\n<figure id=\"attachment_16762\" aria-describedby=\"caption-attachment-16762\" style=\"width: 225px\" class=\"wp-caption alignnone\"><img data-recalc-dims=\"1\" decoding=\"async\" class=\"size-medium wp-image-16762\" src=\"https:\/\/i0.wp.com\/pianostammare.se\/wp-content\/uploads\/2022\/12\/IMG_2938.jpg?resize=225%2C300&#038;ssl=1\" alt=\"Nya flyglar - nothyllebelysning\" width=\"225\" height=\"300\" srcset=\"https:\/\/i0.wp.com\/pianostammare.se\/wp-content\/uploads\/2022\/12\/IMG_2938-scaled.jpg?resize=225%2C300&amp;ssl=1 225w, https:\/\/i0.wp.com\/pianostammare.se\/wp-content\/uploads\/2022\/12\/IMG_2938-scaled.jpg?resize=600%2C800&amp;ssl=1 600w, https:\/\/i0.wp.com\/pianostammare.se\/wp-content\/uploads\/2022\/12\/IMG_2938-scaled.jpg?resize=768%2C1024&amp;ssl=1 768w, https:\/\/i0.wp.com\/pianostammare.se\/wp-content\/uploads\/2022\/12\/IMG_2938-scaled.jpg?resize=1152%2C1536&amp;ssl=1 1152w, https:\/\/i0.wp.com\/pianostammare.se\/wp-content\/uploads\/2022\/12\/IMG_2938-scaled.jpg?resize=1536%2C2048&amp;ssl=1 1536w, https:\/\/i0.wp.com\/pianostammare.se\/wp-content\/uploads\/2022\/12\/IMG_2938-scaled.jpg?w=1920&amp;ssl=1 1920w\" sizes=\"(max-width: 225px) 100vw, 225px\" \/><figcaption id=\"caption-attachment-16762\" class=\"wp-caption-text\">Our lights feature LED lighting for low energy consumption.<\/figcaption><\/figure>\n<h2>The Feurich grand piano Model 162 is available in various wood finishes.<\/h2>\n<p>Black and white polished finishes are the most common. Bordeaux and walnut are also available to order.<\/p>\n<p>We can also install the Feurich Silencer System as an option if you wish to play with headphones without disturbing your surroundings.<\/p>\n<p>As prices can change, please contact us for the current price. We also have a white piano in our wonderful showroom. We can of course offer payment plans if required.<\/p>\n<p><a href=\"https:\/\/www.youtube.com\/watch?v=naNSW-xzoxo\" target=\"\\&quot;_blank\\&quot;\" rel=\"\\&quot;noopener\\&quot; noopener\"><strong>How the model 162 sounds<\/strong><\/a>.<\/p>\n<p>If you wish to split the payment, we can help you solve this \u2014 ranging from interest-free installments over 24 months to 60-month installments with interest. Our financing partner for installments is Wasakredit.<\/p>\n<ol>\n<li>Size: The Feurich grand piano Model 162 typically measures around 162 cm in length (approximately 5\u20193\u2033).<\/li>\n<li>Craftsmanship: Feurich is known for producing pianos of exceptional build quality. Model 162 is crafted with great attention to detail and uses high-quality materials to ensure durability and long lifespan.<\/li>\n<li>Sound: Feurich pianos are admired for their warm and rich sound, often described as having a beautiful and singing quality. Model 162 is designed to offer a balanced and expressive tonal range suitable for both professional musicians and enthusiastic amateurs.<\/li>\n<li>Keyboard Mechanism: The piano keyboard is a crucial component that translates the pianist\u2019s touch into sound. Feurich pianos are known for their responsive and precise keyboard action, enabling expressive playing and dynamic tonal control.<\/li>\n<li>Design: The Feurich Model 162 typically features an elegant and timeless design, combining traditional craftsmanship with modern aesthetics.<\/li>\n<li>Reputation: Feurich has a reputation for making pianos that offer outstanding value within their price range. Their instruments are often regarded as a great choice for pianists seeking high-quality pianos without paying premium prices.<\/li>\n<\/ol>\n<p>As with any piano purchase, it is important to try the specific piano model you are interested in before making a decision. Each piano, even within the same model, can have subtle variations in sound and feel due to individual craftsmanship.<\/p>\n<p>If you are considering purchasing a Feurich Model 162, we recommend contacting us and visiting our showroom where you can play and experience the piano firsthand to determine if it meets your preferences and expectations.<\/p>","protected":false},"excerpt":{"rendered":"<p>The Feurich grand piano Model 162 Baby Grand is the smallest among our beloved high-quality grand pianos.<\/p>\n<p>A long LED light is mounted in the music shelf, gently illuminating the sheet music from below.<\/p>\n<p>There are three pedals \u2013 una corda (shifts the action mechanism so the hammer strikes only 2  strings (3),<\/p>\n<p>sustenuto pedal (partly sustains notes)<\/p>\n<p>legato pedal (sustains notes).<\/p>\n<p>The grand piano is available in various wood finishes. Black polish and white polish are the most common. Bordeaux and walnut finishes are also available to order.<\/p>\n<p>We can also install the Feurich Silencer System as an option if you wish to play with headphones without disturbing your surroundings.<\/p>\n<p>As prices can change, please contact us for the current price. We also have a white piano in our wonderful showroom. We can of course offer payment plans if required.<\/p>","protected":false},"featured_media":13798,"template":"","meta":{"site-sidebar-layout":"default","site-content-layout":"default","ast-site-content-layout":"default","site-content-style":"default","site-sidebar-style":"default","ast-global-header-display":"","ast-banner-title-visibility":"","ast-main-header-display":"","ast-hfb-above-header-display":"","ast-hfb-below-header-display":"","ast-hfb-mobile-header-display":"","site-post-title":"","ast-breadcrumbs-content":"","ast-featured-img":"","footer-sml-layout":"","ast-disable-related-posts":"","theme-transparent-header-meta":"default","adv-header-id-meta":"","stick-header-meta":"","header-above-stick-meta":"","header-main-stick-meta":"","header-below-stick-meta":"","astra-migrate-meta-layouts":"set","ast-page-background-enabled":"default","ast-page-background-meta":{"desktop":{"background-color":"","background-image":"","background-repeat":"repeat","background-position":"center center","background-size":"auto","background-attachment":"scroll","background-type":"","background-media":"","overlay-type":"","overlay-color":"","overlay-opacity":"","overlay-gradient":""},"tablet":{"background-color":"","background-image":"","background-repeat":"repeat","background-position":"center center","background-size":"auto","background-attachment":"scroll","background-type":"","background-media":"","overlay-type":"","overlay-color":"","overlay-opacity":"","overlay-gradient":""},"mobile":{"background-color":"","background-image":"","background-repeat":"repeat","background-position":"center center","background-size":"auto","background-attachment":"scroll","background-type":"","background-media":"","overlay-type":"","overlay-color":"","overlay-opacity":"","overlay-gradient":""}},"ast-content-background-meta":{"desktop":{"background-color":"var(--ast-global-color-5)","background-image":"","background-repeat":"repeat","background-position":"center center","background-size":"auto","background-attachment":"scroll","background-type":"","background-media":"","overlay-type":"","overlay-color":"","overlay-opacity":"","overlay-gradient":""},"tablet":{"background-color":"var(--ast-global-color-5)","background-image":"","background-repeat":"repeat","background-position":"center center","background-size":"auto","background-attachment":"scroll","background-type":"","background-media":"","overlay-type":"","overlay-color":"","overlay-opacity":"","overlay-gradient":""},"mobile":{"background-color":"var(--ast-global-color-5)","background-image":"","background-repeat":"repeat","background-position":"center center","background-size":"auto","background-attachment":"scroll","background-type":"","background-media":"","overlay-type":"","overlay-color":"","overlay-opacity":"","overlay-gradient":""}},"jetpack_publicize_message":"","jetpack_publicize_feature_enabled":true,"jetpack_social_post_already_shared":false,"jetpack_social_options":{"image_generator_settings":{"template":"highway","default_image_id":0,"font":"","enabled":false},"version":2}},"product_brand":[],"product_cat":[34,36],"product_tag":[],"class_list":{"0":"post-13369","1":"product","2":"type-product","3":"status-publish","4":"has-post-thumbnail","6":"product_cat-flyglar","7":"product_cat-nya-flyglar","8":"product_shipping_class-tung-flygel","9":"desktop-align-left","10":"tablet-align-left","11":"mobile-align-left","13":"first","14":"instock","15":"taxable","16":"shipping-taxable","17":"purchasable","18":"product-type-simple"},"yoast_head":"<!-- This site is optimized with the Yoast SEO Premium plugin v26.1 (Yoast SEO v27.4) - https:\/\/yoast.com\/product\/yoast-seo-premium-wordpress\/ -->\n<title>feurich flygel<\/title>\n<meta name=\"robots\" content=\"index, follow, max-snippet:-1, max-image-preview:large, max-video-preview:-1\" \/>\n<link rel=\"canonical\" href=\"https:\/\/pianostammare.se\/en\/product\/feurich-flygel-modell-162\/\" \/>\n<meta property=\"og:locale\" content=\"en_GB\" \/>\n<meta property=\"og:type\" content=\"article\" \/>\n<meta property=\"og:title\" content=\"Feurich Flygel Modell 162\" \/>\n<meta property=\"og:description\" content=\"Feurich flygel modell 162 babygrand \u00e4r minstingen bland v\u00e5ra fina omtyckta kvalitetsflyglar.  I nothyllan \u00e4r en l\u00e5ng ledbelysning monterad som f\u00f6rsiktigt lyser upp notbladet underifr\u00e5n.  Det finns tre pedaler \u2013 una corda (flyttar mekaniken s\u00e5 hammaren tr\u00e4ffar endast 2 str\u00e4ngar (3)  sustenuto (delvis tonh\u00e5llningspedal)  legatopedal (h\u00e5ller kvar tonen)  Flygeln finns att tillg\u00e5 i varierande tr\u00e4slag. Svartpolerad och vitpolerad \u00e4r de vanligaste. Bourdoux och valn\u00f6t finns ocks\u00e5 att best\u00e4lla.  Vi har \u00e4ven m\u00f6jlighet att installera Feurich Silencer System som tillval om ni har behov av att kunna spela med h\u00f6rlurar utan att st\u00f6ra omgivningen.  D\u00e5 priser \u00e4ndrar sig hela tiden ber vi er kontakta oss f\u00f6r dagsaktuellt pris.\u00a0I v\u00e5r vackra utst\u00e4llningshall finns den \u00e4ven i vitt utf\u00f6rande.\u00a0Vi har naturligtvis finansieringsf\u00f6rslag om s\u00e5 \u00f6nskas.\" \/>\n<meta property=\"og:url\" content=\"https:\/\/pianostammare.se\/en\/product\/feurich-flygel-modell-162\/\" \/>\n<meta property=\"og:site_name\" content=\"Pianost\u00e4mmare, flyglar och piano\" \/>\n<meta property=\"article:publisher\" content=\"https:\/\/www.facebook.com\/share\/167DsieNj3\/?mibextid=wwXlfr\" \/>\n<meta property=\"article:modified_time\" content=\"2025-03-19T09:47:56+00:00\" \/>\n<meta property=\"og:image\" content=\"https:\/\/i0.wp.com\/en.pianostammare.se\/wp-content\/uploads\/2022\/12\/Mod.-162-Dynamic-I-10black_chrome_2_web.jpg?fit=800%2C1024&ssl=1\" \/>\n\t<meta property=\"og:image:width\" content=\"800\" \/>\n\t<meta property=\"og:image:height\" content=\"1024\" \/>\n\t<meta property=\"og:image:type\" content=\"image\/jpeg\" \/>\n<meta name=\"twitter:card\" content=\"summary_large_image\" \/>\n<meta name=\"twitter:label1\" content=\"Estimated reading time\" \/>\n\t<meta name=\"twitter:data1\" content=\"4 minutes\" \/>\n<script type=\"application\/ld+json\" class=\"yoast-schema-graph\">{\"@context\":\"https:\\\/\\\/schema.org\",\"@graph\":[{\"@type\":\"WebPage\",\"@id\":\"https:\\\/\\\/pianostammare.se\\\/produkt\\\/feurich-flygel-modell-162\\\/\",\"url\":\"https:\\\/\\\/pianostammare.se\\\/produkt\\\/feurich-flygel-modell-162\\\/\",\"name\":\"feurich flygel\",\"isPartOf\":{\"@id\":\"https:\\\/\\\/pianostammare.se\\\/#website\"},\"primaryImageOfPage\":{\"@id\":\"https:\\\/\\\/pianostammare.se\\\/produkt\\\/feurich-flygel-modell-162\\\/#primaryimage\"},\"image\":{\"@id\":\"https:\\\/\\\/pianostammare.se\\\/produkt\\\/feurich-flygel-modell-162\\\/#primaryimage\"},\"thumbnailUrl\":\"https:\\\/\\\/i0.wp.com\\\/pianostammare.se\\\/wp-content\\\/uploads\\\/2022\\\/12\\\/Mod.-162-Dynamic-I-10black_chrome_2_web.jpg?fit=800%2C1024&ssl=1\",\"datePublished\":\"2022-12-18T11:44:05+00:00\",\"dateModified\":\"2025-03-19T09:47:56+00:00\",\"breadcrumb\":{\"@id\":\"https:\\\/\\\/pianostammare.se\\\/produkt\\\/feurich-flygel-modell-162\\\/#breadcrumb\"},\"inLanguage\":\"en-GB\",\"potentialAction\":[{\"@type\":\"ReadAction\",\"target\":[\"https:\\\/\\\/pianostammare.se\\\/produkt\\\/feurich-flygel-modell-162\\\/\"]}]},{\"@type\":\"ImageObject\",\"inLanguage\":\"en-GB\",\"@id\":\"https:\\\/\\\/pianostammare.se\\\/produkt\\\/feurich-flygel-modell-162\\\/#primaryimage\",\"url\":\"https:\\\/\\\/i0.wp.com\\\/pianostammare.se\\\/wp-content\\\/uploads\\\/2022\\\/12\\\/Mod.-162-Dynamic-I-10black_chrome_2_web.jpg?fit=800%2C1024&ssl=1\",\"contentUrl\":\"https:\\\/\\\/i0.wp.com\\\/pianostammare.se\\\/wp-content\\\/uploads\\\/2022\\\/12\\\/Mod.-162-Dynamic-I-10black_chrome_2_web.jpg?fit=800%2C1024&ssl=1\",\"width\":800,\"height\":1024,\"caption\":\"Feurich flyglar och piano\"},{\"@type\":\"BreadcrumbList\",\"@id\":\"https:\\\/\\\/pianostammare.se\\\/produkt\\\/feurich-flygel-modell-162\\\/#breadcrumb\",\"itemListElement\":[{\"@type\":\"ListItem\",\"position\":1,\"name\":\"Hem\",\"item\":\"https:\\\/\\\/pianostammare.se\\\/\"},{\"@type\":\"ListItem\",\"position\":2,\"name\":\"Webbshop\",\"item\":\"https:\\\/\\\/pianostammare.se\\\/butik-flygelaffar-pianoaffar-leksand-dalarna\\\/\"},{\"@type\":\"ListItem\",\"position\":3,\"name\":\"Feurich Flygel Modell 162\"}]},{\"@type\":\"WebSite\",\"@id\":\"https:\\\/\\\/pianostammare.se\\\/#website\",\"url\":\"https:\\\/\\\/pianostammare.se\\\/\",\"name\":\"Pianost\u00e4mmare, flyglar och piano\",\"description\":\"Utst\u00e4llningshall f\u00f6r nya piano &amp; Flyglar\",\"publisher\":{\"@id\":\"https:\\\/\\\/pianostammare.se\\\/#organization\"},\"potentialAction\":[{\"@type\":\"SearchAction\",\"target\":{\"@type\":\"EntryPoint\",\"urlTemplate\":\"https:\\\/\\\/pianostammare.se\\\/?s={search_term_string}\"},\"query-input\":{\"@type\":\"PropertyValueSpecification\",\"valueRequired\":true,\"valueName\":\"search_term_string\"}}],\"inLanguage\":\"en-GB\"},{\"@type\":\"Organization\",\"@id\":\"https:\\\/\\\/pianostammare.se\\\/#organization\",\"name\":\"Pianost\u00e4mmare, flyglar och piano\",\"url\":\"https:\\\/\\\/pianostammare.se\\\/\",\"logo\":{\"@type\":\"ImageObject\",\"inLanguage\":\"en-GB\",\"@id\":\"https:\\\/\\\/pianostammare.se\\\/#\\\/schema\\\/logo\\\/image\\\/\",\"url\":\"https:\\\/\\\/pianostammare.se\\\/wp-content\\\/uploads\\\/2022\\\/11\\\/cropped-Namnlos-design.avif\",\"contentUrl\":\"https:\\\/\\\/pianostammare.se\\\/wp-content\\\/uploads\\\/2022\\\/11\\\/cropped-Namnlos-design.avif\",\"width\":1200,\"height\":800,\"caption\":\"Pianost\u00e4mmare, flyglar och piano\"},\"image\":{\"@id\":\"https:\\\/\\\/pianostammare.se\\\/#\\\/schema\\\/logo\\\/image\\\/\"},\"sameAs\":[\"https:\\\/\\\/www.facebook.com\\\/share\\\/167DsieNj3\\\/?mibextid=wwXlfr\"]}]}<\/script>\n<!-- \/ Yoast SEO Premium plugin. -->","yoast_head_json":{"title":"feurich flygel","robots":{"index":"index","follow":"follow","max-snippet":"max-snippet:-1","max-image-preview":"max-image-preview:large","max-video-preview":"max-video-preview:-1"},"canonical":"https:\/\/pianostammare.se\/en\/product\/feurich-flygel-modell-162\/","og_locale":"en_GB","og_type":"article","og_title":"Feurich Flygel Modell 162","og_description":"Feurich flygel modell 162 babygrand \u00e4r minstingen bland v\u00e5ra fina omtyckta kvalitetsflyglar.  I nothyllan \u00e4r en l\u00e5ng ledbelysning monterad som f\u00f6rsiktigt lyser upp notbladet underifr\u00e5n.  Det finns tre pedaler \u2013 una corda (flyttar mekaniken s\u00e5 hammaren tr\u00e4ffar endast 2 str\u00e4ngar (3)  sustenuto (delvis tonh\u00e5llningspedal)  legatopedal (h\u00e5ller kvar tonen)  Flygeln finns att tillg\u00e5 i varierande tr\u00e4slag. Svartpolerad och vitpolerad \u00e4r de vanligaste. Bourdoux och valn\u00f6t finns ocks\u00e5 att best\u00e4lla.  Vi har \u00e4ven m\u00f6jlighet att installera Feurich Silencer System som tillval om ni har behov av att kunna spela med h\u00f6rlurar utan att st\u00f6ra omgivningen.  D\u00e5 priser \u00e4ndrar sig hela tiden ber vi er kontakta oss f\u00f6r dagsaktuellt pris.\u00a0I v\u00e5r vackra utst\u00e4llningshall finns den \u00e4ven i vitt utf\u00f6rande.\u00a0Vi har naturligtvis finansieringsf\u00f6rslag om s\u00e5 \u00f6nskas.","og_url":"https:\/\/pianostammare.se\/en\/product\/feurich-flygel-modell-162\/","og_site_name":"Pianost\u00e4mmare, flyglar och piano","article_publisher":"https:\/\/www.facebook.com\/share\/167DsieNj3\/?mibextid=wwXlfr","article_modified_time":"2025-03-19T09:47:56+00:00","og_image":[{"width":800,"height":1024,"url":"https:\/\/i0.wp.com\/en.pianostammare.se\/wp-content\/uploads\/2022\/12\/Mod.-162-Dynamic-I-10black_chrome_2_web.jpg?fit=800%2C1024&ssl=1","type":"image\/jpeg"}],"twitter_card":"summary_large_image","twitter_misc":{"Estimated reading time":"4 minutes"},"schema":{"@context":"https:\/\/schema.org","@graph":[{"@type":"WebPage","@id":"https:\/\/pianostammare.se\/produkt\/feurich-flygel-modell-162\/","url":"https:\/\/pianostammare.se\/produkt\/feurich-flygel-modell-162\/","name":"feurich flygel","isPartOf":{"@id":"https:\/\/pianostammare.se\/#website"},"primaryImageOfPage":{"@id":"https:\/\/pianostammare.se\/produkt\/feurich-flygel-modell-162\/#primaryimage"},"image":{"@id":"https:\/\/pianostammare.se\/produkt\/feurich-flygel-modell-162\/#primaryimage"},"thumbnailUrl":"https:\/\/i0.wp.com\/pianostammare.se\/wp-content\/uploads\/2022\/12\/Mod.-162-Dynamic-I-10black_chrome_2_web.jpg?fit=800%2C1024&ssl=1","datePublished":"2022-12-18T11:44:05+00:00","dateModified":"2025-03-19T09:47:56+00:00","breadcrumb":{"@id":"https:\/\/pianostammare.se\/produkt\/feurich-flygel-modell-162\/#breadcrumb"},"inLanguage":"en-GB","potentialAction":[{"@type":"ReadAction","target":["https:\/\/pianostammare.se\/produkt\/feurich-flygel-modell-162\/"]}]},{"@type":"ImageObject","inLanguage":"en-GB","@id":"https:\/\/pianostammare.se\/produkt\/feurich-flygel-modell-162\/#primaryimage","url":"https:\/\/i0.wp.com\/pianostammare.se\/wp-content\/uploads\/2022\/12\/Mod.-162-Dynamic-I-10black_chrome_2_web.jpg?fit=800%2C1024&ssl=1","contentUrl":"https:\/\/i0.wp.com\/pianostammare.se\/wp-content\/uploads\/2022\/12\/Mod.-162-Dynamic-I-10black_chrome_2_web.jpg?fit=800%2C1024&ssl=1","width":800,"height":1024,"caption":"Feurich flyglar och piano"},{"@type":"BreadcrumbList","@id":"https:\/\/pianostammare.se\/produkt\/feurich-flygel-modell-162\/#breadcrumb","itemListElement":[{"@type":"ListItem","position":1,"name":"Hem","item":"https:\/\/pianostammare.se\/"},{"@type":"ListItem","position":2,"name":"Webbshop","item":"https:\/\/pianostammare.se\/butik-flygelaffar-pianoaffar-leksand-dalarna\/"},{"@type":"ListItem","position":3,"name":"Feurich Flygel Modell 162"}]},{"@type":"WebSite","@id":"https:\/\/pianostammare.se\/#website","url":"https:\/\/pianostammare.se\/","name":"Pianost\u00e4mmare, flyglar och piano","description":"Utst\u00e4llningshall f\u00f6r nya piano &amp; Flyglar","publisher":{"@id":"https:\/\/pianostammare.se\/#organization"},"potentialAction":[{"@type":"SearchAction","target":{"@type":"EntryPoint","urlTemplate":"https:\/\/pianostammare.se\/?s={search_term_string}"},"query-input":{"@type":"PropertyValueSpecification","valueRequired":true,"valueName":"search_term_string"}}],"inLanguage":"en-GB"},{"@type":"Organization","@id":"https:\/\/pianostammare.se\/#organization","name":"Pianost\u00e4mmare, flyglar och piano","url":"https:\/\/pianostammare.se\/","logo":{"@type":"ImageObject","inLanguage":"en-GB","@id":"https:\/\/pianostammare.se\/#\/schema\/logo\/image\/","url":"https:\/\/pianostammare.se\/wp-content\/uploads\/2022\/11\/cropped-Namnlos-design.avif","contentUrl":"https:\/\/pianostammare.se\/wp-content\/uploads\/2022\/11\/cropped-Namnlos-design.avif","width":1200,"height":800,"caption":"Pianost\u00e4mmare, flyglar och piano"},"image":{"@id":"https:\/\/pianostammare.se\/#\/schema\/logo\/image\/"},"sameAs":["https:\/\/www.facebook.com\/share\/167DsieNj3\/?mibextid=wwXlfr"]}]}},"jetpack_publicize_connections":[],"_links":{"self":[{"href":"https:\/\/pianostammare.se\/en\/wp-json\/wp\/v2\/product\/13369","targetHints":{"allow":["GET"]}}],"collection":[{"href":"https:\/\/pianostammare.se\/en\/wp-json\/wp\/v2\/product"}],"about":[{"href":"https:\/\/pianostammare.se\/en\/wp-json\/wp\/v2\/types\/product"}],"wp:featuredmedia":[{"embeddable":true,"href":"https:\/\/pianostammare.se\/en\/wp-json\/wp\/v2\/media\/13798"}],"wp:attachment":[{"href":"https:\/\/pianostammare.se\/en\/wp-json\/wp\/v2\/media?parent=13369"}],"wp:term":[{"taxonomy":"product_brand","embeddable":true,"href":"https:\/\/pianostammare.se\/en\/wp-json\/wp\/v2\/product_brand?post=13369"},{"taxonomy":"product_cat","embeddable":true,"href":"https:\/\/pianostammare.se\/en\/wp-json\/wp\/v2\/product_cat?post=13369"},{"taxonomy":"product_tag","embeddable":true,"href":"https:\/\/pianostammare.se\/en\/wp-json\/wp\/v2\/product_tag?post=13369"}],"curies":[{"name":"wp","href":"https:\/\/api.w.org\/{rel}","templated":true}]}}