{"id":13374,"date":"2022-12-18T12:52:42","date_gmt":"2022-12-18T11:52:42","guid":{"rendered":"https:\/\/pianostammare.se\/?post_type=product&#038;p=13374"},"modified":"2025-03-19T10:46:59","modified_gmt":"2025-03-19T09:46:59","slug":"feurich-flygel-modell-218","status":"publish","type":"product","link":"https:\/\/pianostammare.se\/en\/product\/feurich-flygel-modell-218\/","title":{"rendered":"Feurich Grand piano model 218"},"content":{"rendered":"<p class=\"translation-block\">This is our concert grand piano, a very good and great-sounding piano with extensive deep bass range. The grand piano works well both in a spacious living room and in a large auditorium or concert hall.<\/p>\n<p>At 218 cm in length and 390 kg in weight, this grand piano has been constructed using only the best woods and the highest quality components. The hammer heads are by Renner in Stuttgart and the felts are AA quality-rated from Wurzen.<\/p>\n<p>Paulello has constructed the cast iron plate and of course Paulello strings are fitted.<\/p>\n<p>Feurich\u2019s anti-glare LED Lamp integrated in the music shelf.<\/p>\n<p>The action mechanism is responsive and precise, reacting smoothly to key touches.<\/p>\n<p>This semi-concert grand piano is in use in many recording studios, as well as small and medium size concert halls around the world.<\/p>\n<p class=\"translation-block\">If required, it can fitted with the Feurich Silencer system to allow you to play with headphones to shut out surrounding noise.<\/p>\n<p>This concert grand piano can be purchased with a fourth pedal, the \"P\u00e9dale Harmonique\" harmonic pedal, which makes it possible to experience the feeling of playing like in times gone by when the damping function was not fully developed. This opens up a new sound world that is completely unique to Feurich.<\/p>\n<p class=\"translation-block\">You have the opportunity to try the grand piano in our showroom in Leksand.<\/p>\n<div class=\"ast-oembed-container\" style=\"height: 100%;\"><iframe title=\"Feurich 218 Concert I Grand Piano by Stephen Paulello | Comparison Demonstration Sherwood Phoenix\" width=\"500\" height=\"281\" src=\"https:\/\/www.youtube.com\/embed\/3sRCjBWLxmQ?feature=oembed\" frameborder=\"0\" allow=\"accelerometer; autoplay; clipboard-write; encrypted-media; gyroscope; picture-in-picture; web-share\" referrerpolicy=\"strict-origin-when-cross-origin\" allowfullscreen><\/iframe><\/div>","protected":false},"excerpt":{"rendered":"<p class=\"translation-block\">This is our concert grand piano, a very good and great-sounding piano with extensive deep bass range. The grand piano works well both in a spacious living room and in a large auditorium or concert hall.<\/p>\n<p>At 218 cm in length and 390 kg in weight, this grand piano has been constructed using only the best woods and the highest quality components. The hammer heads are by Renner in Stuttgart and the felts are AA quality-rated from Wurzen.<\/p>\n<p>Paulello has constructed the cast iron plate and of course Paulello strings are fitted.<\/p>\n<p>Feurich\u2019s anti-glare LED Lamp integrated in the music shelf.<\/p>\n<p>The action mechanism is responsive and precise, reacting smoothly to key touches.<\/p>\n<p>Please contact us for prices. The Feurich 218 is very competitively priced, quality grand piano that is ranked in the \"top ten\" in Europe.<\/p>","protected":false},"featured_media":13464,"template":"","meta":{"site-sidebar-layout":"default","site-content-layout":"default","ast-site-content-layout":"default","site-content-style":"default","site-sidebar-style":"default","ast-global-header-display":"","ast-banner-title-visibility":"","ast-main-header-display":"","ast-hfb-above-header-display":"","ast-hfb-below-header-display":"","ast-hfb-mobile-header-display":"","site-post-title":"","ast-breadcrumbs-content":"","ast-featured-img":"","footer-sml-layout":"","ast-disable-related-posts":"","theme-transparent-header-meta":"default","adv-header-id-meta":"","stick-header-meta":"","header-above-stick-meta":"","header-main-stick-meta":"","header-below-stick-meta":"","astra-migrate-meta-layouts":"set","ast-page-background-enabled":"default","ast-page-background-meta":{"desktop":{"background-color":"","background-image":"","background-repeat":"repeat","background-position":"center center","background-size":"auto","background-attachment":"scroll","background-type":"","background-media":"","overlay-type":"","overlay-color":"","overlay-opacity":"","overlay-gradient":""},"tablet":{"background-color":"","background-image":"","background-repeat":"repeat","background-position":"center center","background-size":"auto","background-attachment":"scroll","background-type":"","background-media":"","overlay-type":"","overlay-color":"","overlay-opacity":"","overlay-gradient":""},"mobile":{"background-color":"","background-image":"","background-repeat":"repeat","background-position":"center center","background-size":"auto","background-attachment":"scroll","background-type":"","background-media":"","overlay-type":"","overlay-color":"","overlay-opacity":"","overlay-gradient":""}},"ast-content-background-meta":{"desktop":{"background-color":"var(--ast-global-color-5)","background-image":"","background-repeat":"repeat","background-position":"center center","background-size":"auto","background-attachment":"scroll","background-type":"","background-media":"","overlay-type":"","overlay-color":"","overlay-opacity":"","overlay-gradient":""},"tablet":{"background-color":"var(--ast-global-color-5)","background-image":"","background-repeat":"repeat","background-position":"center center","background-size":"auto","background-attachment":"scroll","background-type":"","background-media":"","overlay-type":"","overlay-color":"","overlay-opacity":"","overlay-gradient":""},"mobile":{"background-color":"var(--ast-global-color-5)","background-image":"","background-repeat":"repeat","background-position":"center center","background-size":"auto","background-attachment":"scroll","background-type":"","background-media":"","overlay-type":"","overlay-color":"","overlay-opacity":"","overlay-gradient":""}},"jetpack_publicize_message":"","jetpack_publicize_feature_enabled":true,"jetpack_social_post_already_shared":false,"jetpack_social_options":{"image_generator_settings":{"template":"highway","default_image_id":0,"font":"","enabled":false},"version":2}},"product_brand":[],"product_cat":[34,36],"product_tag":[],"class_list":{"0":"post-13374","1":"product","2":"type-product","3":"status-publish","4":"has-post-thumbnail","6":"product_cat-flyglar","7":"product_cat-nya-flyglar","8":"product_shipping_class-tung-flygel","9":"desktop-align-left","10":"tablet-align-left","11":"mobile-align-left","13":"first","14":"instock","15":"taxable","16":"shipping-taxable","17":"purchasable","18":"product-type-simple"},"yoast_head":"<!-- This site is optimized with the Yoast SEO Premium plugin v26.1 (Yoast SEO v27.4) - https:\/\/yoast.com\/product\/yoast-seo-premium-wordpress\/ -->\n<title>feurich mod 218<\/title>\n<meta name=\"robots\" content=\"index, follow, max-snippet:-1, max-image-preview:large, max-video-preview:-1\" \/>\n<link rel=\"canonical\" href=\"https:\/\/pianostammare.se\/en\/product\/feurich-flygel-modell-218\/\" \/>\n<meta property=\"og:locale\" content=\"en_GB\" \/>\n<meta property=\"og:type\" content=\"article\" \/>\n<meta property=\"og:title\" content=\"Feurich Flygel Modell 218\" \/>\n<meta property=\"og:description\" content=\"Feurich\u00a0 flygel modell 218 \u00e4r v\u00e5r konsertflygel,\u00a0en mycket bra och v\u00e4lklingande flygel med stor djup basklang. Flygeln passar s\u00e5v\u00e4l i ett rymligt vardagsrum som i en stor sal eller konserthall.  Med sina 218 cm och 390 kg har denna flygel konstruerats med enbart de b\u00e4sta tr\u00e4slagen och h\u00f6gsta kvalitet p\u00e5 delarna. Hammarna kommer fr\u00e5n Renner i Stuttgardt och filten \u00e4r AA kvalit\u00e9 fr\u00e5n Wurzen.  Paullello har konstruerat gjutj\u00e4rnsramen och naturligtvis \u00e4r det rostfria paullello str\u00e4ngar monterade.  Feurich led belysning inf\u00e4lld i nothyllan.  Mekaniken \u00e4r responsiv och precis, svarar f\u00f6ljsamt i anslagen.  F\u00f6r prisuppgift var v\u00e4nlig kontakta oss. Feurich 218 har ett mycket konkurrenskraftigt pris f\u00f6r en kvalitetsflygel som \u00e4r rankad som \u201dtop ten\u201d i Europa.\" \/>\n<meta property=\"og:url\" content=\"https:\/\/pianostammare.se\/en\/product\/feurich-flygel-modell-218\/\" \/>\n<meta property=\"og:site_name\" content=\"Pianost\u00e4mmare, flyglar och piano\" \/>\n<meta property=\"article:publisher\" content=\"https:\/\/www.facebook.com\/share\/167DsieNj3\/?mibextid=wwXlfr\" \/>\n<meta property=\"article:modified_time\" content=\"2025-03-19T09:46:59+00:00\" \/>\n<meta property=\"og:image\" content=\"https:\/\/i0.wp.com\/en.pianostammare.se\/wp-content\/uploads\/2022\/12\/Mod218-ConcertI.jpg?fit=1024%2C1094&ssl=1\" \/>\n\t<meta property=\"og:image:width\" content=\"1024\" \/>\n\t<meta property=\"og:image:height\" content=\"1094\" \/>\n\t<meta property=\"og:image:type\" content=\"image\/jpeg\" \/>\n<meta name=\"twitter:card\" content=\"summary_large_image\" \/>\n<meta name=\"twitter:label1\" content=\"Estimated reading time\" \/>\n\t<meta name=\"twitter:data1\" content=\"2 minutes\" \/>\n<script type=\"application\/ld+json\" class=\"yoast-schema-graph\">{\"@context\":\"https:\\\/\\\/schema.org\",\"@graph\":[{\"@type\":\"WebPage\",\"@id\":\"https:\\\/\\\/pianostammare.se\\\/produkt\\\/feurich-flygel-modell-218\\\/\",\"url\":\"https:\\\/\\\/pianostammare.se\\\/produkt\\\/feurich-flygel-modell-218\\\/\",\"name\":\"feurich mod 218\",\"isPartOf\":{\"@id\":\"https:\\\/\\\/pianostammare.se\\\/#website\"},\"primaryImageOfPage\":{\"@id\":\"https:\\\/\\\/pianostammare.se\\\/produkt\\\/feurich-flygel-modell-218\\\/#primaryimage\"},\"image\":{\"@id\":\"https:\\\/\\\/pianostammare.se\\\/produkt\\\/feurich-flygel-modell-218\\\/#primaryimage\"},\"thumbnailUrl\":\"https:\\\/\\\/i0.wp.com\\\/pianostammare.se\\\/wp-content\\\/uploads\\\/2022\\\/12\\\/Mod218-ConcertI.jpg?fit=1024%2C1094&ssl=1\",\"datePublished\":\"2022-12-18T11:52:42+00:00\",\"dateModified\":\"2025-03-19T09:46:59+00:00\",\"breadcrumb\":{\"@id\":\"https:\\\/\\\/pianostammare.se\\\/produkt\\\/feurich-flygel-modell-218\\\/#breadcrumb\"},\"inLanguage\":\"en-GB\",\"potentialAction\":[{\"@type\":\"ReadAction\",\"target\":[\"https:\\\/\\\/pianostammare.se\\\/produkt\\\/feurich-flygel-modell-218\\\/\"]}]},{\"@type\":\"ImageObject\",\"inLanguage\":\"en-GB\",\"@id\":\"https:\\\/\\\/pianostammare.se\\\/produkt\\\/feurich-flygel-modell-218\\\/#primaryimage\",\"url\":\"https:\\\/\\\/i0.wp.com\\\/pianostammare.se\\\/wp-content\\\/uploads\\\/2022\\\/12\\\/Mod218-ConcertI.jpg?fit=1024%2C1094&ssl=1\",\"contentUrl\":\"https:\\\/\\\/i0.wp.com\\\/pianostammare.se\\\/wp-content\\\/uploads\\\/2022\\\/12\\\/Mod218-ConcertI.jpg?fit=1024%2C1094&ssl=1\",\"width\":1024,\"height\":1094},{\"@type\":\"BreadcrumbList\",\"@id\":\"https:\\\/\\\/pianostammare.se\\\/produkt\\\/feurich-flygel-modell-218\\\/#breadcrumb\",\"itemListElement\":[{\"@type\":\"ListItem\",\"position\":1,\"name\":\"Hem\",\"item\":\"https:\\\/\\\/pianostammare.se\\\/\"},{\"@type\":\"ListItem\",\"position\":2,\"name\":\"Webbshop\",\"item\":\"https:\\\/\\\/pianostammare.se\\\/butik-flygelaffar-pianoaffar-leksand-dalarna\\\/\"},{\"@type\":\"ListItem\",\"position\":3,\"name\":\"Feurich Flygel Modell 218\"}]},{\"@type\":\"WebSite\",\"@id\":\"https:\\\/\\\/pianostammare.se\\\/#website\",\"url\":\"https:\\\/\\\/pianostammare.se\\\/\",\"name\":\"Pianost\u00e4mmare, flyglar och piano\",\"description\":\"Utst\u00e4llningshall f\u00f6r nya piano &amp; Flyglar\",\"publisher\":{\"@id\":\"https:\\\/\\\/pianostammare.se\\\/#organization\"},\"potentialAction\":[{\"@type\":\"SearchAction\",\"target\":{\"@type\":\"EntryPoint\",\"urlTemplate\":\"https:\\\/\\\/pianostammare.se\\\/?s={search_term_string}\"},\"query-input\":{\"@type\":\"PropertyValueSpecification\",\"valueRequired\":true,\"valueName\":\"search_term_string\"}}],\"inLanguage\":\"en-GB\"},{\"@type\":\"Organization\",\"@id\":\"https:\\\/\\\/pianostammare.se\\\/#organization\",\"name\":\"Pianost\u00e4mmare, flyglar och piano\",\"url\":\"https:\\\/\\\/pianostammare.se\\\/\",\"logo\":{\"@type\":\"ImageObject\",\"inLanguage\":\"en-GB\",\"@id\":\"https:\\\/\\\/pianostammare.se\\\/#\\\/schema\\\/logo\\\/image\\\/\",\"url\":\"https:\\\/\\\/pianostammare.se\\\/wp-content\\\/uploads\\\/2022\\\/11\\\/cropped-Namnlos-design.avif\",\"contentUrl\":\"https:\\\/\\\/pianostammare.se\\\/wp-content\\\/uploads\\\/2022\\\/11\\\/cropped-Namnlos-design.avif\",\"width\":1200,\"height\":800,\"caption\":\"Pianost\u00e4mmare, flyglar och piano\"},\"image\":{\"@id\":\"https:\\\/\\\/pianostammare.se\\\/#\\\/schema\\\/logo\\\/image\\\/\"},\"sameAs\":[\"https:\\\/\\\/www.facebook.com\\\/share\\\/167DsieNj3\\\/?mibextid=wwXlfr\"]}]}<\/script>\n<!-- \/ Yoast SEO Premium plugin. -->","yoast_head_json":{"title":"feurich mod 218","robots":{"index":"index","follow":"follow","max-snippet":"max-snippet:-1","max-image-preview":"max-image-preview:large","max-video-preview":"max-video-preview:-1"},"canonical":"https:\/\/pianostammare.se\/en\/product\/feurich-flygel-modell-218\/","og_locale":"en_GB","og_type":"article","og_title":"Feurich Flygel Modell 218","og_description":"Feurich\u00a0 flygel modell 218 \u00e4r v\u00e5r konsertflygel,\u00a0en mycket bra och v\u00e4lklingande flygel med stor djup basklang. Flygeln passar s\u00e5v\u00e4l i ett rymligt vardagsrum som i en stor sal eller konserthall.  Med sina 218 cm och 390 kg har denna flygel konstruerats med enbart de b\u00e4sta tr\u00e4slagen och h\u00f6gsta kvalitet p\u00e5 delarna. Hammarna kommer fr\u00e5n Renner i Stuttgardt och filten \u00e4r AA kvalit\u00e9 fr\u00e5n Wurzen.  Paullello har konstruerat gjutj\u00e4rnsramen och naturligtvis \u00e4r det rostfria paullello str\u00e4ngar monterade.  Feurich led belysning inf\u00e4lld i nothyllan.  Mekaniken \u00e4r responsiv och precis, svarar f\u00f6ljsamt i anslagen.  F\u00f6r prisuppgift var v\u00e4nlig kontakta oss. Feurich 218 har ett mycket konkurrenskraftigt pris f\u00f6r en kvalitetsflygel som \u00e4r rankad som \u201dtop ten\u201d i Europa.","og_url":"https:\/\/pianostammare.se\/en\/product\/feurich-flygel-modell-218\/","og_site_name":"Pianost\u00e4mmare, flyglar och piano","article_publisher":"https:\/\/www.facebook.com\/share\/167DsieNj3\/?mibextid=wwXlfr","article_modified_time":"2025-03-19T09:46:59+00:00","og_image":[{"width":1024,"height":1094,"url":"https:\/\/i0.wp.com\/en.pianostammare.se\/wp-content\/uploads\/2022\/12\/Mod218-ConcertI.jpg?fit=1024%2C1094&ssl=1","type":"image\/jpeg"}],"twitter_card":"summary_large_image","twitter_misc":{"Estimated reading time":"2 minutes"},"schema":{"@context":"https:\/\/schema.org","@graph":[{"@type":"WebPage","@id":"https:\/\/pianostammare.se\/produkt\/feurich-flygel-modell-218\/","url":"https:\/\/pianostammare.se\/produkt\/feurich-flygel-modell-218\/","name":"feurich mod 218","isPartOf":{"@id":"https:\/\/pianostammare.se\/#website"},"primaryImageOfPage":{"@id":"https:\/\/pianostammare.se\/produkt\/feurich-flygel-modell-218\/#primaryimage"},"image":{"@id":"https:\/\/pianostammare.se\/produkt\/feurich-flygel-modell-218\/#primaryimage"},"thumbnailUrl":"https:\/\/i0.wp.com\/pianostammare.se\/wp-content\/uploads\/2022\/12\/Mod218-ConcertI.jpg?fit=1024%2C1094&ssl=1","datePublished":"2022-12-18T11:52:42+00:00","dateModified":"2025-03-19T09:46:59+00:00","breadcrumb":{"@id":"https:\/\/pianostammare.se\/produkt\/feurich-flygel-modell-218\/#breadcrumb"},"inLanguage":"en-GB","potentialAction":[{"@type":"ReadAction","target":["https:\/\/pianostammare.se\/produkt\/feurich-flygel-modell-218\/"]}]},{"@type":"ImageObject","inLanguage":"en-GB","@id":"https:\/\/pianostammare.se\/produkt\/feurich-flygel-modell-218\/#primaryimage","url":"https:\/\/i0.wp.com\/pianostammare.se\/wp-content\/uploads\/2022\/12\/Mod218-ConcertI.jpg?fit=1024%2C1094&ssl=1","contentUrl":"https:\/\/i0.wp.com\/pianostammare.se\/wp-content\/uploads\/2022\/12\/Mod218-ConcertI.jpg?fit=1024%2C1094&ssl=1","width":1024,"height":1094},{"@type":"BreadcrumbList","@id":"https:\/\/pianostammare.se\/produkt\/feurich-flygel-modell-218\/#breadcrumb","itemListElement":[{"@type":"ListItem","position":1,"name":"Hem","item":"https:\/\/pianostammare.se\/"},{"@type":"ListItem","position":2,"name":"Webbshop","item":"https:\/\/pianostammare.se\/butik-flygelaffar-pianoaffar-leksand-dalarna\/"},{"@type":"ListItem","position":3,"name":"Feurich Flygel Modell 218"}]},{"@type":"WebSite","@id":"https:\/\/pianostammare.se\/#website","url":"https:\/\/pianostammare.se\/","name":"Pianost\u00e4mmare, flyglar och piano","description":"Utst\u00e4llningshall f\u00f6r nya piano &amp; Flyglar","publisher":{"@id":"https:\/\/pianostammare.se\/#organization"},"potentialAction":[{"@type":"SearchAction","target":{"@type":"EntryPoint","urlTemplate":"https:\/\/pianostammare.se\/?s={search_term_string}"},"query-input":{"@type":"PropertyValueSpecification","valueRequired":true,"valueName":"search_term_string"}}],"inLanguage":"en-GB"},{"@type":"Organization","@id":"https:\/\/pianostammare.se\/#organization","name":"Pianost\u00e4mmare, flyglar och piano","url":"https:\/\/pianostammare.se\/","logo":{"@type":"ImageObject","inLanguage":"en-GB","@id":"https:\/\/pianostammare.se\/#\/schema\/logo\/image\/","url":"https:\/\/pianostammare.se\/wp-content\/uploads\/2022\/11\/cropped-Namnlos-design.avif","contentUrl":"https:\/\/pianostammare.se\/wp-content\/uploads\/2022\/11\/cropped-Namnlos-design.avif","width":1200,"height":800,"caption":"Pianost\u00e4mmare, flyglar och piano"},"image":{"@id":"https:\/\/pianostammare.se\/#\/schema\/logo\/image\/"},"sameAs":["https:\/\/www.facebook.com\/share\/167DsieNj3\/?mibextid=wwXlfr"]}]}},"jetpack_publicize_connections":[],"_links":{"self":[{"href":"https:\/\/pianostammare.se\/en\/wp-json\/wp\/v2\/product\/13374","targetHints":{"allow":["GET"]}}],"collection":[{"href":"https:\/\/pianostammare.se\/en\/wp-json\/wp\/v2\/product"}],"about":[{"href":"https:\/\/pianostammare.se\/en\/wp-json\/wp\/v2\/types\/product"}],"wp:featuredmedia":[{"embeddable":true,"href":"https:\/\/pianostammare.se\/en\/wp-json\/wp\/v2\/media\/13464"}],"wp:attachment":[{"href":"https:\/\/pianostammare.se\/en\/wp-json\/wp\/v2\/media?parent=13374"}],"wp:term":[{"taxonomy":"product_brand","embeddable":true,"href":"https:\/\/pianostammare.se\/en\/wp-json\/wp\/v2\/product_brand?post=13374"},{"taxonomy":"product_cat","embeddable":true,"href":"https:\/\/pianostammare.se\/en\/wp-json\/wp\/v2\/product_cat?post=13374"},{"taxonomy":"product_tag","embeddable":true,"href":"https:\/\/pianostammare.se\/en\/wp-json\/wp\/v2\/product_tag?post=13374"}],"curies":[{"name":"wp","href":"https:\/\/api.w.org\/{rel}","templated":true}]}}