{"id":13375,"date":"2022-12-18T13:03:52","date_gmt":"2022-12-18T12:03:52","guid":{"rendered":"https:\/\/pianostammare.se\/?post_type=product&#038;p=13375"},"modified":"2025-03-19T10:34:18","modified_gmt":"2025-03-19T09:34:18","slug":"feurich-piano-modell-123","status":"publish","type":"product","link":"https:\/\/pianostammare.se\/en\/product\/feurich-piano-modell-123\/","title":{"rendered":"Feurich Piano Model 123"},"content":{"rendered":"<p>Feurich modell 123 \u00e4r ett Wien tillverkat piano med innovativ design och produktutveckling.<\/p>\n<p>Varje hammare har f\u00f6rsetts med den nya fj\u00e4dern \\\u201dKamm\\\u201d som ger samma drop i anslaget som p\u00e5 en flygel. Man \u00e5stadkommer en betydligt snabbare repetition i anslaget.<\/p>\n<p>Klaviaturbordet \u00e4r helt fritt fr\u00e5n bly och lackerna som anv\u00e4nts \u00e4r milj\u00f6v\u00e4nliga.<\/p>\n<p>Str\u00e4ngarna \u00e4r rostfria Paullello<\/p>\n<p>Pedalerna har f\u00e5tt en ny utformning som g\u00f6r de helt tysta<\/p>\n<p>Det finns inbyggd Led belysning ovanf\u00f6r nothyllan<\/p>\n<p>En nyhet \u00e4r ocks\u00e5 att det \u00e4r \u00f6ppet ovanf\u00f6r nothyllan f\u00f6r att f\u00e5 ut ljudet b\u00e4ttre<\/p>\n<p>M\u00f6beldelarna runt pianot g\u00e5r att ta bort helt och ers\u00e4tta om man vill l\u00e5ta ljudet fl\u00f6da fritt eller om man vill lackera stommen utan att ta med hela pianot.<\/p>\n<p>Ring oss f\u00f6r senaste piano pris<\/p>\n<p>Se \u00e4ven v\u00e5ra andra modeller<\/p>\n<p><a href=\"https:\/\/www.youtube.com\/watch?v=NzeNOVMqKNI\">H\u00e4r kan ni lyssna p\u00e5 hur det l\u00e5ter.<\/a><\/p>","protected":false},"excerpt":{"rendered":"<p>Feurich modell 123 \u00e4r ett Wien tillverkat piano med innovativ design och produktutveckling.<\/p>\n<p>Varje hammare har f\u00f6rsetts med den nya fj\u00e4dern \\\u201dKamm\\\u201d som ger samma drop i anslaget som p\u00e5 en flygel. Man \u00e5stadkommer en betydligt snabbare repetition i anslaget.<\/p>\n<p>Klaviaturbordet \u00e4r helt fritt fr\u00e5n bly och lackerna som anv\u00e4nts \u00e4r milj\u00f6v\u00e4nliga.<\/p>\n<p>Str\u00e4ngarna \u00e4r rostfria Paullello<\/p>\n<p>Pedalerna har f\u00e5tt en ny utformning som g\u00f6r de helt tysta<\/p>\n<p>Det finns inbyggd Led belysning ovanf\u00f6r nothyllan<\/p>\n<p>En nyhet \u00e4r ocks\u00e5 att det \u00e4r \u00f6ppet ovanf\u00f6r nothyllan f\u00f6r att f\u00e5 ut ljudet b\u00e4ttre<\/p>\n<p>M\u00f6beldelarna runt pianot g\u00e5r att ta bort helt och ers\u00e4tta om man vill l\u00e5ta ljudet fl\u00f6da fritt eller om man vill lackera stommen utan att ta med hela pianot.<\/p>\n<p>Ring oss f\u00f6r senaste piano pris<\/p>","protected":false},"featured_media":13018,"template":"","meta":{"site-sidebar-layout":"default","site-content-layout":"default","ast-site-content-layout":"default","site-content-style":"default","site-sidebar-style":"default","ast-global-header-display":"","ast-banner-title-visibility":"","ast-main-header-display":"","ast-hfb-above-header-display":"","ast-hfb-below-header-display":"","ast-hfb-mobile-header-display":"","site-post-title":"","ast-breadcrumbs-content":"","ast-featured-img":"","footer-sml-layout":"","ast-disable-related-posts":"","theme-transparent-header-meta":"default","adv-header-id-meta":"","stick-header-meta":"","header-above-stick-meta":"","header-main-stick-meta":"","header-below-stick-meta":"","astra-migrate-meta-layouts":"set","ast-page-background-enabled":"default","ast-page-background-meta":{"desktop":{"background-color":"","background-image":"","background-repeat":"repeat","background-position":"center center","background-size":"auto","background-attachment":"scroll","background-type":"","background-media":"","overlay-type":"","overlay-color":"","overlay-opacity":"","overlay-gradient":""},"tablet":{"background-color":"","background-image":"","background-repeat":"repeat","background-position":"center center","background-size":"auto","background-attachment":"scroll","background-type":"","background-media":"","overlay-type":"","overlay-color":"","overlay-opacity":"","overlay-gradient":""},"mobile":{"background-color":"","background-image":"","background-repeat":"repeat","background-position":"center center","background-size":"auto","background-attachment":"scroll","background-type":"","background-media":"","overlay-type":"","overlay-color":"","overlay-opacity":"","overlay-gradient":""}},"ast-content-background-meta":{"desktop":{"background-color":"var(--ast-global-color-5)","background-image":"","background-repeat":"repeat","background-position":"center center","background-size":"auto","background-attachment":"scroll","background-type":"","background-media":"","overlay-type":"","overlay-color":"","overlay-opacity":"","overlay-gradient":""},"tablet":{"background-color":"var(--ast-global-color-5)","background-image":"","background-repeat":"repeat","background-position":"center center","background-size":"auto","background-attachment":"scroll","background-type":"","background-media":"","overlay-type":"","overlay-color":"","overlay-opacity":"","overlay-gradient":""},"mobile":{"background-color":"var(--ast-global-color-5)","background-image":"","background-repeat":"repeat","background-position":"center center","background-size":"auto","background-attachment":"scroll","background-type":"","background-media":"","overlay-type":"","overlay-color":"","overlay-opacity":"","overlay-gradient":""}},"jetpack_publicize_message":"","jetpack_publicize_feature_enabled":true,"jetpack_social_post_already_shared":false,"jetpack_social_options":{"image_generator_settings":{"template":"highway","default_image_id":0,"font":"","enabled":false},"version":2}},"product_brand":[],"product_cat":[40,37],"product_tag":[],"class_list":{"0":"post-13375","1":"product","2":"type-product","3":"status-publish","4":"has-post-thumbnail","6":"product_cat-nya-pianon","7":"product_cat-pianon","8":"product_shipping_class-tung-flygel","9":"desktop-align-left","10":"tablet-align-left","11":"mobile-align-left","13":"first","14":"instock","15":"taxable","16":"shipping-taxable","17":"purchasable","18":"product-type-simple"},"yoast_head":"<!-- This site is optimized with the Yoast SEO Premium plugin v26.1 (Yoast SEO v27.4) - https:\/\/yoast.com\/product\/yoast-seo-premium-wordpress\/ -->\n<title>feurich mod 123<\/title>\n<meta name=\"robots\" content=\"index, follow, max-snippet:-1, max-image-preview:large, max-video-preview:-1\" \/>\n<link rel=\"canonical\" href=\"https:\/\/pianostammare.se\/en\/product\/feurich-piano-modell-123\/\" \/>\n<meta property=\"og:locale\" content=\"en_GB\" \/>\n<meta property=\"og:type\" content=\"article\" \/>\n<meta property=\"og:title\" content=\"Feurich Piano Modell 123\" \/>\n<meta property=\"og:description\" content=\"Feurich modell 123 \u00e4r ett Wien tillverkat piano med innovativ design och produktutveckling.  Varje hammare har f\u00f6rsetts med den nya fj\u00e4dern \u201dKamm\u201d som ger samma drop i anslaget som p\u00e5 en flygel. Man \u00e5stadkommer en betydligt snabbare repetition i anslaget.  Klaviaturbordet \u00e4r helt fritt fr\u00e5n bly och lackerna som anv\u00e4nts \u00e4r milj\u00f6v\u00e4nliga.  Str\u00e4ngarna \u00e4r rostfria Paullello  Pedalerna har f\u00e5tt en ny utformning som g\u00f6r de helt tysta  Det finns inbyggd Led belysning ovanf\u00f6r nothyllan  En nyhet \u00e4r ocks\u00e5 att det \u00e4r \u00f6ppet ovanf\u00f6r nothyllan f\u00f6r att f\u00e5 ut ljudet b\u00e4ttre  M\u00f6beldelarna runt pianot g\u00e5r att ta bort helt och ers\u00e4tta om man vill l\u00e5ta ljudet fl\u00f6da fritt eller om man vill lackera stommen utan att ta med hela pianot.  Ring oss f\u00f6r senaste piano pris\" \/>\n<meta property=\"og:url\" content=\"https:\/\/pianostammare.se\/en\/product\/feurich-piano-modell-123\/\" \/>\n<meta property=\"og:site_name\" content=\"Pianost\u00e4mmare, flyglar och piano\" \/>\n<meta property=\"article:publisher\" content=\"https:\/\/www.facebook.com\/share\/167DsieNj3\/?mibextid=wwXlfr\" \/>\n<meta property=\"article:modified_time\" content=\"2025-03-19T09:34:18+00:00\" \/>\n<meta property=\"og:image\" content=\"https:\/\/i0.wp.com\/en.pianostammare.se\/wp-content\/uploads\/2022\/12\/FEURICH-Mod.-123-Vienna-2-white-satin.jpg?fit=1024%2C683&ssl=1\" \/>\n\t<meta property=\"og:image:width\" content=\"1024\" \/>\n\t<meta property=\"og:image:height\" content=\"683\" \/>\n\t<meta property=\"og:image:type\" content=\"image\/jpeg\" \/>\n<meta name=\"twitter:card\" content=\"summary_large_image\" \/>\n<meta name=\"twitter:label1\" content=\"Estimated reading time\" \/>\n\t<meta name=\"twitter:data1\" content=\"1 minute\" \/>\n<script type=\"application\/ld+json\" class=\"yoast-schema-graph\">{\"@context\":\"https:\\\/\\\/schema.org\",\"@graph\":[{\"@type\":\"WebPage\",\"@id\":\"https:\\\/\\\/pianostammare.se\\\/produkt\\\/feurich-piano-modell-123\\\/\",\"url\":\"https:\\\/\\\/pianostammare.se\\\/produkt\\\/feurich-piano-modell-123\\\/\",\"name\":\"feurich mod 123\",\"isPartOf\":{\"@id\":\"https:\\\/\\\/pianostammare.se\\\/#website\"},\"primaryImageOfPage\":{\"@id\":\"https:\\\/\\\/pianostammare.se\\\/produkt\\\/feurich-piano-modell-123\\\/#primaryimage\"},\"image\":{\"@id\":\"https:\\\/\\\/pianostammare.se\\\/produkt\\\/feurich-piano-modell-123\\\/#primaryimage\"},\"thumbnailUrl\":\"https:\\\/\\\/i0.wp.com\\\/pianostammare.se\\\/wp-content\\\/uploads\\\/2022\\\/12\\\/FEURICH-Mod.-123-Vienna-2-white-satin.jpg?fit=1024%2C683&ssl=1\",\"datePublished\":\"2022-12-18T12:03:52+00:00\",\"dateModified\":\"2025-03-19T09:34:18+00:00\",\"breadcrumb\":{\"@id\":\"https:\\\/\\\/pianostammare.se\\\/produkt\\\/feurich-piano-modell-123\\\/#breadcrumb\"},\"inLanguage\":\"en-GB\",\"potentialAction\":[{\"@type\":\"ReadAction\",\"target\":[\"https:\\\/\\\/pianostammare.se\\\/produkt\\\/feurich-piano-modell-123\\\/\"]}]},{\"@type\":\"ImageObject\",\"inLanguage\":\"en-GB\",\"@id\":\"https:\\\/\\\/pianostammare.se\\\/produkt\\\/feurich-piano-modell-123\\\/#primaryimage\",\"url\":\"https:\\\/\\\/i0.wp.com\\\/pianostammare.se\\\/wp-content\\\/uploads\\\/2022\\\/12\\\/FEURICH-Mod.-123-Vienna-2-white-satin.jpg?fit=1024%2C683&ssl=1\",\"contentUrl\":\"https:\\\/\\\/i0.wp.com\\\/pianostammare.se\\\/wp-content\\\/uploads\\\/2022\\\/12\\\/FEURICH-Mod.-123-Vienna-2-white-satin.jpg?fit=1024%2C683&ssl=1\",\"width\":1024,\"height\":683},{\"@type\":\"BreadcrumbList\",\"@id\":\"https:\\\/\\\/pianostammare.se\\\/produkt\\\/feurich-piano-modell-123\\\/#breadcrumb\",\"itemListElement\":[{\"@type\":\"ListItem\",\"position\":1,\"name\":\"Hem\",\"item\":\"https:\\\/\\\/pianostammare.se\\\/\"},{\"@type\":\"ListItem\",\"position\":2,\"name\":\"Webbshop\",\"item\":\"https:\\\/\\\/pianostammare.se\\\/butik-flygelaffar-pianoaffar-leksand-dalarna\\\/\"},{\"@type\":\"ListItem\",\"position\":3,\"name\":\"Feurich Piano Modell 123\"}]},{\"@type\":\"WebSite\",\"@id\":\"https:\\\/\\\/pianostammare.se\\\/#website\",\"url\":\"https:\\\/\\\/pianostammare.se\\\/\",\"name\":\"Pianost\u00e4mmare, flyglar och piano\",\"description\":\"Utst\u00e4llningshall f\u00f6r nya piano &amp; Flyglar\",\"publisher\":{\"@id\":\"https:\\\/\\\/pianostammare.se\\\/#organization\"},\"potentialAction\":[{\"@type\":\"SearchAction\",\"target\":{\"@type\":\"EntryPoint\",\"urlTemplate\":\"https:\\\/\\\/pianostammare.se\\\/?s={search_term_string}\"},\"query-input\":{\"@type\":\"PropertyValueSpecification\",\"valueRequired\":true,\"valueName\":\"search_term_string\"}}],\"inLanguage\":\"en-GB\"},{\"@type\":\"Organization\",\"@id\":\"https:\\\/\\\/pianostammare.se\\\/#organization\",\"name\":\"Pianost\u00e4mmare, flyglar och piano\",\"url\":\"https:\\\/\\\/pianostammare.se\\\/\",\"logo\":{\"@type\":\"ImageObject\",\"inLanguage\":\"en-GB\",\"@id\":\"https:\\\/\\\/pianostammare.se\\\/#\\\/schema\\\/logo\\\/image\\\/\",\"url\":\"https:\\\/\\\/pianostammare.se\\\/wp-content\\\/uploads\\\/2022\\\/11\\\/cropped-Namnlos-design.avif\",\"contentUrl\":\"https:\\\/\\\/pianostammare.se\\\/wp-content\\\/uploads\\\/2022\\\/11\\\/cropped-Namnlos-design.avif\",\"width\":1200,\"height\":800,\"caption\":\"Pianost\u00e4mmare, flyglar och piano\"},\"image\":{\"@id\":\"https:\\\/\\\/pianostammare.se\\\/#\\\/schema\\\/logo\\\/image\\\/\"},\"sameAs\":[\"https:\\\/\\\/www.facebook.com\\\/share\\\/167DsieNj3\\\/?mibextid=wwXlfr\"]}]}<\/script>\n<!-- \/ Yoast SEO Premium plugin. -->","yoast_head_json":{"title":"feurich mod 123","robots":{"index":"index","follow":"follow","max-snippet":"max-snippet:-1","max-image-preview":"max-image-preview:large","max-video-preview":"max-video-preview:-1"},"canonical":"https:\/\/pianostammare.se\/en\/product\/feurich-piano-modell-123\/","og_locale":"en_GB","og_type":"article","og_title":"Feurich Piano Modell 123","og_description":"Feurich modell 123 \u00e4r ett Wien tillverkat piano med innovativ design och produktutveckling.  Varje hammare har f\u00f6rsetts med den nya fj\u00e4dern \u201dKamm\u201d som ger samma drop i anslaget som p\u00e5 en flygel. Man \u00e5stadkommer en betydligt snabbare repetition i anslaget.  Klaviaturbordet \u00e4r helt fritt fr\u00e5n bly och lackerna som anv\u00e4nts \u00e4r milj\u00f6v\u00e4nliga.  Str\u00e4ngarna \u00e4r rostfria Paullello  Pedalerna har f\u00e5tt en ny utformning som g\u00f6r de helt tysta  Det finns inbyggd Led belysning ovanf\u00f6r nothyllan  En nyhet \u00e4r ocks\u00e5 att det \u00e4r \u00f6ppet ovanf\u00f6r nothyllan f\u00f6r att f\u00e5 ut ljudet b\u00e4ttre  M\u00f6beldelarna runt pianot g\u00e5r att ta bort helt och ers\u00e4tta om man vill l\u00e5ta ljudet fl\u00f6da fritt eller om man vill lackera stommen utan att ta med hela pianot.  Ring oss f\u00f6r senaste piano pris","og_url":"https:\/\/pianostammare.se\/en\/product\/feurich-piano-modell-123\/","og_site_name":"Pianost\u00e4mmare, flyglar och piano","article_publisher":"https:\/\/www.facebook.com\/share\/167DsieNj3\/?mibextid=wwXlfr","article_modified_time":"2025-03-19T09:34:18+00:00","og_image":[{"width":1024,"height":683,"url":"https:\/\/i0.wp.com\/en.pianostammare.se\/wp-content\/uploads\/2022\/12\/FEURICH-Mod.-123-Vienna-2-white-satin.jpg?fit=1024%2C683&ssl=1","type":"image\/jpeg"}],"twitter_card":"summary_large_image","twitter_misc":{"Estimated reading time":"1 minute"},"schema":{"@context":"https:\/\/schema.org","@graph":[{"@type":"WebPage","@id":"https:\/\/pianostammare.se\/produkt\/feurich-piano-modell-123\/","url":"https:\/\/pianostammare.se\/produkt\/feurich-piano-modell-123\/","name":"feurich mod 123","isPartOf":{"@id":"https:\/\/pianostammare.se\/#website"},"primaryImageOfPage":{"@id":"https:\/\/pianostammare.se\/produkt\/feurich-piano-modell-123\/#primaryimage"},"image":{"@id":"https:\/\/pianostammare.se\/produkt\/feurich-piano-modell-123\/#primaryimage"},"thumbnailUrl":"https:\/\/i0.wp.com\/pianostammare.se\/wp-content\/uploads\/2022\/12\/FEURICH-Mod.-123-Vienna-2-white-satin.jpg?fit=1024%2C683&ssl=1","datePublished":"2022-12-18T12:03:52+00:00","dateModified":"2025-03-19T09:34:18+00:00","breadcrumb":{"@id":"https:\/\/pianostammare.se\/produkt\/feurich-piano-modell-123\/#breadcrumb"},"inLanguage":"en-GB","potentialAction":[{"@type":"ReadAction","target":["https:\/\/pianostammare.se\/produkt\/feurich-piano-modell-123\/"]}]},{"@type":"ImageObject","inLanguage":"en-GB","@id":"https:\/\/pianostammare.se\/produkt\/feurich-piano-modell-123\/#primaryimage","url":"https:\/\/i0.wp.com\/pianostammare.se\/wp-content\/uploads\/2022\/12\/FEURICH-Mod.-123-Vienna-2-white-satin.jpg?fit=1024%2C683&ssl=1","contentUrl":"https:\/\/i0.wp.com\/pianostammare.se\/wp-content\/uploads\/2022\/12\/FEURICH-Mod.-123-Vienna-2-white-satin.jpg?fit=1024%2C683&ssl=1","width":1024,"height":683},{"@type":"BreadcrumbList","@id":"https:\/\/pianostammare.se\/produkt\/feurich-piano-modell-123\/#breadcrumb","itemListElement":[{"@type":"ListItem","position":1,"name":"Hem","item":"https:\/\/pianostammare.se\/"},{"@type":"ListItem","position":2,"name":"Webbshop","item":"https:\/\/pianostammare.se\/butik-flygelaffar-pianoaffar-leksand-dalarna\/"},{"@type":"ListItem","position":3,"name":"Feurich Piano Modell 123"}]},{"@type":"WebSite","@id":"https:\/\/pianostammare.se\/#website","url":"https:\/\/pianostammare.se\/","name":"Pianost\u00e4mmare, flyglar och piano","description":"Utst\u00e4llningshall f\u00f6r nya piano &amp; Flyglar","publisher":{"@id":"https:\/\/pianostammare.se\/#organization"},"potentialAction":[{"@type":"SearchAction","target":{"@type":"EntryPoint","urlTemplate":"https:\/\/pianostammare.se\/?s={search_term_string}"},"query-input":{"@type":"PropertyValueSpecification","valueRequired":true,"valueName":"search_term_string"}}],"inLanguage":"en-GB"},{"@type":"Organization","@id":"https:\/\/pianostammare.se\/#organization","name":"Pianost\u00e4mmare, flyglar och piano","url":"https:\/\/pianostammare.se\/","logo":{"@type":"ImageObject","inLanguage":"en-GB","@id":"https:\/\/pianostammare.se\/#\/schema\/logo\/image\/","url":"https:\/\/pianostammare.se\/wp-content\/uploads\/2022\/11\/cropped-Namnlos-design.avif","contentUrl":"https:\/\/pianostammare.se\/wp-content\/uploads\/2022\/11\/cropped-Namnlos-design.avif","width":1200,"height":800,"caption":"Pianost\u00e4mmare, flyglar och piano"},"image":{"@id":"https:\/\/pianostammare.se\/#\/schema\/logo\/image\/"},"sameAs":["https:\/\/www.facebook.com\/share\/167DsieNj3\/?mibextid=wwXlfr"]}]}},"jetpack_publicize_connections":[],"_links":{"self":[{"href":"https:\/\/pianostammare.se\/en\/wp-json\/wp\/v2\/product\/13375","targetHints":{"allow":["GET"]}}],"collection":[{"href":"https:\/\/pianostammare.se\/en\/wp-json\/wp\/v2\/product"}],"about":[{"href":"https:\/\/pianostammare.se\/en\/wp-json\/wp\/v2\/types\/product"}],"wp:featuredmedia":[{"embeddable":true,"href":"https:\/\/pianostammare.se\/en\/wp-json\/wp\/v2\/media\/13018"}],"wp:attachment":[{"href":"https:\/\/pianostammare.se\/en\/wp-json\/wp\/v2\/media?parent=13375"}],"wp:term":[{"taxonomy":"product_brand","embeddable":true,"href":"https:\/\/pianostammare.se\/en\/wp-json\/wp\/v2\/product_brand?post=13375"},{"taxonomy":"product_cat","embeddable":true,"href":"https:\/\/pianostammare.se\/en\/wp-json\/wp\/v2\/product_cat?post=13375"},{"taxonomy":"product_tag","embeddable":true,"href":"https:\/\/pianostammare.se\/en\/wp-json\/wp\/v2\/product_tag?post=13375"}],"curies":[{"name":"wp","href":"https:\/\/api.w.org\/{rel}","templated":true}]}}