{"id":13406,"date":"2022-12-18T14:16:23","date_gmt":"2022-12-18T13:16:23","guid":{"rendered":"https:\/\/pianostammare.se\/?post_type=product&#038;p=13406"},"modified":"2026-02-11T21:43:09","modified_gmt":"2026-02-11T20:43:09","slug":"yamaha-b2-sc2","status":"publish","type":"product","link":"https:\/\/pianostammare.se\/en\/product\/yamaha-b2-sc2\/","title":{"rendered":"Yamaha B2-E SC2"},"content":{"rendered":"<p>Who hasn't heard of Yamaha pianos? \nFor more than a hundred years, Yamaha has combined traditional craftsmanship with innovation in materials and sound to create pianos of exceptional tone and extraordinary beauty.<\/p>\n<p>Detta Yamaha B2 &#8211; E\u00a0 SC2 finns att provspela i v\u00e5r utst\u00e4llningshall i Leksand.<\/p>\n<p>Yamaha\u2019s intermediate model has a height of 113 cm.  It is available with or without silent technology, and the one we have on display is a SC2 with the silent function.<\/p>\n<p>Solid soundboard in knot-free spruce<\/p>\n<p>More than 10 different sounds in the silent module and USB port<\/p>\n<p>5-year factory guarantee<\/p>\n<p>We can help deliver the instrument (carrying it up stairs is not included).<\/p>\n<p><a href=\"https:\/\/youtu.be\/D4Vlchuckk4\/\" target=\"\\&quot;_blank\\&quot;\" rel=\"\\&quot;noopener\\&quot; noopener\">You can listen to a silent piano here.<\/a><\/p>\n<p><a href=\"https:\/\/uk.yamaha.com\/en\/products\/musical_instruments\/pianos\/silent_piano\/sc2\/specs.html\/\" target=\"\\&quot;_blank\\&quot;\" rel=\"\\&quot;noopener\\&quot; noopener\">Specifications<\/a><\/p>","protected":false},"excerpt":{"rendered":"<div class=\"sales-information hidden-xs\">\n<p><span style=\"font-size: 16px;\">With its larger dimensions and heavier construction, the new B2 delivers a superior sound experience with extra depth and volume. For the ambitious musician on a budget, there is no better instrument. A silencer system has been added to this B2. This is an SC2-type SILENT Piano\u2122.<\/span><\/p>\n<\/div>\n<p>Yamaha\u2019s intermediate model has a height of 113 cm.  It is available with or without silent technology, and the one we have on display is a SC2 with the silent function.<\/p>\n<p>Solid soundboard in knot-free spruce<\/p>\n<p>More than 10 different sounds in the silent module and USB port<\/p>\n<p>5-year factory guarantee<\/p>\n<p>We can help deliver the instrument (carrying it up stairs is not included).<\/p>","protected":false},"featured_media":13796,"template":"","meta":{"site-sidebar-layout":"default","site-content-layout":"default","ast-site-content-layout":"default","site-content-style":"default","site-sidebar-style":"default","ast-global-header-display":"","ast-banner-title-visibility":"","ast-main-header-display":"","ast-hfb-above-header-display":"","ast-hfb-below-header-display":"","ast-hfb-mobile-header-display":"","site-post-title":"","ast-breadcrumbs-content":"","ast-featured-img":"","footer-sml-layout":"","ast-disable-related-posts":"","theme-transparent-header-meta":"default","adv-header-id-meta":"","stick-header-meta":"","header-above-stick-meta":"","header-main-stick-meta":"","header-below-stick-meta":"","astra-migrate-meta-layouts":"set","ast-page-background-enabled":"default","ast-page-background-meta":{"desktop":{"background-color":"","background-image":"","background-repeat":"repeat","background-position":"center center","background-size":"auto","background-attachment":"scroll","background-type":"","background-media":"","overlay-type":"","overlay-color":"","overlay-opacity":"","overlay-gradient":""},"tablet":{"background-color":"","background-image":"","background-repeat":"repeat","background-position":"center center","background-size":"auto","background-attachment":"scroll","background-type":"","background-media":"","overlay-type":"","overlay-color":"","overlay-opacity":"","overlay-gradient":""},"mobile":{"background-color":"","background-image":"","background-repeat":"repeat","background-position":"center center","background-size":"auto","background-attachment":"scroll","background-type":"","background-media":"","overlay-type":"","overlay-color":"","overlay-opacity":"","overlay-gradient":""}},"ast-content-background-meta":{"desktop":{"background-color":"var(--ast-global-color-5)","background-image":"","background-repeat":"repeat","background-position":"center center","background-size":"auto","background-attachment":"scroll","background-type":"","background-media":"","overlay-type":"","overlay-color":"","overlay-opacity":"","overlay-gradient":""},"tablet":{"background-color":"var(--ast-global-color-5)","background-image":"","background-repeat":"repeat","background-position":"center center","background-size":"auto","background-attachment":"scroll","background-type":"","background-media":"","overlay-type":"","overlay-color":"","overlay-opacity":"","overlay-gradient":""},"mobile":{"background-color":"var(--ast-global-color-5)","background-image":"","background-repeat":"repeat","background-position":"center center","background-size":"auto","background-attachment":"scroll","background-type":"","background-media":"","overlay-type":"","overlay-color":"","overlay-opacity":"","overlay-gradient":""}},"jetpack_publicize_message":"","jetpack_publicize_feature_enabled":true,"jetpack_social_post_already_shared":false,"jetpack_social_options":{"image_generator_settings":{"template":"highway","default_image_id":0,"font":"","enabled":false},"version":2}},"product_brand":[],"product_cat":[40,37],"product_tag":[],"class_list":{"0":"post-13406","1":"product","2":"type-product","3":"status-publish","4":"has-post-thumbnail","6":"product_cat-nya-pianon","7":"product_cat-pianon","8":"product_shipping_class-tung-flygel","9":"desktop-align-left","10":"tablet-align-left","11":"mobile-align-left","13":"first","14":"instock","15":"sale","16":"taxable","17":"shipping-taxable","18":"purchasable","19":"product-type-simple"},"yoast_head":"<!-- This site is optimized with the Yoast SEO Premium plugin v26.1 (Yoast SEO v27.5) - https:\/\/yoast.com\/product\/yoast-seo-premium-wordpress\/ -->\n<title>Yamaha B2 SC2<\/title>\n<meta name=\"robots\" content=\"index, follow, max-snippet:-1, max-image-preview:large, max-video-preview:-1\" \/>\n<link rel=\"canonical\" href=\"https:\/\/pianostammare.se\/en\/product\/yamaha-b2-sc2\/\" \/>\n<meta property=\"og:locale\" content=\"en_GB\" \/>\n<meta property=\"og:type\" content=\"article\" \/>\n<meta property=\"og:title\" content=\"Yamaha B2-E SC2\" \/>\n<meta property=\"og:description\" content=\"Med sina st\u00f6rre dimensioner och tyngre konstruktion levererar den nya b2 en \u00f6verl\u00e4gsen ljudupplevelse med extra djup och volym. F\u00f6r den ambiti\u00f6sa musikern med en budget finns det inget b\u00e4ttre instrument. Ett silencersystem har lagts till i denna b2. Detta \u00e4r ett SC2-typ SILENT Piano\u2122.   Yamahas mellanmodell \u00e4r ett 113 cm h\u00f6gt piano. Det finns med eller utan silence funktion, detta som vi har f\u00f6r visning \u00e4r modell SC2 med silence funktionen.  Massiv resonansbotten i kvistfri gran  Mer \u00e4n 10 olika ljud i silencermodulen samt usb-port  5 \u00e5rs fabriksgaranti  Vi hj\u00e4lper till med leverans (uppb\u00e4rning f\u00f6r trappor ing\u00e5r inte).\" \/>\n<meta property=\"og:url\" content=\"https:\/\/pianostammare.se\/en\/product\/yamaha-b2-sc2\/\" \/>\n<meta property=\"og:site_name\" content=\"Pianost\u00e4mmare, flyglar och piano\" \/>\n<meta property=\"article:publisher\" content=\"https:\/\/www.facebook.com\/share\/167DsieNj3\/?mibextid=wwXlfr\" \/>\n<meta property=\"article:modified_time\" content=\"2026-02-11T20:43:09+00:00\" \/>\n<meta property=\"og:image\" content=\"https:\/\/pianostammare.se\/wp-content\/uploads\/2022\/12\/1_index_-2.png\" \/>\n\t<meta property=\"og:image:width\" content=\"735\" \/>\n\t<meta property=\"og:image:height\" content=\"735\" \/>\n\t<meta property=\"og:image:type\" content=\"image\/png\" \/>\n<meta name=\"twitter:card\" content=\"summary_large_image\" \/>\n<meta name=\"twitter:label1\" content=\"Estimated reading time\" \/>\n\t<meta name=\"twitter:data1\" content=\"1 minute\" \/>\n<script type=\"application\/ld+json\" class=\"yoast-schema-graph\">{\"@context\":\"https:\\\/\\\/schema.org\",\"@graph\":[{\"@type\":\"WebPage\",\"@id\":\"https:\\\/\\\/pianostammare.se\\\/produkt\\\/yamaha-b2-sc2\\\/\",\"url\":\"https:\\\/\\\/pianostammare.se\\\/produkt\\\/yamaha-b2-sc2\\\/\",\"name\":\"Yamaha B2 SC2\",\"isPartOf\":{\"@id\":\"https:\\\/\\\/pianostammare.se\\\/#website\"},\"primaryImageOfPage\":{\"@id\":\"https:\\\/\\\/pianostammare.se\\\/produkt\\\/yamaha-b2-sc2\\\/#primaryimage\"},\"image\":{\"@id\":\"https:\\\/\\\/pianostammare.se\\\/produkt\\\/yamaha-b2-sc2\\\/#primaryimage\"},\"thumbnailUrl\":\"https:\\\/\\\/i0.wp.com\\\/pianostammare.se\\\/wp-content\\\/uploads\\\/2022\\\/12\\\/1_index_-2.png?fit=735%2C735&ssl=1\",\"datePublished\":\"2022-12-18T13:16:23+00:00\",\"dateModified\":\"2026-02-11T20:43:09+00:00\",\"breadcrumb\":{\"@id\":\"https:\\\/\\\/pianostammare.se\\\/produkt\\\/yamaha-b2-sc2\\\/#breadcrumb\"},\"inLanguage\":\"en-GB\",\"potentialAction\":[{\"@type\":\"ReadAction\",\"target\":[\"https:\\\/\\\/pianostammare.se\\\/produkt\\\/yamaha-b2-sc2\\\/\"]}]},{\"@type\":\"ImageObject\",\"inLanguage\":\"en-GB\",\"@id\":\"https:\\\/\\\/pianostammare.se\\\/produkt\\\/yamaha-b2-sc2\\\/#primaryimage\",\"url\":\"https:\\\/\\\/i0.wp.com\\\/pianostammare.se\\\/wp-content\\\/uploads\\\/2022\\\/12\\\/1_index_-2.png?fit=735%2C735&ssl=1\",\"contentUrl\":\"https:\\\/\\\/i0.wp.com\\\/pianostammare.se\\\/wp-content\\\/uploads\\\/2022\\\/12\\\/1_index_-2.png?fit=735%2C735&ssl=1\",\"width\":735,\"height\":735,\"caption\":\"Nya piano\"},{\"@type\":\"BreadcrumbList\",\"@id\":\"https:\\\/\\\/pianostammare.se\\\/produkt\\\/yamaha-b2-sc2\\\/#breadcrumb\",\"itemListElement\":[{\"@type\":\"ListItem\",\"position\":1,\"name\":\"Hem\",\"item\":\"https:\\\/\\\/pianostammare.se\\\/\"},{\"@type\":\"ListItem\",\"position\":2,\"name\":\"Webbshop\",\"item\":\"https:\\\/\\\/pianostammare.se\\\/butik-flygelaffar-pianoaffar-leksand-dalarna\\\/\"},{\"@type\":\"ListItem\",\"position\":3,\"name\":\"Yamaha B2-E SC2\"}]},{\"@type\":\"WebSite\",\"@id\":\"https:\\\/\\\/pianostammare.se\\\/#website\",\"url\":\"https:\\\/\\\/pianostammare.se\\\/\",\"name\":\"Pianost\u00e4mmare, flyglar och piano\",\"description\":\"Utst\u00e4llningshall f\u00f6r nya piano &amp; Flyglar\",\"publisher\":{\"@id\":\"https:\\\/\\\/pianostammare.se\\\/#organization\"},\"potentialAction\":[{\"@type\":\"SearchAction\",\"target\":{\"@type\":\"EntryPoint\",\"urlTemplate\":\"https:\\\/\\\/pianostammare.se\\\/?s={search_term_string}\"},\"query-input\":{\"@type\":\"PropertyValueSpecification\",\"valueRequired\":true,\"valueName\":\"search_term_string\"}}],\"inLanguage\":\"en-GB\"},{\"@type\":\"Organization\",\"@id\":\"https:\\\/\\\/pianostammare.se\\\/#organization\",\"name\":\"Pianost\u00e4mmare, flyglar och piano\",\"url\":\"https:\\\/\\\/pianostammare.se\\\/\",\"logo\":{\"@type\":\"ImageObject\",\"inLanguage\":\"en-GB\",\"@id\":\"https:\\\/\\\/pianostammare.se\\\/#\\\/schema\\\/logo\\\/image\\\/\",\"url\":\"https:\\\/\\\/pianostammare.se\\\/wp-content\\\/uploads\\\/2022\\\/11\\\/cropped-Namnlos-design.avif\",\"contentUrl\":\"https:\\\/\\\/pianostammare.se\\\/wp-content\\\/uploads\\\/2022\\\/11\\\/cropped-Namnlos-design.avif\",\"width\":1200,\"height\":800,\"caption\":\"Pianost\u00e4mmare, flyglar och piano\"},\"image\":{\"@id\":\"https:\\\/\\\/pianostammare.se\\\/#\\\/schema\\\/logo\\\/image\\\/\"},\"sameAs\":[\"https:\\\/\\\/www.facebook.com\\\/share\\\/167DsieNj3\\\/?mibextid=wwXlfr\"]}]}<\/script>\n<!-- \/ Yoast SEO Premium plugin. -->","yoast_head_json":{"title":"Yamaha B2 SC2","robots":{"index":"index","follow":"follow","max-snippet":"max-snippet:-1","max-image-preview":"max-image-preview:large","max-video-preview":"max-video-preview:-1"},"canonical":"https:\/\/pianostammare.se\/en\/product\/yamaha-b2-sc2\/","og_locale":"en_GB","og_type":"article","og_title":"Yamaha B2-E SC2","og_description":"Med sina st\u00f6rre dimensioner och tyngre konstruktion levererar den nya b2 en \u00f6verl\u00e4gsen ljudupplevelse med extra djup och volym. F\u00f6r den ambiti\u00f6sa musikern med en budget finns det inget b\u00e4ttre instrument. Ett silencersystem har lagts till i denna b2. Detta \u00e4r ett SC2-typ SILENT Piano\u2122.   Yamahas mellanmodell \u00e4r ett 113 cm h\u00f6gt piano. Det finns med eller utan silence funktion, detta som vi har f\u00f6r visning \u00e4r modell SC2 med silence funktionen.  Massiv resonansbotten i kvistfri gran  Mer \u00e4n 10 olika ljud i silencermodulen samt usb-port  5 \u00e5rs fabriksgaranti  Vi hj\u00e4lper till med leverans (uppb\u00e4rning f\u00f6r trappor ing\u00e5r inte).","og_url":"https:\/\/pianostammare.se\/en\/product\/yamaha-b2-sc2\/","og_site_name":"Pianost\u00e4mmare, flyglar och piano","article_publisher":"https:\/\/www.facebook.com\/share\/167DsieNj3\/?mibextid=wwXlfr","article_modified_time":"2026-02-11T20:43:09+00:00","og_image":[{"width":735,"height":735,"url":"https:\/\/pianostammare.se\/wp-content\/uploads\/2022\/12\/1_index_-2.png","type":"image\/png"}],"twitter_card":"summary_large_image","twitter_misc":{"Estimated reading time":"1 minute"},"schema":{"@context":"https:\/\/schema.org","@graph":[{"@type":"WebPage","@id":"https:\/\/pianostammare.se\/produkt\/yamaha-b2-sc2\/","url":"https:\/\/pianostammare.se\/produkt\/yamaha-b2-sc2\/","name":"Yamaha B2 SC2","isPartOf":{"@id":"https:\/\/pianostammare.se\/#website"},"primaryImageOfPage":{"@id":"https:\/\/pianostammare.se\/produkt\/yamaha-b2-sc2\/#primaryimage"},"image":{"@id":"https:\/\/pianostammare.se\/produkt\/yamaha-b2-sc2\/#primaryimage"},"thumbnailUrl":"https:\/\/i0.wp.com\/pianostammare.se\/wp-content\/uploads\/2022\/12\/1_index_-2.png?fit=735%2C735&ssl=1","datePublished":"2022-12-18T13:16:23+00:00","dateModified":"2026-02-11T20:43:09+00:00","breadcrumb":{"@id":"https:\/\/pianostammare.se\/produkt\/yamaha-b2-sc2\/#breadcrumb"},"inLanguage":"en-GB","potentialAction":[{"@type":"ReadAction","target":["https:\/\/pianostammare.se\/produkt\/yamaha-b2-sc2\/"]}]},{"@type":"ImageObject","inLanguage":"en-GB","@id":"https:\/\/pianostammare.se\/produkt\/yamaha-b2-sc2\/#primaryimage","url":"https:\/\/i0.wp.com\/pianostammare.se\/wp-content\/uploads\/2022\/12\/1_index_-2.png?fit=735%2C735&ssl=1","contentUrl":"https:\/\/i0.wp.com\/pianostammare.se\/wp-content\/uploads\/2022\/12\/1_index_-2.png?fit=735%2C735&ssl=1","width":735,"height":735,"caption":"Nya piano"},{"@type":"BreadcrumbList","@id":"https:\/\/pianostammare.se\/produkt\/yamaha-b2-sc2\/#breadcrumb","itemListElement":[{"@type":"ListItem","position":1,"name":"Hem","item":"https:\/\/pianostammare.se\/"},{"@type":"ListItem","position":2,"name":"Webbshop","item":"https:\/\/pianostammare.se\/butik-flygelaffar-pianoaffar-leksand-dalarna\/"},{"@type":"ListItem","position":3,"name":"Yamaha B2-E SC2"}]},{"@type":"WebSite","@id":"https:\/\/pianostammare.se\/#website","url":"https:\/\/pianostammare.se\/","name":"Pianost\u00e4mmare, flyglar och piano","description":"Utst\u00e4llningshall f\u00f6r nya piano &amp; Flyglar","publisher":{"@id":"https:\/\/pianostammare.se\/#organization"},"potentialAction":[{"@type":"SearchAction","target":{"@type":"EntryPoint","urlTemplate":"https:\/\/pianostammare.se\/?s={search_term_string}"},"query-input":{"@type":"PropertyValueSpecification","valueRequired":true,"valueName":"search_term_string"}}],"inLanguage":"en-GB"},{"@type":"Organization","@id":"https:\/\/pianostammare.se\/#organization","name":"Pianost\u00e4mmare, flyglar och piano","url":"https:\/\/pianostammare.se\/","logo":{"@type":"ImageObject","inLanguage":"en-GB","@id":"https:\/\/pianostammare.se\/#\/schema\/logo\/image\/","url":"https:\/\/pianostammare.se\/wp-content\/uploads\/2022\/11\/cropped-Namnlos-design.avif","contentUrl":"https:\/\/pianostammare.se\/wp-content\/uploads\/2022\/11\/cropped-Namnlos-design.avif","width":1200,"height":800,"caption":"Pianost\u00e4mmare, flyglar och piano"},"image":{"@id":"https:\/\/pianostammare.se\/#\/schema\/logo\/image\/"},"sameAs":["https:\/\/www.facebook.com\/share\/167DsieNj3\/?mibextid=wwXlfr"]}]}},"jetpack_publicize_connections":[],"_links":{"self":[{"href":"https:\/\/pianostammare.se\/en\/wp-json\/wp\/v2\/product\/13406","targetHints":{"allow":["GET"]}}],"collection":[{"href":"https:\/\/pianostammare.se\/en\/wp-json\/wp\/v2\/product"}],"about":[{"href":"https:\/\/pianostammare.se\/en\/wp-json\/wp\/v2\/types\/product"}],"wp:featuredmedia":[{"embeddable":true,"href":"https:\/\/pianostammare.se\/en\/wp-json\/wp\/v2\/media\/13796"}],"wp:attachment":[{"href":"https:\/\/pianostammare.se\/en\/wp-json\/wp\/v2\/media?parent=13406"}],"wp:term":[{"taxonomy":"product_brand","embeddable":true,"href":"https:\/\/pianostammare.se\/en\/wp-json\/wp\/v2\/product_brand?post=13406"},{"taxonomy":"product_cat","embeddable":true,"href":"https:\/\/pianostammare.se\/en\/wp-json\/wp\/v2\/product_cat?post=13406"},{"taxonomy":"product_tag","embeddable":true,"href":"https:\/\/pianostammare.se\/en\/wp-json\/wp\/v2\/product_tag?post=13406"}],"curies":[{"name":"wp","href":"https:\/\/api.w.org\/{rel}","templated":true}]}}