{"id":13629,"date":"2022-12-22T08:26:22","date_gmt":"2022-12-22T07:26:22","guid":{"rendered":"https:\/\/pianostammare.se\/?post_type=product&#038;p=13629"},"modified":"2025-05-08T09:48:44","modified_gmt":"2025-05-08T07:48:44","slug":"yamaha-c3-conservatory-flygel","status":"publish","type":"product","link":"https:\/\/pianostammare.se\/en\/product\/yamaha-c3-conservatory-flygel\/","title":{"rendered":"Yamaha C3 Conservatory grand piano"},"content":{"rendered":"<p>We are re-veneering the frame, applying filler and sanding it before sending it to be painted.<\/p>\n<figure id=\"attachment_18820\" aria-describedby=\"caption-attachment-18820\" style=\"width: 225px\" class=\"wp-caption aligncenter\"><img fetchpriority=\"high\" decoding=\"async\" class=\"wp-image-18820 size-medium\" src=\"https:\/\/pianostammare.se\/wp-content\/uploads\/2022\/12\/IMG_76071-225x300.avif\" alt=\"Stor renovering av m\u00f6beln\" width=\"225\" height=\"300\" srcset=\"https:\/\/pianostammare.se\/wp-content\/uploads\/2022\/12\/IMG_76071-225x300.avif 225w, https:\/\/pianostammare.se\/wp-content\/uploads\/2022\/12\/IMG_76071-768x1024.avif 768w, https:\/\/pianostammare.se\/wp-content\/uploads\/2022\/12\/IMG_76071-1152x1536.avif 1152w, https:\/\/pianostammare.se\/wp-content\/uploads\/2022\/12\/IMG_76071-1536x2048.avif 1536w, https:\/\/pianostammare.se\/wp-content\/uploads\/2022\/12\/IMG_76071-600x800.avif 600w, https:\/\/pianostammare.se\/wp-content\/uploads\/2022\/12\/IMG_76071-scaled.avif 1920w\" sizes=\"(max-width: 225px) 100vw, 225px\" \/><figcaption id=\"caption-attachment-18820\" class=\"wp-caption-text\">Veneering the frame of a Yamaha grand piano<\/figcaption><\/figure>\n<figure id=\"attachment_18819\" aria-describedby=\"caption-attachment-18819\" style=\"width: 225px\" class=\"wp-caption aligncenter\"><img decoding=\"async\" class=\"wp-image-18819 size-medium\" src=\"https:\/\/pianostammare.se\/wp-content\/uploads\/2022\/12\/IMG_76081-225x300.avif\" alt=\"Vi fanerar om en Yamaha flygel\" width=\"225\" height=\"300\" srcset=\"https:\/\/pianostammare.se\/wp-content\/uploads\/2022\/12\/IMG_76081-225x300.avif 225w, https:\/\/pianostammare.se\/wp-content\/uploads\/2022\/12\/IMG_76081-768x1024.avif 768w, https:\/\/pianostammare.se\/wp-content\/uploads\/2022\/12\/IMG_76081-1152x1536.avif 1152w, https:\/\/pianostammare.se\/wp-content\/uploads\/2022\/12\/IMG_76081-1536x2048.avif 1536w, https:\/\/pianostammare.se\/wp-content\/uploads\/2022\/12\/IMG_76081-600x800.avif 600w, https:\/\/pianostammare.se\/wp-content\/uploads\/2022\/12\/IMG_76081-scaled.avif 1920w\" sizes=\"(max-width: 225px) 100vw, 225px\" \/><figcaption id=\"caption-attachment-18819\" class=\"wp-caption-text\">Re-veneering of the frame<\/figcaption><\/figure>\n<p>We currently have a used black Yamaha grand piano for sale on behalf of a client. The piano was manufactured in 1981 in Japan.<\/p>\n<h2>The C3 grand piano<\/h2>\n<p>is 180 cm long and is a medium-sized instrument suitable for both churches and private homes. At the moment, it is being refinished and therefore not available for playing. It will be fine-tuned and brought to the standard expected of a conservatory-grade grand piano.<\/p>\n<p>For more information, you are warmly welcome to try it out in our showroom in Leksand. Please give us a call in advance so we can set aside time for your visit.<\/p>\n<p>We can provide home delivery, piano tuning, after-sales service and accessories.<\/p>\n<p><img data-recalc-dims=\"1\" decoding=\"async\" class=\"alignnone size-medium wp-image-13208\" src=\"https:\/\/i0.wp.com\/pianostammare.se\/wp-content\/uploads\/2022\/12\/IMG_9111.jpg?resize=225%2C300&#038;ssl=1\" alt=\"\" width=\"225\" height=\"300\" srcset=\"https:\/\/i0.wp.com\/pianostammare.se\/wp-content\/uploads\/2022\/12\/IMG_9111-scaled.jpg?resize=225%2C300&amp;ssl=1 225w, https:\/\/i0.wp.com\/pianostammare.se\/wp-content\/uploads\/2022\/12\/IMG_9111-scaled.jpg?resize=600%2C800&amp;ssl=1 600w, https:\/\/i0.wp.com\/pianostammare.se\/wp-content\/uploads\/2022\/12\/IMG_9111-scaled.jpg?resize=768%2C1024&amp;ssl=1 768w, https:\/\/i0.wp.com\/pianostammare.se\/wp-content\/uploads\/2022\/12\/IMG_9111-scaled.jpg?resize=1152%2C1536&amp;ssl=1 1152w, https:\/\/i0.wp.com\/pianostammare.se\/wp-content\/uploads\/2022\/12\/IMG_9111-scaled.jpg?resize=1536%2C2048&amp;ssl=1 1536w, https:\/\/i0.wp.com\/pianostammare.se\/wp-content\/uploads\/2022\/12\/IMG_9111-scaled.jpg?w=1920&amp;ssl=1 1920w\" sizes=\"(max-width: 225px) 100vw, 225px\" \/> <img data-recalc-dims=\"1\" loading=\"lazy\" decoding=\"async\" class=\"alignnone size-medium wp-image-13207\" src=\"https:\/\/i0.wp.com\/pianostammare.se\/wp-content\/uploads\/2022\/12\/IMG_9110.jpg?resize=225%2C300&#038;ssl=1\" alt=\"\" width=\"225\" height=\"300\" srcset=\"https:\/\/i0.wp.com\/pianostammare.se\/wp-content\/uploads\/2022\/12\/IMG_9110-scaled.jpg?resize=225%2C300&amp;ssl=1 225w, https:\/\/i0.wp.com\/pianostammare.se\/wp-content\/uploads\/2022\/12\/IMG_9110-scaled.jpg?resize=600%2C800&amp;ssl=1 600w, https:\/\/i0.wp.com\/pianostammare.se\/wp-content\/uploads\/2022\/12\/IMG_9110-scaled.jpg?resize=768%2C1024&amp;ssl=1 768w, https:\/\/i0.wp.com\/pianostammare.se\/wp-content\/uploads\/2022\/12\/IMG_9110-scaled.jpg?resize=1152%2C1536&amp;ssl=1 1152w, https:\/\/i0.wp.com\/pianostammare.se\/wp-content\/uploads\/2022\/12\/IMG_9110-scaled.jpg?resize=1536%2C2048&amp;ssl=1 1536w, https:\/\/i0.wp.com\/pianostammare.se\/wp-content\/uploads\/2022\/12\/IMG_9110-scaled.jpg?w=1920&amp;ssl=1 1920w\" sizes=\"(max-width: 225px) 100vw, 225px\" \/> <img data-recalc-dims=\"1\" loading=\"lazy\" decoding=\"async\" class=\"alignnone size-medium wp-image-13206\" src=\"https:\/\/i0.wp.com\/pianostammare.se\/wp-content\/uploads\/2022\/12\/IMG_9109.jpg?resize=225%2C300&#038;ssl=1\" alt=\"\" width=\"225\" height=\"300\" srcset=\"https:\/\/i0.wp.com\/pianostammare.se\/wp-content\/uploads\/2022\/12\/IMG_9109-scaled.jpg?resize=225%2C300&amp;ssl=1 225w, https:\/\/i0.wp.com\/pianostammare.se\/wp-content\/uploads\/2022\/12\/IMG_9109-scaled.jpg?resize=600%2C800&amp;ssl=1 600w, https:\/\/i0.wp.com\/pianostammare.se\/wp-content\/uploads\/2022\/12\/IMG_9109-scaled.jpg?resize=768%2C1024&amp;ssl=1 768w, https:\/\/i0.wp.com\/pianostammare.se\/wp-content\/uploads\/2022\/12\/IMG_9109-scaled.jpg?resize=1152%2C1536&amp;ssl=1 1152w, https:\/\/i0.wp.com\/pianostammare.se\/wp-content\/uploads\/2022\/12\/IMG_9109-scaled.jpg?resize=1536%2C2048&amp;ssl=1 1536w, https:\/\/i0.wp.com\/pianostammare.se\/wp-content\/uploads\/2022\/12\/IMG_9109-scaled.jpg?w=1920&amp;ssl=1 1920w\" sizes=\"(max-width: 225px) 100vw, 225px\" \/> <img data-recalc-dims=\"1\" loading=\"lazy\" decoding=\"async\" class=\"alignnone size-medium wp-image-13205\" src=\"https:\/\/i0.wp.com\/pianostammare.se\/wp-content\/uploads\/2022\/12\/IMG_9108.jpg?resize=300%2C225&#038;ssl=1\" alt=\"\" width=\"300\" height=\"225\" srcset=\"https:\/\/i0.wp.com\/pianostammare.se\/wp-content\/uploads\/2022\/12\/IMG_9108.jpg?resize=300%2C225&amp;ssl=1 300w, https:\/\/i0.wp.com\/pianostammare.se\/wp-content\/uploads\/2022\/12\/IMG_9108.jpg?resize=600%2C450&amp;ssl=1 600w, https:\/\/i0.wp.com\/pianostammare.se\/wp-content\/uploads\/2022\/12\/IMG_9108.jpg?resize=1024%2C768&amp;ssl=1 1024w, https:\/\/i0.wp.com\/pianostammare.se\/wp-content\/uploads\/2022\/12\/IMG_9108.jpg?resize=768%2C576&amp;ssl=1 768w, https:\/\/i0.wp.com\/pianostammare.se\/wp-content\/uploads\/2022\/12\/IMG_9108.jpg?resize=1536%2C1152&amp;ssl=1 1536w, https:\/\/i0.wp.com\/pianostammare.se\/wp-content\/uploads\/2022\/12\/IMG_9108.jpg?resize=2048%2C1536&amp;ssl=1 2048w\" sizes=\"(max-width: 300px) 100vw, 300px\" \/> <img data-recalc-dims=\"1\" loading=\"lazy\" decoding=\"async\" class=\"alignnone wp-image-13204 size-medium\" src=\"https:\/\/i0.wp.com\/pianostammare.se\/wp-content\/uploads\/2022\/12\/IMG_9107.jpg?resize=225%2C300&#038;ssl=1\" alt=\"yamaha\" width=\"225\" height=\"300\" srcset=\"https:\/\/i0.wp.com\/pianostammare.se\/wp-content\/uploads\/2022\/12\/IMG_9107-scaled.jpg?resize=225%2C300&amp;ssl=1 225w, https:\/\/i0.wp.com\/pianostammare.se\/wp-content\/uploads\/2022\/12\/IMG_9107-scaled.jpg?resize=600%2C800&amp;ssl=1 600w, https:\/\/i0.wp.com\/pianostammare.se\/wp-content\/uploads\/2022\/12\/IMG_9107-scaled.jpg?resize=768%2C1024&amp;ssl=1 768w, https:\/\/i0.wp.com\/pianostammare.se\/wp-content\/uploads\/2022\/12\/IMG_9107-scaled.jpg?resize=1152%2C1536&amp;ssl=1 1152w, https:\/\/i0.wp.com\/pianostammare.se\/wp-content\/uploads\/2022\/12\/IMG_9107-scaled.jpg?resize=1536%2C2048&amp;ssl=1 1536w, https:\/\/i0.wp.com\/pianostammare.se\/wp-content\/uploads\/2022\/12\/IMG_9107-scaled.jpg?w=1920&amp;ssl=1 1920w\" sizes=\"(max-width: 225px) 100vw, 225px\" \/><\/p>\n<figure id=\"attachment_13203\" aria-describedby=\"caption-attachment-13203\" style=\"width: 225px\" class=\"wp-caption alignnone\"><img data-recalc-dims=\"1\" loading=\"lazy\" decoding=\"async\" class=\"size-medium wp-image-13203\" src=\"https:\/\/i0.wp.com\/pianostammare.se\/wp-content\/uploads\/2022\/12\/IMG_9106.jpg?resize=225%2C300&#038;ssl=1\" alt=\"S\u00f6ker ni en begagnad flygel fr\u00e5n Yamaha?\" width=\"225\" height=\"300\" srcset=\"https:\/\/i0.wp.com\/pianostammare.se\/wp-content\/uploads\/2022\/12\/IMG_9106-scaled.jpg?resize=225%2C300&amp;ssl=1 225w, https:\/\/i0.wp.com\/pianostammare.se\/wp-content\/uploads\/2022\/12\/IMG_9106-scaled.jpg?resize=600%2C800&amp;ssl=1 600w, https:\/\/i0.wp.com\/pianostammare.se\/wp-content\/uploads\/2022\/12\/IMG_9106-scaled.jpg?resize=768%2C1024&amp;ssl=1 768w, https:\/\/i0.wp.com\/pianostammare.se\/wp-content\/uploads\/2022\/12\/IMG_9106-scaled.jpg?resize=1152%2C1536&amp;ssl=1 1152w, https:\/\/i0.wp.com\/pianostammare.se\/wp-content\/uploads\/2022\/12\/IMG_9106-scaled.jpg?resize=1536%2C2048&amp;ssl=1 1536w, https:\/\/i0.wp.com\/pianostammare.se\/wp-content\/uploads\/2022\/12\/IMG_9106-scaled.jpg?w=1920&amp;ssl=1 1920w\" sizes=\"(max-width: 225px) 100vw, 225px\" \/><figcaption id=\"caption-attachment-13203\" class=\"wp-caption-text\">The foundation of Yamaha\u2019s range is the C series.<\/figcaption><\/figure>\n<h2>The new price for a Yamaha C3 model is SEK 351,000.<\/h2>","protected":false},"excerpt":{"rendered":"<p>We now have a used black Yamaha grand piano for sale on behalf of a customer. This grand piano was manufactured in 1981 in Japan. The C3 model is 180 cm in depth and is a medium-sized grand that suits both churches and private homes.<\/p>\n<p>For more information and pricing, you are warmly welcome to try it out in our showroom in Leksand. Please give us a call in advance so we can set aside time for your visit.<\/p>\n<p>We can provide home delivery, piano tuning, after-sales service and accessories.<\/p>","protected":false},"featured_media":13204,"template":"","meta":{"site-sidebar-layout":"default","site-content-layout":"default","ast-site-content-layout":"default","site-content-style":"default","site-sidebar-style":"default","ast-global-header-display":"","ast-banner-title-visibility":"","ast-main-header-display":"","ast-hfb-above-header-display":"","ast-hfb-below-header-display":"","ast-hfb-mobile-header-display":"","site-post-title":"","ast-breadcrumbs-content":"","ast-featured-img":"","footer-sml-layout":"","ast-disable-related-posts":"","theme-transparent-header-meta":"default","adv-header-id-meta":"","stick-header-meta":"","header-above-stick-meta":"","header-main-stick-meta":"","header-below-stick-meta":"","astra-migrate-meta-layouts":"set","ast-page-background-enabled":"default","ast-page-background-meta":{"desktop":{"background-color":"","background-image":"","background-repeat":"repeat","background-position":"center center","background-size":"auto","background-attachment":"scroll","background-type":"","background-media":"","overlay-type":"","overlay-color":"","overlay-opacity":"","overlay-gradient":""},"tablet":{"background-color":"","background-image":"","background-repeat":"repeat","background-position":"center center","background-size":"auto","background-attachment":"scroll","background-type":"","background-media":"","overlay-type":"","overlay-color":"","overlay-opacity":"","overlay-gradient":""},"mobile":{"background-color":"","background-image":"","background-repeat":"repeat","background-position":"center center","background-size":"auto","background-attachment":"scroll","background-type":"","background-media":"","overlay-type":"","overlay-color":"","overlay-opacity":"","overlay-gradient":""}},"ast-content-background-meta":{"desktop":{"background-color":"var(--ast-global-color-5)","background-image":"","background-repeat":"repeat","background-position":"center center","background-size":"auto","background-attachment":"scroll","background-type":"","background-media":"","overlay-type":"","overlay-color":"","overlay-opacity":"","overlay-gradient":""},"tablet":{"background-color":"var(--ast-global-color-5)","background-image":"","background-repeat":"repeat","background-position":"center center","background-size":"auto","background-attachment":"scroll","background-type":"","background-media":"","overlay-type":"","overlay-color":"","overlay-opacity":"","overlay-gradient":""},"mobile":{"background-color":"var(--ast-global-color-5)","background-image":"","background-repeat":"repeat","background-position":"center center","background-size":"auto","background-attachment":"scroll","background-type":"","background-media":"","overlay-type":"","overlay-color":"","overlay-opacity":"","overlay-gradient":""}},"jetpack_publicize_message":"","jetpack_publicize_feature_enabled":true,"jetpack_social_post_already_shared":false,"jetpack_social_options":{"image_generator_settings":{"template":"highway","default_image_id":0,"font":"","enabled":false},"version":2}},"product_brand":[],"product_cat":[35,34],"product_tag":[],"class_list":{"0":"post-13629","1":"product","2":"type-product","3":"status-publish","4":"has-post-thumbnail","6":"product_cat-begagnade-flyglar","7":"product_cat-flyglar","8":"product_shipping_class-tung-flygel","9":"desktop-align-left","10":"tablet-align-left","11":"mobile-align-left","13":"first","14":"instock","15":"taxable","16":"shipping-taxable","17":"purchasable","18":"product-type-simple"},"yoast_head":"<!-- This site is optimized with the Yoast SEO Premium plugin v26.1 (Yoast SEO v27.4) - https:\/\/yoast.com\/product\/yoast-seo-premium-wordpress\/ -->\n<title>Yamaha C3 Conservatory Flygel<\/title>\n<meta name=\"description\" content=\"Yamaha c3 flygel under renovering, ny original ivory klaviatur, omfanering av stomme samt lackering.\" \/>\n<meta name=\"robots\" content=\"index, follow, max-snippet:-1, max-image-preview:large, max-video-preview:-1\" \/>\n<link rel=\"canonical\" href=\"https:\/\/pianostammare.se\/en\/product\/yamaha-c3-conservatory-flygel\/\" \/>\n<meta property=\"og:locale\" content=\"en_GB\" \/>\n<meta property=\"og:type\" content=\"article\" \/>\n<meta property=\"og:title\" content=\"Yamaha C3 Conservatory Flygel\" \/>\n<meta property=\"og:description\" content=\"Yamaha c3 flygel under renovering, ny original ivory klaviatur, omfanering av stomme samt lackering.\" \/>\n<meta property=\"og:url\" content=\"https:\/\/pianostammare.se\/en\/product\/yamaha-c3-conservatory-flygel\/\" \/>\n<meta property=\"og:site_name\" content=\"Pianost\u00e4mmare, flyglar och piano\" \/>\n<meta property=\"article:publisher\" content=\"https:\/\/www.facebook.com\/share\/167DsieNj3\/?mibextid=wwXlfr\" \/>\n<meta property=\"article:modified_time\" content=\"2025-05-08T07:48:44+00:00\" \/>\n<meta property=\"og:image\" content=\"https:\/\/i0.wp.com\/en.pianostammare.se\/wp-content\/uploads\/2022\/12\/IMG_9107-scaled.jpg?fit=1920%2C2560&ssl=1\" \/>\n\t<meta property=\"og:image:width\" content=\"1920\" \/>\n\t<meta property=\"og:image:height\" content=\"2560\" \/>\n\t<meta property=\"og:image:type\" content=\"image\/jpeg\" \/>\n<meta name=\"twitter:card\" content=\"summary_large_image\" \/>\n<meta name=\"twitter:label1\" content=\"Estimated reading time\" \/>\n\t<meta name=\"twitter:data1\" content=\"3 minutes\" \/>\n<script type=\"application\/ld+json\" class=\"yoast-schema-graph\">{\"@context\":\"https:\\\/\\\/schema.org\",\"@graph\":[{\"@type\":\"WebPage\",\"@id\":\"https:\\\/\\\/pianostammare.se\\\/produkt\\\/yamaha-c3-conservatory-flygel\\\/\",\"url\":\"https:\\\/\\\/pianostammare.se\\\/produkt\\\/yamaha-c3-conservatory-flygel\\\/\",\"name\":\"Yamaha C3 Conservatory Flygel\",\"isPartOf\":{\"@id\":\"https:\\\/\\\/pianostammare.se\\\/#website\"},\"primaryImageOfPage\":{\"@id\":\"https:\\\/\\\/pianostammare.se\\\/produkt\\\/yamaha-c3-conservatory-flygel\\\/#primaryimage\"},\"image\":{\"@id\":\"https:\\\/\\\/pianostammare.se\\\/produkt\\\/yamaha-c3-conservatory-flygel\\\/#primaryimage\"},\"thumbnailUrl\":\"https:\\\/\\\/i0.wp.com\\\/pianostammare.se\\\/wp-content\\\/uploads\\\/2022\\\/12\\\/IMG_9107-scaled.jpg?fit=1920%2C2560&ssl=1\",\"datePublished\":\"2022-12-22T07:26:22+00:00\",\"dateModified\":\"2025-05-08T07:48:44+00:00\",\"description\":\"Yamaha c3 flygel under renovering, ny original ivory klaviatur, omfanering av stomme samt lackering.\",\"breadcrumb\":{\"@id\":\"https:\\\/\\\/pianostammare.se\\\/produkt\\\/yamaha-c3-conservatory-flygel\\\/#breadcrumb\"},\"inLanguage\":\"en-GB\",\"potentialAction\":[{\"@type\":\"ReadAction\",\"target\":[\"https:\\\/\\\/pianostammare.se\\\/produkt\\\/yamaha-c3-conservatory-flygel\\\/\"]}]},{\"@type\":\"ImageObject\",\"inLanguage\":\"en-GB\",\"@id\":\"https:\\\/\\\/pianostammare.se\\\/produkt\\\/yamaha-c3-conservatory-flygel\\\/#primaryimage\",\"url\":\"https:\\\/\\\/i0.wp.com\\\/pianostammare.se\\\/wp-content\\\/uploads\\\/2022\\\/12\\\/IMG_9107-scaled.jpg?fit=1920%2C2560&ssl=1\",\"contentUrl\":\"https:\\\/\\\/i0.wp.com\\\/pianostammare.se\\\/wp-content\\\/uploads\\\/2022\\\/12\\\/IMG_9107-scaled.jpg?fit=1920%2C2560&ssl=1\",\"width\":1920,\"height\":2560},{\"@type\":\"BreadcrumbList\",\"@id\":\"https:\\\/\\\/pianostammare.se\\\/produkt\\\/yamaha-c3-conservatory-flygel\\\/#breadcrumb\",\"itemListElement\":[{\"@type\":\"ListItem\",\"position\":1,\"name\":\"Hem\",\"item\":\"https:\\\/\\\/pianostammare.se\\\/\"},{\"@type\":\"ListItem\",\"position\":2,\"name\":\"Webbshop\",\"item\":\"https:\\\/\\\/pianostammare.se\\\/butik-flygelaffar-pianoaffar-leksand-dalarna\\\/\"},{\"@type\":\"ListItem\",\"position\":3,\"name\":\"Yamaha C3 Conservatory Flygel\"}]},{\"@type\":\"WebSite\",\"@id\":\"https:\\\/\\\/pianostammare.se\\\/#website\",\"url\":\"https:\\\/\\\/pianostammare.se\\\/\",\"name\":\"Pianost\u00e4mmare, flyglar och piano\",\"description\":\"Utst\u00e4llningshall f\u00f6r nya piano &amp; Flyglar\",\"publisher\":{\"@id\":\"https:\\\/\\\/pianostammare.se\\\/#organization\"},\"potentialAction\":[{\"@type\":\"SearchAction\",\"target\":{\"@type\":\"EntryPoint\",\"urlTemplate\":\"https:\\\/\\\/pianostammare.se\\\/?s={search_term_string}\"},\"query-input\":{\"@type\":\"PropertyValueSpecification\",\"valueRequired\":true,\"valueName\":\"search_term_string\"}}],\"inLanguage\":\"en-GB\"},{\"@type\":\"Organization\",\"@id\":\"https:\\\/\\\/pianostammare.se\\\/#organization\",\"name\":\"Pianost\u00e4mmare, flyglar och piano\",\"url\":\"https:\\\/\\\/pianostammare.se\\\/\",\"logo\":{\"@type\":\"ImageObject\",\"inLanguage\":\"en-GB\",\"@id\":\"https:\\\/\\\/pianostammare.se\\\/#\\\/schema\\\/logo\\\/image\\\/\",\"url\":\"https:\\\/\\\/pianostammare.se\\\/wp-content\\\/uploads\\\/2022\\\/11\\\/cropped-Namnlos-design.avif\",\"contentUrl\":\"https:\\\/\\\/pianostammare.se\\\/wp-content\\\/uploads\\\/2022\\\/11\\\/cropped-Namnlos-design.avif\",\"width\":1200,\"height\":800,\"caption\":\"Pianost\u00e4mmare, flyglar och piano\"},\"image\":{\"@id\":\"https:\\\/\\\/pianostammare.se\\\/#\\\/schema\\\/logo\\\/image\\\/\"},\"sameAs\":[\"https:\\\/\\\/www.facebook.com\\\/share\\\/167DsieNj3\\\/?mibextid=wwXlfr\"]}]}<\/script>\n<!-- \/ Yoast SEO Premium plugin. -->","yoast_head_json":{"title":"Yamaha C3 Conservatory grand piano","description":"Yamaha c3 flygel under renovering, ny original ivory klaviatur, omfanering av stomme samt lackering.","robots":{"index":"index","follow":"follow","max-snippet":"max-snippet:-1","max-image-preview":"max-image-preview:large","max-video-preview":"max-video-preview:-1"},"canonical":"https:\/\/pianostammare.se\/en\/product\/yamaha-c3-conservatory-flygel\/","og_locale":"en_GB","og_type":"article","og_title":"Yamaha C3 Conservatory Flygel","og_description":"Yamaha c3 flygel under renovering, ny original ivory klaviatur, omfanering av stomme samt lackering.","og_url":"https:\/\/pianostammare.se\/en\/product\/yamaha-c3-conservatory-flygel\/","og_site_name":"Pianost\u00e4mmare, flyglar och piano","article_publisher":"https:\/\/www.facebook.com\/share\/167DsieNj3\/?mibextid=wwXlfr","article_modified_time":"2025-05-08T07:48:44+00:00","og_image":[{"width":1920,"height":2560,"url":"https:\/\/i0.wp.com\/en.pianostammare.se\/wp-content\/uploads\/2022\/12\/IMG_9107-scaled.jpg?fit=1920%2C2560&ssl=1","type":"image\/jpeg"}],"twitter_card":"summary_large_image","twitter_misc":{"Estimated reading time":"3 minutes"},"schema":{"@context":"https:\/\/schema.org","@graph":[{"@type":"WebPage","@id":"https:\/\/pianostammare.se\/produkt\/yamaha-c3-conservatory-flygel\/","url":"https:\/\/pianostammare.se\/produkt\/yamaha-c3-conservatory-flygel\/","name":"Yamaha C3 Conservatory grand piano","isPartOf":{"@id":"https:\/\/pianostammare.se\/#website"},"primaryImageOfPage":{"@id":"https:\/\/pianostammare.se\/produkt\/yamaha-c3-conservatory-flygel\/#primaryimage"},"image":{"@id":"https:\/\/pianostammare.se\/produkt\/yamaha-c3-conservatory-flygel\/#primaryimage"},"thumbnailUrl":"https:\/\/i0.wp.com\/pianostammare.se\/wp-content\/uploads\/2022\/12\/IMG_9107-scaled.jpg?fit=1920%2C2560&ssl=1","datePublished":"2022-12-22T07:26:22+00:00","dateModified":"2025-05-08T07:48:44+00:00","description":"Yamaha c3 flygel under renovering, ny original ivory klaviatur, omfanering av stomme samt lackering.","breadcrumb":{"@id":"https:\/\/pianostammare.se\/produkt\/yamaha-c3-conservatory-flygel\/#breadcrumb"},"inLanguage":"en-GB","potentialAction":[{"@type":"ReadAction","target":["https:\/\/pianostammare.se\/produkt\/yamaha-c3-conservatory-flygel\/"]}]},{"@type":"ImageObject","inLanguage":"en-GB","@id":"https:\/\/pianostammare.se\/produkt\/yamaha-c3-conservatory-flygel\/#primaryimage","url":"https:\/\/i0.wp.com\/pianostammare.se\/wp-content\/uploads\/2022\/12\/IMG_9107-scaled.jpg?fit=1920%2C2560&ssl=1","contentUrl":"https:\/\/i0.wp.com\/pianostammare.se\/wp-content\/uploads\/2022\/12\/IMG_9107-scaled.jpg?fit=1920%2C2560&ssl=1","width":1920,"height":2560},{"@type":"BreadcrumbList","@id":"https:\/\/pianostammare.se\/produkt\/yamaha-c3-conservatory-flygel\/#breadcrumb","itemListElement":[{"@type":"ListItem","position":1,"name":"Hem","item":"https:\/\/pianostammare.se\/"},{"@type":"ListItem","position":2,"name":"Webbshop","item":"https:\/\/pianostammare.se\/butik-flygelaffar-pianoaffar-leksand-dalarna\/"},{"@type":"ListItem","position":3,"name":"Yamaha C3 Conservatory Flygel"}]},{"@type":"WebSite","@id":"https:\/\/pianostammare.se\/#website","url":"https:\/\/pianostammare.se\/","name":"Pianost\u00e4mmare, flyglar och piano","description":"Utst\u00e4llningshall f\u00f6r nya piano &amp; Flyglar","publisher":{"@id":"https:\/\/pianostammare.se\/#organization"},"potentialAction":[{"@type":"SearchAction","target":{"@type":"EntryPoint","urlTemplate":"https:\/\/pianostammare.se\/?s={search_term_string}"},"query-input":{"@type":"PropertyValueSpecification","valueRequired":true,"valueName":"search_term_string"}}],"inLanguage":"en-GB"},{"@type":"Organization","@id":"https:\/\/pianostammare.se\/#organization","name":"Pianost\u00e4mmare, flyglar och piano","url":"https:\/\/pianostammare.se\/","logo":{"@type":"ImageObject","inLanguage":"en-GB","@id":"https:\/\/pianostammare.se\/#\/schema\/logo\/image\/","url":"https:\/\/pianostammare.se\/wp-content\/uploads\/2022\/11\/cropped-Namnlos-design.avif","contentUrl":"https:\/\/pianostammare.se\/wp-content\/uploads\/2022\/11\/cropped-Namnlos-design.avif","width":1200,"height":800,"caption":"Pianost\u00e4mmare, flyglar och piano"},"image":{"@id":"https:\/\/pianostammare.se\/#\/schema\/logo\/image\/"},"sameAs":["https:\/\/www.facebook.com\/share\/167DsieNj3\/?mibextid=wwXlfr"]}]}},"jetpack_publicize_connections":[],"_links":{"self":[{"href":"https:\/\/pianostammare.se\/en\/wp-json\/wp\/v2\/product\/13629","targetHints":{"allow":["GET"]}}],"collection":[{"href":"https:\/\/pianostammare.se\/en\/wp-json\/wp\/v2\/product"}],"about":[{"href":"https:\/\/pianostammare.se\/en\/wp-json\/wp\/v2\/types\/product"}],"wp:featuredmedia":[{"embeddable":true,"href":"https:\/\/pianostammare.se\/en\/wp-json\/wp\/v2\/media\/13204"}],"wp:attachment":[{"href":"https:\/\/pianostammare.se\/en\/wp-json\/wp\/v2\/media?parent=13629"}],"wp:term":[{"taxonomy":"product_brand","embeddable":true,"href":"https:\/\/pianostammare.se\/en\/wp-json\/wp\/v2\/product_brand?post=13629"},{"taxonomy":"product_cat","embeddable":true,"href":"https:\/\/pianostammare.se\/en\/wp-json\/wp\/v2\/product_cat?post=13629"},{"taxonomy":"product_tag","embeddable":true,"href":"https:\/\/pianostammare.se\/en\/wp-json\/wp\/v2\/product_tag?post=13629"}],"curies":[{"name":"wp","href":"https:\/\/api.w.org\/{rel}","templated":true}]}}