{"id":17517,"date":"2024-10-11T21:11:11","date_gmt":"2024-10-11T19:11:11","guid":{"rendered":"https:\/\/pianostammare.se\/?post_type=product&#038;p=17517"},"modified":"2025-11-05T19:55:09","modified_gmt":"2025-11-05T18:55:09","slug":"c-bechstein","status":"publish","type":"product","link":"https:\/\/pianostammare.se\/en\/product\/c-bechstein\/","title":{"rendered":"C. Bechstein"},"content":{"rendered":"<p><strong>Carl Bechstein Grand Piano Model L \u2013 A Masterful Classic from 1957<\/strong><\/p>\n<p>Now you have the opportunity to own a rare and beautiful grand piano from one of the world\u2019s most prestigious piano brands \u2013 Carl Bechstein. This Model L, manufactured in 1957 in Berlin, is a perfect example of Bechstein\u2019s passion for both musical precision and artisanal elegance.<\/p>\n<p>The piano features a dark walnut frame that gives it a timeless and sophisticated aesthetic. The beautifully carved Chippendale legs contribute to a sense of classical luxury and beauty. This grand piano not only looks good but is also an incredible instrument to play\u2014perfect for the discerning musician or passionate pianist.<\/p>\n<p>The piano is in great condition and has a complete, untouched ivory keyboard that provides a fantastic playing feel and a sensitive response to every nuance you create. It has undergone a thorough renovation, with the action mechanism adjusted and the hammer boards reshaped according to the highest standards. This means that every note sounds clear and beautiful, with a balanced tone and dynamics suitable for both solo and professional performances.<\/p>\n<p>Carl Bechstein is celebrated for crafting pianos and grand pianos of exceptional quality, and this model upholds that prestigious tradition. This instrument inspires musical expression, allowing every nuance and touch to truly come alive. If you seek a grand piano that delivers an unmatched playing experience while also serving as a work of art, this is a rare and remarkable opportunity.<\/p>\n<p>The price for this exclusive Carl Bechstein Grand Piano Model L is xx SEK\u2014a true bargain considering its condition and quality.<\/p>\n<p>This grand piano is ready to breathe life into your music and fill your home with elegance and rich sound. Seize the opportunity to own a true piece of piano history!<\/p>\n<p><img fetchpriority=\"high\" decoding=\"async\" class=\"alignnone size-medium wp-image-17519\" src=\"https:\/\/pianostammare.se\/wp-content\/uploads\/2024\/10\/IMG_63351-225x300.avif\" alt=\"\" width=\"225\" height=\"300\" srcset=\"https:\/\/pianostammare.se\/wp-content\/uploads\/2024\/10\/IMG_63351-225x300.avif 225w, https:\/\/pianostammare.se\/wp-content\/uploads\/2024\/10\/IMG_63351-scaled-600x800.avif 600w, https:\/\/pianostammare.se\/wp-content\/uploads\/2024\/10\/IMG_63351-768x1024.avif 768w, https:\/\/pianostammare.se\/wp-content\/uploads\/2024\/10\/IMG_63351-1152x1536.avif 1152w, https:\/\/pianostammare.se\/wp-content\/uploads\/2024\/10\/IMG_63351-1536x2048.avif 1536w, https:\/\/pianostammare.se\/wp-content\/uploads\/2024\/10\/IMG_63351-scaled.avif 1920w\" sizes=\"(max-width: 225px) 100vw, 225px\" \/> <img decoding=\"async\" class=\"alignnone size-medium wp-image-17520\" src=\"https:\/\/pianostammare.se\/wp-content\/uploads\/2024\/10\/IMG_63361-225x300.avif\" alt=\"\" width=\"225\" height=\"300\" srcset=\"https:\/\/pianostammare.se\/wp-content\/uploads\/2024\/10\/IMG_63361-225x300.avif 225w, https:\/\/pianostammare.se\/wp-content\/uploads\/2024\/10\/IMG_63361-scaled-600x800.avif 600w, https:\/\/pianostammare.se\/wp-content\/uploads\/2024\/10\/IMG_63361-768x1024.avif 768w, https:\/\/pianostammare.se\/wp-content\/uploads\/2024\/10\/IMG_63361-1152x1536.avif 1152w, https:\/\/pianostammare.se\/wp-content\/uploads\/2024\/10\/IMG_63361-1536x2048.avif 1536w, https:\/\/pianostammare.se\/wp-content\/uploads\/2024\/10\/IMG_63361-scaled.avif 1920w\" sizes=\"(max-width: 225px) 100vw, 225px\" \/> <img decoding=\"async\" class=\"alignnone size-medium wp-image-17521\" src=\"https:\/\/pianostammare.se\/wp-content\/uploads\/2024\/10\/IMG_63371-225x300.avif\" alt=\"\" width=\"225\" height=\"300\" srcset=\"https:\/\/pianostammare.se\/wp-content\/uploads\/2024\/10\/IMG_63371-225x300.avif 225w, https:\/\/pianostammare.se\/wp-content\/uploads\/2024\/10\/IMG_63371-scaled-600x800.avif 600w, https:\/\/pianostammare.se\/wp-content\/uploads\/2024\/10\/IMG_63371-768x1024.avif 768w, https:\/\/pianostammare.se\/wp-content\/uploads\/2024\/10\/IMG_63371-1152x1536.avif 1152w, https:\/\/pianostammare.se\/wp-content\/uploads\/2024\/10\/IMG_63371-1536x2048.avif 1536w, https:\/\/pianostammare.se\/wp-content\/uploads\/2024\/10\/IMG_63371-scaled.avif 1920w\" sizes=\"(max-width: 225px) 100vw, 225px\" \/> <img loading=\"lazy\" decoding=\"async\" class=\"alignnone size-medium wp-image-17523\" src=\"https:\/\/pianostammare.se\/wp-content\/uploads\/2024\/10\/IMG_63391-225x300.avif\" alt=\"\" width=\"225\" height=\"300\" srcset=\"https:\/\/pianostammare.se\/wp-content\/uploads\/2024\/10\/IMG_63391-225x300.avif 225w, https:\/\/pianostammare.se\/wp-content\/uploads\/2024\/10\/IMG_63391-scaled-600x800.avif 600w, https:\/\/pianostammare.se\/wp-content\/uploads\/2024\/10\/IMG_63391-768x1024.avif 768w, https:\/\/pianostammare.se\/wp-content\/uploads\/2024\/10\/IMG_63391-1152x1536.avif 1152w, https:\/\/pianostammare.se\/wp-content\/uploads\/2024\/10\/IMG_63391-1536x2048.avif 1536w, https:\/\/pianostammare.se\/wp-content\/uploads\/2024\/10\/IMG_63391-scaled.avif 1920w\" sizes=\"(max-width: 225px) 100vw, 225px\" \/> <img loading=\"lazy\" decoding=\"async\" class=\"alignnone size-medium wp-image-17524\" src=\"https:\/\/pianostammare.se\/wp-content\/uploads\/2024\/10\/IMG_63401-225x300.avif\" alt=\"\" width=\"225\" height=\"300\" srcset=\"https:\/\/pianostammare.se\/wp-content\/uploads\/2024\/10\/IMG_63401-225x300.avif 225w, https:\/\/pianostammare.se\/wp-content\/uploads\/2024\/10\/IMG_63401-scaled-600x800.avif 600w, https:\/\/pianostammare.se\/wp-content\/uploads\/2024\/10\/IMG_63401-768x1024.avif 768w, https:\/\/pianostammare.se\/wp-content\/uploads\/2024\/10\/IMG_63401-1152x1536.avif 1152w, https:\/\/pianostammare.se\/wp-content\/uploads\/2024\/10\/IMG_63401-1536x2048.avif 1536w, https:\/\/pianostammare.se\/wp-content\/uploads\/2024\/10\/IMG_63401-scaled.avif 1920w\" sizes=\"(max-width: 225px) 100vw, 225px\" \/> <img loading=\"lazy\" decoding=\"async\" class=\"alignnone size-medium wp-image-17525\" src=\"https:\/\/pianostammare.se\/wp-content\/uploads\/2024\/10\/IMG_63411-225x300.avif\" alt=\"\" width=\"225\" height=\"300\" srcset=\"https:\/\/pianostammare.se\/wp-content\/uploads\/2024\/10\/IMG_63411-225x300.avif 225w, https:\/\/pianostammare.se\/wp-content\/uploads\/2024\/10\/IMG_63411-scaled-600x800.avif 600w, https:\/\/pianostammare.se\/wp-content\/uploads\/2024\/10\/IMG_63411-768x1024.avif 768w, https:\/\/pianostammare.se\/wp-content\/uploads\/2024\/10\/IMG_63411-1152x1536.avif 1152w, https:\/\/pianostammare.se\/wp-content\/uploads\/2024\/10\/IMG_63411-1536x2048.avif 1536w, https:\/\/pianostammare.se\/wp-content\/uploads\/2024\/10\/IMG_63411-scaled.avif 1920w\" sizes=\"(max-width: 225px) 100vw, 225px\" \/> <img loading=\"lazy\" decoding=\"async\" class=\"alignnone size-medium wp-image-17526\" src=\"https:\/\/pianostammare.se\/wp-content\/uploads\/2024\/10\/IMG_63421-225x300.avif\" alt=\"\" width=\"225\" height=\"300\" srcset=\"https:\/\/pianostammare.se\/wp-content\/uploads\/2024\/10\/IMG_63421-225x300.avif 225w, https:\/\/pianostammare.se\/wp-content\/uploads\/2024\/10\/IMG_63421-scaled-600x800.avif 600w, https:\/\/pianostammare.se\/wp-content\/uploads\/2024\/10\/IMG_63421-768x1024.avif 768w, https:\/\/pianostammare.se\/wp-content\/uploads\/2024\/10\/IMG_63421-1152x1536.avif 1152w, https:\/\/pianostammare.se\/wp-content\/uploads\/2024\/10\/IMG_63421-1536x2048.avif 1536w, https:\/\/pianostammare.se\/wp-content\/uploads\/2024\/10\/IMG_63421-scaled.avif 1920w\" sizes=\"(max-width: 225px) 100vw, 225px\" \/><\/p>","protected":false},"excerpt":{"rendered":"<p>C. Bechstein \u2013 Top 5 among the world\u2019s best grand piano manufacturers. This grand piano \u2013 model L \u2013 is 167 cm long and 148 cm wide. Manufactured in 1957 in Berlin.<\/p>","protected":false},"featured_media":18068,"template":"","meta":{"site-sidebar-layout":"default","site-content-layout":"","ast-site-content-layout":"default","site-content-style":"default","site-sidebar-style":"default","ast-global-header-display":"","ast-banner-title-visibility":"","ast-main-header-display":"","ast-hfb-above-header-display":"","ast-hfb-below-header-display":"","ast-hfb-mobile-header-display":"","site-post-title":"","ast-breadcrumbs-content":"","ast-featured-img":"","footer-sml-layout":"","ast-disable-related-posts":"","theme-transparent-header-meta":"default","adv-header-id-meta":"","stick-header-meta":"","header-above-stick-meta":"","header-main-stick-meta":"","header-below-stick-meta":"","astra-migrate-meta-layouts":"set","ast-page-background-enabled":"default","ast-page-background-meta":{"desktop":{"background-color":"","background-image":"","background-repeat":"repeat","background-position":"center center","background-size":"auto","background-attachment":"scroll","background-type":"","background-media":"","overlay-type":"","overlay-color":"","overlay-opacity":"","overlay-gradient":""},"tablet":{"background-color":"","background-image":"","background-repeat":"repeat","background-position":"center center","background-size":"auto","background-attachment":"scroll","background-type":"","background-media":"","overlay-type":"","overlay-color":"","overlay-opacity":"","overlay-gradient":""},"mobile":{"background-color":"","background-image":"","background-repeat":"repeat","background-position":"center center","background-size":"auto","background-attachment":"scroll","background-type":"","background-media":"","overlay-type":"","overlay-color":"","overlay-opacity":"","overlay-gradient":""}},"ast-content-background-meta":{"desktop":{"background-color":"var(--ast-global-color-5)","background-image":"","background-repeat":"repeat","background-position":"center center","background-size":"auto","background-attachment":"scroll","background-type":"","background-media":"","overlay-type":"","overlay-color":"","overlay-opacity":"","overlay-gradient":""},"tablet":{"background-color":"var(--ast-global-color-5)","background-image":"","background-repeat":"repeat","background-position":"center center","background-size":"auto","background-attachment":"scroll","background-type":"","background-media":"","overlay-type":"","overlay-color":"","overlay-opacity":"","overlay-gradient":""},"mobile":{"background-color":"var(--ast-global-color-5)","background-image":"","background-repeat":"repeat","background-position":"center center","background-size":"auto","background-attachment":"scroll","background-type":"","background-media":"","overlay-type":"","overlay-color":"","overlay-opacity":"","overlay-gradient":""}},"jetpack_publicize_message":"","jetpack_publicize_feature_enabled":true,"jetpack_social_post_already_shared":false,"jetpack_social_options":{"image_generator_settings":{"template":"highway","default_image_id":0,"font":"","enabled":false},"version":2}},"product_brand":[],"product_cat":[35],"product_tag":[],"class_list":{"0":"post-17517","1":"product","2":"type-product","3":"status-publish","4":"has-post-thumbnail","6":"product_cat-begagnade-flyglar","7":"product_shipping_class-tung-flygel","8":"desktop-align-left","9":"tablet-align-left","10":"mobile-align-left","12":"first","13":"instock","14":"taxable","15":"shipping-taxable","16":"purchasable","17":"product-type-simple"},"yoast_head":"<!-- This site is optimized with the Yoast SEO Premium plugin v26.1 (Yoast SEO v27.4) - https:\/\/yoast.com\/product\/yoast-seo-premium-wordpress\/ -->\n<title>C. Bechstein<\/title>\n<meta name=\"robots\" content=\"index, follow, max-snippet:-1, max-image-preview:large, max-video-preview:-1\" \/>\n<link rel=\"canonical\" href=\"https:\/\/pianostammare.se\/en\/product\/c-bechstein\/\" \/>\n<meta property=\"og:locale\" content=\"en_GB\" \/>\n<meta property=\"og:type\" content=\"article\" \/>\n<meta property=\"og:title\" content=\"C. Bechstein\" \/>\n<meta property=\"og:description\" content=\"C. Bechstein - Top 5 bland v\u00e4rldens b\u00e4sta flygelfabrikat. Denna flygel - modell L \u00e4r 167 cm djup och 148 cm bred. Tillverkad 1957 i Berlin.\" \/>\n<meta property=\"og:url\" content=\"https:\/\/pianostammare.se\/en\/product\/c-bechstein\/\" \/>\n<meta property=\"og:site_name\" content=\"Pianost\u00e4mmare, flyglar och piano\" \/>\n<meta property=\"article:publisher\" content=\"https:\/\/www.facebook.com\/share\/167DsieNj3\/?mibextid=wwXlfr\" \/>\n<meta property=\"article:modified_time\" content=\"2025-11-05T18:55:09+00:00\" \/>\n<meta property=\"og:image\" content=\"https:\/\/pianostammare.se\/wp-content\/uploads\/2025\/02\/bechstein-e1740471565383.jpg\" \/>\n\t<meta property=\"og:image:width\" content=\"1000\" \/>\n\t<meta property=\"og:image:height\" content=\"1333\" \/>\n\t<meta property=\"og:image:type\" content=\"image\/jpeg\" \/>\n<meta name=\"twitter:card\" content=\"summary_large_image\" \/>\n<meta name=\"twitter:label1\" content=\"Estimated reading time\" \/>\n\t<meta name=\"twitter:data1\" content=\"4 minutes\" \/>\n<script type=\"application\/ld+json\" class=\"yoast-schema-graph\">{\"@context\":\"https:\\\/\\\/schema.org\",\"@graph\":[{\"@type\":\"WebPage\",\"@id\":\"https:\\\/\\\/pianostammare.se\\\/produkt\\\/c-bechstein\\\/\",\"url\":\"https:\\\/\\\/pianostammare.se\\\/produkt\\\/c-bechstein\\\/\",\"name\":\"C. Bechstein\",\"isPartOf\":{\"@id\":\"https:\\\/\\\/pianostammare.se\\\/#website\"},\"primaryImageOfPage\":{\"@id\":\"https:\\\/\\\/pianostammare.se\\\/produkt\\\/c-bechstein\\\/#primaryimage\"},\"image\":{\"@id\":\"https:\\\/\\\/pianostammare.se\\\/produkt\\\/c-bechstein\\\/#primaryimage\"},\"thumbnailUrl\":\"https:\\\/\\\/i0.wp.com\\\/pianostammare.se\\\/wp-content\\\/uploads\\\/2025\\\/02\\\/bechstein-e1740471565383.jpg?fit=1000%2C1333&ssl=1\",\"datePublished\":\"2024-10-11T19:11:11+00:00\",\"dateModified\":\"2025-11-05T18:55:09+00:00\",\"breadcrumb\":{\"@id\":\"https:\\\/\\\/pianostammare.se\\\/produkt\\\/c-bechstein\\\/#breadcrumb\"},\"inLanguage\":\"en-GB\",\"potentialAction\":[{\"@type\":\"ReadAction\",\"target\":[\"https:\\\/\\\/pianostammare.se\\\/produkt\\\/c-bechstein\\\/\"]}]},{\"@type\":\"ImageObject\",\"inLanguage\":\"en-GB\",\"@id\":\"https:\\\/\\\/pianostammare.se\\\/produkt\\\/c-bechstein\\\/#primaryimage\",\"url\":\"https:\\\/\\\/i0.wp.com\\\/pianostammare.se\\\/wp-content\\\/uploads\\\/2025\\\/02\\\/bechstein-e1740471565383.jpg?fit=1000%2C1333&ssl=1\",\"contentUrl\":\"https:\\\/\\\/i0.wp.com\\\/pianostammare.se\\\/wp-content\\\/uploads\\\/2025\\\/02\\\/bechstein-e1740471565383.jpg?fit=1000%2C1333&ssl=1\",\"width\":1000,\"height\":1333},{\"@type\":\"BreadcrumbList\",\"@id\":\"https:\\\/\\\/pianostammare.se\\\/produkt\\\/c-bechstein\\\/#breadcrumb\",\"itemListElement\":[{\"@type\":\"ListItem\",\"position\":1,\"name\":\"Hem\",\"item\":\"https:\\\/\\\/pianostammare.se\\\/\"},{\"@type\":\"ListItem\",\"position\":2,\"name\":\"Webbshop\",\"item\":\"https:\\\/\\\/pianostammare.se\\\/butik-flygelaffar-pianoaffar-leksand-dalarna\\\/\"},{\"@type\":\"ListItem\",\"position\":3,\"name\":\"C. Bechstein\"}]},{\"@type\":\"WebSite\",\"@id\":\"https:\\\/\\\/pianostammare.se\\\/#website\",\"url\":\"https:\\\/\\\/pianostammare.se\\\/\",\"name\":\"Pianost\u00e4mmare, flyglar och piano\",\"description\":\"Utst\u00e4llningshall f\u00f6r nya piano &amp; Flyglar\",\"publisher\":{\"@id\":\"https:\\\/\\\/pianostammare.se\\\/#organization\"},\"potentialAction\":[{\"@type\":\"SearchAction\",\"target\":{\"@type\":\"EntryPoint\",\"urlTemplate\":\"https:\\\/\\\/pianostammare.se\\\/?s={search_term_string}\"},\"query-input\":{\"@type\":\"PropertyValueSpecification\",\"valueRequired\":true,\"valueName\":\"search_term_string\"}}],\"inLanguage\":\"en-GB\"},{\"@type\":\"Organization\",\"@id\":\"https:\\\/\\\/pianostammare.se\\\/#organization\",\"name\":\"Pianost\u00e4mmare, flyglar och piano\",\"url\":\"https:\\\/\\\/pianostammare.se\\\/\",\"logo\":{\"@type\":\"ImageObject\",\"inLanguage\":\"en-GB\",\"@id\":\"https:\\\/\\\/pianostammare.se\\\/#\\\/schema\\\/logo\\\/image\\\/\",\"url\":\"https:\\\/\\\/pianostammare.se\\\/wp-content\\\/uploads\\\/2022\\\/11\\\/cropped-Namnlos-design.avif\",\"contentUrl\":\"https:\\\/\\\/pianostammare.se\\\/wp-content\\\/uploads\\\/2022\\\/11\\\/cropped-Namnlos-design.avif\",\"width\":1200,\"height\":800,\"caption\":\"Pianost\u00e4mmare, flyglar och piano\"},\"image\":{\"@id\":\"https:\\\/\\\/pianostammare.se\\\/#\\\/schema\\\/logo\\\/image\\\/\"},\"sameAs\":[\"https:\\\/\\\/www.facebook.com\\\/share\\\/167DsieNj3\\\/?mibextid=wwXlfr\"]}]}<\/script>\n<!-- \/ Yoast SEO Premium plugin. -->","yoast_head_json":{"title":"C. Bechstein","robots":{"index":"index","follow":"follow","max-snippet":"max-snippet:-1","max-image-preview":"max-image-preview:large","max-video-preview":"max-video-preview:-1"},"canonical":"https:\/\/pianostammare.se\/en\/product\/c-bechstein\/","og_locale":"en_GB","og_type":"article","og_title":"C. Bechstein","og_description":"C. Bechstein - Top 5 bland v\u00e4rldens b\u00e4sta flygelfabrikat. Denna flygel - modell L \u00e4r 167 cm djup och 148 cm bred. Tillverkad 1957 i Berlin.","og_url":"https:\/\/pianostammare.se\/en\/product\/c-bechstein\/","og_site_name":"Pianost\u00e4mmare, flyglar och piano","article_publisher":"https:\/\/www.facebook.com\/share\/167DsieNj3\/?mibextid=wwXlfr","article_modified_time":"2025-11-05T18:55:09+00:00","og_image":[{"width":1000,"height":1333,"url":"https:\/\/pianostammare.se\/wp-content\/uploads\/2025\/02\/bechstein-e1740471565383.jpg","type":"image\/jpeg"}],"twitter_card":"summary_large_image","twitter_misc":{"Estimated reading time":"4 minutes"},"schema":{"@context":"https:\/\/schema.org","@graph":[{"@type":"WebPage","@id":"https:\/\/pianostammare.se\/produkt\/c-bechstein\/","url":"https:\/\/pianostammare.se\/produkt\/c-bechstein\/","name":"C. Bechstein","isPartOf":{"@id":"https:\/\/pianostammare.se\/#website"},"primaryImageOfPage":{"@id":"https:\/\/pianostammare.se\/produkt\/c-bechstein\/#primaryimage"},"image":{"@id":"https:\/\/pianostammare.se\/produkt\/c-bechstein\/#primaryimage"},"thumbnailUrl":"https:\/\/i0.wp.com\/pianostammare.se\/wp-content\/uploads\/2025\/02\/bechstein-e1740471565383.jpg?fit=1000%2C1333&ssl=1","datePublished":"2024-10-11T19:11:11+00:00","dateModified":"2025-11-05T18:55:09+00:00","breadcrumb":{"@id":"https:\/\/pianostammare.se\/produkt\/c-bechstein\/#breadcrumb"},"inLanguage":"en-GB","potentialAction":[{"@type":"ReadAction","target":["https:\/\/pianostammare.se\/produkt\/c-bechstein\/"]}]},{"@type":"ImageObject","inLanguage":"en-GB","@id":"https:\/\/pianostammare.se\/produkt\/c-bechstein\/#primaryimage","url":"https:\/\/i0.wp.com\/pianostammare.se\/wp-content\/uploads\/2025\/02\/bechstein-e1740471565383.jpg?fit=1000%2C1333&ssl=1","contentUrl":"https:\/\/i0.wp.com\/pianostammare.se\/wp-content\/uploads\/2025\/02\/bechstein-e1740471565383.jpg?fit=1000%2C1333&ssl=1","width":1000,"height":1333},{"@type":"BreadcrumbList","@id":"https:\/\/pianostammare.se\/produkt\/c-bechstein\/#breadcrumb","itemListElement":[{"@type":"ListItem","position":1,"name":"Hem","item":"https:\/\/pianostammare.se\/"},{"@type":"ListItem","position":2,"name":"Webbshop","item":"https:\/\/pianostammare.se\/butik-flygelaffar-pianoaffar-leksand-dalarna\/"},{"@type":"ListItem","position":3,"name":"C. Bechstein"}]},{"@type":"WebSite","@id":"https:\/\/pianostammare.se\/#website","url":"https:\/\/pianostammare.se\/","name":"Pianost\u00e4mmare, flyglar och piano","description":"Utst\u00e4llningshall f\u00f6r nya piano &amp; Flyglar","publisher":{"@id":"https:\/\/pianostammare.se\/#organization"},"potentialAction":[{"@type":"SearchAction","target":{"@type":"EntryPoint","urlTemplate":"https:\/\/pianostammare.se\/?s={search_term_string}"},"query-input":{"@type":"PropertyValueSpecification","valueRequired":true,"valueName":"search_term_string"}}],"inLanguage":"en-GB"},{"@type":"Organization","@id":"https:\/\/pianostammare.se\/#organization","name":"Pianost\u00e4mmare, flyglar och piano","url":"https:\/\/pianostammare.se\/","logo":{"@type":"ImageObject","inLanguage":"en-GB","@id":"https:\/\/pianostammare.se\/#\/schema\/logo\/image\/","url":"https:\/\/pianostammare.se\/wp-content\/uploads\/2022\/11\/cropped-Namnlos-design.avif","contentUrl":"https:\/\/pianostammare.se\/wp-content\/uploads\/2022\/11\/cropped-Namnlos-design.avif","width":1200,"height":800,"caption":"Pianost\u00e4mmare, flyglar och piano"},"image":{"@id":"https:\/\/pianostammare.se\/#\/schema\/logo\/image\/"},"sameAs":["https:\/\/www.facebook.com\/share\/167DsieNj3\/?mibextid=wwXlfr"]}]}},"jetpack_publicize_connections":[],"_links":{"self":[{"href":"https:\/\/pianostammare.se\/en\/wp-json\/wp\/v2\/product\/17517","targetHints":{"allow":["GET"]}}],"collection":[{"href":"https:\/\/pianostammare.se\/en\/wp-json\/wp\/v2\/product"}],"about":[{"href":"https:\/\/pianostammare.se\/en\/wp-json\/wp\/v2\/types\/product"}],"wp:featuredmedia":[{"embeddable":true,"href":"https:\/\/pianostammare.se\/en\/wp-json\/wp\/v2\/media\/18068"}],"wp:attachment":[{"href":"https:\/\/pianostammare.se\/en\/wp-json\/wp\/v2\/media?parent=17517"}],"wp:term":[{"taxonomy":"product_brand","embeddable":true,"href":"https:\/\/pianostammare.se\/en\/wp-json\/wp\/v2\/product_brand?post=17517"},{"taxonomy":"product_cat","embeddable":true,"href":"https:\/\/pianostammare.se\/en\/wp-json\/wp\/v2\/product_cat?post=17517"},{"taxonomy":"product_tag","embeddable":true,"href":"https:\/\/pianostammare.se\/en\/wp-json\/wp\/v2\/product_tag?post=17517"}],"curies":[{"name":"wp","href":"https:\/\/api.w.org\/{rel}","templated":true}]}}