{"id":17565,"date":"2024-10-24T14:26:55","date_gmt":"2024-10-24T12:26:55","guid":{"rendered":"https:\/\/pianostammare.se\/?post_type=product&#038;p=17565"},"modified":"2025-03-19T10:24:42","modified_gmt":"2025-03-19T09:24:42","slug":"metronom","status":"publish","type":"product","link":"https:\/\/pianostammare.se\/en\/product\/metronom\/","title":{"rendered":"Metronomes"},"content":{"rendered":"<p>Vi presenterar v\u00e5r traditionella metronom i svart utf\u00f6rande \u2013 den perfekta f\u00f6ljeslagaren f\u00f6r musiker i alla genrer! Med sin stiliga design och robusta stomme i plast \u00e4r denna metronom b\u00e5de praktisk och estetiskt tilltalande.<\/p>\n<p>Den traditionella metronomen erbjuder en exakt taktkontroll och \u00e4r l\u00e4tt att justera f\u00f6r att passa dina behov, oavsett om du \u00f6var p\u00e5 piano, gitarr eller andra instrument. Den tydliga pendeln ger en visuell v\u00e4gledning, vilket g\u00f6r det enkelt att h\u00e5lla takten.<\/p>\n<p>Den svarta finishen ger metronomen en tidl\u00f6s elegans som passar in i alla musikaliska milj\u00f6er, fr\u00e5n hemstudion till musikskolan. Dess l\u00e4tta vikt och kompakta storlek g\u00f6r den dessutom enkel att transportera, s\u00e5 att du alltid kan ha den med dig n\u00e4r inspirationen sl\u00e5r till.<\/p>\n<p>V\u00e5r metronom \u00e4r den perfekta kombinationen av tradition och funktionalitet \u2013 ett oumb\u00e4rligt verktyg f\u00f6r att f\u00f6rb\u00e4ttra ditt spel och f\u00f6rdjupa din musikaliska f\u00f6rst\u00e5else. Uppt\u00e4ck skillnaden och h\u00e5ll takten med stil!<\/p>\n<div class=\"tiled-gallery type-rectangular tiled-gallery-unresized\" data-original-width=\"500\" data-carousel-extra='null' itemscope itemtype=\"http:\/\/schema.org\/ImageGallery\" > <div class=\"gallery-row\" style=\"width: 500px; height: 221px;\" data-original-width=\"500\" data-original-height=\"221\" > <div class=\"gallery-group images-1\" style=\"width: 167px; height: 221px;\" data-original-width=\"167\" data-original-height=\"221\" > <div class=\"tiled-gallery-item tiled-gallery-item-small\" itemprop=\"associatedMedia\" itemscope itemtype=\"http:\/\/schema.org\/ImageObject\"> <a href=\"https:\/\/pianostammare.se\/en\/?attachment_id=17566\" border=\"0\" itemprop=\"url\"> <meta itemprop=\"width\" content=\"163\"> <meta itemprop=\"height\" content=\"217\"> <img loading=\"lazy\" decoding=\"async\" class=\"\" data-attachment-id=\"17566\" data-orig-file=\"https:\/\/pianostammare.se\/wp-content\/uploads\/2024\/10\/IMG_64291-scaled.avif\" data-orig-size=\"1920,2560\" data-comments-opened=\"\" data-image-meta=\"{&quot;aperture&quot;:&quot;0&quot;,&quot;credit&quot;:&quot;&quot;,&quot;camera&quot;:&quot;&quot;,&quot;caption&quot;:&quot;&quot;,&quot;created_timestamp&quot;:&quot;0&quot;,&quot;copyright&quot;:&quot;&quot;,&quot;focal_length&quot;:&quot;0&quot;,&quot;iso&quot;:&quot;0&quot;,&quot;shutter_speed&quot;:&quot;0&quot;,&quot;title&quot;:&quot;&quot;,&quot;orientation&quot;:&quot;0&quot;}\" data-image-title=\"Metronom\" data-image-description=\"&lt;p&gt;Inga batterier &amp;#8211; bara att vrida upp fj\u00e4dern&lt;\/p&gt; \" data-medium-file=\"https:\/\/pianostammare.se\/wp-content\/uploads\/2024\/10\/IMG_64291-225x300.avif\" data-large-file=\"https:\/\/pianostammare.se\/wp-content\/uploads\/2024\/10\/IMG_64291-768x1024.avif\" src=\"https:\/\/pianostammare.se\/wp-content\/uploads\/2024\/10\/IMG_64291-scaled.avif\" srcset=\"https:\/\/pianostammare.se\/wp-content\/uploads\/2024\/10\/IMG_64291-scaled.avif 1920w, https:\/\/pianostammare.se\/wp-content\/uploads\/2024\/10\/IMG_64291-scaled-600x800.avif 600w, https:\/\/pianostammare.se\/wp-content\/uploads\/2024\/10\/IMG_64291-225x300.avif 225w, https:\/\/pianostammare.se\/wp-content\/uploads\/2024\/10\/IMG_64291-768x1024.avif 768w, https:\/\/pianostammare.se\/wp-content\/uploads\/2024\/10\/IMG_64291-1152x1536.avif 1152w, https:\/\/pianostammare.se\/wp-content\/uploads\/2024\/10\/IMG_64291-1536x2048.avif 1536w\" width=\"163\" height=\"217\" loading=\"lazy\" data-original-width=\"163\" data-original-height=\"217\" itemprop=\"http:\/\/schema.org\/image\" title=\"Metronom\" alt=\"Metronom i Svart utf\u00f6rande fr\u00e5n Feurich\" style=\"width: 163px; height: 217px;\" \/> <\/a> <div class=\"tiled-gallery-caption\" itemprop=\"caption description\"> H\u00e5ll takten med v\u00e5r metronom <\/div> <\/div> <\/div> <!-- close group --> <div class=\"gallery-group images-1\" style=\"width: 167px; height: 221px;\" data-original-width=\"167\" data-original-height=\"221\" > <div class=\"tiled-gallery-item tiled-gallery-item-small\" itemprop=\"associatedMedia\" itemscope itemtype=\"http:\/\/schema.org\/ImageObject\"> <a href=\"https:\/\/pianostammare.se\/en\/?attachment_id=17567\" border=\"0\" itemprop=\"url\"> <meta itemprop=\"width\" content=\"163\"> <meta itemprop=\"height\" content=\"217\"> <img loading=\"lazy\" decoding=\"async\" class=\"\" data-attachment-id=\"17567\" data-orig-file=\"https:\/\/pianostammare.se\/wp-content\/uploads\/2024\/10\/IMG_64311-scaled.avif\" data-orig-size=\"1920,2560\" data-comments-opened=\"\" data-image-meta=\"{&quot;aperture&quot;:&quot;0&quot;,&quot;credit&quot;:&quot;&quot;,&quot;camera&quot;:&quot;&quot;,&quot;caption&quot;:&quot;&quot;,&quot;created_timestamp&quot;:&quot;0&quot;,&quot;copyright&quot;:&quot;&quot;,&quot;focal_length&quot;:&quot;0&quot;,&quot;iso&quot;:&quot;0&quot;,&quot;shutter_speed&quot;:&quot;0&quot;,&quot;title&quot;:&quot;&quot;,&quot;orientation&quot;:&quot;0&quot;}\" data-image-title=\"Metronom\" data-image-description=\"&lt;p&gt;Oumb\u00e4rligt verktyg n\u00e4r man ska tr\u00e4na upp sin taktk\u00e4nsla.&lt;\/p&gt; \" data-medium-file=\"https:\/\/pianostammare.se\/wp-content\/uploads\/2024\/10\/IMG_64311-225x300.avif\" data-large-file=\"https:\/\/pianostammare.se\/wp-content\/uploads\/2024\/10\/IMG_64311-768x1024.avif\" src=\"https:\/\/pianostammare.se\/wp-content\/uploads\/2024\/10\/IMG_64311-scaled.avif\" srcset=\"https:\/\/pianostammare.se\/wp-content\/uploads\/2024\/10\/IMG_64311-scaled.avif 1920w, https:\/\/pianostammare.se\/wp-content\/uploads\/2024\/10\/IMG_64311-scaled-600x800.avif 600w, https:\/\/pianostammare.se\/wp-content\/uploads\/2024\/10\/IMG_64311-225x300.avif 225w, https:\/\/pianostammare.se\/wp-content\/uploads\/2024\/10\/IMG_64311-768x1024.avif 768w, https:\/\/pianostammare.se\/wp-content\/uploads\/2024\/10\/IMG_64311-1152x1536.avif 1152w, https:\/\/pianostammare.se\/wp-content\/uploads\/2024\/10\/IMG_64311-1536x2048.avif 1536w\" width=\"163\" height=\"217\" loading=\"lazy\" data-original-width=\"163\" data-original-height=\"217\" itemprop=\"http:\/\/schema.org\/image\" title=\"Metronom\" alt=\"H\u00e5ll takten med Feurich metronom\" style=\"width: 163px; height: 217px;\" \/> <\/a> <\/div> <\/div> <!-- close group --> <div class=\"gallery-group images-1\" style=\"width: 166px; height: 221px;\" data-original-width=\"166\" data-original-height=\"221\" > <div class=\"tiled-gallery-item tiled-gallery-item-small\" itemprop=\"associatedMedia\" itemscope itemtype=\"http:\/\/schema.org\/ImageObject\"> <a href=\"https:\/\/pianostammare.se\/en\/?attachment_id=17568\" border=\"0\" itemprop=\"url\"> <meta itemprop=\"width\" content=\"162\"> <meta itemprop=\"height\" content=\"217\"> <img loading=\"lazy\" decoding=\"async\" class=\"\" data-attachment-id=\"17568\" data-orig-file=\"https:\/\/pianostammare.se\/wp-content\/uploads\/2024\/10\/IMG_64331-scaled.avif\" data-orig-size=\"1920,2560\" data-comments-opened=\"\" data-image-meta=\"{&quot;aperture&quot;:&quot;0&quot;,&quot;credit&quot;:&quot;&quot;,&quot;camera&quot;:&quot;&quot;,&quot;caption&quot;:&quot;&quot;,&quot;created_timestamp&quot;:&quot;0&quot;,&quot;copyright&quot;:&quot;&quot;,&quot;focal_length&quot;:&quot;0&quot;,&quot;iso&quot;:&quot;0&quot;,&quot;shutter_speed&quot;:&quot;0&quot;,&quot;title&quot;:&quot;&quot;,&quot;orientation&quot;:&quot;0&quot;}\" data-image-title=\"IMG_6433[1]\" data-image-description=\"\" data-medium-file=\"https:\/\/pianostammare.se\/wp-content\/uploads\/2024\/10\/IMG_64331-225x300.avif\" data-large-file=\"https:\/\/pianostammare.se\/wp-content\/uploads\/2024\/10\/IMG_64331-768x1024.avif\" src=\"https:\/\/pianostammare.se\/wp-content\/uploads\/2024\/10\/IMG_64331-scaled.avif\" srcset=\"https:\/\/pianostammare.se\/wp-content\/uploads\/2024\/10\/IMG_64331-scaled.avif 1920w, https:\/\/pianostammare.se\/wp-content\/uploads\/2024\/10\/IMG_64331-scaled-600x800.avif 600w, https:\/\/pianostammare.se\/wp-content\/uploads\/2024\/10\/IMG_64331-225x300.avif 225w, https:\/\/pianostammare.se\/wp-content\/uploads\/2024\/10\/IMG_64331-768x1024.avif 768w, https:\/\/pianostammare.se\/wp-content\/uploads\/2024\/10\/IMG_64331-1152x1536.avif 1152w, https:\/\/pianostammare.se\/wp-content\/uploads\/2024\/10\/IMG_64331-1536x2048.avif 1536w\" width=\"162\" height=\"217\" loading=\"lazy\" data-original-width=\"162\" data-original-height=\"217\" itemprop=\"http:\/\/schema.org\/image\" title=\"IMG_6433[1]\" alt=\"IMG_6433[1]\" style=\"width: 162px; height: 217px;\" \/> <\/a> <\/div> <\/div> <!-- close group --> <\/div> <!-- close row --> <div class=\"gallery-row\" style=\"width: 500px; height: 332px;\" data-original-width=\"500\" data-original-height=\"332\" > <div class=\"gallery-group images-1\" style=\"width: 250px; height: 332px;\" data-original-width=\"250\" data-original-height=\"332\" > <div class=\"tiled-gallery-item tiled-gallery-item-small\" itemprop=\"associatedMedia\" itemscope itemtype=\"http:\/\/schema.org\/ImageObject\"> <a href=\"https:\/\/pianostammare.se\/en\/?attachment_id=17569\" border=\"0\" itemprop=\"url\"> <meta itemprop=\"width\" content=\"246\"> <meta itemprop=\"height\" content=\"328\"> <img loading=\"lazy\" decoding=\"async\" class=\"\" data-attachment-id=\"17569\" data-orig-file=\"https:\/\/pianostammare.se\/wp-content\/uploads\/2024\/10\/IMG_64341-scaled.avif\" data-orig-size=\"1920,2560\" data-comments-opened=\"\" data-image-meta=\"{&quot;aperture&quot;:&quot;0&quot;,&quot;credit&quot;:&quot;&quot;,&quot;camera&quot;:&quot;&quot;,&quot;caption&quot;:&quot;&quot;,&quot;created_timestamp&quot;:&quot;0&quot;,&quot;copyright&quot;:&quot;&quot;,&quot;focal_length&quot;:&quot;0&quot;,&quot;iso&quot;:&quot;0&quot;,&quot;shutter_speed&quot;:&quot;0&quot;,&quot;title&quot;:&quot;&quot;,&quot;orientation&quot;:&quot;0&quot;}\" data-image-title=\"IMG_6434[1]\" data-image-description=\"\" data-medium-file=\"https:\/\/pianostammare.se\/wp-content\/uploads\/2024\/10\/IMG_64341-225x300.avif\" data-large-file=\"https:\/\/pianostammare.se\/wp-content\/uploads\/2024\/10\/IMG_64341-768x1024.avif\" src=\"https:\/\/pianostammare.se\/wp-content\/uploads\/2024\/10\/IMG_64341-scaled.avif\" srcset=\"https:\/\/pianostammare.se\/wp-content\/uploads\/2024\/10\/IMG_64341-scaled.avif 1920w, https:\/\/pianostammare.se\/wp-content\/uploads\/2024\/10\/IMG_64341-scaled-600x800.avif 600w, https:\/\/pianostammare.se\/wp-content\/uploads\/2024\/10\/IMG_64341-225x300.avif 225w, https:\/\/pianostammare.se\/wp-content\/uploads\/2024\/10\/IMG_64341-768x1024.avif 768w, https:\/\/pianostammare.se\/wp-content\/uploads\/2024\/10\/IMG_64341-1152x1536.avif 1152w, https:\/\/pianostammare.se\/wp-content\/uploads\/2024\/10\/IMG_64341-1536x2048.avif 1536w\" width=\"246\" height=\"328\" loading=\"lazy\" data-original-width=\"246\" data-original-height=\"328\" itemprop=\"http:\/\/schema.org\/image\" title=\"IMG_6434[1]\" alt=\"IMG_6434[1]\" style=\"width: 246px; height: 328px;\" \/> <\/a> <\/div> <\/div> <!-- close group --> <div class=\"gallery-group images-1\" style=\"width: 250px; height: 332px;\" data-original-width=\"250\" data-original-height=\"332\" > <div class=\"tiled-gallery-item tiled-gallery-item-small\" itemprop=\"associatedMedia\" itemscope itemtype=\"http:\/\/schema.org\/ImageObject\"> <a href=\"https:\/\/pianostammare.se\/en\/?attachment_id=17570\" border=\"0\" itemprop=\"url\"> <meta itemprop=\"width\" content=\"246\"> <meta itemprop=\"height\" content=\"328\"> <img loading=\"lazy\" decoding=\"async\" class=\"\" data-attachment-id=\"17570\" data-orig-file=\"https:\/\/pianostammare.se\/wp-content\/uploads\/2024\/10\/IMG_64351-scaled.avif\" data-orig-size=\"1920,2560\" data-comments-opened=\"\" data-image-meta=\"{&quot;aperture&quot;:&quot;0&quot;,&quot;credit&quot;:&quot;&quot;,&quot;camera&quot;:&quot;&quot;,&quot;caption&quot;:&quot;&quot;,&quot;created_timestamp&quot;:&quot;0&quot;,&quot;copyright&quot;:&quot;&quot;,&quot;focal_length&quot;:&quot;0&quot;,&quot;iso&quot;:&quot;0&quot;,&quot;shutter_speed&quot;:&quot;0&quot;,&quot;title&quot;:&quot;&quot;,&quot;orientation&quot;:&quot;0&quot;}\" data-image-title=\"IMG_6435[1]\" data-image-description=\"\" data-medium-file=\"https:\/\/pianostammare.se\/wp-content\/uploads\/2024\/10\/IMG_64351-225x300.avif\" data-large-file=\"https:\/\/pianostammare.se\/wp-content\/uploads\/2024\/10\/IMG_64351-768x1024.avif\" src=\"https:\/\/pianostammare.se\/wp-content\/uploads\/2024\/10\/IMG_64351-scaled.avif\" srcset=\"https:\/\/pianostammare.se\/wp-content\/uploads\/2024\/10\/IMG_64351-scaled.avif 1920w, https:\/\/pianostammare.se\/wp-content\/uploads\/2024\/10\/IMG_64351-scaled-600x800.avif 600w, https:\/\/pianostammare.se\/wp-content\/uploads\/2024\/10\/IMG_64351-225x300.avif 225w, https:\/\/pianostammare.se\/wp-content\/uploads\/2024\/10\/IMG_64351-768x1024.avif 768w, https:\/\/pianostammare.se\/wp-content\/uploads\/2024\/10\/IMG_64351-1152x1536.avif 1152w, https:\/\/pianostammare.se\/wp-content\/uploads\/2024\/10\/IMG_64351-1536x2048.avif 1536w\" width=\"246\" height=\"328\" loading=\"lazy\" data-original-width=\"246\" data-original-height=\"328\" itemprop=\"http:\/\/schema.org\/image\" title=\"IMG_6435[1]\" alt=\"IMG_6435[1]\" style=\"width: 246px; height: 328px;\" \/> <\/a> <\/div> <\/div> <!-- close group --> <\/div> <!-- close row --> <\/div>\n","protected":false},"excerpt":{"rendered":"<p>Metronome in Black Finish \u2013 Brand: Feurich. Keep the beat with our metronome!<\/p>","protected":false},"featured_media":18071,"template":"","meta":{"site-sidebar-layout":"default","site-content-layout":"","ast-site-content-layout":"default","site-content-style":"default","site-sidebar-style":"default","ast-global-header-display":"","ast-banner-title-visibility":"","ast-main-header-display":"","ast-hfb-above-header-display":"","ast-hfb-below-header-display":"","ast-hfb-mobile-header-display":"","site-post-title":"","ast-breadcrumbs-content":"","ast-featured-img":"","footer-sml-layout":"","ast-disable-related-posts":"","theme-transparent-header-meta":"default","adv-header-id-meta":"","stick-header-meta":"","header-above-stick-meta":"","header-main-stick-meta":"","header-below-stick-meta":"","astra-migrate-meta-layouts":"set","ast-page-background-enabled":"default","ast-page-background-meta":{"desktop":{"background-color":"","background-image":"","background-repeat":"repeat","background-position":"center center","background-size":"auto","background-attachment":"scroll","background-type":"","background-media":"","overlay-type":"","overlay-color":"","overlay-opacity":"","overlay-gradient":""},"tablet":{"background-color":"","background-image":"","background-repeat":"repeat","background-position":"center center","background-size":"auto","background-attachment":"scroll","background-type":"","background-media":"","overlay-type":"","overlay-color":"","overlay-opacity":"","overlay-gradient":""},"mobile":{"background-color":"","background-image":"","background-repeat":"repeat","background-position":"center center","background-size":"auto","background-attachment":"scroll","background-type":"","background-media":"","overlay-type":"","overlay-color":"","overlay-opacity":"","overlay-gradient":""}},"ast-content-background-meta":{"desktop":{"background-color":"var(--ast-global-color-5)","background-image":"","background-repeat":"repeat","background-position":"center center","background-size":"auto","background-attachment":"scroll","background-type":"","background-media":"","overlay-type":"","overlay-color":"","overlay-opacity":"","overlay-gradient":""},"tablet":{"background-color":"var(--ast-global-color-5)","background-image":"","background-repeat":"repeat","background-position":"center center","background-size":"auto","background-attachment":"scroll","background-type":"","background-media":"","overlay-type":"","overlay-color":"","overlay-opacity":"","overlay-gradient":""},"mobile":{"background-color":"var(--ast-global-color-5)","background-image":"","background-repeat":"repeat","background-position":"center center","background-size":"auto","background-attachment":"scroll","background-type":"","background-media":"","overlay-type":"","overlay-color":"","overlay-opacity":"","overlay-gradient":""}},"jetpack_publicize_message":"","jetpack_publicize_feature_enabled":true,"jetpack_social_post_already_shared":false,"jetpack_social_options":{"image_generator_settings":{"template":"highway","default_image_id":0,"font":"","enabled":false},"version":2}},"product_brand":[],"product_cat":[22],"product_tag":[],"class_list":{"0":"post-17565","1":"product","2":"type-product","3":"status-publish","4":"has-post-thumbnail","6":"product_cat-okategoriserad","7":"product_shipping_class-standard-frakt","8":"desktop-align-left","9":"tablet-align-left","10":"mobile-align-left","12":"first","13":"instock","14":"sale","15":"taxable","16":"shipping-taxable","17":"purchasable","18":"product-type-simple"},"yoast_head":"<!-- This site is optimized with the Yoast SEO Premium plugin v26.1 (Yoast SEO v27.5) - https:\/\/yoast.com\/product\/yoast-seo-premium-wordpress\/ -->\n<title>metronom<\/title>\n<meta name=\"robots\" content=\"index, follow, max-snippet:-1, max-image-preview:large, max-video-preview:-1\" \/>\n<link rel=\"canonical\" href=\"https:\/\/pianostammare.se\/en\/product\/metronom\/\" \/>\n<meta property=\"og:locale\" content=\"en_GB\" \/>\n<meta property=\"og:type\" content=\"article\" \/>\n<meta property=\"og:title\" content=\"Metronom\" \/>\n<meta property=\"og:description\" content=\"Metronom i Svart utf\u00f6rande. Fabrikat Feurich. H\u00e5ll takten med v\u00e5r metronom!\" \/>\n<meta property=\"og:url\" content=\"https:\/\/pianostammare.se\/en\/product\/metronom\/\" \/>\n<meta property=\"og:site_name\" content=\"Pianost\u00e4mmare, flyglar och piano\" \/>\n<meta property=\"article:publisher\" content=\"https:\/\/www.facebook.com\/share\/167DsieNj3\/?mibextid=wwXlfr\" \/>\n<meta property=\"article:modified_time\" content=\"2025-03-19T09:24:42+00:00\" \/>\n<meta property=\"og:image\" content=\"https:\/\/i0.wp.com\/en.pianostammare.se\/wp-content\/uploads\/2025\/02\/metronom_produkt.jpg?fit=1000%2C1333&ssl=1\" \/>\n\t<meta property=\"og:image:width\" content=\"1000\" \/>\n\t<meta property=\"og:image:height\" content=\"1333\" \/>\n\t<meta property=\"og:image:type\" content=\"image\/jpeg\" \/>\n<meta name=\"twitter:card\" content=\"summary_large_image\" \/>\n<meta name=\"twitter:label1\" content=\"Estimated reading time\" \/>\n\t<meta name=\"twitter:data1\" content=\"1 minute\" \/>\n<script type=\"application\/ld+json\" class=\"yoast-schema-graph\">{\"@context\":\"https:\\\/\\\/schema.org\",\"@graph\":[{\"@type\":\"WebPage\",\"@id\":\"https:\\\/\\\/pianostammare.se\\\/produkt\\\/metronom\\\/\",\"url\":\"https:\\\/\\\/pianostammare.se\\\/produkt\\\/metronom\\\/\",\"name\":\"metronom\",\"isPartOf\":{\"@id\":\"https:\\\/\\\/pianostammare.se\\\/#website\"},\"primaryImageOfPage\":{\"@id\":\"https:\\\/\\\/pianostammare.se\\\/produkt\\\/metronom\\\/#primaryimage\"},\"image\":{\"@id\":\"https:\\\/\\\/pianostammare.se\\\/produkt\\\/metronom\\\/#primaryimage\"},\"thumbnailUrl\":\"https:\\\/\\\/i0.wp.com\\\/pianostammare.se\\\/wp-content\\\/uploads\\\/2025\\\/02\\\/metronom_produkt.jpg?fit=1000%2C1333&ssl=1\",\"datePublished\":\"2024-10-24T12:26:55+00:00\",\"dateModified\":\"2025-03-19T09:24:42+00:00\",\"breadcrumb\":{\"@id\":\"https:\\\/\\\/pianostammare.se\\\/produkt\\\/metronom\\\/#breadcrumb\"},\"inLanguage\":\"en-GB\",\"potentialAction\":[{\"@type\":\"ReadAction\",\"target\":[\"https:\\\/\\\/pianostammare.se\\\/produkt\\\/metronom\\\/\"]}]},{\"@type\":\"ImageObject\",\"inLanguage\":\"en-GB\",\"@id\":\"https:\\\/\\\/pianostammare.se\\\/produkt\\\/metronom\\\/#primaryimage\",\"url\":\"https:\\\/\\\/i0.wp.com\\\/pianostammare.se\\\/wp-content\\\/uploads\\\/2025\\\/02\\\/metronom_produkt.jpg?fit=1000%2C1333&ssl=1\",\"contentUrl\":\"https:\\\/\\\/i0.wp.com\\\/pianostammare.se\\\/wp-content\\\/uploads\\\/2025\\\/02\\\/metronom_produkt.jpg?fit=1000%2C1333&ssl=1\",\"width\":1000,\"height\":1333},{\"@type\":\"BreadcrumbList\",\"@id\":\"https:\\\/\\\/pianostammare.se\\\/produkt\\\/metronom\\\/#breadcrumb\",\"itemListElement\":[{\"@type\":\"ListItem\",\"position\":1,\"name\":\"Hem\",\"item\":\"https:\\\/\\\/pianostammare.se\\\/\"},{\"@type\":\"ListItem\",\"position\":2,\"name\":\"Webbshop\",\"item\":\"https:\\\/\\\/pianostammare.se\\\/butik-flygelaffar-pianoaffar-leksand-dalarna\\\/\"},{\"@type\":\"ListItem\",\"position\":3,\"name\":\"Metronom\"}]},{\"@type\":\"WebSite\",\"@id\":\"https:\\\/\\\/pianostammare.se\\\/#website\",\"url\":\"https:\\\/\\\/pianostammare.se\\\/\",\"name\":\"Pianost\u00e4mmare, flyglar och piano\",\"description\":\"Utst\u00e4llningshall f\u00f6r nya piano &amp; Flyglar\",\"publisher\":{\"@id\":\"https:\\\/\\\/pianostammare.se\\\/#organization\"},\"potentialAction\":[{\"@type\":\"SearchAction\",\"target\":{\"@type\":\"EntryPoint\",\"urlTemplate\":\"https:\\\/\\\/pianostammare.se\\\/?s={search_term_string}\"},\"query-input\":{\"@type\":\"PropertyValueSpecification\",\"valueRequired\":true,\"valueName\":\"search_term_string\"}}],\"inLanguage\":\"en-GB\"},{\"@type\":\"Organization\",\"@id\":\"https:\\\/\\\/pianostammare.se\\\/#organization\",\"name\":\"Pianost\u00e4mmare, flyglar och piano\",\"url\":\"https:\\\/\\\/pianostammare.se\\\/\",\"logo\":{\"@type\":\"ImageObject\",\"inLanguage\":\"en-GB\",\"@id\":\"https:\\\/\\\/pianostammare.se\\\/#\\\/schema\\\/logo\\\/image\\\/\",\"url\":\"https:\\\/\\\/pianostammare.se\\\/wp-content\\\/uploads\\\/2022\\\/11\\\/cropped-Namnlos-design.avif\",\"contentUrl\":\"https:\\\/\\\/pianostammare.se\\\/wp-content\\\/uploads\\\/2022\\\/11\\\/cropped-Namnlos-design.avif\",\"width\":1200,\"height\":800,\"caption\":\"Pianost\u00e4mmare, flyglar och piano\"},\"image\":{\"@id\":\"https:\\\/\\\/pianostammare.se\\\/#\\\/schema\\\/logo\\\/image\\\/\"},\"sameAs\":[\"https:\\\/\\\/www.facebook.com\\\/share\\\/167DsieNj3\\\/?mibextid=wwXlfr\"]}]}<\/script>\n<!-- \/ Yoast SEO Premium plugin. -->","yoast_head_json":{"title":"metronom","robots":{"index":"index","follow":"follow","max-snippet":"max-snippet:-1","max-image-preview":"max-image-preview:large","max-video-preview":"max-video-preview:-1"},"canonical":"https:\/\/pianostammare.se\/en\/product\/metronom\/","og_locale":"en_GB","og_type":"article","og_title":"Metronom","og_description":"Metronom i Svart utf\u00f6rande. Fabrikat Feurich. H\u00e5ll takten med v\u00e5r metronom!","og_url":"https:\/\/pianostammare.se\/en\/product\/metronom\/","og_site_name":"Pianost\u00e4mmare, flyglar och piano","article_publisher":"https:\/\/www.facebook.com\/share\/167DsieNj3\/?mibextid=wwXlfr","article_modified_time":"2025-03-19T09:24:42+00:00","og_image":[{"width":1000,"height":1333,"url":"https:\/\/i0.wp.com\/en.pianostammare.se\/wp-content\/uploads\/2025\/02\/metronom_produkt.jpg?fit=1000%2C1333&ssl=1","type":"image\/jpeg"}],"twitter_card":"summary_large_image","twitter_misc":{"Estimated reading time":"1 minute"},"schema":{"@context":"https:\/\/schema.org","@graph":[{"@type":"WebPage","@id":"https:\/\/pianostammare.se\/produkt\/metronom\/","url":"https:\/\/pianostammare.se\/produkt\/metronom\/","name":"metronom","isPartOf":{"@id":"https:\/\/pianostammare.se\/#website"},"primaryImageOfPage":{"@id":"https:\/\/pianostammare.se\/produkt\/metronom\/#primaryimage"},"image":{"@id":"https:\/\/pianostammare.se\/produkt\/metronom\/#primaryimage"},"thumbnailUrl":"https:\/\/i0.wp.com\/pianostammare.se\/wp-content\/uploads\/2025\/02\/metronom_produkt.jpg?fit=1000%2C1333&ssl=1","datePublished":"2024-10-24T12:26:55+00:00","dateModified":"2025-03-19T09:24:42+00:00","breadcrumb":{"@id":"https:\/\/pianostammare.se\/produkt\/metronom\/#breadcrumb"},"inLanguage":"en-GB","potentialAction":[{"@type":"ReadAction","target":["https:\/\/pianostammare.se\/produkt\/metronom\/"]}]},{"@type":"ImageObject","inLanguage":"en-GB","@id":"https:\/\/pianostammare.se\/produkt\/metronom\/#primaryimage","url":"https:\/\/i0.wp.com\/pianostammare.se\/wp-content\/uploads\/2025\/02\/metronom_produkt.jpg?fit=1000%2C1333&ssl=1","contentUrl":"https:\/\/i0.wp.com\/pianostammare.se\/wp-content\/uploads\/2025\/02\/metronom_produkt.jpg?fit=1000%2C1333&ssl=1","width":1000,"height":1333},{"@type":"BreadcrumbList","@id":"https:\/\/pianostammare.se\/produkt\/metronom\/#breadcrumb","itemListElement":[{"@type":"ListItem","position":1,"name":"Hem","item":"https:\/\/pianostammare.se\/"},{"@type":"ListItem","position":2,"name":"Webbshop","item":"https:\/\/pianostammare.se\/butik-flygelaffar-pianoaffar-leksand-dalarna\/"},{"@type":"ListItem","position":3,"name":"Metronom"}]},{"@type":"WebSite","@id":"https:\/\/pianostammare.se\/#website","url":"https:\/\/pianostammare.se\/","name":"Pianost\u00e4mmare, flyglar och piano","description":"Utst\u00e4llningshall f\u00f6r nya piano &amp; Flyglar","publisher":{"@id":"https:\/\/pianostammare.se\/#organization"},"potentialAction":[{"@type":"SearchAction","target":{"@type":"EntryPoint","urlTemplate":"https:\/\/pianostammare.se\/?s={search_term_string}"},"query-input":{"@type":"PropertyValueSpecification","valueRequired":true,"valueName":"search_term_string"}}],"inLanguage":"en-GB"},{"@type":"Organization","@id":"https:\/\/pianostammare.se\/#organization","name":"Pianost\u00e4mmare, flyglar och piano","url":"https:\/\/pianostammare.se\/","logo":{"@type":"ImageObject","inLanguage":"en-GB","@id":"https:\/\/pianostammare.se\/#\/schema\/logo\/image\/","url":"https:\/\/pianostammare.se\/wp-content\/uploads\/2022\/11\/cropped-Namnlos-design.avif","contentUrl":"https:\/\/pianostammare.se\/wp-content\/uploads\/2022\/11\/cropped-Namnlos-design.avif","width":1200,"height":800,"caption":"Pianost\u00e4mmare, flyglar och piano"},"image":{"@id":"https:\/\/pianostammare.se\/#\/schema\/logo\/image\/"},"sameAs":["https:\/\/www.facebook.com\/share\/167DsieNj3\/?mibextid=wwXlfr"]}]}},"jetpack_publicize_connections":[],"_links":{"self":[{"href":"https:\/\/pianostammare.se\/en\/wp-json\/wp\/v2\/product\/17565","targetHints":{"allow":["GET"]}}],"collection":[{"href":"https:\/\/pianostammare.se\/en\/wp-json\/wp\/v2\/product"}],"about":[{"href":"https:\/\/pianostammare.se\/en\/wp-json\/wp\/v2\/types\/product"}],"wp:featuredmedia":[{"embeddable":true,"href":"https:\/\/pianostammare.se\/en\/wp-json\/wp\/v2\/media\/18071"}],"wp:attachment":[{"href":"https:\/\/pianostammare.se\/en\/wp-json\/wp\/v2\/media?parent=17565"}],"wp:term":[{"taxonomy":"product_brand","embeddable":true,"href":"https:\/\/pianostammare.se\/en\/wp-json\/wp\/v2\/product_brand?post=17565"},{"taxonomy":"product_cat","embeddable":true,"href":"https:\/\/pianostammare.se\/en\/wp-json\/wp\/v2\/product_cat?post=17565"},{"taxonomy":"product_tag","embeddable":true,"href":"https:\/\/pianostammare.se\/en\/wp-json\/wp\/v2\/product_tag?post=17565"}],"curies":[{"name":"wp","href":"https:\/\/api.w.org\/{rel}","templated":true}]}}